{"id":9214,"date":"2026-02-05T07:14:15","date_gmt":"2026-02-05T07:14:15","guid":{"rendered":"https:\/\/www.hyflexpack.com\/?post_type=product&#038;p=9214"},"modified":"2026-02-05T08:23:43","modified_gmt":"2026-02-05T08:23:43","slug":"custom-vegetable-fruit-packaging-bag","status":"publish","type":"product","link":"https:\/\/www.hyflexpack.com\/fr\/product\/custom-vegetable-fruit-packaging-bag\/","title":{"rendered":"Sacs d'emballage personnalis\u00e9s pour fruits et l\u00e9gumes, pochette lamin\u00e9e en PE\/PE avec trous de perforation"},"content":{"rendered":"<div class=\"wp-block-columns is-layout-flex wp-container-core-columns-is-layout-9d6595d7 wp-block-columns-is-layout-flex\">\n<div class=\"wp-block-column is-layout-flow wp-block-column-is-layout-flow\">\n<h2 class=\"wp-block-heading\">Features Of Custom Vegetable &amp; Fruit Packaging Bags<\/h2>\n\n\n\n<ul class=\"wp-block-list\">\n<li>These custom vegetable &amp; fruit packaging bags offer flexible customization in size, thickness, material structure, and logo printing to meet different fresh produce packaging needs.<\/li>\n\n\n\n<li>Made from PE\/PE laminated materials, this stand-up pouch delivers excellent durability, moisture resistance, and strength for fruit and vegetable packaging.<\/li>\n\n\n\n<li>The ventilation holes allow controlled airflow, helping reduce condensation and maintain the freshness of fruits and vegetables.<\/li>\n\n\n\n<li>Designed specifically for fresh produce packaging, these vegetable and fruit packaging bags help extend shelf life during transportation, storage, and retail display.<\/li>\n\n\n\n<li>Food-safe PE materials and optional recyclable PE\/PE laminated structures make these custom vegetable &amp; fruit packaging bags suitable for sustainable packaging requirements.<\/li>\n<\/ul>\n<\/div>\n\n\n\n<div class=\"wp-block-column is-layout-flow wp-block-column-is-layout-flow\">\n<figure class=\"wp-block-image size-full\"><img fetchpriority=\"high\" decoding=\"async\" width=\"1000\" height=\"1000\" src=\"https:\/\/www.hyflexpack.com\/wp-content\/uploads\/2026\/02\/Custom-Vegetable-Fruit-Packaging-Bags-3.webp\" alt=\"Sacs d&#039;emballage personnalis\u00e9s pour fruits et l\u00e9gumes \" class=\"wp-image-9202\" srcset=\"https:\/\/www.hyflexpack.com\/wp-content\/uploads\/2026\/02\/Custom-Vegetable-Fruit-Packaging-Bags-3.webp 1000w, https:\/\/www.hyflexpack.com\/wp-content\/uploads\/2026\/02\/Custom-Vegetable-Fruit-Packaging-Bags-3-300x300.webp 300w, https:\/\/www.hyflexpack.com\/wp-content\/uploads\/2026\/02\/Custom-Vegetable-Fruit-Packaging-Bags-3-150x150.webp 150w, https:\/\/www.hyflexpack.com\/wp-content\/uploads\/2026\/02\/Custom-Vegetable-Fruit-Packaging-Bags-3-768x768.webp 768w, https:\/\/www.hyflexpack.com\/wp-content\/uploads\/2026\/02\/Custom-Vegetable-Fruit-Packaging-Bags-3-12x12.webp 12w, https:\/\/www.hyflexpack.com\/wp-content\/uploads\/2026\/02\/Custom-Vegetable-Fruit-Packaging-Bags-3-285x285.webp 285w, https:\/\/www.hyflexpack.com\/wp-content\/uploads\/2026\/02\/Custom-Vegetable-Fruit-Packaging-Bags-3-270x270.webp 270w, https:\/\/www.hyflexpack.com\/wp-content\/uploads\/2026\/02\/Custom-Vegetable-Fruit-Packaging-Bags-3-540x540.webp 540w, https:\/\/www.hyflexpack.com\/wp-content\/uploads\/2026\/02\/Custom-Vegetable-Fruit-Packaging-Bags-3-660x660.webp 660w\" sizes=\"(max-width: 1000px) 100vw, 1000px\" \/><\/figure>\n<\/div>\n<\/div>","protected":false},"excerpt":{"rendered":"<p>Custom vegetable &amp; fruit packaging bags are designed as PE\/PE laminated stand-up pouches with ventilation slots to keep fresh produce breathable and well-protected. Combining strong laminated materials, stable stand-up structure, and optimized airflow, these packaging bags provide a reliable and customizable solution for fruit and vegetable packaging. Contact us today for a quote. We are committed to providing one-stop environmentally friendly and high-quality packaging solutions.<\/p>\n<h2>Advantages of Vegetable &amp; Fruit Packaging Bags<\/h2>\n<ul>\n<li><strong><a href=\"https:\/\/www.hyflexpack.com\/fr\/emballage-flexible-sur-mesure\/\">Services OEM\/ODM<\/a>:<\/strong>\u00a0Nous proposons des services de sacs d'emballage personnalis\u00e9s, y compris la personnalisation du mat\u00e9riau, de la taille et du motif d'impression pour r\u00e9pondre aux besoins des clients, et nous prenons en charge les OEM et ODM.<\/li>\n<li><strong>Efficace<\/strong>\u00a0<strong>Fabrication :<\/strong>\u00a0Gr\u00e2ce \u00e0 un \u00e9quipement et \u00e0 une technologie de pointe, nous pouvons r\u00e9aliser la production des commandes de mani\u00e8re efficace et avec une qualit\u00e9 \u00e9lev\u00e9e, et livrer dans les d\u00e9lais impartis.<\/li>\n<li><strong>Inspection de la qualit\u00e9 :<\/strong>\u00a0La production est r\u00e9alis\u00e9e dans le strict respect des normes de qualit\u00e9 et des exigences en mati\u00e8re de s\u00e9curit\u00e9 alimentaire afin de garantir que les produits r\u00e9pondent aux normes.<\/li>\n<li><strong>Assistance \u00e0 la client\u00e8le 24 heures sur 24, 7 jours sur 7 :<\/strong>\u00a0Fournir une r\u00e9ponse rapide et un service \u00e0 la client\u00e8le attentionn\u00e9 24 heures par jour.<\/li>\n<li><strong>Conception libre :<\/strong>\u00a0Profitez de nos services gratuits de conception de logos, d'\u00e9tiquettes et de maquettes pour vous aider \u00e0 am\u00e9liorer votre emballage et l'identit\u00e9 de votre marque.<\/li>\n<li><strong>Prix d'usine<\/strong>: Nous proposons des prix d'usine comp\u00e9titifs afin que vous puissiez tirer le meilleur parti de vos commandes en gros.<\/li>\n<li><strong>Quantit\u00e9 minimale de commande (MOQ) :<\/strong>\u00a0Disponibilit\u00e9 d'une MOQ flexible, vous permettant de commencer avec des niveaux de commande peu \u00e9lev\u00e9s et d'augmenter en fonction des besoins.<\/li>\n<li><strong>\u00c9chantillon gratuit<\/strong>: Fournir un service d'\u00e9chantillonnage gratuit pour vous permettre d'\u00e9valuer le produit.<\/li>\n<\/ul>\n<p><a href=\"https:\/\/www.hyflexpack.com\/fr\/\"><strong>Huiyang Packaging<\/strong><\/a>\u00a0is committed to providing customers with high-quality wholesale and customized fruit packaging bags to help them improve their product image and enhance market competitiveness.<\/p>","protected":false},"featured_media":9202,"comment_status":"closed","ping_status":"closed","template":"","meta":[],"product_brand":[],"product_cat":[106,51],"product_tag":[116,124],"class_list":{"0":"post-9214","1":"product","2":"type-product","3":"status-publish","4":"has-post-thumbnail","6":"product_cat-vegetable-packaging-bags-wholesale","7":"product_cat-custom-food-packaging-bags","8":"product_tag-stand-up-pouch-manufacturer","9":"product_tag-zipper-pouch-manufacturer","11":"first","12":"instock","13":"shipping-taxable","14":"product-type-simple"},"_links":{"self":[{"href":"https:\/\/www.hyflexpack.com\/fr\/wp-json\/wp\/v2\/product\/9214","targetHints":{"allow":["GET"]}}],"collection":[{"href":"https:\/\/www.hyflexpack.com\/fr\/wp-json\/wp\/v2\/product"}],"about":[{"href":"https:\/\/www.hyflexpack.com\/fr\/wp-json\/wp\/v2\/types\/product"}],"replies":[{"embeddable":true,"href":"https:\/\/www.hyflexpack.com\/fr\/wp-json\/wp\/v2\/comments?post=9214"}],"wp:featuredmedia":[{"embeddable":true,"href":"https:\/\/www.hyflexpack.com\/fr\/wp-json\/wp\/v2\/media\/9202"}],"wp:attachment":[{"href":"https:\/\/www.hyflexpack.com\/fr\/wp-json\/wp\/v2\/media?parent=9214"}],"wp:term":[{"taxonomy":"product_brand","embeddable":true,"href":"https:\/\/www.hyflexpack.com\/fr\/wp-json\/wp\/v2\/product_brand?post=9214"},{"taxonomy":"product_cat","embeddable":true,"href":"https:\/\/www.hyflexpack.com\/fr\/wp-json\/wp\/v2\/product_cat?post=9214"},{"taxonomy":"product_tag","embeddable":true,"href":"https:\/\/www.hyflexpack.com\/fr\/wp-json\/wp\/v2\/product_tag?post=9214"}],"curies":[{"name":"wp","href":"https:\/\/api.w.org\/{rel}","templated":true}]}}