{"id":9125,"date":"2026-01-31T01:21:16","date_gmt":"2026-01-31T01:21:16","guid":{"rendered":"https:\/\/www.hyflexpack.com\/?post_type=product&#038;p=9125"},"modified":"2026-01-31T01:21:18","modified_gmt":"2026-01-31T01:21:18","slug":"custom-dog-treat-packaging-bags-oem","status":"publish","type":"product","link":"https:\/\/www.hyflexpack.com\/fr\/product\/custom-dog-treat-packaging-bags-oem\/","title":{"rendered":"OEM Custom Dog Treat Packaging Bags Factory - Pochettes brillantes \u00e0 fermeture \u00e9clair avec fen\u00eatre et encoche de d\u00e9chirure"},"content":{"rendered":"<div class=\"wp-block-columns is-layout-flex wp-container-core-columns-is-layout-9d6595d7 wp-block-columns-is-layout-flex\">\n<div class=\"wp-block-column is-layout-flow wp-block-column-is-layout-flow\">\n<h2 class=\"wp-block-heading\">Caract\u00e9ristiques des sacs d'emballage de friandises pour chiens OEM personnalis\u00e9s<\/h2>\n\n\n\n<ul class=\"wp-block-list\">\n<li>Visibilit\u00e9 optimale de la marque - Mettez votre marque en valeur gr\u00e2ce \u00e0 des sacs d'emballage de friandises pour chiens personnalis\u00e9s et brillants, et \u00e0 une fen\u00eatre transparente pour pr\u00e9senter le produit.<\/li>\n\n\n\n<li>Mat\u00e9riau composite durable - Prot\u00e8ge les friandises pour chiens de l'humidit\u00e9 et de la contamination, pour qu'elles restent fra\u00eeches plus longtemps.<\/li>\n\n\n\n<li>Pratique - Pochettes \u00e0 fermeture \u00e0 glissi\u00e8re faciles \u00e0 utiliser et \u00e0 refermer pour la vente au d\u00e9tail.<\/li>\n\n\n\n<li>Encoche de d\u00e9chirement pour faciliter la t\u00e2che du client - L'encoche de d\u00e9chirement permet une ouverture sans probl\u00e8me, am\u00e9liorant ainsi l'exp\u00e9rience de l'utilisateur.<\/li>\n\n\n\n<li>Enti\u00e8rement personnalisable pour les marques de distributeurs - La taille, l'\u00e9paisseur et les options d'impression font de ces sacs d'emballage pour chiens des produits id\u00e9aux pour les marques B2B et OEM.<\/li>\n<\/ul>\n<\/div>\n\n\n\n<div class=\"wp-block-column is-layout-flow wp-block-column-is-layout-flow\">\n<figure class=\"wp-block-image size-full\"><img fetchpriority=\"high\" decoding=\"async\" width=\"1024\" height=\"1024\" src=\"https:\/\/www.hyflexpack.com\/wp-content\/uploads\/2026\/01\/OEM-Custom-Dog-Treat-Packaging-Bags-2.webp\" alt=\"Sacs d&#039;emballage de friandises pour chiens OEM personnalis\u00e9s \" class=\"wp-image-9098\" srcset=\"https:\/\/www.hyflexpack.com\/wp-content\/uploads\/2026\/01\/OEM-Custom-Dog-Treat-Packaging-Bags-2.webp 1024w, https:\/\/www.hyflexpack.com\/wp-content\/uploads\/2026\/01\/OEM-Custom-Dog-Treat-Packaging-Bags-2-300x300.webp 300w, https:\/\/www.hyflexpack.com\/wp-content\/uploads\/2026\/01\/OEM-Custom-Dog-Treat-Packaging-Bags-2-150x150.webp 150w, https:\/\/www.hyflexpack.com\/wp-content\/uploads\/2026\/01\/OEM-Custom-Dog-Treat-Packaging-Bags-2-768x768.webp 768w, https:\/\/www.hyflexpack.com\/wp-content\/uploads\/2026\/01\/OEM-Custom-Dog-Treat-Packaging-Bags-2-12x12.webp 12w, https:\/\/www.hyflexpack.com\/wp-content\/uploads\/2026\/01\/OEM-Custom-Dog-Treat-Packaging-Bags-2-285x285.webp 285w, https:\/\/www.hyflexpack.com\/wp-content\/uploads\/2026\/01\/OEM-Custom-Dog-Treat-Packaging-Bags-2-270x270.webp 270w, https:\/\/www.hyflexpack.com\/wp-content\/uploads\/2026\/01\/OEM-Custom-Dog-Treat-Packaging-Bags-2-540x540.webp 540w, https:\/\/www.hyflexpack.com\/wp-content\/uploads\/2026\/01\/OEM-Custom-Dog-Treat-Packaging-Bags-2-660x660.webp 660w\" sizes=\"(max-width: 1024px) 100vw, 1024px\" \/><\/figure>\n<\/div>\n<\/div>\n\n\n\n<div class=\"wp-block-columns is-layout-flex wp-container-core-columns-is-layout-9d6595d7 wp-block-columns-is-layout-flex\">\n<div class=\"wp-block-column is-layout-flow wp-block-column-is-layout-flow\">\n<figure class=\"wp-block-image size-full\"><img decoding=\"async\" width=\"1000\" height=\"1000\" src=\"https:\/\/www.hyflexpack.com\/wp-content\/uploads\/2026\/01\/OEM-Custom-Dog-Treat-Packaging-Bags-3.webp\" alt=\"Sacs d&#039;emballage de friandises pour chiens OEM personnalis\u00e9s\" class=\"wp-image-9100\" srcset=\"https:\/\/www.hyflexpack.com\/wp-content\/uploads\/2026\/01\/OEM-Custom-Dog-Treat-Packaging-Bags-3.webp 1000w, https:\/\/www.hyflexpack.com\/wp-content\/uploads\/2026\/01\/OEM-Custom-Dog-Treat-Packaging-Bags-3-300x300.webp 300w, https:\/\/www.hyflexpack.com\/wp-content\/uploads\/2026\/01\/OEM-Custom-Dog-Treat-Packaging-Bags-3-150x150.webp 150w, https:\/\/www.hyflexpack.com\/wp-content\/uploads\/2026\/01\/OEM-Custom-Dog-Treat-Packaging-Bags-3-768x768.webp 768w, https:\/\/www.hyflexpack.com\/wp-content\/uploads\/2026\/01\/OEM-Custom-Dog-Treat-Packaging-Bags-3-12x12.webp 12w, https:\/\/www.hyflexpack.com\/wp-content\/uploads\/2026\/01\/OEM-Custom-Dog-Treat-Packaging-Bags-3-285x285.webp 285w, https:\/\/www.hyflexpack.com\/wp-content\/uploads\/2026\/01\/OEM-Custom-Dog-Treat-Packaging-Bags-3-270x270.webp 270w, https:\/\/www.hyflexpack.com\/wp-content\/uploads\/2026\/01\/OEM-Custom-Dog-Treat-Packaging-Bags-3-540x540.webp 540w, https:\/\/www.hyflexpack.com\/wp-content\/uploads\/2026\/01\/OEM-Custom-Dog-Treat-Packaging-Bags-3-660x660.webp 660w\" sizes=\"(max-width: 1000px) 100vw, 1000px\" \/><\/figure>\n<\/div>\n\n\n\n<div class=\"wp-block-column is-layout-flow wp-block-column-is-layout-flow\">\n<figure class=\"wp-block-image size-full\"><img decoding=\"async\" width=\"1000\" height=\"1000\" src=\"https:\/\/www.hyflexpack.com\/wp-content\/uploads\/2026\/01\/OEM-Custom-Dog-Treat-Packaging-Bags-1.webp\" alt=\"Sacs d&#039;emballage de friandises pour chiens OEM personnalis\u00e9s\" class=\"wp-image-9097\" srcset=\"https:\/\/www.hyflexpack.com\/wp-content\/uploads\/2026\/01\/OEM-Custom-Dog-Treat-Packaging-Bags-1.webp 1000w, https:\/\/www.hyflexpack.com\/wp-content\/uploads\/2026\/01\/OEM-Custom-Dog-Treat-Packaging-Bags-1-300x300.webp 300w, https:\/\/www.hyflexpack.com\/wp-content\/uploads\/2026\/01\/OEM-Custom-Dog-Treat-Packaging-Bags-1-150x150.webp 150w, https:\/\/www.hyflexpack.com\/wp-content\/uploads\/2026\/01\/OEM-Custom-Dog-Treat-Packaging-Bags-1-768x768.webp 768w, https:\/\/www.hyflexpack.com\/wp-content\/uploads\/2026\/01\/OEM-Custom-Dog-Treat-Packaging-Bags-1-12x12.webp 12w, https:\/\/www.hyflexpack.com\/wp-content\/uploads\/2026\/01\/OEM-Custom-Dog-Treat-Packaging-Bags-1-285x285.webp 285w, https:\/\/www.hyflexpack.com\/wp-content\/uploads\/2026\/01\/OEM-Custom-Dog-Treat-Packaging-Bags-1-270x270.webp 270w, https:\/\/www.hyflexpack.com\/wp-content\/uploads\/2026\/01\/OEM-Custom-Dog-Treat-Packaging-Bags-1-540x540.webp 540w, https:\/\/www.hyflexpack.com\/wp-content\/uploads\/2026\/01\/OEM-Custom-Dog-Treat-Packaging-Bags-1-660x660.webp 660w\" sizes=\"(max-width: 1000px) 100vw, 1000px\" \/><\/figure>\n<\/div>\n<\/div>","protected":false},"excerpt":{"rendered":"<p>Nos sacs d'emballage de friandises pour chiens OEM personnalis\u00e9s sont fabriqu\u00e9s \u00e0 partir d'un mat\u00e9riau composite brillant et comportent des pochettes \u00e0 fermeture \u00e9clair avec une fen\u00eatre transparente et une encoche de d\u00e9chirure. Ces sacs d'emballage de friandises pour chiens sont enti\u00e8rement personnalisables en termes de taille, d'\u00e9paisseur et d'impression, offrant un attrait de premier ordre en rayon et une refermabilit\u00e9 pratique pour les marques priv\u00e9es et les acheteurs B2B. Contactez notre \u00e9quipe professionnelle d\u00e8s maintenant pour obtenir un devis d\u00e9taill\u00e9. Nous vous servirons de tout c\u0153ur !<\/p>\n<h2>Avantages des sacs d'emballage de friandises pour chiens personnalis\u00e9s OEM<\/h2>\n<ul>\n<li>Conception personnalis\u00e9e : Nous proposons des services de sacs d'emballage personnalis\u00e9s, y compris la personnalisation du mat\u00e9riau, de la taille et du motif d'impression pour r\u00e9pondre aux besoins des clients, et nous prenons en charge les OEM et ODM.<\/li>\n<li>Fabrication : Gr\u00e2ce \u00e0 un \u00e9quipement et \u00e0 une technologie de pointe, nous pouvons r\u00e9aliser la production des commandes de mani\u00e8re efficace et avec une qualit\u00e9 \u00e9lev\u00e9e, et livrer dans les d\u00e9lais.<\/li>\n<li>Contr\u00f4le de la qualit\u00e9 : La production est r\u00e9alis\u00e9e dans le strict respect des normes de qualit\u00e9 et des exigences en mati\u00e8re de s\u00e9curit\u00e9 alimentaire afin de garantir que les produits r\u00e9pondent aux normes.<\/li>\n<li>Service \u00e0 la client\u00e8le : Fournir une r\u00e9ponse rapide et un service \u00e0 la client\u00e8le attentionn\u00e9 24 heures par jour.<\/li>\n<li>\u00c9chantillon gratuit : Fournir un service d'\u00e9chantillonnage gratuit pour vous permettre d'\u00e9valuer le produit.<\/li>\n<\/ul>\n<p>Huiyang Packaging s'engage \u00e0 fournir \u00e0 ses clients des sacs d'emballage de friandises pour chiens OEM personnalis\u00e9s de haute qualit\u00e9, afin de les aider \u00e0 am\u00e9liorer l'image de leurs produits et \u00e0 renforcer leur comp\u00e9titivit\u00e9 sur le march\u00e9.<\/p>","protected":false},"featured_media":9098,"comment_status":"closed","ping_status":"closed","template":"","meta":[],"product_brand":[],"product_cat":[56,51],"product_tag":[116],"class_list":{"0":"post-9125","1":"product","2":"type-product","3":"status-publish","4":"has-post-thumbnail","6":"product_cat-custom-pet-food-packaging","7":"product_cat-custom-food-packaging-bags","8":"product_tag-stand-up-pouch-manufacturer","10":"first","11":"instock","12":"shipping-taxable","13":"product-type-simple"},"_links":{"self":[{"href":"https:\/\/www.hyflexpack.com\/fr\/wp-json\/wp\/v2\/product\/9125","targetHints":{"allow":["GET"]}}],"collection":[{"href":"https:\/\/www.hyflexpack.com\/fr\/wp-json\/wp\/v2\/product"}],"about":[{"href":"https:\/\/www.hyflexpack.com\/fr\/wp-json\/wp\/v2\/types\/product"}],"replies":[{"embeddable":true,"href":"https:\/\/www.hyflexpack.com\/fr\/wp-json\/wp\/v2\/comments?post=9125"}],"wp:featuredmedia":[{"embeddable":true,"href":"https:\/\/www.hyflexpack.com\/fr\/wp-json\/wp\/v2\/media\/9098"}],"wp:attachment":[{"href":"https:\/\/www.hyflexpack.com\/fr\/wp-json\/wp\/v2\/media?parent=9125"}],"wp:term":[{"taxonomy":"product_brand","embeddable":true,"href":"https:\/\/www.hyflexpack.com\/fr\/wp-json\/wp\/v2\/product_brand?post=9125"},{"taxonomy":"product_cat","embeddable":true,"href":"https:\/\/www.hyflexpack.com\/fr\/wp-json\/wp\/v2\/product_cat?post=9125"},{"taxonomy":"product_tag","embeddable":true,"href":"https:\/\/www.hyflexpack.com\/fr\/wp-json\/wp\/v2\/product_tag?post=9125"}],"curies":[{"name":"wp","href":"https:\/\/api.w.org\/{rel}","templated":true}]}}