{"id":9124,"date":"2026-03-05T08:59:50","date_gmt":"2026-03-05T08:59:50","guid":{"rendered":"https:\/\/www.hyflexpack.com\/?post_type=product&#038;p=9124"},"modified":"2026-03-05T08:59:56","modified_gmt":"2026-03-05T08:59:56","slug":"oem-custom-dog-food-packaging-bags","status":"publish","type":"product","link":"https:\/\/www.hyflexpack.com\/fr\/product\/oem-custom-dog-food-packaging-bags\/","title":{"rendered":"Sacs d'emballage OEM personnalis\u00e9s pour aliments pour chiens - Pochettes \u00e0 fermeture \u00e9clair en composite recyclable mat"},"content":{"rendered":"<div class=\"wp-block-columns is-layout-flex wp-container-core-columns-is-layout-9d6595d7 wp-block-columns-is-layout-flex\">\n<div class=\"wp-block-column is-layout-flow wp-block-column-is-layout-flow\">\n<h2 class=\"wp-block-heading\">Features Of OEM Custom Dog Food Packaging Bags<\/h2>\n\n\n\n<ul class=\"wp-block-list\">\n<li>Make your products stand out with OEM custom dog food packaging bags featuring a matte finish and a fully customizable design.<\/li>\n<\/ul>\n\n\n\n<ul class=\"wp-block-list\">\n<li>Produced with recyclable composite material, these dog food packaging bags appeal to environmentally conscious B2B buyers and consumers.<\/li>\n<\/ul>\n\n\n\n<ul class=\"wp-block-list\">\n<li>The stand-up zipper pouches offer easy opening, reliable resealing, and excellent shelf stability for retail presentation.<\/li>\n<\/ul>\n\n\n\n<ul class=\"wp-block-list\">\n<li>From size to printing, these custom dog food packaging bags allow brands to showcase their identity and meet private label requirements.<\/li>\n<\/ul>\n\n\n\n<ul class=\"wp-block-list\">\n<li>The sleek matte finish and robust design of these stand-up zipper pouches create a professional look that attracts customers.<\/li>\n<\/ul>\n<\/div>\n\n\n\n<div class=\"wp-block-column is-layout-flow wp-block-column-is-layout-flow\">\n<figure class=\"wp-block-image size-full\"><img fetchpriority=\"high\" decoding=\"async\" width=\"1000\" height=\"1000\" src=\"https:\/\/www.hyflexpack.com\/wp-content\/uploads\/2026\/01\/OEM-Custom-Dog-Food-Packaging-Bags-1.webp\" alt=\"Sacs d&#039;emballage d&#039;aliments pour chiens OEM personnalis\u00e9s \" class=\"wp-image-9091\" srcset=\"https:\/\/www.hyflexpack.com\/wp-content\/uploads\/2026\/01\/OEM-Custom-Dog-Food-Packaging-Bags-1.webp 1000w, https:\/\/www.hyflexpack.com\/wp-content\/uploads\/2026\/01\/OEM-Custom-Dog-Food-Packaging-Bags-1-300x300.webp 300w, https:\/\/www.hyflexpack.com\/wp-content\/uploads\/2026\/01\/OEM-Custom-Dog-Food-Packaging-Bags-1-150x150.webp 150w, https:\/\/www.hyflexpack.com\/wp-content\/uploads\/2026\/01\/OEM-Custom-Dog-Food-Packaging-Bags-1-768x768.webp 768w, https:\/\/www.hyflexpack.com\/wp-content\/uploads\/2026\/01\/OEM-Custom-Dog-Food-Packaging-Bags-1-12x12.webp 12w, https:\/\/www.hyflexpack.com\/wp-content\/uploads\/2026\/01\/OEM-Custom-Dog-Food-Packaging-Bags-1-285x285.webp 285w, https:\/\/www.hyflexpack.com\/wp-content\/uploads\/2026\/01\/OEM-Custom-Dog-Food-Packaging-Bags-1-270x270.webp 270w, https:\/\/www.hyflexpack.com\/wp-content\/uploads\/2026\/01\/OEM-Custom-Dog-Food-Packaging-Bags-1-540x540.webp 540w, https:\/\/www.hyflexpack.com\/wp-content\/uploads\/2026\/01\/OEM-Custom-Dog-Food-Packaging-Bags-1-660x660.webp 660w\" sizes=\"(max-width: 1000px) 100vw, 1000px\" \/><\/figure>\n<\/div>\n<\/div>","protected":false},"excerpt":{"rendered":"<p>Huiyang is offering high-performance custom dog food packaging bags engineered for freshness, safety, and convenience. Combines superior oxygen and moisture barrier materials, durable leak-proof construction, UV-resistant printing, and user-friendly features for premium retail and home use. Contact us now!<\/p>\n<h2>Advantages of Our OEM Custom Dog Food Packaging Bags<\/h2>\n<ul>\n<li><strong>Conception personnalis\u00e9e :<\/strong> Nous proposons des services personnalis\u00e9s, y compris la personnalisation des mat\u00e9riaux, des dimensions et des motifs d'impression pour r\u00e9pondre aux besoins des clients, et nous prenons en charge les OEM et ODM.<\/li>\n<li><strong>Fabrication :<\/strong> Adopter des lignes de production de mat\u00e9riaux composites et des syst\u00e8mes de contr\u00f4le automatique de pointe au niveau international afin de garantir l'efficacit\u00e9 et la stabilit\u00e9 des processus de production et le respect des d\u00e9lais de livraison.<\/li>\n<li><strong>Contr\u00f4le de la qualit\u00e9<\/strong>: Strictly produce in accordance with quality standards and food safety requirements to ensure that products meet standards.<\/li>\n<li><strong>Customer service<\/strong>: Provide fast response and thoughtful customer service support 24 hours a day.<\/li>\n<li><strong>\u00c9chantillons gratuits :<\/strong> Faire des petits lots d'\u00e9chantillons pour que les clients puissent les essayer et les \u00e9valuer.<\/li>\n<\/ul>\n<p><a href=\"https:\/\/www.hyflexpack.com\/fr\/\"><strong>Huiyang Packaging<\/strong><\/a> is committed to providing customers with high-quality Custom Dog Food Packaging Bags, helping customers improve their product image and enhance their market competitiveness.<\/p>","protected":false},"featured_media":9091,"comment_status":"closed","ping_status":"closed","template":"","meta":[],"product_brand":[],"product_cat":[56,51],"product_tag":[116,124],"class_list":{"0":"post-9124","1":"product","2":"type-product","3":"status-publish","4":"has-post-thumbnail","6":"product_cat-custom-pet-food-packaging","7":"product_cat-custom-food-packaging-bags","8":"product_tag-stand-up-pouch-manufacturer","9":"product_tag-zipper-pouch-manufacturer","11":"first","12":"instock","13":"shipping-taxable","14":"product-type-simple"},"_links":{"self":[{"href":"https:\/\/www.hyflexpack.com\/fr\/wp-json\/wp\/v2\/product\/9124","targetHints":{"allow":["GET"]}}],"collection":[{"href":"https:\/\/www.hyflexpack.com\/fr\/wp-json\/wp\/v2\/product"}],"about":[{"href":"https:\/\/www.hyflexpack.com\/fr\/wp-json\/wp\/v2\/types\/product"}],"replies":[{"embeddable":true,"href":"https:\/\/www.hyflexpack.com\/fr\/wp-json\/wp\/v2\/comments?post=9124"}],"wp:featuredmedia":[{"embeddable":true,"href":"https:\/\/www.hyflexpack.com\/fr\/wp-json\/wp\/v2\/media\/9091"}],"wp:attachment":[{"href":"https:\/\/www.hyflexpack.com\/fr\/wp-json\/wp\/v2\/media?parent=9124"}],"wp:term":[{"taxonomy":"product_brand","embeddable":true,"href":"https:\/\/www.hyflexpack.com\/fr\/wp-json\/wp\/v2\/product_brand?post=9124"},{"taxonomy":"product_cat","embeddable":true,"href":"https:\/\/www.hyflexpack.com\/fr\/wp-json\/wp\/v2\/product_cat?post=9124"},{"taxonomy":"product_tag","embeddable":true,"href":"https:\/\/www.hyflexpack.com\/fr\/wp-json\/wp\/v2\/product_tag?post=9124"}],"curies":[{"name":"wp","href":"https:\/\/api.w.org\/{rel}","templated":true}]}}