{"id":9121,"date":"2026-02-02T08:26:54","date_gmt":"2026-02-02T08:26:54","guid":{"rendered":"https:\/\/www.hyflexpack.com\/?post_type=product&#038;p=9121"},"modified":"2026-02-02T08:27:34","modified_gmt":"2026-02-02T08:27:34","slug":"oem-custom-pet-treat-packaging-bags","status":"publish","type":"product","link":"https:\/\/www.hyflexpack.com\/fr\/product\/oem-custom-pet-treat-packaging-bags\/","title":{"rendered":"Sacs d'emballage de friandises pour animaux de compagnie OEM, sachets \u00e0 fermeture \u00e9clair mono-extrud\u00e9 recyclables mats"},"content":{"rendered":"<div class=\"wp-block-columns is-layout-flex wp-container-core-columns-is-layout-9d6595d7 wp-block-columns-is-layout-flex\">\n<div class=\"wp-block-column is-layout-flow wp-block-column-is-layout-flow\">\n<h2 class=\"wp-block-heading\">Caract\u00e9ristiques des sacs d'emballage OEM personnalis\u00e9s pour friandises pour animaux de compagnie<\/h2>\n\n\n\n<ul class=\"wp-block-list\">\n<li>Nous sommes sp\u00e9cialis\u00e9s dans les sacs d'emballage de friandises pour animaux de compagnie personnalis\u00e9s OEM, offrant des options flexibles en termes de taille, d'\u00e9paisseur, d'impression et de structure du sachet pour r\u00e9pondre aux exigences des diff\u00e9rentes marques et des diff\u00e9rents march\u00e9s.<\/li>\n\n\n\n<li>Fabriqu\u00e9s \u00e0 partir d'un mono-mat\u00e9riau recyclable, le PE (PE\/PE), ces sacs d'emballage pour friandises pour animaux de compagnie soutiennent les objectifs d'emballage durable et r\u00e9pondent aux exigences de recyclage en Europe et en Am\u00e9rique du Nord.<\/li>\n\n\n\n<li>La pochette \u00e0 fermeture \u00e9clair mate offre un aspect moderne et haut de gamme en rayon, permettant aux marques de friandises pour animaux de compagnie d'am\u00e9liorer l'attrait visuel et la reconnaissance de la marque.<\/li>\n\n\n\n<li>La structure de la pochette \u00e0 fermeture \u00e0 glissi\u00e8re offre une excellente stabilit\u00e9 pour la pr\u00e9sentation au d\u00e9tail, tandis que la fermeture \u00e0 glissi\u00e8re refermable permet de conserver la fra\u00eecheur des friandises pour animaux de compagnie apr\u00e8s l'ouverture.<\/li>\n\n\n\n<li>Fabriqu\u00e9s \u00e0 partir de mat\u00e9riaux PE de qualit\u00e9 alimentaire, nos sacs d'emballage de friandises pour animaux de compagnie sont fournis directement par l'usine, avec des d\u00e9lais de livraison stables et des prix OEM comp\u00e9titifs.<\/li>\n<\/ul>\n<\/div>\n\n\n\n<div class=\"wp-block-column is-layout-flow wp-block-column-is-layout-flow\">\n<figure class=\"wp-block-image size-full\"><img fetchpriority=\"high\" decoding=\"async\" width=\"1024\" height=\"1024\" src=\"https:\/\/www.hyflexpack.com\/wp-content\/uploads\/2026\/01\/Custom-Pet-Snack-Packaging-Bags-1_1.webp\" alt=\"Sacs d&#039;emballage personnalis\u00e9s pour snacks pour animaux de compagnie\" class=\"wp-image-9075\" srcset=\"https:\/\/www.hyflexpack.com\/wp-content\/uploads\/2026\/01\/Custom-Pet-Snack-Packaging-Bags-1_1.webp 1024w, https:\/\/www.hyflexpack.com\/wp-content\/uploads\/2026\/01\/Custom-Pet-Snack-Packaging-Bags-1_1-300x300.webp 300w, https:\/\/www.hyflexpack.com\/wp-content\/uploads\/2026\/01\/Custom-Pet-Snack-Packaging-Bags-1_1-150x150.webp 150w, https:\/\/www.hyflexpack.com\/wp-content\/uploads\/2026\/01\/Custom-Pet-Snack-Packaging-Bags-1_1-768x768.webp 768w, https:\/\/www.hyflexpack.com\/wp-content\/uploads\/2026\/01\/Custom-Pet-Snack-Packaging-Bags-1_1-12x12.webp 12w, https:\/\/www.hyflexpack.com\/wp-content\/uploads\/2026\/01\/Custom-Pet-Snack-Packaging-Bags-1_1-285x285.webp 285w, https:\/\/www.hyflexpack.com\/wp-content\/uploads\/2026\/01\/Custom-Pet-Snack-Packaging-Bags-1_1-270x270.webp 270w, https:\/\/www.hyflexpack.com\/wp-content\/uploads\/2026\/01\/Custom-Pet-Snack-Packaging-Bags-1_1-540x540.webp 540w, https:\/\/www.hyflexpack.com\/wp-content\/uploads\/2026\/01\/Custom-Pet-Snack-Packaging-Bags-1_1-660x660.webp 660w\" sizes=\"(max-width: 1024px) 100vw, 1024px\" \/><\/figure>\n<\/div>\n<\/div>\n\n\n\n<div class=\"wp-block-columns is-layout-flex wp-container-core-columns-is-layout-9d6595d7 wp-block-columns-is-layout-flex\">\n<div class=\"wp-block-column is-layout-flow wp-block-column-is-layout-flow\">\n<figure class=\"wp-block-image size-full\"><img decoding=\"async\" width=\"1024\" height=\"1024\" src=\"https:\/\/www.hyflexpack.com\/wp-content\/uploads\/2026\/01\/Custom-Pet-Treat-Packaging-Bags-1.webp\" alt=\"Sacs d&#039;emballage personnalis\u00e9s pour friandises pour animaux de compagnie\" class=\"wp-image-9080\" srcset=\"https:\/\/www.hyflexpack.com\/wp-content\/uploads\/2026\/01\/Custom-Pet-Treat-Packaging-Bags-1.webp 1024w, https:\/\/www.hyflexpack.com\/wp-content\/uploads\/2026\/01\/Custom-Pet-Treat-Packaging-Bags-1-300x300.webp 300w, https:\/\/www.hyflexpack.com\/wp-content\/uploads\/2026\/01\/Custom-Pet-Treat-Packaging-Bags-1-150x150.webp 150w, https:\/\/www.hyflexpack.com\/wp-content\/uploads\/2026\/01\/Custom-Pet-Treat-Packaging-Bags-1-768x768.webp 768w, https:\/\/www.hyflexpack.com\/wp-content\/uploads\/2026\/01\/Custom-Pet-Treat-Packaging-Bags-1-12x12.webp 12w, https:\/\/www.hyflexpack.com\/wp-content\/uploads\/2026\/01\/Custom-Pet-Treat-Packaging-Bags-1-285x285.webp 285w, https:\/\/www.hyflexpack.com\/wp-content\/uploads\/2026\/01\/Custom-Pet-Treat-Packaging-Bags-1-270x270.webp 270w, https:\/\/www.hyflexpack.com\/wp-content\/uploads\/2026\/01\/Custom-Pet-Treat-Packaging-Bags-1-540x540.webp 540w, https:\/\/www.hyflexpack.com\/wp-content\/uploads\/2026\/01\/Custom-Pet-Treat-Packaging-Bags-1-660x660.webp 660w\" sizes=\"(max-width: 1024px) 100vw, 1024px\" \/><\/figure>\n<\/div>\n\n\n\n<div class=\"wp-block-column is-layout-flow wp-block-column-is-layout-flow\">\n<figure class=\"wp-block-image size-full\"><img decoding=\"async\" width=\"1000\" height=\"1000\" src=\"https:\/\/www.hyflexpack.com\/wp-content\/uploads\/2026\/01\/Custom-Pet-Treat-Packaging-Bags-5.webp\" alt=\"Sacs d&#039;emballage personnalis\u00e9s pour friandises pour animaux de compagnie\" class=\"wp-image-9084\" srcset=\"https:\/\/www.hyflexpack.com\/wp-content\/uploads\/2026\/01\/Custom-Pet-Treat-Packaging-Bags-5.webp 1000w, https:\/\/www.hyflexpack.com\/wp-content\/uploads\/2026\/01\/Custom-Pet-Treat-Packaging-Bags-5-300x300.webp 300w, https:\/\/www.hyflexpack.com\/wp-content\/uploads\/2026\/01\/Custom-Pet-Treat-Packaging-Bags-5-150x150.webp 150w, https:\/\/www.hyflexpack.com\/wp-content\/uploads\/2026\/01\/Custom-Pet-Treat-Packaging-Bags-5-768x768.webp 768w, https:\/\/www.hyflexpack.com\/wp-content\/uploads\/2026\/01\/Custom-Pet-Treat-Packaging-Bags-5-12x12.webp 12w, https:\/\/www.hyflexpack.com\/wp-content\/uploads\/2026\/01\/Custom-Pet-Treat-Packaging-Bags-5-285x285.webp 285w, https:\/\/www.hyflexpack.com\/wp-content\/uploads\/2026\/01\/Custom-Pet-Treat-Packaging-Bags-5-270x270.webp 270w, https:\/\/www.hyflexpack.com\/wp-content\/uploads\/2026\/01\/Custom-Pet-Treat-Packaging-Bags-5-540x540.webp 540w, https:\/\/www.hyflexpack.com\/wp-content\/uploads\/2026\/01\/Custom-Pet-Treat-Packaging-Bags-5-660x660.webp 660w\" sizes=\"(max-width: 1000px) 100vw, 1000px\" \/><\/figure>\n<\/div>\n<\/div>","protected":false},"excerpt":{"rendered":"<p>En tant que fabricant exp\u00e9riment\u00e9 de sacs d'emballage de friandises pour animaux de compagnie, nous fournissons des sachets \u00e0 fermeture \u00e9clair mono-mat\u00e9riau PE mats et recyclables con\u00e7us pour les friandises et les snacks pour animaux de compagnie. Ces sacs d'emballage de friandises pour animaux de compagnie sont dot\u00e9s d'une finition mate de qualit\u00e9 sup\u00e9rieure, d'une structure en PE mono-mat\u00e9riau de qualit\u00e9 alimentaire et d'une fermeture \u00e0 glissi\u00e8re fiable. Ils sont id\u00e9aux pour les marques d'animaux de compagnie soucieuses de l'environnement et les acheteurs B2B. Contactez notre \u00e9quipe professionnelle d\u00e8s maintenant pour obtenir un devis d\u00e9taill\u00e9. Nous vous servirons de tout c\u0153ur !<\/p>\n<h3>Avantages des sacs d'emballage de friandises pour animaux de compagnie personnalis\u00e9s OEM<\/h3>\n<ul>\n<li><strong><a href=\"https:\/\/www.hyflexpack.com\/fr\/emballage-flexible-sur-mesure\/\">Services OEM\/ODM<\/a>:<\/strong>\u00a0Nous proposons des services de sacs d'emballage personnalis\u00e9s, y compris la personnalisation du mat\u00e9riau, de la taille et du motif d'impression pour r\u00e9pondre aux besoins des clients, et nous prenons en charge les OEM et ODM.<\/li>\n<li><strong>Efficace<\/strong>\u00a0<strong>Fabrication :<\/strong>\u00a0Gr\u00e2ce \u00e0 un \u00e9quipement et \u00e0 une technologie de pointe, nous pouvons r\u00e9aliser la production des commandes de mani\u00e8re efficace et avec une qualit\u00e9 \u00e9lev\u00e9e, et livrer dans les d\u00e9lais impartis.<\/li>\n<li><strong>Inspection de la qualit\u00e9 :<\/strong>\u00a0La production est r\u00e9alis\u00e9e dans le strict respect des normes de qualit\u00e9 et des exigences en mati\u00e8re de s\u00e9curit\u00e9 alimentaire afin de garantir que les produits r\u00e9pondent aux normes.<\/li>\n<li><strong>Assistance \u00e0 la client\u00e8le 24 heures sur 24, 7 jours sur 7 :<\/strong>\u00a0Fournir une r\u00e9ponse rapide et un service \u00e0 la client\u00e8le attentionn\u00e9 24 heures par jour.<\/li>\n<li><strong>Conception libre :<\/strong>\u00a0Profitez de nos services gratuits de conception de logos, d'\u00e9tiquettes et de maquettes pour vous aider \u00e0 am\u00e9liorer votre emballage et l'identit\u00e9 de votre marque.<\/li>\n<li><strong>Prix d'usine<\/strong>: Nous proposons des prix d'usine comp\u00e9titifs afin que vous puissiez tirer le meilleur parti de vos commandes en gros.<\/li>\n<li><strong>Quantit\u00e9 minimale de commande (MOQ) :<\/strong>\u00a0Disponibilit\u00e9 d'une MOQ flexible, vous permettant de commencer avec des niveaux de commande peu \u00e9lev\u00e9s et d'augmenter en fonction des besoins.<\/li>\n<li><strong>\u00c9chantillon gratuit<\/strong>: Fournir un service d'\u00e9chantillonnage gratuit pour vous permettre d'\u00e9valuer le produit.<\/li>\n<\/ul>\n<p><a href=\"https:\/\/www.hyflexpack.com\/fr\/\"><strong>Huiyang Packaging<\/strong><\/a> s'engage \u00e0 fournir \u00e0 ses clients des sacs d'emballage de friandises pour animaux de compagnie personnalis\u00e9s de haute qualit\u00e9, en gros et en OEM, afin de les aider \u00e0 am\u00e9liorer l'image de leurs produits et \u00e0 renforcer leur comp\u00e9titivit\u00e9 sur le march\u00e9.<\/p>","protected":false},"featured_media":9075,"comment_status":"closed","ping_status":"closed","template":"","meta":[],"product_brand":[],"product_cat":[56,51],"product_tag":[116,124],"class_list":{"0":"post-9121","1":"product","2":"type-product","3":"status-publish","4":"has-post-thumbnail","6":"product_cat-custom-pet-food-packaging","7":"product_cat-custom-food-packaging-bags","8":"product_tag-stand-up-pouch-manufacturer","9":"product_tag-zipper-pouch-manufacturer","11":"first","12":"instock","13":"shipping-taxable","14":"product-type-simple"},"_links":{"self":[{"href":"https:\/\/www.hyflexpack.com\/fr\/wp-json\/wp\/v2\/product\/9121","targetHints":{"allow":["GET"]}}],"collection":[{"href":"https:\/\/www.hyflexpack.com\/fr\/wp-json\/wp\/v2\/product"}],"about":[{"href":"https:\/\/www.hyflexpack.com\/fr\/wp-json\/wp\/v2\/types\/product"}],"replies":[{"embeddable":true,"href":"https:\/\/www.hyflexpack.com\/fr\/wp-json\/wp\/v2\/comments?post=9121"}],"wp:featuredmedia":[{"embeddable":true,"href":"https:\/\/www.hyflexpack.com\/fr\/wp-json\/wp\/v2\/media\/9075"}],"wp:attachment":[{"href":"https:\/\/www.hyflexpack.com\/fr\/wp-json\/wp\/v2\/media?parent=9121"}],"wp:term":[{"taxonomy":"product_brand","embeddable":true,"href":"https:\/\/www.hyflexpack.com\/fr\/wp-json\/wp\/v2\/product_brand?post=9121"},{"taxonomy":"product_cat","embeddable":true,"href":"https:\/\/www.hyflexpack.com\/fr\/wp-json\/wp\/v2\/product_cat?post=9121"},{"taxonomy":"product_tag","embeddable":true,"href":"https:\/\/www.hyflexpack.com\/fr\/wp-json\/wp\/v2\/product_tag?post=9121"}],"curies":[{"name":"wp","href":"https:\/\/api.w.org\/{rel}","templated":true}]}}