{"id":9063,"date":"2026-02-26T07:56:01","date_gmt":"2026-02-26T07:56:01","guid":{"rendered":"https:\/\/www.hyflexpack.com\/?post_type=product&#038;p=9063"},"modified":"2026-02-26T07:56:50","modified_gmt":"2026-02-26T07:56:50","slug":"washing-machine-cleaner-packaging-oem","status":"publish","type":"product","link":"https:\/\/www.hyflexpack.com\/fr\/product\/washing-machine-cleaner-packaging-oem\/","title":{"rendered":"Emballage pour nettoyeur de machine \u00e0 laver Emballages Ziplock sur mesure, en composite"},"content":{"rendered":"<div class=\"wp-block-columns is-layout-flex wp-container-core-columns-is-layout-9d6595d7 wp-block-columns-is-layout-flex\">\n<div class=\"wp-block-column is-layout-flow wp-block-column-is-layout-flow\">\n<h2 class=\"wp-block-heading\">Caract\u00e9ristiques de l'emballage du nettoyant pour lave-linge<\/h2>\n\n\n\n<ul class=\"wp-block-list\">\n<li>Con\u00e7u sp\u00e9cifiquement pour l'emballage des nettoyants pour lave-linge, il convient aux formules en poudre, en comprim\u00e9s et en granul\u00e9s, garantissant des performances stables pendant le stockage et le transport.<\/li>\n\n\n\n<li>Les pochettes composites \u00e0 fermeture \u00e9clair de haute qualit\u00e9 offrent une excellente barri\u00e8re contre l'humidit\u00e9, une r\u00e9sistance aux produits chimiques et une grande durabilit\u00e9. Elles sont id\u00e9ales pour les produits d'entretien m\u00e9nager et de nettoyage.<\/li>\n\n\n\n<li>Les sachets sur pied avec fermeture \u00e0 glissi\u00e8re solide permettent une ouverture et une fermeture r\u00e9p\u00e9t\u00e9es, ce qui facilite la t\u00e2che de l'utilisateur tout en prot\u00e9geant les produits nettoyants pour lave-linge de l'humidit\u00e9 et de la contamination.<\/li>\n\n\n\n<li>Les formats, les mat\u00e9riaux, l'\u00e9paisseur et l'impression de logos peuvent \u00eatre personnalis\u00e9s, ce qui permet aux marques de cr\u00e9er des emballages de nettoyants pour lave-linge personnalis\u00e9s et diff\u00e9renci\u00e9s, conformes \u00e0 leur positionnement sur le march\u00e9.<\/li>\n\n\n\n<li>Production directe en usine avec un contr\u00f4le de qualit\u00e9 stable, des options MOQ r\u00e9duites et des d\u00e9lais de livraison efficaces pour les pochettes zip en gros et les projets d'emballage OEM.<\/li>\n<\/ul>\n<\/div>\n\n\n\n<div class=\"wp-block-column is-layout-flow wp-block-column-is-layout-flow\">\n<figure class=\"wp-block-image size-full\"><img fetchpriority=\"high\" decoding=\"async\" width=\"1000\" height=\"1000\" src=\"https:\/\/www.hyflexpack.com\/wp-content\/uploads\/2026\/01\/Customized-Washing-Machine-Cleaner-Packaging-1.webp\" alt=\"Emballage personnalis\u00e9 pour nettoyeur de machine \u00e0 laver \" class=\"wp-image-9052\" srcset=\"https:\/\/www.hyflexpack.com\/wp-content\/uploads\/2026\/01\/Customized-Washing-Machine-Cleaner-Packaging-1.webp 1000w, https:\/\/www.hyflexpack.com\/wp-content\/uploads\/2026\/01\/Customized-Washing-Machine-Cleaner-Packaging-1-300x300.webp 300w, https:\/\/www.hyflexpack.com\/wp-content\/uploads\/2026\/01\/Customized-Washing-Machine-Cleaner-Packaging-1-150x150.webp 150w, https:\/\/www.hyflexpack.com\/wp-content\/uploads\/2026\/01\/Customized-Washing-Machine-Cleaner-Packaging-1-768x768.webp 768w, https:\/\/www.hyflexpack.com\/wp-content\/uploads\/2026\/01\/Customized-Washing-Machine-Cleaner-Packaging-1-12x12.webp 12w, https:\/\/www.hyflexpack.com\/wp-content\/uploads\/2026\/01\/Customized-Washing-Machine-Cleaner-Packaging-1-285x285.webp 285w, https:\/\/www.hyflexpack.com\/wp-content\/uploads\/2026\/01\/Customized-Washing-Machine-Cleaner-Packaging-1-270x270.webp 270w, https:\/\/www.hyflexpack.com\/wp-content\/uploads\/2026\/01\/Customized-Washing-Machine-Cleaner-Packaging-1-540x540.webp 540w, https:\/\/www.hyflexpack.com\/wp-content\/uploads\/2026\/01\/Customized-Washing-Machine-Cleaner-Packaging-1-660x660.webp 660w\" sizes=\"(max-width: 1000px) 100vw, 1000px\" \/><\/figure>\n<\/div>\n<\/div>","protected":false},"excerpt":{"rendered":"<p>Nos emballages personnalis\u00e9s pour les nettoyants pour machines \u00e0 laver, con\u00e7us avec des pochettes composites \u00e0 fermeture \u00e0 glissi\u00e8re, offrent une solution fiable, r\u00e9sistante \u00e0 l'humidit\u00e9 et aux produits chimiques pour les nettoyants pour machines \u00e0 laver en poudre, en comprim\u00e9s et en granul\u00e9s. Avec des structures de mat\u00e9riaux flexibles et des options d'impression personnalis\u00e9es, ces sachets \u00e0 fermeture \u00e9clair pour nettoyeurs de machines \u00e0 laver aident les marques \u00e0 am\u00e9liorer la pr\u00e9sence en rayon, la protection du produit et l'efficacit\u00e9 de l'emballage pour les applications de gros et d'OEM. Contactez-nous d\u00e8s aujourd'hui pour obtenir un devis. Nous nous engageons \u00e0 fournir une solution unique, respectueuse de l'environnement et de haute qualit\u00e9 pour les emballages de d\u00e9sinfectants.\u00a0<\/p>\n<h2><strong>Avantages de l'emballage du nettoyeur de machine \u00e0 laver Fournisseur d'emballage<\/strong><\/h2>\n<ul>\n<li><strong>Conception sur mesure :<\/strong>\u00a0Nous fournissons un service de sacs d'emballage de v\u00eatements sur mesure, y compris la personnalisation du mat\u00e9riau, de la taille et du motif d'impression pour r\u00e9pondre aux besoins des clients, et nous prenons en charge les OEM et ODM.<\/li>\n<li><strong>Fabrication<\/strong>: Gr\u00e2ce \u00e0 un \u00e9quipement et \u00e0 une technologie de pointe, nous pouvons r\u00e9aliser la production de la commande avec une grande efficacit\u00e9 et une grande qualit\u00e9, et nous pouvons livrer dans les d\u00e9lais.<\/li>\n<li><strong>Inspection de la qualit\u00e9<\/strong>: Respecter strictement les normes de qualit\u00e9 et les exigences en mati\u00e8re de s\u00e9curit\u00e9 alimentaire pour la production, afin de garantir que les produits r\u00e9pondent aux normes.<\/li>\n<li><strong>Service client\u00e8le<\/strong>Le service client\u00e8le est disponible 24 heures sur 24 pour fournir une r\u00e9ponse rapide et un service d'assistance \u00e0 la client\u00e8le attentionn\u00e9.<\/li>\n<li><strong>\u00c9chantillon gratuit :\u00a0<\/strong>Fournir un service d'\u00e9chantillonnage gratuit pour vous permettre d'\u00e9valuer les produits.<\/li>\n<\/ul>\n<p>Huiyang Packaging s'engage \u00e0 fournir \u00e0 ses clients des sacs d'emballage de v\u00eatements personnalis\u00e9s de haute qualit\u00e9 afin de les aider \u00e0 am\u00e9liorer l'image de leurs produits et \u00e0 renforcer leur comp\u00e9titivit\u00e9 sur le march\u00e9.<\/p>","protected":false},"featured_media":9052,"comment_status":"closed","ping_status":"closed","template":"","meta":[],"product_brand":[],"product_cat":[52],"product_tag":[116,124],"class_list":{"0":"post-9063","1":"product","2":"type-product","3":"status-publish","4":"has-post-thumbnail","6":"product_cat-custom-daily-chemical-packaging","7":"product_tag-stand-up-pouch-manufacturer","8":"product_tag-zipper-pouch-manufacturer","10":"first","11":"instock","12":"shipping-taxable","13":"product-type-simple"},"_links":{"self":[{"href":"https:\/\/www.hyflexpack.com\/fr\/wp-json\/wp\/v2\/product\/9063","targetHints":{"allow":["GET"]}}],"collection":[{"href":"https:\/\/www.hyflexpack.com\/fr\/wp-json\/wp\/v2\/product"}],"about":[{"href":"https:\/\/www.hyflexpack.com\/fr\/wp-json\/wp\/v2\/types\/product"}],"replies":[{"embeddable":true,"href":"https:\/\/www.hyflexpack.com\/fr\/wp-json\/wp\/v2\/comments?post=9063"}],"wp:featuredmedia":[{"embeddable":true,"href":"https:\/\/www.hyflexpack.com\/fr\/wp-json\/wp\/v2\/media\/9052"}],"wp:attachment":[{"href":"https:\/\/www.hyflexpack.com\/fr\/wp-json\/wp\/v2\/media?parent=9063"}],"wp:term":[{"taxonomy":"product_brand","embeddable":true,"href":"https:\/\/www.hyflexpack.com\/fr\/wp-json\/wp\/v2\/product_brand?post=9063"},{"taxonomy":"product_cat","embeddable":true,"href":"https:\/\/www.hyflexpack.com\/fr\/wp-json\/wp\/v2\/product_cat?post=9063"},{"taxonomy":"product_tag","embeddable":true,"href":"https:\/\/www.hyflexpack.com\/fr\/wp-json\/wp\/v2\/product_tag?post=9063"}],"curies":[{"name":"wp","href":"https:\/\/api.w.org\/{rel}","templated":true}]}}