{"id":8883,"date":"2026-01-04T02:37:49","date_gmt":"2026-01-04T02:37:49","guid":{"rendered":"https:\/\/www.hyflexpack.com\/?post_type=product&#038;p=8883"},"modified":"2026-01-04T02:39:10","modified_gmt":"2026-01-04T02:39:10","slug":"oem-stand-up-zipper-pouches-for-candy","status":"publish","type":"product","link":"https:\/\/www.hyflexpack.com\/fr\/product\/oem-stand-up-zipper-pouches-for-candy\/","title":{"rendered":"Pochettes \u00e0 fermeture \u00e9clair personnalis\u00e9es pour bonbons, pochettes \u00e0 sucettes mignonnes, fabricant de pochettes \u00e0 sucettes"},"content":{"rendered":"<div class=\"wp-block-columns is-layout-flex wp-container-core-columns-is-layout-9d6595d7 wp-block-columns-is-layout-flex\">\n<div class=\"wp-block-column is-layout-flow wp-block-column-is-layout-flow\">\n<h2 class=\"wp-block-heading\">Advantages of Custom Stand-up Zipper Pouches for Candy<\/h2>\n\n\n\n<ul class=\"wp-block-list\">\n<li>Conception personnalis\u00e9e : Nous proposons des services de sacs d'emballage personnalis\u00e9s, y compris la personnalisation du mat\u00e9riau, de la taille et du motif d'impression pour r\u00e9pondre aux besoins des clients, et nous prenons en charge les OEM et ODM.<\/li>\n\n\n\n<li>Fabrication : Gr\u00e2ce \u00e0 un \u00e9quipement et \u00e0 une technologie de pointe, nous pouvons r\u00e9aliser la production des commandes de mani\u00e8re efficace et avec une qualit\u00e9 \u00e9lev\u00e9e, et livrer dans les d\u00e9lais.<\/li>\n\n\n\n<li>Contr\u00f4le de la qualit\u00e9 : La production est r\u00e9alis\u00e9e dans le strict respect des normes de qualit\u00e9 et des exigences en mati\u00e8re de s\u00e9curit\u00e9 alimentaire afin de garantir que les produits r\u00e9pondent aux normes.<\/li>\n\n\n\n<li>Service \u00e0 la client\u00e8le : Fournir une r\u00e9ponse rapide et un service \u00e0 la client\u00e8le attentionn\u00e9 24 heures par jour.<\/li>\n\n\n\n<li>\u00c9chantillon gratuit : Fournir des \u00e9chantillons gratuits pour vous permettre d'\u00e9valuer le produit.<\/li>\n<\/ul>\n<\/div>\n\n\n\n<div class=\"wp-block-column is-layout-flow wp-block-column-is-layout-flow\">\n<figure class=\"wp-block-image size-full\"><img fetchpriority=\"high\" decoding=\"async\" width=\"1000\" height=\"1000\" src=\"https:\/\/www.hyflexpack.com\/wp-content\/uploads\/2025\/12\/OEM-Creative-Shaped-Candy-Packaging-Bags-1.webp\" alt=\"OEM Creative Shaped Candy Packaging Bags\" class=\"wp-image-8855\" srcset=\"https:\/\/www.hyflexpack.com\/wp-content\/uploads\/2025\/12\/OEM-Creative-Shaped-Candy-Packaging-Bags-1.webp 1000w, https:\/\/www.hyflexpack.com\/wp-content\/uploads\/2025\/12\/OEM-Creative-Shaped-Candy-Packaging-Bags-1-300x300.webp 300w, https:\/\/www.hyflexpack.com\/wp-content\/uploads\/2025\/12\/OEM-Creative-Shaped-Candy-Packaging-Bags-1-150x150.webp 150w, https:\/\/www.hyflexpack.com\/wp-content\/uploads\/2025\/12\/OEM-Creative-Shaped-Candy-Packaging-Bags-1-768x768.webp 768w, https:\/\/www.hyflexpack.com\/wp-content\/uploads\/2025\/12\/OEM-Creative-Shaped-Candy-Packaging-Bags-1-12x12.webp 12w, https:\/\/www.hyflexpack.com\/wp-content\/uploads\/2025\/12\/OEM-Creative-Shaped-Candy-Packaging-Bags-1-285x285.webp 285w, https:\/\/www.hyflexpack.com\/wp-content\/uploads\/2025\/12\/OEM-Creative-Shaped-Candy-Packaging-Bags-1-270x270.webp 270w, https:\/\/www.hyflexpack.com\/wp-content\/uploads\/2025\/12\/OEM-Creative-Shaped-Candy-Packaging-Bags-1-540x540.webp 540w, https:\/\/www.hyflexpack.com\/wp-content\/uploads\/2025\/12\/OEM-Creative-Shaped-Candy-Packaging-Bags-1-660x660.webp 660w\" sizes=\"(max-width: 1000px) 100vw, 1000px\" \/><\/figure>\n<\/div>\n<\/div>","protected":false},"excerpt":{"rendered":"<p>Advantages of Custom Stand-up Zipper Pouches for Candy<\/p>","protected":false},"featured_media":8855,"comment_status":"closed","ping_status":"closed","template":"","meta":[],"product_brand":[],"product_cat":[107,51],"product_tag":[119,116],"class_list":{"0":"post-8883","1":"product","2":"type-product","3":"status-publish","4":"has-post-thumbnail","6":"product_cat-candy-packaging-bags-wholesale","7":"product_cat-custom-food-packaging-bags","8":"product_tag-shaped-pouches-factory","9":"product_tag-stand-up-pouch-manufacturer","11":"first","12":"instock","13":"shipping-taxable","14":"product-type-simple"},"_links":{"self":[{"href":"https:\/\/www.hyflexpack.com\/fr\/wp-json\/wp\/v2\/product\/8883","targetHints":{"allow":["GET"]}}],"collection":[{"href":"https:\/\/www.hyflexpack.com\/fr\/wp-json\/wp\/v2\/product"}],"about":[{"href":"https:\/\/www.hyflexpack.com\/fr\/wp-json\/wp\/v2\/types\/product"}],"replies":[{"embeddable":true,"href":"https:\/\/www.hyflexpack.com\/fr\/wp-json\/wp\/v2\/comments?post=8883"}],"wp:featuredmedia":[{"embeddable":true,"href":"https:\/\/www.hyflexpack.com\/fr\/wp-json\/wp\/v2\/media\/8855"}],"wp:attachment":[{"href":"https:\/\/www.hyflexpack.com\/fr\/wp-json\/wp\/v2\/media?parent=8883"}],"wp:term":[{"taxonomy":"product_brand","embeddable":true,"href":"https:\/\/www.hyflexpack.com\/fr\/wp-json\/wp\/v2\/product_brand?post=8883"},{"taxonomy":"product_cat","embeddable":true,"href":"https:\/\/www.hyflexpack.com\/fr\/wp-json\/wp\/v2\/product_cat?post=8883"},{"taxonomy":"product_tag","embeddable":true,"href":"https:\/\/www.hyflexpack.com\/fr\/wp-json\/wp\/v2\/product_tag?post=8883"}],"curies":[{"name":"wp","href":"https:\/\/api.w.org\/{rel}","templated":true}]}}