{"id":8768,"date":"2025-12-19T09:06:00","date_gmt":"2025-12-19T09:06:00","guid":{"rendered":"https:\/\/www.hyflexpack.com\/?post_type=product&#038;p=8768"},"modified":"2025-12-31T07:31:17","modified_gmt":"2025-12-31T07:31:17","slug":"oem-cat-food-packaging-manufacturer","status":"publish","type":"product","link":"https:\/\/www.hyflexpack.com\/fr\/product\/oem-cat-food-packaging-manufacturer\/","title":{"rendered":"Fabricant d'emballages pour aliments pour chats OEM, sachets \u00e0 fond plat \u00e0 haute barri\u00e8re"},"content":{"rendered":"<div class=\"wp-block-columns is-layout-flex wp-container-core-columns-is-layout-9d6595d7 wp-block-columns-is-layout-flex\">\n<div class=\"wp-block-column is-layout-flow wp-block-column-is-layout-flow\">\n<h2 class=\"wp-block-heading\">Custom Cat food Packaging Features<\/h2>\n\n\n\n<ul class=\"wp-block-list\">\n<li>Our OEM &amp; ODM Cat Food Packaging Supports OEM and ODM services for custom cat food packaging, including structure, size, and printing.<\/li>\n\n\n\n<li>Laminated materials provide reliable protection against moisture, oxygen, and odors.<\/li>\n\n\n\n<li>Zipper lock design allows easy resealing and improves convenience for end users.<\/li>\n\n\n\n<li>Flat bottom pouch stands well on shelves and offers a clean, premium appearance.<\/li>\n\n\n\n<li>Custom logo, artwork, and brand colors available for cat food packaging projects.<\/li>\n\n\n\n<li>Suitable for different cat food weights and pet food packaging needs.<\/li>\n<\/ul>\n<\/div>\n\n\n\n<div class=\"wp-block-column is-layout-flow wp-block-column-is-layout-flow\">\n<figure class=\"wp-block-image size-full\"><img fetchpriority=\"high\" decoding=\"async\" width=\"1000\" height=\"1000\" src=\"https:\/\/www.hyflexpack.com\/wp-content\/uploads\/2025\/12\/OEMODM-Cat-food-Packaging.webp\" alt=\"OEM&amp;ODM Cat food Packaging\" class=\"wp-image-8739\" srcset=\"https:\/\/www.hyflexpack.com\/wp-content\/uploads\/2025\/12\/OEMODM-Cat-food-Packaging.webp 1000w, https:\/\/www.hyflexpack.com\/wp-content\/uploads\/2025\/12\/OEMODM-Cat-food-Packaging-300x300.webp 300w, https:\/\/www.hyflexpack.com\/wp-content\/uploads\/2025\/12\/OEMODM-Cat-food-Packaging-150x150.webp 150w, https:\/\/www.hyflexpack.com\/wp-content\/uploads\/2025\/12\/OEMODM-Cat-food-Packaging-768x768.webp 768w, https:\/\/www.hyflexpack.com\/wp-content\/uploads\/2025\/12\/OEMODM-Cat-food-Packaging-12x12.webp 12w, https:\/\/www.hyflexpack.com\/wp-content\/uploads\/2025\/12\/OEMODM-Cat-food-Packaging-285x285.webp 285w, https:\/\/www.hyflexpack.com\/wp-content\/uploads\/2025\/12\/OEMODM-Cat-food-Packaging-270x270.webp 270w, https:\/\/www.hyflexpack.com\/wp-content\/uploads\/2025\/12\/OEMODM-Cat-food-Packaging-540x540.webp 540w, https:\/\/www.hyflexpack.com\/wp-content\/uploads\/2025\/12\/OEMODM-Cat-food-Packaging-660x660.webp 660w\" sizes=\"(max-width: 1000px) 100vw, 1000px\" \/><\/figure>\n<\/div>\n<\/div>","protected":false},"excerpt":{"rendered":"<p>Our OEM cat food packaging offers high-barrier flat bottom bag pouches, designed to keep pet food fresh and safe. Durable, moisture-resistant, and customizable, these pouches are ideal for retail or bulk packaging, providing reliable protection and professional presentation for your brand.<\/p>\n<h3>Advantages of Cat food Packaging<\/h3>\n<ul>\n<li><strong><a href=\"https:\/\/www.hyflexpack.com\/fr\/emballage-flexible-sur-mesure\/\">Services OEM\/ODM<\/a>:<\/strong>\u00a0Nous proposons des services de sacs d'emballage personnalis\u00e9s, y compris la personnalisation du mat\u00e9riau, de la taille et du motif d'impression pour r\u00e9pondre aux besoins des clients, et nous prenons en charge les OEM et ODM.<\/li>\n<li><strong>Efficace<\/strong>\u00a0<strong>Fabrication :<\/strong>\u00a0Gr\u00e2ce \u00e0 un \u00e9quipement et \u00e0 une technologie de pointe, nous pouvons r\u00e9aliser la production des commandes de mani\u00e8re efficace et avec une qualit\u00e9 \u00e9lev\u00e9e, et livrer dans les d\u00e9lais impartis.<\/li>\n<li><strong>Inspection de la qualit\u00e9 :<\/strong>\u00a0La production est r\u00e9alis\u00e9e dans le strict respect des normes de qualit\u00e9 et des exigences en mati\u00e8re de s\u00e9curit\u00e9 alimentaire afin de garantir que les produits r\u00e9pondent aux normes.<\/li>\n<li><strong>Assistance \u00e0 la client\u00e8le 24 heures sur 24, 7 jours sur 7 :<\/strong>\u00a0Fournir une r\u00e9ponse rapide et un service \u00e0 la client\u00e8le attentionn\u00e9 24 heures par jour.<\/li>\n<li><strong>Conception libre :<\/strong>\u00a0Profitez de nos services gratuits de conception de logos, d'\u00e9tiquettes et de maquettes pour vous aider \u00e0 am\u00e9liorer votre emballage et l'identit\u00e9 de votre marque.<\/li>\n<li><strong>Prix d'usine<\/strong>: Nous proposons des prix d'usine comp\u00e9titifs afin que vous puissiez tirer le meilleur parti de vos commandes en gros.<\/li>\n<li><strong>Quantit\u00e9 minimale de commande (MOQ) :<\/strong>\u00a0Disponibilit\u00e9 d'une MOQ flexible, vous permettant de commencer avec des niveaux de commande peu \u00e9lev\u00e9s et d'augmenter en fonction des besoins.<\/li>\n<li><strong>\u00c9chantillon gratuit<\/strong>: Fournir un service d'\u00e9chantillonnage gratuit pour vous permettre d'\u00e9valuer le produit.<\/li>\n<\/ul>\n<p><a href=\"https:\/\/www.hyflexpack.com\/fr\/\"><strong>Huiyang Packaging<\/strong><\/a> is committed to providing customers with high-quality,\u00a0 wholesale custom cat food packaging bags to help them improve their product image and enhance market competitiveness.<\/p>","protected":false},"featured_media":8739,"comment_status":"closed","ping_status":"closed","template":"","meta":[],"product_brand":[],"product_cat":[56,51],"product_tag":[117],"class_list":{"0":"post-8768","1":"product","2":"type-product","3":"status-publish","4":"has-post-thumbnail","6":"product_cat-custom-pet-food-packaging","7":"product_cat-custom-food-packaging-bags","8":"product_tag-flat-bottom-pouch-manufacturer","10":"first","11":"instock","12":"shipping-taxable","13":"product-type-simple"},"_links":{"self":[{"href":"https:\/\/www.hyflexpack.com\/fr\/wp-json\/wp\/v2\/product\/8768","targetHints":{"allow":["GET"]}}],"collection":[{"href":"https:\/\/www.hyflexpack.com\/fr\/wp-json\/wp\/v2\/product"}],"about":[{"href":"https:\/\/www.hyflexpack.com\/fr\/wp-json\/wp\/v2\/types\/product"}],"replies":[{"embeddable":true,"href":"https:\/\/www.hyflexpack.com\/fr\/wp-json\/wp\/v2\/comments?post=8768"}],"wp:featuredmedia":[{"embeddable":true,"href":"https:\/\/www.hyflexpack.com\/fr\/wp-json\/wp\/v2\/media\/8739"}],"wp:attachment":[{"href":"https:\/\/www.hyflexpack.com\/fr\/wp-json\/wp\/v2\/media?parent=8768"}],"wp:term":[{"taxonomy":"product_brand","embeddable":true,"href":"https:\/\/www.hyflexpack.com\/fr\/wp-json\/wp\/v2\/product_brand?post=8768"},{"taxonomy":"product_cat","embeddable":true,"href":"https:\/\/www.hyflexpack.com\/fr\/wp-json\/wp\/v2\/product_cat?post=8768"},{"taxonomy":"product_tag","embeddable":true,"href":"https:\/\/www.hyflexpack.com\/fr\/wp-json\/wp\/v2\/product_tag?post=8768"}],"curies":[{"name":"wp","href":"https:\/\/api.w.org\/{rel}","templated":true}]}}