{"id":8621,"date":"2025-12-08T17:24:29","date_gmt":"2025-12-08T17:24:29","guid":{"rendered":"https:\/\/www.hyflexpack.com\/?post_type=product&#038;p=8621"},"modified":"2025-12-31T07:32:36","modified_gmt":"2025-12-31T07:32:36","slug":"bulk-wholesale-spout-pouches-for-drinks","status":"publish","type":"product","link":"https:\/\/www.hyflexpack.com\/fr\/product\/bulk-wholesale-spout-pouches-for-drinks\/","title":{"rendered":"Bulk Wholesale Spout Pouches for Juice &amp; Drinks - Stand-Up Liquid Bags with Custom Printing"},"content":{"rendered":"<div class=\"wp-block-columns is-layout-flex wp-container-core-columns-is-layout-9d6595d7 wp-block-columns-is-layout-flex\">\n<div class=\"wp-block-column is-layout-flow wp-block-column-is-layout-flow\">\n<h3 class=\"wp-block-heading\">Features of Bulk Wholesale Spout Pouches for Juice &amp; Drinks<\/h3>\n\n\n\n<ul class=\"wp-block-list\">\n<li><strong>High-end quality:<\/strong> High-barrier, food-grade protection with Bulk Wholesale Spout Pouches for Juice &amp; Drinks.<\/li>\n<\/ul>\n\n\n\n<ul class=\"wp-block-list\">\n<li><strong>Factory-direct supply: <\/strong>Ideal for bulk buyers, distributors, and beverage manufacturers.<\/li>\n<\/ul>\n\n\n\n<ul class=\"wp-block-list\">\n<li><strong>Full Customization: <\/strong>Supports OEM\/ODM services, private label printing, and custom designs.<\/li>\n<\/ul>\n\n\n\n<ul class=\"wp-block-list\">\n<li><strong>Cost-effective:<\/strong> Durable, leak-proof stand-up bags reduce shipping and storage costs.<\/li>\n<\/ul>\n\n\n\n<ul class=\"wp-block-list\">\n<li><strong>Convenient spout design<\/strong>: It ensures easy pouring and consumer-friendly use.<\/li>\n<\/ul>\n\n\n\n<ul class=\"wp-block-list\">\n<li><strong>Multi-usage: <\/strong>Versatile for juices, smoothies, nectars, and other liquid products.<\/li>\n<\/ul>\n<\/div>\n\n\n\n<div class=\"wp-block-column is-layout-flow wp-block-column-is-layout-flow\">\n<figure class=\"wp-block-image size-full\"><img fetchpriority=\"high\" decoding=\"async\" width=\"1000\" height=\"1000\" src=\"https:\/\/www.hyflexpack.com\/wp-content\/uploads\/2025\/11\/Bulk-Wholesale-Spout-Pouches-for-Juice-Drinks-1.webp\" alt=\"Bulk Wholesale Spout Pouches for Juice &amp; Drinks\" class=\"wp-image-8560\" srcset=\"https:\/\/www.hyflexpack.com\/wp-content\/uploads\/2025\/11\/Bulk-Wholesale-Spout-Pouches-for-Juice-Drinks-1.webp 1000w, https:\/\/www.hyflexpack.com\/wp-content\/uploads\/2025\/11\/Bulk-Wholesale-Spout-Pouches-for-Juice-Drinks-1-300x300.webp 300w, https:\/\/www.hyflexpack.com\/wp-content\/uploads\/2025\/11\/Bulk-Wholesale-Spout-Pouches-for-Juice-Drinks-1-150x150.webp 150w, https:\/\/www.hyflexpack.com\/wp-content\/uploads\/2025\/11\/Bulk-Wholesale-Spout-Pouches-for-Juice-Drinks-1-768x768.webp 768w, https:\/\/www.hyflexpack.com\/wp-content\/uploads\/2025\/11\/Bulk-Wholesale-Spout-Pouches-for-Juice-Drinks-1-12x12.webp 12w, https:\/\/www.hyflexpack.com\/wp-content\/uploads\/2025\/11\/Bulk-Wholesale-Spout-Pouches-for-Juice-Drinks-1-285x285.webp 285w, https:\/\/www.hyflexpack.com\/wp-content\/uploads\/2025\/11\/Bulk-Wholesale-Spout-Pouches-for-Juice-Drinks-1-270x270.webp 270w, https:\/\/www.hyflexpack.com\/wp-content\/uploads\/2025\/11\/Bulk-Wholesale-Spout-Pouches-for-Juice-Drinks-1-540x540.webp 540w, https:\/\/www.hyflexpack.com\/wp-content\/uploads\/2025\/11\/Bulk-Wholesale-Spout-Pouches-for-Juice-Drinks-1-660x660.webp 660w\" sizes=\"(max-width: 1000px) 100vw, 1000px\" \/><\/figure>\n<\/div>\n<\/div>","protected":false},"excerpt":{"rendered":"<p>Our Bulk Wholesale Spout Pouches for Juice &amp; Drinks are designed with high-barrier, food-grade materials to keep beverages fresh, leak-free, and flavorful for extended periods. Ideal for juices, smoothies, energy drinks, and other liquid products, these stand-up liquid bags support custom printing, OEM\/ODM services, and private label branding, making them perfect for brands, distributors, and beverage manufacturers. Order now to secure your bulk spout pouches and elevate your drink packaging!<\/p>\n<h3>Advantages of Bulk Wholesale Spout Pouches for Juice &amp; Drinks<\/h3>\n<ul>\n<li><strong>Conception personnalis\u00e9e :<\/strong> We provide customized services for juice packaging bags, including material, size, and printing pattern customization to meet customer needs, and support OEM and ODM.<\/li>\n<li><strong>Fabrication :<\/strong> Gr\u00e2ce \u00e0 un \u00e9quipement et \u00e0 une technologie de pointe, nous pouvons r\u00e9aliser la production des commandes de mani\u00e8re efficace et avec une qualit\u00e9 \u00e9lev\u00e9e, et nous pouvons livrer dans les d\u00e9lais impartis.<\/li>\n<li><strong>Contr\u00f4le de la qualit\u00e9 :<\/strong> La production est r\u00e9alis\u00e9e dans le strict respect des normes de qualit\u00e9 et des exigences en mati\u00e8re de s\u00e9curit\u00e9 alimentaire afin de garantir que les produits r\u00e9pondent aux normes.<\/li>\n<li><strong>Service \u00e0 la client\u00e8le :<\/strong> 24 heures pour fournir une r\u00e9ponse rapide et un service client\u00e8le attentionn\u00e9.<\/li>\n<li><strong>\u00c9chantillon gratuit :<\/strong> Provide a free sample service for you to evaluate the product.<\/li>\n<\/ul>\n<p><a href=\"https:\/\/www.hyflexpack.com\/fr\/\"><strong>Huiyang Packaging<\/strong><\/a> is committed to providing customers with high-quality Bulk Wholesale Spout Pouches for Juice &amp; Drinks to help customers improve their product image and enhance their market competitiveness.<\/p>","protected":false},"featured_media":8560,"comment_status":"closed","ping_status":"closed","template":"","meta":[],"product_brand":[],"product_cat":[103,51],"product_tag":[115],"class_list":{"0":"post-8621","1":"product","2":"type-product","3":"status-publish","4":"has-post-thumbnail","6":"product_cat-beverage-packaging-bags-supplier","7":"product_cat-custom-food-packaging-bags","8":"product_tag-spout-pouch-manufacturer","10":"first","11":"instock","12":"shipping-taxable","13":"product-type-simple"},"_links":{"self":[{"href":"https:\/\/www.hyflexpack.com\/fr\/wp-json\/wp\/v2\/product\/8621","targetHints":{"allow":["GET"]}}],"collection":[{"href":"https:\/\/www.hyflexpack.com\/fr\/wp-json\/wp\/v2\/product"}],"about":[{"href":"https:\/\/www.hyflexpack.com\/fr\/wp-json\/wp\/v2\/types\/product"}],"replies":[{"embeddable":true,"href":"https:\/\/www.hyflexpack.com\/fr\/wp-json\/wp\/v2\/comments?post=8621"}],"wp:featuredmedia":[{"embeddable":true,"href":"https:\/\/www.hyflexpack.com\/fr\/wp-json\/wp\/v2\/media\/8560"}],"wp:attachment":[{"href":"https:\/\/www.hyflexpack.com\/fr\/wp-json\/wp\/v2\/media?parent=8621"}],"wp:term":[{"taxonomy":"product_brand","embeddable":true,"href":"https:\/\/www.hyflexpack.com\/fr\/wp-json\/wp\/v2\/product_brand?post=8621"},{"taxonomy":"product_cat","embeddable":true,"href":"https:\/\/www.hyflexpack.com\/fr\/wp-json\/wp\/v2\/product_cat?post=8621"},{"taxonomy":"product_tag","embeddable":true,"href":"https:\/\/www.hyflexpack.com\/fr\/wp-json\/wp\/v2\/product_tag?post=8621"}],"curies":[{"name":"wp","href":"https:\/\/api.w.org\/{rel}","templated":true}]}}