{"id":8123,"date":"2025-10-25T10:37:59","date_gmt":"2025-10-25T10:37:59","guid":{"rendered":"https:\/\/www.hyflexpack.com\/?post_type=product&#038;p=8123"},"modified":"2026-01-03T09:42:50","modified_gmt":"2026-01-03T09:42:50","slug":"custom-yogurt-pouches-wholesaler","status":"publish","type":"product","link":"https:\/\/www.hyflexpack.com\/fr\/product\/custom-yogurt-pouches-wholesaler\/","title":{"rendered":"Pochettes de yaourt sur mesure Fabricant de pochettes \u00e0 bec liquide pour boissons en gros"},"content":{"rendered":"<div class=\"wp-block-columns is-layout-flex wp-container-core-columns-is-layout-9d6595d7 wp-block-columns-is-layout-flex\">\n<div class=\"wp-block-column is-layout-flow wp-block-column-is-layout-flow\">\n<h2 class=\"wp-block-heading\">Custom Yogurt Pouches Features:<\/h2>\n\n\n\n<ul class=\"wp-block-list\">\n<li><strong>High-Barrier Custom Yogurt Pouches<\/strong> \u2014 Specifically engineered for yogurt, smoothies, and dairy beverages, our Custom Yogurt Pouches feature strong multi-layer laminated films that provide excellent oxygen and moisture barrier properties for increased product shelf life and flavor.<\/li>\n\n\n\n<li><strong>Secure &amp; Leak-Proof Construction<\/strong> \u2014 Each pouch features a reliable spout and heat-sealed structure, ensuring leak-proof safety during filling, shipping, and storage \u2014 a valuable consideration for reducing product loss and customer complaints.<\/li>\n\n\n\n<li><strong>Eye-catching Custom Printing <\/strong>\u2014 Highlight your yoghurt brand with premium printing finishes like matte, gloss, and metallic. Our flexible OEM\/ODM facility enables you to design unique pouch packaging that maximizes shelf visibility and brand recognition.<\/li>\n\n\n\n<li><strong>Environment &amp; Food-Grade Materials <\/strong>\u2014 Made from BPA-free, recyclable, and food-grade materials that meet international standards, offering safety and sustainability and satisfying the needs of eco-conscious consumers.<\/li>\n\n\n\n<li><strong>Factory-Direct Wholesale Advantage <\/strong>\u2014 Deal with a veteran packager maker directly to get competitive prices, minimum MOQ, and fast turnaround time and save on procurement costs as well as improve supply chain efficiency.<\/li>\n\n\n\n<li><strong>Wide Compatibility<\/strong> \u2014 Satisfies automatic filling machines to maximize production efficiency for huge dairy and drink manufacturers.<\/li>\n<\/ul>\n<\/div>\n\n\n\n<div class=\"wp-block-column is-layout-flow wp-block-column-is-layout-flow\">\n<figure class=\"wp-block-image size-full\"><img fetchpriority=\"high\" decoding=\"async\" width=\"750\" height=\"750\" src=\"https:\/\/www.hyflexpack.com\/wp-content\/uploads\/2025\/10\/Custom-Yogurt-Pouches-Wholesale-2.webp\" alt=\"Pochettes de yaourt personnalis\u00e9es en gros (2)\" class=\"wp-image-8199\" srcset=\"https:\/\/www.hyflexpack.com\/wp-content\/uploads\/2025\/10\/Custom-Yogurt-Pouches-Wholesale-2.webp 750w, https:\/\/www.hyflexpack.com\/wp-content\/uploads\/2025\/10\/Custom-Yogurt-Pouches-Wholesale-2-300x300.webp 300w, https:\/\/www.hyflexpack.com\/wp-content\/uploads\/2025\/10\/Custom-Yogurt-Pouches-Wholesale-2-150x150.webp 150w, https:\/\/www.hyflexpack.com\/wp-content\/uploads\/2025\/10\/Custom-Yogurt-Pouches-Wholesale-2-12x12.webp 12w, https:\/\/www.hyflexpack.com\/wp-content\/uploads\/2025\/10\/Custom-Yogurt-Pouches-Wholesale-2-285x285.webp 285w, https:\/\/www.hyflexpack.com\/wp-content\/uploads\/2025\/10\/Custom-Yogurt-Pouches-Wholesale-2-270x270.webp 270w, https:\/\/www.hyflexpack.com\/wp-content\/uploads\/2025\/10\/Custom-Yogurt-Pouches-Wholesale-2-540x540.webp 540w, https:\/\/www.hyflexpack.com\/wp-content\/uploads\/2025\/10\/Custom-Yogurt-Pouches-Wholesale-2-660x660.webp 660w\" sizes=\"(max-width: 750px) 100vw, 750px\" \/><\/figure>\n<\/div>\n<\/div>\n\n\n\n<div class=\"wp-block-columns is-layout-flex wp-container-core-columns-is-layout-9d6595d7 wp-block-columns-is-layout-flex\">\n<div class=\"wp-block-column is-layout-flow wp-block-column-is-layout-flow\">\n<figure class=\"wp-block-image size-full\"><img decoding=\"async\" width=\"750\" height=\"750\" src=\"https:\/\/www.hyflexpack.com\/wp-content\/uploads\/2025\/10\/Custom-Yogurt-Pouches-Wholesale-1.webp\" alt=\"Custom Yogurt Pouches Wholesale (1)\" class=\"wp-image-8198\" srcset=\"https:\/\/www.hyflexpack.com\/wp-content\/uploads\/2025\/10\/Custom-Yogurt-Pouches-Wholesale-1.webp 750w, https:\/\/www.hyflexpack.com\/wp-content\/uploads\/2025\/10\/Custom-Yogurt-Pouches-Wholesale-1-300x300.webp 300w, https:\/\/www.hyflexpack.com\/wp-content\/uploads\/2025\/10\/Custom-Yogurt-Pouches-Wholesale-1-150x150.webp 150w, https:\/\/www.hyflexpack.com\/wp-content\/uploads\/2025\/10\/Custom-Yogurt-Pouches-Wholesale-1-12x12.webp 12w, https:\/\/www.hyflexpack.com\/wp-content\/uploads\/2025\/10\/Custom-Yogurt-Pouches-Wholesale-1-285x285.webp 285w, https:\/\/www.hyflexpack.com\/wp-content\/uploads\/2025\/10\/Custom-Yogurt-Pouches-Wholesale-1-270x270.webp 270w, https:\/\/www.hyflexpack.com\/wp-content\/uploads\/2025\/10\/Custom-Yogurt-Pouches-Wholesale-1-540x540.webp 540w, https:\/\/www.hyflexpack.com\/wp-content\/uploads\/2025\/10\/Custom-Yogurt-Pouches-Wholesale-1-660x660.webp 660w\" sizes=\"(max-width: 750px) 100vw, 750px\" \/><\/figure>\n<\/div>\n\n\n\n<div class=\"wp-block-column is-layout-flow wp-block-column-is-layout-flow\">\n<figure class=\"wp-block-image size-full\"><img decoding=\"async\" width=\"750\" height=\"750\" src=\"https:\/\/www.hyflexpack.com\/wp-content\/uploads\/2025\/10\/Custom-Yogurt-Pouches-Wholesale-3.webp\" alt=\"Custom Yogurt Pouches Wholesale (3)\" class=\"wp-image-8200\" srcset=\"https:\/\/www.hyflexpack.com\/wp-content\/uploads\/2025\/10\/Custom-Yogurt-Pouches-Wholesale-3.webp 750w, https:\/\/www.hyflexpack.com\/wp-content\/uploads\/2025\/10\/Custom-Yogurt-Pouches-Wholesale-3-300x300.webp 300w, https:\/\/www.hyflexpack.com\/wp-content\/uploads\/2025\/10\/Custom-Yogurt-Pouches-Wholesale-3-150x150.webp 150w, https:\/\/www.hyflexpack.com\/wp-content\/uploads\/2025\/10\/Custom-Yogurt-Pouches-Wholesale-3-12x12.webp 12w, https:\/\/www.hyflexpack.com\/wp-content\/uploads\/2025\/10\/Custom-Yogurt-Pouches-Wholesale-3-285x285.webp 285w, https:\/\/www.hyflexpack.com\/wp-content\/uploads\/2025\/10\/Custom-Yogurt-Pouches-Wholesale-3-270x270.webp 270w, https:\/\/www.hyflexpack.com\/wp-content\/uploads\/2025\/10\/Custom-Yogurt-Pouches-Wholesale-3-540x540.webp 540w, https:\/\/www.hyflexpack.com\/wp-content\/uploads\/2025\/10\/Custom-Yogurt-Pouches-Wholesale-3-660x660.webp 660w\" sizes=\"(max-width: 750px) 100vw, 750px\" \/><\/figure>\n<\/div>\n<\/div>","protected":false},"excerpt":{"rendered":"<p>Notre <strong data-start=\"52\" data-end=\"77\">custom yogurt pouches<\/strong> feature leak-proof spouts, vivid custom printing, and durable laminated materials to protect freshness. As a <strong data-start=\"187\" data-end=\"220\">China yogurt pouches supplier<\/strong>, we provide OEM\/ODM services, low MOQ, and fast factory-direct delivery at competitive prices.<\/p>\n<h3>Advantages of Custom Yogurt Pouches Wholesaler<\/h3>\n<ul>\n<li><strong>Conception personnalis\u00e9e<\/strong>: We offer customized design juice pouch services, including material, size, and printing pattern customization to meet customers\u2019 needs, supporting both OEM and ODM.<\/li>\n<li><strong>Livraison rapide<\/strong>: An Efficient production process and supply chain management system can respond to customers\u2019 orders quickly and ensure on-time delivery.<\/li>\n<li><strong>Inspection de la qualit\u00e9<\/strong>: Respecter strictement les normes de qualit\u00e9 et les exigences en mati\u00e8re de s\u00e9curit\u00e9 alimentaire afin de garantir la conformit\u00e9 des produits aux normes.<\/li>\n<li><strong>Support technique de l'\u00e9quipe<\/strong>: Our team boasts rich industry experience and professional expertise, providing technical support and 24-hour consulting services to our customers.<\/li>\n<li><strong>\u00c9chantillon gratuit<\/strong>: Fournir un service d'\u00e9chantillonnage gratuit pour vous permettre d'\u00e9valuer les produits.<\/li>\n<li><strong class=\"skrollable skrollable-between\" data-start=\"760\" data-end=\"772\">Low MOQ:<\/strong>\u00a0We support low minimum order quantities, helping customers flexibly start their projects and reduce inventory pressure.<\/li>\n<li><strong class=\"skrollable skrollable-between\" data-start=\"895\" data-end=\"917\">Prix comp\u00e9titif :<\/strong>\u00a0Gr\u00e2ce \u00e0 une capacit\u00e9 de production \u00e0 grande \u00e9chelle et \u00e0 une gestion rentable, nous proposons des prix comp\u00e9titifs sans compromettre la qualit\u00e9 des produits.<\/li>\n<\/ul>\n<p><a href=\"https:\/\/www.hyflexpack.com\/fr\/\"><strong>Huiyang Packaging<\/strong><\/a>\u00a0is committed to providing customers with high-quality, wholesale juice pouches to help customers improve their product image and enhance market competitiveness.<\/p>","protected":false},"featured_media":8199,"comment_status":"closed","ping_status":"closed","template":"","meta":[],"product_brand":[],"product_cat":[103,51],"product_tag":[115],"class_list":{"0":"post-8123","1":"product","2":"type-product","3":"status-publish","4":"has-post-thumbnail","6":"product_cat-beverage-packaging-bags-supplier","7":"product_cat-custom-food-packaging-bags","8":"product_tag-spout-pouch-manufacturer","10":"first","11":"instock","12":"shipping-taxable","13":"product-type-simple"},"_links":{"self":[{"href":"https:\/\/www.hyflexpack.com\/fr\/wp-json\/wp\/v2\/product\/8123","targetHints":{"allow":["GET"]}}],"collection":[{"href":"https:\/\/www.hyflexpack.com\/fr\/wp-json\/wp\/v2\/product"}],"about":[{"href":"https:\/\/www.hyflexpack.com\/fr\/wp-json\/wp\/v2\/types\/product"}],"replies":[{"embeddable":true,"href":"https:\/\/www.hyflexpack.com\/fr\/wp-json\/wp\/v2\/comments?post=8123"}],"wp:featuredmedia":[{"embeddable":true,"href":"https:\/\/www.hyflexpack.com\/fr\/wp-json\/wp\/v2\/media\/8199"}],"wp:attachment":[{"href":"https:\/\/www.hyflexpack.com\/fr\/wp-json\/wp\/v2\/media?parent=8123"}],"wp:term":[{"taxonomy":"product_brand","embeddable":true,"href":"https:\/\/www.hyflexpack.com\/fr\/wp-json\/wp\/v2\/product_brand?post=8123"},{"taxonomy":"product_cat","embeddable":true,"href":"https:\/\/www.hyflexpack.com\/fr\/wp-json\/wp\/v2\/product_cat?post=8123"},{"taxonomy":"product_tag","embeddable":true,"href":"https:\/\/www.hyflexpack.com\/fr\/wp-json\/wp\/v2\/product_tag?post=8123"}],"curies":[{"name":"wp","href":"https:\/\/api.w.org\/{rel}","templated":true}]}}