{"id":7821,"date":"2025-10-12T19:49:20","date_gmt":"2025-10-12T19:49:20","guid":{"rendered":"https:\/\/www.hyflexpack.com\/?post_type=product&#038;p=7821"},"modified":"2025-12-31T07:41:17","modified_gmt":"2025-12-31T07:41:17","slug":"premium-custom-coffee-pouch-with-zipper","status":"publish","type":"product","link":"https:\/\/www.hyflexpack.com\/fr\/product\/premium-custom-coffee-pouch-with-zipper\/","title":{"rendered":"Premium Custom Coffee Pouch with Zipper and Valve Supplier, Bulk Coffee Packaging Manufacturer"},"content":{"rendered":"<div class=\"wp-block-columns is-layout-flex wp-container-core-columns-is-layout-9d6595d7 wp-block-columns-is-layout-flex\">\n<div class=\"wp-block-column is-layout-flow wp-block-column-is-layout-flow\">\n<h3 class=\"wp-block-heading\">Caract\u00e9ristiques de la pochette \u00e0 caf\u00e9 personnalis\u00e9e de premi\u00e8re qualit\u00e9<\/h3>\n\n\n\n<ul class=\"wp-block-list\">\n<li><strong>Approvisionnement en gros :<\/strong> Nous utilisons une production efficace \u00e0 grande \u00e9chelle et une gestion optimis\u00e9e de la cha\u00eene d'approvisionnement pour offrir des prix en vrac tr\u00e8s comp\u00e9titifs, maximisant ainsi votre potentiel de profit.<\/li>\n<\/ul>\n\n\n\n<ul class=\"wp-block-list\">\n<li><strong>Fermeture \u00e0 glissi\u00e8re :<\/strong> Tous les emballages peuvent \u00eatre \u00e9quip\u00e9s de fermetures \u00e0 glissi\u00e8re de haute qualit\u00e9, int\u00e9gr\u00e9es et r\u00e9utilisables, ainsi que d'une valve. Cette caract\u00e9ristique facilite l'acc\u00e8s des consommateurs \u00e0 plusieurs reprises et forme un joint \u00e9tanche \u00e0 l'air apr\u00e8s chaque utilisation.<\/li>\n<\/ul>\n\n\n\n<ul class=\"wp-block-list\">\n<li><strong>Formats de pochettes souples :<\/strong> Nous proposons une vari\u00e9t\u00e9 de sacs d'emballage couramment utilis\u00e9s, avec des mod\u00e8les \u00e0 fond plat, \u00e0 soufflet ou debout.<\/li>\n<\/ul>\n\n\n\n<ul class=\"wp-block-list\">\n<li><strong>Personnalis\u00e9 Marquage :<\/strong> Services OEM offrant des options d'impression en couleur et de marques propres. Nous prenons en charge l'impression personnalis\u00e9e haute fid\u00e9lit\u00e9, en couleur, afin de garantir une reproduction \u00e9clatante de vos \u00e9bauches de conception.<\/li>\n<\/ul>\n<\/div>\n\n\n\n<div class=\"wp-block-column is-layout-flow wp-block-column-is-layout-flow\">\n<figure class=\"wp-block-image size-full\"><img fetchpriority=\"high\" decoding=\"async\" width=\"750\" height=\"750\" src=\"https:\/\/www.hyflexpack.com\/wp-content\/uploads\/2025\/10\/premium-custom-coffee-pouch-1.webp\" alt=\"pochette \u00e0 caf\u00e9 premium personnalis\u00e9e (1)\" class=\"wp-image-8041\" srcset=\"https:\/\/www.hyflexpack.com\/wp-content\/uploads\/2025\/10\/premium-custom-coffee-pouch-1.webp 750w, https:\/\/www.hyflexpack.com\/wp-content\/uploads\/2025\/10\/premium-custom-coffee-pouch-1-300x300.webp 300w, https:\/\/www.hyflexpack.com\/wp-content\/uploads\/2025\/10\/premium-custom-coffee-pouch-1-150x150.webp 150w, https:\/\/www.hyflexpack.com\/wp-content\/uploads\/2025\/10\/premium-custom-coffee-pouch-1-12x12.webp 12w, https:\/\/www.hyflexpack.com\/wp-content\/uploads\/2025\/10\/premium-custom-coffee-pouch-1-285x285.webp 285w, https:\/\/www.hyflexpack.com\/wp-content\/uploads\/2025\/10\/premium-custom-coffee-pouch-1-270x270.webp 270w, https:\/\/www.hyflexpack.com\/wp-content\/uploads\/2025\/10\/premium-custom-coffee-pouch-1-540x540.webp 540w, https:\/\/www.hyflexpack.com\/wp-content\/uploads\/2025\/10\/premium-custom-coffee-pouch-1-660x660.webp 660w\" sizes=\"(max-width: 750px) 100vw, 750px\" \/><\/figure>\n<\/div>\n<\/div>","protected":false},"excerpt":{"rendered":"<p>Nous fournissons des sachets de caf\u00e9 personnalis\u00e9s de qualit\u00e9 sup\u00e9rieure avec une fermeture \u00e0 glissi\u00e8re et une valve, garantissant la fra\u00eecheur et la commodit\u00e9. Ces sachets flexibles sont parfaits pour les torr\u00e9facteurs, les distributeurs et les marques priv\u00e9es qui recherchent des solutions rentables. \u00c9chantillon gratuit disponible. Contactez-nous d\u00e8s aujourd'hui pour un devis.\u00a0<\/p>\n<h3>Avantages de la pochette \u00e0 caf\u00e9 personnalis\u00e9e de qualit\u00e9 sup\u00e9rieure avec fermeture \u00e0 glissi\u00e8re et valve<\/h3>\n<ul>\n<li><strong>Conception personnalis\u00e9e :<\/strong> Nous proposons des services de sacs d'emballage personnalis\u00e9s, y compris la personnalisation du mat\u00e9riau, de la taille et du motif d'impression pour r\u00e9pondre aux besoins des clients, et nous prenons en charge les OEM et ODM.<\/li>\n<li><strong>Efficacit\u00e9 de la production :<\/strong> Gr\u00e2ce \u00e0 un \u00e9quipement et \u00e0 une technologie de pointe, nous pouvons r\u00e9aliser la production des commandes de mani\u00e8re efficace et avec une qualit\u00e9 \u00e9lev\u00e9e, et livrer dans les d\u00e9lais impartis.<\/li>\n<li><strong>Contr\u00f4le de la qualit\u00e9 :<\/strong> La production est r\u00e9alis\u00e9e dans le strict respect des normes de qualit\u00e9 et des exigences en mati\u00e8re de s\u00e9curit\u00e9 alimentaire afin de garantir que les produits r\u00e9pondent aux normes.<\/li>\n<li><strong>Service \u00e0 la client\u00e8le :<\/strong> Fournir une r\u00e9ponse rapide et un service \u00e0 la client\u00e8le attentionn\u00e9 24 heures par jour.<\/li>\n<\/ul>\n<p>Huiyang Packaging s'engage \u00e0 fournir \u00e0 ses clients des sachets de caf\u00e9 personnalis\u00e9s de qualit\u00e9 sup\u00e9rieure, \u00e0 les aider \u00e0 am\u00e9liorer l'image de leurs produits et \u00e0 renforcer leur comp\u00e9titivit\u00e9 sur le march\u00e9. L'un de nos engagements est de fournir des solutions d'emballage compl\u00e8tes, respectueuses de l'environnement et de haute qualit\u00e9.<\/p>","protected":false},"featured_media":8041,"comment_status":"open","ping_status":"closed","template":"","meta":[],"product_brand":[],"product_cat":[55],"product_tag":[120],"class_list":{"0":"post-7821","1":"product","2":"type-product","3":"status-publish","4":"has-post-thumbnail","6":"product_cat-custom-coffee-packaging","7":"product_tag-kraft-paper-pouch-manufacturer","9":"first","10":"instock","11":"shipping-taxable","12":"product-type-simple"},"_links":{"self":[{"href":"https:\/\/www.hyflexpack.com\/fr\/wp-json\/wp\/v2\/product\/7821","targetHints":{"allow":["GET"]}}],"collection":[{"href":"https:\/\/www.hyflexpack.com\/fr\/wp-json\/wp\/v2\/product"}],"about":[{"href":"https:\/\/www.hyflexpack.com\/fr\/wp-json\/wp\/v2\/types\/product"}],"replies":[{"embeddable":true,"href":"https:\/\/www.hyflexpack.com\/fr\/wp-json\/wp\/v2\/comments?post=7821"}],"wp:featuredmedia":[{"embeddable":true,"href":"https:\/\/www.hyflexpack.com\/fr\/wp-json\/wp\/v2\/media\/8041"}],"wp:attachment":[{"href":"https:\/\/www.hyflexpack.com\/fr\/wp-json\/wp\/v2\/media?parent=7821"}],"wp:term":[{"taxonomy":"product_brand","embeddable":true,"href":"https:\/\/www.hyflexpack.com\/fr\/wp-json\/wp\/v2\/product_brand?post=7821"},{"taxonomy":"product_cat","embeddable":true,"href":"https:\/\/www.hyflexpack.com\/fr\/wp-json\/wp\/v2\/product_cat?post=7821"},{"taxonomy":"product_tag","embeddable":true,"href":"https:\/\/www.hyflexpack.com\/fr\/wp-json\/wp\/v2\/product_tag?post=7821"}],"curies":[{"name":"wp","href":"https:\/\/api.w.org\/{rel}","templated":true}]}}