{"id":7582,"date":"2025-11-04T08:52:57","date_gmt":"2025-11-04T08:52:57","guid":{"rendered":"https:\/\/www.hyflexpack.com\/?post_type=product&#038;p=7582"},"modified":"2025-11-04T08:53:10","modified_gmt":"2025-11-04T08:53:10","slug":"custom-vacuum-packaging-bags-for-fish","status":"publish","type":"product","link":"https:\/\/www.hyflexpack.com\/fr\/product\/custom-vacuum-packaging-bags-for-fish\/","title":{"rendered":"Sacs d'emballage sous vide pour poissons en gros et sur mesure - transparents et imprim\u00e9s"},"content":{"rendered":"<div class=\"wp-block-columns is-layout-flex wp-container-core-columns-is-layout-9d6595d7 wp-block-columns-is-layout-flex\">\n<div class=\"wp-block-column is-layout-flow wp-block-column-is-layout-flow\">\n<h2 class=\"wp-block-heading\">Caract\u00e9ristiques des sacs d'emballage sous vide personnalis\u00e9s en gros<\/h2>\n\n\n\n<ul class=\"wp-block-list\">\n<li>Nos sacs d'emballage sous vide personnalis\u00e9s en gros offrent une visibilit\u00e9 optimale des produits pour les poissons.<\/li>\n\n\n\n<li>Sacs sous vide pour poissons, imprim\u00e9s sur mesure, id\u00e9aux pour la promotion de la marque et la mise en valeur des d\u00e9tails du produit.<\/li>\n\n\n\n<li>Excellentes propri\u00e9t\u00e9s de barri\u00e8re \u00e0 l'humidit\u00e9 et \u00e0 l'oxyg\u00e8ne pour pr\u00e9server la fra\u00eecheur.<\/li>\n\n\n\n<li>Le joint sous vide durable prot\u00e8ge le poisson des br\u00fblures de cong\u00e9lation et prolonge la dur\u00e9e de conservation.<\/li>\n\n\n\n<li>Convient pour le poisson frais, le poisson congel\u00e9 et le poisson fum\u00e9.<\/li>\n<\/ul>\n<\/div>\n\n\n\n<div class=\"wp-block-column is-layout-flow wp-block-column-is-layout-flow\">\n<figure class=\"wp-block-image size-full\"><img fetchpriority=\"high\" decoding=\"async\" width=\"750\" height=\"750\" src=\"https:\/\/www.hyflexpack.com\/wp-content\/uploads\/2025\/08\/591.jpg\" alt=\"Sacs d&#039;emballage sous vide OEM en gros\" class=\"wp-image-7557\" srcset=\"https:\/\/www.hyflexpack.com\/wp-content\/uploads\/2025\/08\/591.jpg 750w, https:\/\/www.hyflexpack.com\/wp-content\/uploads\/2025\/08\/591-300x300.jpg 300w, https:\/\/www.hyflexpack.com\/wp-content\/uploads\/2025\/08\/591-150x150.jpg 150w, https:\/\/www.hyflexpack.com\/wp-content\/uploads\/2025\/08\/591-12x12.jpg 12w, https:\/\/www.hyflexpack.com\/wp-content\/uploads\/2025\/08\/591-285x285.jpg 285w, https:\/\/www.hyflexpack.com\/wp-content\/uploads\/2025\/08\/591-270x270.jpg 270w, https:\/\/www.hyflexpack.com\/wp-content\/uploads\/2025\/08\/591-540x540.jpg 540w, https:\/\/www.hyflexpack.com\/wp-content\/uploads\/2025\/08\/591-660x660.jpg 660w\" sizes=\"(max-width: 750px) 100vw, 750px\" \/><\/figure>\n<\/div>\n<\/div>","protected":false},"excerpt":{"rendered":"<p>Sacs d'emballage sous vide de premi\u00e8re qualit\u00e9 con\u00e7us pour l'emballage du poisson, disponibles en version transparente ou avec impression personnalis\u00e9e. Ces sacs sont parfaits pour conserver la fra\u00eecheur du poisson, \u00e9viter les br\u00fblures de cong\u00e9lation et maintenir la qualit\u00e9 pendant le stockage. Contactez-nous d\u00e8s aujourd'hui pour un devis, nous nous engageons \u00e0 fournir des solutions d'emballage de haute qualit\u00e9 et respectueuses de l'environnement. Avantages des sacs d'emballage sous vide personnalis\u00e9s de haute qualit\u00e9 Conception personnalis\u00e9e : Nous fournissons des services de sacs d'emballage personnalis\u00e9s, y compris la personnalisation du mat\u00e9riau, de la taille et du motif d'impression pour r\u00e9pondre aux besoins des clients, et soutenir OEM et ODM. \u25cfFabrication : Avec un \u00e9quipement et une technologie avanc\u00e9s, nous pouvons compl\u00e9ter la production de la commande efficacement et avec une qualit\u00e9 \u00e9lev\u00e9e, et livrer \u00e0 temps. \u25cf Inspection de la qualit\u00e9 : La production est effectu\u00e9e en stricte conformit\u00e9 avec les normes de qualit\u00e9 et les exigences en mati\u00e8re de s\u00e9curit\u00e9 alimentaire afin de garantir que les produits r\u00e9pondent aux normes. \u25cfService \u00e0 la client\u00e8le : Fournir une r\u00e9ponse rapide et un soutien attentionn\u00e9 au service \u00e0 la client\u00e8le 24 heures sur 24. \u25cf\u00c9chantillon gratuit : Fournir un service d'\u00e9chantillon gratuit pour que vous puissiez \u00e9valuer le produit. Huiyang Packaging s'engage \u00e0 fournir aux clients des sacs d'emballage sous vide personnalis\u00e9s en gros de haute qualit\u00e9 pour aider les clients \u00e0 am\u00e9liorer leur image de produit et \u00e0 am\u00e9liorer leur comp\u00e9titivit\u00e9 sur le march\u00e9<\/p>","protected":false},"featured_media":7557,"comment_status":"open","ping_status":"closed","template":"","meta":[],"product_brand":[],"product_cat":[51,108],"product_tag":[],"class_list":{"0":"post-7582","1":"product","2":"type-product","3":"status-publish","4":"has-post-thumbnail","6":"product_cat-custom-food-packaging-bags","7":"product_cat-vacuum-pouches-wholesale","9":"first","10":"instock","11":"shipping-taxable","12":"product-type-simple"},"_links":{"self":[{"href":"https:\/\/www.hyflexpack.com\/fr\/wp-json\/wp\/v2\/product\/7582","targetHints":{"allow":["GET"]}}],"collection":[{"href":"https:\/\/www.hyflexpack.com\/fr\/wp-json\/wp\/v2\/product"}],"about":[{"href":"https:\/\/www.hyflexpack.com\/fr\/wp-json\/wp\/v2\/types\/product"}],"replies":[{"embeddable":true,"href":"https:\/\/www.hyflexpack.com\/fr\/wp-json\/wp\/v2\/comments?post=7582"}],"wp:featuredmedia":[{"embeddable":true,"href":"https:\/\/www.hyflexpack.com\/fr\/wp-json\/wp\/v2\/media\/7557"}],"wp:attachment":[{"href":"https:\/\/www.hyflexpack.com\/fr\/wp-json\/wp\/v2\/media?parent=7582"}],"wp:term":[{"taxonomy":"product_brand","embeddable":true,"href":"https:\/\/www.hyflexpack.com\/fr\/wp-json\/wp\/v2\/product_brand?post=7582"},{"taxonomy":"product_cat","embeddable":true,"href":"https:\/\/www.hyflexpack.com\/fr\/wp-json\/wp\/v2\/product_cat?post=7582"},{"taxonomy":"product_tag","embeddable":true,"href":"https:\/\/www.hyflexpack.com\/fr\/wp-json\/wp\/v2\/product_tag?post=7582"}],"curies":[{"name":"wp","href":"https:\/\/api.w.org\/{rel}","templated":true}]}}