{"id":7549,"date":"2025-08-30T08:19:18","date_gmt":"2025-08-30T08:19:18","guid":{"rendered":"https:\/\/www.hyflexpack.com\/?post_type=product&#038;p=7549"},"modified":"2025-10-23T08:22:49","modified_gmt":"2025-10-23T08:22:49","slug":"custom-laundry-powder-packaging-bag","status":"publish","type":"product","link":"https:\/\/www.hyflexpack.com\/fr\/product\/custom-laundry-powder-packaging-bag\/","title":{"rendered":"Sac d'emballage pour poudre \u00e0 lessive imprim\u00e9 sur mesure Wholesale - Pochette lamin\u00e9e \u00e0 sceller au dos"},"content":{"rendered":"<div class=\"wp-block-columns is-layout-flex wp-container-core-columns-is-layout-9d6595d7 wp-block-columns-is-layout-flex\">\n<div class=\"wp-block-column is-layout-flow wp-block-column-is-layout-flow\">\n<h2 class=\"wp-block-heading\">Custom Printed Laundry Powder Packaging Bag Features:<\/h2>\n\n\n\n<ul class=\"wp-block-list\">\n<li>Notre <strong>Custom Printed Laundry Powder Packaging Bags<\/strong>: High-quality printing enhances shelf appeal and promotes your detergent brand in bulk wholesale markets.<\/li>\n\n\n\n<li><strong>Moisture-Proof &amp; Odor Barrier Laminated Film<\/strong>: Multi-layer heat seal laminated back-seal pouch structure keeps laundry powder fresh during transport and storage.<\/li>\n\n\n\n<li><strong>Durable Back-Seal Pouch Design<\/strong>: Strong sealing ensures bulk detergent packaging bags remain intact in high-volume distribution.<\/li>\n\n\n\n<li><strong>Cost-Effective Wholesale Solution<\/strong>\uff1a Ideal custom printed laundry powder packaging bags supplier choice for large-scale production with competitive pricing.<\/li>\n\n\n\n<li><strong>Eco-Friendly Material Options<\/strong>: Offer recyclable or biodegradable custom detergent packaging pouches to meet environmental regulations and customer demand.<\/li>\n\n\n\n<li>En tant que <strong>Daily Chemical Packaging Bags Manufacturer<\/strong>, we provide tailored solutions for your detergent packaging needs.<\/li>\n<\/ul>\n<\/div>\n\n\n\n<div class=\"wp-block-column is-layout-flow wp-block-column-is-layout-flow\">\n<figure class=\"wp-block-image size-full\"><img fetchpriority=\"high\" decoding=\"async\" width=\"750\" height=\"750\" src=\"https:\/\/www.hyflexpack.com\/wp-content\/uploads\/2025\/08\/Custom-printed-laundry-powder-pouch.webp\" alt=\"Sac d&#039;emballage personnalis\u00e9 pour lessive en poudre\" class=\"wp-image-7534\" srcset=\"https:\/\/www.hyflexpack.com\/wp-content\/uploads\/2025\/08\/Custom-printed-laundry-powder-pouch.webp 750w, https:\/\/www.hyflexpack.com\/wp-content\/uploads\/2025\/08\/Custom-printed-laundry-powder-pouch-300x300.webp 300w, https:\/\/www.hyflexpack.com\/wp-content\/uploads\/2025\/08\/Custom-printed-laundry-powder-pouch-150x150.webp 150w, https:\/\/www.hyflexpack.com\/wp-content\/uploads\/2025\/08\/Custom-printed-laundry-powder-pouch-12x12.webp 12w, https:\/\/www.hyflexpack.com\/wp-content\/uploads\/2025\/08\/Custom-printed-laundry-powder-pouch-285x285.webp 285w, https:\/\/www.hyflexpack.com\/wp-content\/uploads\/2025\/08\/Custom-printed-laundry-powder-pouch-270x270.webp 270w, https:\/\/www.hyflexpack.com\/wp-content\/uploads\/2025\/08\/Custom-printed-laundry-powder-pouch-540x540.webp 540w, https:\/\/www.hyflexpack.com\/wp-content\/uploads\/2025\/08\/Custom-printed-laundry-powder-pouch-660x660.webp 660w\" sizes=\"(max-width: 750px) 100vw, 750px\" \/><\/figure>\n<\/div>\n<\/div>\n\n\n\n<div class=\"wp-block-columns is-layout-flex wp-container-core-columns-is-layout-9d6595d7 wp-block-columns-is-layout-flex\">\n<div class=\"wp-block-column is-layout-flow wp-block-column-is-layout-flow\">\n<figure class=\"wp-block-image size-full\"><img decoding=\"async\" width=\"750\" height=\"750\" src=\"https:\/\/www.hyflexpack.com\/wp-content\/uploads\/2025\/08\/Back-seal-laminated-detergent-bag.webp\" alt=\"Back seal laminated detergent bag\" class=\"wp-image-7529\" srcset=\"https:\/\/www.hyflexpack.com\/wp-content\/uploads\/2025\/08\/Back-seal-laminated-detergent-bag.webp 750w, https:\/\/www.hyflexpack.com\/wp-content\/uploads\/2025\/08\/Back-seal-laminated-detergent-bag-300x300.webp 300w, https:\/\/www.hyflexpack.com\/wp-content\/uploads\/2025\/08\/Back-seal-laminated-detergent-bag-150x150.webp 150w, https:\/\/www.hyflexpack.com\/wp-content\/uploads\/2025\/08\/Back-seal-laminated-detergent-bag-12x12.webp 12w, https:\/\/www.hyflexpack.com\/wp-content\/uploads\/2025\/08\/Back-seal-laminated-detergent-bag-285x285.webp 285w, https:\/\/www.hyflexpack.com\/wp-content\/uploads\/2025\/08\/Back-seal-laminated-detergent-bag-270x270.webp 270w, https:\/\/www.hyflexpack.com\/wp-content\/uploads\/2025\/08\/Back-seal-laminated-detergent-bag-540x540.webp 540w, https:\/\/www.hyflexpack.com\/wp-content\/uploads\/2025\/08\/Back-seal-laminated-detergent-bag-660x660.webp 660w\" sizes=\"(max-width: 750px) 100vw, 750px\" \/><\/figure>\n<\/div>\n\n\n\n<div class=\"wp-block-column is-layout-flow wp-block-column-is-layout-flow\">\n<figure class=\"wp-block-image size-full\"><img decoding=\"async\" width=\"750\" height=\"750\" src=\"https:\/\/www.hyflexpack.com\/wp-content\/uploads\/2025\/08\/Detergent-packaging-pouch-supplier.webp\" alt=\"Detergent packaging pouch supplier\" class=\"wp-image-7537\" srcset=\"https:\/\/www.hyflexpack.com\/wp-content\/uploads\/2025\/08\/Detergent-packaging-pouch-supplier.webp 750w, https:\/\/www.hyflexpack.com\/wp-content\/uploads\/2025\/08\/Detergent-packaging-pouch-supplier-300x300.webp 300w, https:\/\/www.hyflexpack.com\/wp-content\/uploads\/2025\/08\/Detergent-packaging-pouch-supplier-150x150.webp 150w, https:\/\/www.hyflexpack.com\/wp-content\/uploads\/2025\/08\/Detergent-packaging-pouch-supplier-12x12.webp 12w, https:\/\/www.hyflexpack.com\/wp-content\/uploads\/2025\/08\/Detergent-packaging-pouch-supplier-285x285.webp 285w, https:\/\/www.hyflexpack.com\/wp-content\/uploads\/2025\/08\/Detergent-packaging-pouch-supplier-270x270.webp 270w, https:\/\/www.hyflexpack.com\/wp-content\/uploads\/2025\/08\/Detergent-packaging-pouch-supplier-540x540.webp 540w, https:\/\/www.hyflexpack.com\/wp-content\/uploads\/2025\/08\/Detergent-packaging-pouch-supplier-660x660.webp 660w\" sizes=\"(max-width: 750px) 100vw, 750px\" \/><\/figure>\n<\/div>\n<\/div>","protected":false},"excerpt":{"rendered":"<p>Our wholesale custom printed laundry powder packaging bags are designed for bulk detergent packaging needs. Made from high-quality laminated materials, these back-seal pouches offer excellent moisture and odor protection, ensuring your product stays fresh during storage and transport. The heat-seal construction provides a secure closure, and the customizable printing options help enhance your brand visibility. We are committed to providing one-stop ECO-friendly and high-quality packaging solutions.<\/p>\n<h3>Advantages of Laundry Powder Packaging Bag Manufacturer<\/h3>\n<ul>\n<li><strong>OEM\/ODM Services:<\/strong> Nous proposons des services de sacs d'emballage personnalis\u00e9s, y compris la personnalisation du mat\u00e9riau, de la taille et du motif d'impression pour r\u00e9pondre aux besoins des clients, et nous prenons en charge les OEM et ODM.<\/li>\n<li><strong> Efficace<\/strong>\u00a0<strong>Fabrication :<\/strong> Gr\u00e2ce \u00e0 un \u00e9quipement et \u00e0 une technologie de pointe, nous pouvons r\u00e9aliser la production des commandes de mani\u00e8re efficace et avec une qualit\u00e9 \u00e9lev\u00e9e, et livrer dans les d\u00e9lais impartis.<\/li>\n<li><strong>Inspection de la qualit\u00e9 :<\/strong> La production est r\u00e9alis\u00e9e dans le strict respect des normes de qualit\u00e9 et des exigences en mati\u00e8re de s\u00e9curit\u00e9 alimentaire afin de garantir que les produits r\u00e9pondent aux normes.<\/li>\n<li><strong>Assistance \u00e0 la client\u00e8le 24 heures sur 24, 7 jours sur 7 :<\/strong> Fournir une r\u00e9ponse rapide et un service \u00e0 la client\u00e8le attentionn\u00e9 24 heures par jour.<\/li>\n<li><strong>Conception libre :<\/strong> Profitez de nos services gratuits de conception de logos, d'\u00e9tiquettes et de maquettes pour vous aider \u00e0 am\u00e9liorer votre emballage et l'identit\u00e9 de votre marque.<\/li>\n<li><strong>Prix d'usine<\/strong>: Nous proposons des prix d'usine comp\u00e9titifs afin que vous puissiez tirer le meilleur parti de vos commandes en gros.<\/li>\n<li><strong>Quantit\u00e9 minimale de commande (MOQ) :<\/strong> Disponibilit\u00e9 d'une MOQ flexible, vous permettant de commencer avec des niveaux de commande peu \u00e9lev\u00e9s et d'augmenter en fonction des besoins.<\/li>\n<li><strong>\u00c9chantillon gratuit<\/strong>: Fournir un service d'\u00e9chantillonnage gratuit pour vous permettre d'\u00e9valuer le produit.<\/li>\n<\/ul>\n<p><a href=\"https:\/\/www.hyflexpack.com\/fr\/\"><strong>Huiyang Packaging<\/strong><\/a> is committed to providing customers with high-quality, wholesale custom-printed laundry powder packaging bags to help them improve their product image and enhance market competitiveness.<\/p>","protected":false},"featured_media":7532,"comment_status":"open","ping_status":"closed","template":"","meta":[],"product_brand":[],"product_cat":[52],"product_tag":[],"class_list":{"0":"post-7549","1":"product","2":"type-product","3":"status-publish","4":"has-post-thumbnail","6":"product_cat-custom-daily-chemical-packaging","8":"first","9":"instock","10":"shipping-taxable","11":"product-type-simple"},"_links":{"self":[{"href":"https:\/\/www.hyflexpack.com\/fr\/wp-json\/wp\/v2\/product\/7549","targetHints":{"allow":["GET"]}}],"collection":[{"href":"https:\/\/www.hyflexpack.com\/fr\/wp-json\/wp\/v2\/product"}],"about":[{"href":"https:\/\/www.hyflexpack.com\/fr\/wp-json\/wp\/v2\/types\/product"}],"replies":[{"embeddable":true,"href":"https:\/\/www.hyflexpack.com\/fr\/wp-json\/wp\/v2\/comments?post=7549"}],"wp:featuredmedia":[{"embeddable":true,"href":"https:\/\/www.hyflexpack.com\/fr\/wp-json\/wp\/v2\/media\/7532"}],"wp:attachment":[{"href":"https:\/\/www.hyflexpack.com\/fr\/wp-json\/wp\/v2\/media?parent=7549"}],"wp:term":[{"taxonomy":"product_brand","embeddable":true,"href":"https:\/\/www.hyflexpack.com\/fr\/wp-json\/wp\/v2\/product_brand?post=7549"},{"taxonomy":"product_cat","embeddable":true,"href":"https:\/\/www.hyflexpack.com\/fr\/wp-json\/wp\/v2\/product_cat?post=7549"},{"taxonomy":"product_tag","embeddable":true,"href":"https:\/\/www.hyflexpack.com\/fr\/wp-json\/wp\/v2\/product_tag?post=7549"}],"curies":[{"name":"wp","href":"https:\/\/api.w.org\/{rel}","templated":true}]}}