{"id":7366,"date":"2025-11-03T17:30:15","date_gmt":"2025-11-03T17:30:15","guid":{"rendered":"https:\/\/www.hyflexpack.com\/?post_type=product&#038;p=7366"},"modified":"2025-11-03T17:30:26","modified_gmt":"2025-11-03T17:30:26","slug":"custom-printed-shrink-sleeves","status":"publish","type":"product","link":"https:\/\/www.hyflexpack.com\/fr\/product\/custom-printed-shrink-sleeves\/","title":{"rendered":"Manchons r\u00e9tractables imprim\u00e9s pour bouteilles, canettes et conteneurs"},"content":{"rendered":"<div class=\"wp-block-columns is-layout-flex wp-container-core-columns-is-layout-9d6595d7 wp-block-columns-is-layout-flex\">\n<div class=\"wp-block-column is-layout-flow wp-block-column-is-layout-flow\">\n<h2 class=\"wp-block-heading\">Manchons r\u00e9tractables personnalis\u00e9s Caract\u00e9ristiques :<\/h2>\n\n\n\n<ul class=\"wp-block-list\">\n<li>Impression \u00e0 360\u00b0 sur tout le corps pour une exposition maximale de la marque\u3002<\/li>\n\n\n\n<li>Parfaite adaptation aux formes irr\u00e9guli\u00e8res et aux surfaces incurv\u00e9es.<\/li>\n\n\n\n<li>Mat\u00e9riaux \u00e9cologiques et options d'impression durables.<\/li>\n\n\n\n<li>Protection anti-contrefa\u00e7on et stabilit\u00e9 de l'\u00e9tiquette am\u00e9lior\u00e9es.<\/li>\n<\/ul>\n<\/div>\n\n\n\n<div class=\"wp-block-column is-layout-flow wp-block-column-is-layout-flow\">\n<figure class=\"wp-block-image size-full\"><img fetchpriority=\"high\" decoding=\"async\" width=\"750\" height=\"750\" src=\"https:\/\/www.hyflexpack.com\/wp-content\/uploads\/2025\/07\/OEM-PVC-PET-Shrink-Film-Roll-1.webp\" alt=\"OEM PVC PET Film r\u00e9tractable en rouleau\" class=\"wp-image-7374\" srcset=\"https:\/\/www.hyflexpack.com\/wp-content\/uploads\/2025\/07\/OEM-PVC-PET-Shrink-Film-Roll-1.webp 750w, https:\/\/www.hyflexpack.com\/wp-content\/uploads\/2025\/07\/OEM-PVC-PET-Shrink-Film-Roll-1-300x300.webp 300w, https:\/\/www.hyflexpack.com\/wp-content\/uploads\/2025\/07\/OEM-PVC-PET-Shrink-Film-Roll-1-150x150.webp 150w, https:\/\/www.hyflexpack.com\/wp-content\/uploads\/2025\/07\/OEM-PVC-PET-Shrink-Film-Roll-1-12x12.webp 12w, https:\/\/www.hyflexpack.com\/wp-content\/uploads\/2025\/07\/OEM-PVC-PET-Shrink-Film-Roll-1-285x285.webp 285w, https:\/\/www.hyflexpack.com\/wp-content\/uploads\/2025\/07\/OEM-PVC-PET-Shrink-Film-Roll-1-270x270.webp 270w, https:\/\/www.hyflexpack.com\/wp-content\/uploads\/2025\/07\/OEM-PVC-PET-Shrink-Film-Roll-1-540x540.webp 540w, https:\/\/www.hyflexpack.com\/wp-content\/uploads\/2025\/07\/OEM-PVC-PET-Shrink-Film-Roll-1-660x660.webp 660w\" sizes=\"(max-width: 750px) 100vw, 750px\" \/><\/figure>\n<\/div>\n<\/div>","protected":false},"excerpt":{"rendered":"<p>Am\u00e9liorez l'emballage de vos produits avec des manchons thermor\u00e9tractables imprim\u00e9s sur mesure, con\u00e7us pour s'adapter aux bouteilles, aux bo\u00eetes de conserve et aux contenants de forme unique. Id\u00e9ales pour les aliments, les boissons, les cosm\u00e9tiques, les compl\u00e9ments alimentaires et les applications industrielles, ces pochettes permettent une impression \u00e0 360\u00b0 sur l'ensemble du corps avec des graphiques haute r\u00e9solution pour maximiser la visibilit\u00e9 de la marque. Disponibles dans des mat\u00e9riaux respectueux de l'environnement tels que le PETG, l'OPS ou le PVC, ils soutiennent les objectifs de d\u00e9veloppement durable. Faible MOQ disponible pour r\u00e9pondre aux divers besoins de personnalisation des marques de toutes tailles. Contactez-nous d\u00e8s aujourd'hui pour obtenir un film thermor\u00e9tractable sur mesure !\u00a0<\/p>\n<h3>Avantages du fournisseur de gaines thermor\u00e9tractables<\/h3>\n<ul>\n<li><strong>Conception personnalis\u00e9e :<\/strong>\u00a0Nous proposons des services personnalis\u00e9s, y compris la personnalisation des mat\u00e9riaux, des dimensions et des motifs d'impression pour r\u00e9pondre aux besoins des clients, et nous prenons en charge les OEM et ODM.<\/li>\n<li><strong>Fabrication :<\/strong>\u00a0Gr\u00e2ce \u00e0 un \u00e9quipement et \u00e0 une technologie de pointe, nous pouvons r\u00e9aliser la production des commandes de mani\u00e8re efficace et avec une qualit\u00e9 \u00e9lev\u00e9e, et nous pouvons livrer dans les d\u00e9lais impartis.<\/li>\n<li><strong>Inspection de la qualit\u00e9 :<\/strong>\u00a0La production est r\u00e9alis\u00e9e dans le strict respect des normes de qualit\u00e9 et des exigences en mati\u00e8re de s\u00e9curit\u00e9 alimentaire afin de garantir que les produits r\u00e9pondent aux normes.<\/li>\n<li><strong>Certification\uff1a<\/strong>\u00a0FDA\/BRC\/ISO 9001\/RoHS<\/li>\n<li><strong>Service \u00e0 la client\u00e8le :<\/strong>\u00a024 heures pour fournir une r\u00e9ponse rapide et un service client\u00e8le attentionn\u00e9.<\/li>\n<li><strong>\u00c9chantillon gratuit :<\/strong>\u00a0Nous proposons un service d'\u00e9chantillonnage gratuit pour vous aider \u00e0 \u00e9valuer le produit.<\/li>\n<li><strong class=\"skrollable skrollable-between\" data-start=\"895\" data-end=\"917\">Prix comp\u00e9titif :<\/strong>\u00a0Gr\u00e2ce \u00e0 une capacit\u00e9 de production \u00e0 grande \u00e9chelle et \u00e0 une gestion rentable, nous proposons des prix comp\u00e9titifs sans compromettre la qualit\u00e9 des produits.<\/li>\n<\/ul>\n<p><a href=\"https:\/\/www.hyflexpack.com\/fr\/\"><strong>Huiyang Packaging<\/strong><\/a> s'engage \u00e0 fournir \u00e0 ses clients des manchons r\u00e9tractables pour les aider \u00e0 am\u00e9liorer l'image de leurs produits et \u00e0 renforcer leur comp\u00e9titivit\u00e9 sur le march\u00e9.<\/p>","protected":false},"featured_media":7374,"comment_status":"open","ping_status":"closed","template":"","meta":[],"product_brand":[],"product_cat":[84,53],"product_tag":[],"class_list":{"0":"post-7366","1":"product","2":"type-product","3":"status-publish","4":"has-post-thumbnail","6":"product_cat-shrink-sleeve-film","7":"product_cat-packaging-film-supplier","9":"first","10":"instock","11":"shipping-taxable","12":"product-type-simple"},"_links":{"self":[{"href":"https:\/\/www.hyflexpack.com\/fr\/wp-json\/wp\/v2\/product\/7366","targetHints":{"allow":["GET"]}}],"collection":[{"href":"https:\/\/www.hyflexpack.com\/fr\/wp-json\/wp\/v2\/product"}],"about":[{"href":"https:\/\/www.hyflexpack.com\/fr\/wp-json\/wp\/v2\/types\/product"}],"replies":[{"embeddable":true,"href":"https:\/\/www.hyflexpack.com\/fr\/wp-json\/wp\/v2\/comments?post=7366"}],"wp:featuredmedia":[{"embeddable":true,"href":"https:\/\/www.hyflexpack.com\/fr\/wp-json\/wp\/v2\/media\/7374"}],"wp:attachment":[{"href":"https:\/\/www.hyflexpack.com\/fr\/wp-json\/wp\/v2\/media?parent=7366"}],"wp:term":[{"taxonomy":"product_brand","embeddable":true,"href":"https:\/\/www.hyflexpack.com\/fr\/wp-json\/wp\/v2\/product_brand?post=7366"},{"taxonomy":"product_cat","embeddable":true,"href":"https:\/\/www.hyflexpack.com\/fr\/wp-json\/wp\/v2\/product_cat?post=7366"},{"taxonomy":"product_tag","embeddable":true,"href":"https:\/\/www.hyflexpack.com\/fr\/wp-json\/wp\/v2\/product_tag?post=7366"}],"curies":[{"name":"wp","href":"https:\/\/api.w.org\/{rel}","templated":true}]}}