{"id":7118,"date":"2025-06-21T03:01:36","date_gmt":"2025-06-21T03:01:36","guid":{"rendered":"https:\/\/www.hyflexpack.com\/?post_type=product&#038;p=7118"},"modified":"2026-01-07T08:17:43","modified_gmt":"2026-01-07T08:17:43","slug":"private-label-coffee-bags-wholesale","status":"publish","type":"product","link":"https:\/\/www.hyflexpack.com\/fr\/product\/private-label-coffee-bags-wholesale\/","title":{"rendered":"Sacs \u00e0 caf\u00e9 personnalis\u00e9s avec \u00e9tiquette priv\u00e9e Sacs \u00e0 caf\u00e9 en gros en papier aluminium avec valve"},"content":{"rendered":"<div class=\"wp-block-columns is-layout-flex wp-container-core-columns-is-layout-9d6595d7 wp-block-columns-is-layout-flex\">\n<div class=\"wp-block-column is-layout-flow wp-block-column-is-layout-flow\">\n<h2 class=\"wp-block-heading\">Caract\u00e9ristiques des sacs de caf\u00e9 personnalis\u00e9s<\/h2>\n\n\n\n<ul class=\"wp-block-list\">\n<li><strong>Une marque audacieuse pour les sacs de caf\u00e9 de marque priv\u00e9e en gros<\/strong>: L'impression de logos personnalis\u00e9s de qualit\u00e9 sup\u00e9rieure avec une finition mate anti-rayures - vos sacs \u00e0 caf\u00e9 de marque priv\u00e9e en gros se distinguent dans les entrep\u00f4ts, les rayons des d\u00e9taillants et les centres logistiques.<\/li>\n\n\n\n<li><strong>Sceau de fra\u00eecheur s\u00e9curis\u00e9 qui rivalise avec un coffre-fort<\/strong>: Le ziplock refermable permet de sceller d'une seule main tout en maintenant une barri\u00e8re d'oxyg\u00e8ne de 99,7% apr\u00e8s plusieurs ouvertures, ce qui est parfait pour pr\u00e9server l'ar\u00f4me et le go\u00fbt.<\/li>\n\n\n\n<li><strong>Barri\u00e8re d'armure en feuille d'aluminium<\/strong>: Con\u00e7ue avec une couche de film de 0,1 mm, cette pochette forme une d\u00e9fense solide contre l'oxyg\u00e8ne (\u22640,3cc\/\u33a1\/jour), l'humidit\u00e9 et la lumi\u00e8re UV - id\u00e9ale pour les grains de caf\u00e9 torr\u00e9fi\u00e9s.<\/li>\n\n\n\n<li><strong>Vanne de d\u00e9gazage de pr\u00e9cision, fabriqu\u00e9e au Japon<\/strong>: Permet au CO\u2082 de s'\u00e9chapper silencieusement tout en bloquant l'oxyg\u00e8ne, ce qui permet de conserver la fra\u00eecheur du caf\u00e9 plus longtemps. Chaque valve est test\u00e9e pour garantir une performance de ventilation unidirectionnelle constante.<\/li>\n\n\n\n<li><strong>Con\u00e7u pour r\u00e9sister aux abus de la logistique<\/strong>: Fabriqu\u00e9s \u00e0 partir d'un film composite triple couche de 120 microns, ces sacs r\u00e9sistent \u00e0 l'\u00e9crasement, aux chocs et aux frottements. Leur durabilit\u00e9 a \u00e9t\u00e9 prouv\u00e9e lors de tests effectu\u00e9s dans des entrep\u00f4ts et lors d'exp\u00e9ditions.<\/li>\n<\/ul>\n<\/div>\n\n\n\n<div class=\"wp-block-column is-layout-flow wp-block-column-is-layout-flow\">\n<figure class=\"wp-block-image size-full\"><img fetchpriority=\"high\" decoding=\"async\" width=\"750\" height=\"750\" src=\"https:\/\/www.hyflexpack.com\/wp-content\/uploads\/2025\/06\/Private-Label-Coffee-Bags-Wholesaler-Huiyang-Packaging.webp\" alt=\"Grossiste en sacs de caf\u00e9 \u00e0 \u00e9tiquette priv\u00e9e - Huiyang Packaging\" class=\"wp-image-7149\" srcset=\"https:\/\/www.hyflexpack.com\/wp-content\/uploads\/2025\/06\/Private-Label-Coffee-Bags-Wholesaler-Huiyang-Packaging.webp 750w, https:\/\/www.hyflexpack.com\/wp-content\/uploads\/2025\/06\/Private-Label-Coffee-Bags-Wholesaler-Huiyang-Packaging-300x300.webp 300w, https:\/\/www.hyflexpack.com\/wp-content\/uploads\/2025\/06\/Private-Label-Coffee-Bags-Wholesaler-Huiyang-Packaging-150x150.webp 150w, https:\/\/www.hyflexpack.com\/wp-content\/uploads\/2025\/06\/Private-Label-Coffee-Bags-Wholesaler-Huiyang-Packaging-12x12.webp 12w, https:\/\/www.hyflexpack.com\/wp-content\/uploads\/2025\/06\/Private-Label-Coffee-Bags-Wholesaler-Huiyang-Packaging-285x285.webp 285w, https:\/\/www.hyflexpack.com\/wp-content\/uploads\/2025\/06\/Private-Label-Coffee-Bags-Wholesaler-Huiyang-Packaging-270x270.webp 270w, https:\/\/www.hyflexpack.com\/wp-content\/uploads\/2025\/06\/Private-Label-Coffee-Bags-Wholesaler-Huiyang-Packaging-540x540.webp 540w, https:\/\/www.hyflexpack.com\/wp-content\/uploads\/2025\/06\/Private-Label-Coffee-Bags-Wholesaler-Huiyang-Packaging-660x660.webp 660w\" sizes=\"(max-width: 750px) 100vw, 750px\" \/><\/figure>\n<\/div>\n<\/div>\n\n\n\n<div class=\"wp-block-columns is-layout-flex wp-container-core-columns-is-layout-9d6595d7 wp-block-columns-is-layout-flex\">\n<div class=\"wp-block-column is-layout-flow wp-block-column-is-layout-flow\">\n<figure class=\"wp-block-image size-full\"><img decoding=\"async\" width=\"750\" height=\"750\" src=\"https:\/\/www.hyflexpack.com\/wp-content\/uploads\/2025\/06\/Custom-Private-Label-Coffee-Bags-3.webp\" alt=\"Sacs \u00e0 caf\u00e9 personnalis\u00e9s (3)\" class=\"wp-image-7147\" srcset=\"https:\/\/www.hyflexpack.com\/wp-content\/uploads\/2025\/06\/Custom-Private-Label-Coffee-Bags-3.webp 750w, https:\/\/www.hyflexpack.com\/wp-content\/uploads\/2025\/06\/Custom-Private-Label-Coffee-Bags-3-300x300.webp 300w, https:\/\/www.hyflexpack.com\/wp-content\/uploads\/2025\/06\/Custom-Private-Label-Coffee-Bags-3-150x150.webp 150w, https:\/\/www.hyflexpack.com\/wp-content\/uploads\/2025\/06\/Custom-Private-Label-Coffee-Bags-3-12x12.webp 12w, https:\/\/www.hyflexpack.com\/wp-content\/uploads\/2025\/06\/Custom-Private-Label-Coffee-Bags-3-285x285.webp 285w, https:\/\/www.hyflexpack.com\/wp-content\/uploads\/2025\/06\/Custom-Private-Label-Coffee-Bags-3-270x270.webp 270w, https:\/\/www.hyflexpack.com\/wp-content\/uploads\/2025\/06\/Custom-Private-Label-Coffee-Bags-3-540x540.webp 540w, https:\/\/www.hyflexpack.com\/wp-content\/uploads\/2025\/06\/Custom-Private-Label-Coffee-Bags-3-660x660.webp 660w\" sizes=\"(max-width: 750px) 100vw, 750px\" \/><figcaption class=\"wp-element-caption\">pochette personnalis\u00e9e pour le caf\u00e9<\/figcaption><\/figure>\n<\/div>\n\n\n\n<div class=\"wp-block-column is-layout-flow wp-block-column-is-layout-flow\">\n<figure class=\"wp-block-image size-full\"><img decoding=\"async\" width=\"750\" height=\"750\" src=\"https:\/\/www.hyflexpack.com\/wp-content\/uploads\/2025\/06\/Custom-Private-Label-Coffee-Bags-2.webp\" alt=\"Sacs \u00e0 caf\u00e9 personnalis\u00e9s (2)\" class=\"wp-image-7146\" srcset=\"https:\/\/www.hyflexpack.com\/wp-content\/uploads\/2025\/06\/Custom-Private-Label-Coffee-Bags-2.webp 750w, https:\/\/www.hyflexpack.com\/wp-content\/uploads\/2025\/06\/Custom-Private-Label-Coffee-Bags-2-300x300.webp 300w, https:\/\/www.hyflexpack.com\/wp-content\/uploads\/2025\/06\/Custom-Private-Label-Coffee-Bags-2-150x150.webp 150w, https:\/\/www.hyflexpack.com\/wp-content\/uploads\/2025\/06\/Custom-Private-Label-Coffee-Bags-2-12x12.webp 12w, https:\/\/www.hyflexpack.com\/wp-content\/uploads\/2025\/06\/Custom-Private-Label-Coffee-Bags-2-285x285.webp 285w, https:\/\/www.hyflexpack.com\/wp-content\/uploads\/2025\/06\/Custom-Private-Label-Coffee-Bags-2-270x270.webp 270w, https:\/\/www.hyflexpack.com\/wp-content\/uploads\/2025\/06\/Custom-Private-Label-Coffee-Bags-2-540x540.webp 540w, https:\/\/www.hyflexpack.com\/wp-content\/uploads\/2025\/06\/Custom-Private-Label-Coffee-Bags-2-660x660.webp 660w\" sizes=\"(max-width: 750px) 100vw, 750px\" \/><figcaption class=\"wp-element-caption\">pochette \u00e0 \u00e9tiquette priv\u00e9e avec valve<\/figcaption><\/figure>\n<\/div>\n<\/div>","protected":false},"excerpt":{"rendered":"<p>Con\u00e7us pour ceux qui exigent une fra\u00eecheur optimale, nos sacs de caf\u00e9 \u00e0 marque priv\u00e9e sont dot\u00e9s d'une feuille d'aluminium de qualit\u00e9 alimentaire (perm\u00e9abilit\u00e9 \u00e0 l'oxyg\u00e8ne &lt;0,5) et d&#039;une bande auto-obturante qui pr\u00e9serve les ar\u00f4mes. Votre logo personnalis\u00e9 est imprim\u00e9 \u00e0 l&#039;aide d&#039;une encre de qualit\u00e9 alimentaire sur une finition noire mate, tandis qu&#039;une valve de d\u00e9gazage int\u00e9gr\u00e9e lib\u00e8re tranquillement du CO\u2082 pour pr\u00e9server l&#039;ar\u00f4me. Con\u00e7us pour r\u00e9sister aux manipulations brutales en entrep\u00f4t, ces sachets conservent la fra\u00eecheur optimale du caf\u00e9 jusqu&#039;\u00e0 18 mois - une solution de fra\u00eecheur sans compromis. Contactez-nous d\u00e8s aujourd&#039;hui pour un devis. Nous nous engageons \u00e0 fournir des solutions d&#039;emballage uniques, respectueuses de l&#039;environnement et de qualit\u00e9 sup\u00e9rieure.<\/p>\n<h3>Avantages des grossistes en sacs de caf\u00e9 \u00e0 marque priv\u00e9e<\/h3>\n<ul>\n<li><strong>Conception personnalis\u00e9e<\/strong>: Nous proposons des mat\u00e9riaux, des tailles et des motifs d'impression personnalis\u00e9s pour r\u00e9pondre aux besoins des clients, et nous prenons en charge les demandes OEM et ODM.<\/li>\n<li><strong>Fabrication<\/strong>: Gr\u00e2ce \u00e0 un \u00e9quipement et \u00e0 une technologie de pointe, nous pouvons r\u00e9aliser la production des commandes avec une grande efficacit\u00e9 et une grande qualit\u00e9, et les livrer dans les d\u00e9lais.<\/li>\n<li><strong>Inspection de la qualit\u00e9<\/strong>: Respecter strictement les normes de qualit\u00e9 et les exigences en mati\u00e8re de s\u00e9curit\u00e9 alimentaire afin de garantir la conformit\u00e9 des produits aux normes.<\/li>\n<li><strong>Support technique de l'\u00e9quipe<\/strong>: Notre \u00e9quipe poss\u00e8de une riche exp\u00e9rience de l'industrie et des connaissances professionnelles, et peut fournir une assistance technique et un service de conseil 24 heures sur 24 \u00e0 nos clients.<\/li>\n<li><strong>\u00c9chantillon gratuit<\/strong>: Fournir un service d'\u00e9chantillons gratuits pour vous permettre d'\u00e9valuer l'emballage souple.<\/li>\n<\/ul>\n<p><a href=\"https:\/\/www.hyflexpack.com\/fr\/\"><strong>Huiyang Packaging<\/strong><\/a> s'engage \u00e0 fournir \u00e0 ses clients des sacs \u00e0 caf\u00e9 de haute qualit\u00e9, personnalis\u00e9s et portant une marque priv\u00e9e, afin de les aider \u00e0 am\u00e9liorer l'image de leurs produits et \u00e0 renforcer leur comp\u00e9titivit\u00e9 sur le march\u00e9.<\/p>","protected":false},"featured_media":7148,"comment_status":"open","ping_status":"closed","template":"","meta":[],"product_brand":[],"product_cat":[55],"product_tag":[116,124],"class_list":{"0":"post-7118","1":"product","2":"type-product","3":"status-publish","4":"has-post-thumbnail","6":"product_cat-custom-coffee-packaging","7":"product_tag-stand-up-pouch-manufacturer","8":"product_tag-zipper-pouch-manufacturer","10":"first","11":"instock","12":"shipping-taxable","13":"product-type-simple"},"_links":{"self":[{"href":"https:\/\/www.hyflexpack.com\/fr\/wp-json\/wp\/v2\/product\/7118","targetHints":{"allow":["GET"]}}],"collection":[{"href":"https:\/\/www.hyflexpack.com\/fr\/wp-json\/wp\/v2\/product"}],"about":[{"href":"https:\/\/www.hyflexpack.com\/fr\/wp-json\/wp\/v2\/types\/product"}],"replies":[{"embeddable":true,"href":"https:\/\/www.hyflexpack.com\/fr\/wp-json\/wp\/v2\/comments?post=7118"}],"wp:featuredmedia":[{"embeddable":true,"href":"https:\/\/www.hyflexpack.com\/fr\/wp-json\/wp\/v2\/media\/7148"}],"wp:attachment":[{"href":"https:\/\/www.hyflexpack.com\/fr\/wp-json\/wp\/v2\/media?parent=7118"}],"wp:term":[{"taxonomy":"product_brand","embeddable":true,"href":"https:\/\/www.hyflexpack.com\/fr\/wp-json\/wp\/v2\/product_brand?post=7118"},{"taxonomy":"product_cat","embeddable":true,"href":"https:\/\/www.hyflexpack.com\/fr\/wp-json\/wp\/v2\/product_cat?post=7118"},{"taxonomy":"product_tag","embeddable":true,"href":"https:\/\/www.hyflexpack.com\/fr\/wp-json\/wp\/v2\/product_tag?post=7118"}],"curies":[{"name":"wp","href":"https:\/\/api.w.org\/{rel}","templated":true}]}}