{"id":6806,"date":"2025-05-13T06:57:45","date_gmt":"2025-05-13T06:57:45","guid":{"rendered":"https:\/\/www.hyflexpack.com\/?post_type=product&#038;p=6806"},"modified":"2026-01-07T08:56:41","modified_gmt":"2026-01-07T08:56:41","slug":"custom-rotisserie-chicken-bag","status":"publish","type":"product","link":"https:\/\/www.hyflexpack.com\/fr\/product\/custom-rotisserie-chicken-bag\/","title":{"rendered":"Sac de poulet r\u00f4ti personnalis\u00e9, emballage Doypack avec logo, fabricant de pochettes de poulet r\u00f4ti"},"content":{"rendered":"<div class=\"wp-block-columns is-layout-flex wp-container-core-columns-is-layout-9d6595d7 wp-block-columns-is-layout-flex\">\n<div class=\"wp-block-column is-layout-flow wp-block-column-is-layout-flow\">\n<h2 class=\"wp-block-heading\">Caract\u00e9ristiques du sac \u00e0 poulet r\u00f4ti sur mesure<\/h2>\n\n\n\n<ul class=\"wp-block-list\">\n<li><strong>Options de marquage personnalis\u00e9<\/strong>: En tant que fabricant exp\u00e9riment\u00e9 de doypack, nous offrons des options OEM compl\u00e8tes. Le nom et la marque de votre entreprise peuvent \u00eatre imprim\u00e9s sur n'importe quel emballage de poulet r\u00f4ti personnalis\u00e9 afin d'assurer la visibilit\u00e9 du produit et la reconnaissance de la marque dans les segments de la vente au d\u00e9tail et de la restauration.<\/li>\n\n\n\n<li><strong>Des mat\u00e9riaux solides et s\u00fbrs<\/strong>: Fabriqu\u00e9 \u00e0 partir de plastique de qualit\u00e9 alimentaire offrant une r\u00e9sistance et une durabilit\u00e9 excellentes, notre emballage lamin\u00e9 sans BPA pour poulet r\u00f4ti promet propret\u00e9, s\u00e9curit\u00e9 et long\u00e9vit\u00e9 pendant le stockage et l'exp\u00e9dition.<\/li>\n\n\n\n<li><strong>Fra\u00eecheur et protection<\/strong>: Notre sac pour poulet r\u00f4ti est sp\u00e9cialement con\u00e7u pour maintenir la temp\u00e9rature, l'humidit\u00e9 et la fra\u00eecheur du poulet r\u00f4ti et \u00e9viter les contaminations et les fuites.<\/li>\n\n\n\n<li><strong>Facile \u00e0 manipuler et pratique<\/strong>: Con\u00e7u pour faciliter la vie des clients, notre sac de type \"doypack\" est l\u00e9ger, r\u00e9sistant \u00e0 la chaleur et muni de poign\u00e9es ou d'une fermeture \u00e9clair (en option) pour faciliter le transport et le r\u00e9chauffage au fur et \u00e0 mesure des besoins.<\/li>\n\n\n\n<li><strong>Conception d'un stand-up stable<\/strong>: En tant que producteur fiable de doypack, nous proposons des formats de sachets stand-up tr\u00e8s visibles en rayon et stables, id\u00e9aux pour les supermarch\u00e9s ou les comptoirs de vente \u00e0 emporter.<\/li>\n<\/ul>\n<\/div>\n\n\n\n<div class=\"wp-block-column is-layout-flow wp-block-column-is-layout-flow\">\n<figure class=\"wp-block-image size-full\"><img fetchpriority=\"high\" decoding=\"async\" width=\"750\" height=\"750\" src=\"https:\/\/www.hyflexpack.com\/wp-content\/uploads\/2025\/04\/Custom-Plastic-Chicken-Packaging-Bags-5.webp\" alt=\"Fabricant de sacs pour poulet r\u00f4ti sur mesure\" class=\"wp-image-6785\" srcset=\"https:\/\/www.hyflexpack.com\/wp-content\/uploads\/2025\/04\/Custom-Plastic-Chicken-Packaging-Bags-5.webp 750w, https:\/\/www.hyflexpack.com\/wp-content\/uploads\/2025\/04\/Custom-Plastic-Chicken-Packaging-Bags-5-300x300.webp 300w, https:\/\/www.hyflexpack.com\/wp-content\/uploads\/2025\/04\/Custom-Plastic-Chicken-Packaging-Bags-5-150x150.webp 150w, https:\/\/www.hyflexpack.com\/wp-content\/uploads\/2025\/04\/Custom-Plastic-Chicken-Packaging-Bags-5-12x12.webp 12w, https:\/\/www.hyflexpack.com\/wp-content\/uploads\/2025\/04\/Custom-Plastic-Chicken-Packaging-Bags-5-285x285.webp 285w, https:\/\/www.hyflexpack.com\/wp-content\/uploads\/2025\/04\/Custom-Plastic-Chicken-Packaging-Bags-5-270x270.webp 270w, https:\/\/www.hyflexpack.com\/wp-content\/uploads\/2025\/04\/Custom-Plastic-Chicken-Packaging-Bags-5-540x540.webp 540w, https:\/\/www.hyflexpack.com\/wp-content\/uploads\/2025\/04\/Custom-Plastic-Chicken-Packaging-Bags-5-660x660.webp 660w\" sizes=\"(max-width: 750px) 100vw, 750px\" \/><\/figure>\n<\/div>\n<\/div>","protected":false},"excerpt":{"rendered":"<p>D\u00e9couvrez comment nos sacs en plastique personnalis\u00e9s pour le poulet grill\u00e9 sont fabriqu\u00e9s \u00e0 partir d'un film d'emballage composite de qualit\u00e9 alimentaire respectueux de l'environnement. Les sacs d'emballage en plastique personnalis\u00e9s avec logos sont sp\u00e9cialement con\u00e7us pour l'emballage du poulet grill\u00e9. Ce sac d'emballage peut non seulement bien emballer le poulet grill\u00e9, mais aussi am\u00e9liorer l'image de marque avec des logos personnalis\u00e9s, et il est pratique pour transporter et pr\u00e9senter les produits de poulet grill\u00e9. C'est un choix d'emballage id\u00e9al pour les marchands de poulet grill\u00e9. Contactez-nous d\u00e8s aujourd'hui pour obtenir un devis. Nous nous engageons \u00e0 fournir des solutions d'emballage de haute qualit\u00e9 et respectueuses de l'environnement.<\/p>\n<h3>Avantages du fabricant de sacs pour poulet r\u00f4ti<\/h3>\n<p>\u25cf Conception personnalis\u00e9e : Nous fournissons des services de sacs d'emballage personnalis\u00e9s, y compris la personnalisation du mat\u00e9riau, de la taille et du motif d'impression pour r\u00e9pondre aux besoins des clients, et nous prenons en charge les OEM et ODM.<\/p>\n<p>\u25cfFabrication : Gr\u00e2ce \u00e0 un \u00e9quipement et \u00e0 une technologie de pointe, nous pouvons r\u00e9aliser la production des commandes de mani\u00e8re efficace et avec une qualit\u00e9 \u00e9lev\u00e9e, et livrer dans les d\u00e9lais.<\/p>\n<p>\u25cf L'inspection de la qualit\u00e9 : La production est r\u00e9alis\u00e9e dans le strict respect des normes de qualit\u00e9 et des exigences en mati\u00e8re de s\u00e9curit\u00e9 alimentaire afin de garantir que les produits r\u00e9pondent aux normes.<\/p>\n<p>\u25cfService client\u00e8le : Fournir une r\u00e9ponse rapide et un support de service \u00e0 la client\u00e8le r\u00e9fl\u00e9chi 24 heures par jour.<\/p>\n<p>\u25cf \u00c9chantillon gratuit : Fournir un service d'\u00e9chantillons gratuits pour vous permettre d'\u00e9valuer le produit.<\/p>\n<p>Huiyang Packaging s'engage \u00e0 fournir \u00e0 ses clients des sacs d'emballage de poulet en plastique personnalis\u00e9s de haute qualit\u00e9, \u00e0 les aider \u00e0 am\u00e9liorer l'image de leurs produits et \u00e0 renforcer leur comp\u00e9titivit\u00e9 sur le march\u00e9.<\/p>","protected":false},"featured_media":6785,"comment_status":"open","ping_status":"closed","template":"","meta":[],"product_brand":[],"product_cat":[88],"product_tag":[124],"class_list":{"0":"post-6806","1":"product","2":"type-product","3":"status-publish","4":"has-post-thumbnail","6":"product_cat-roast-chicken-packaging-bag","7":"product_tag-zipper-pouch-manufacturer","9":"first","10":"instock","11":"shipping-taxable","12":"product-type-simple"},"_links":{"self":[{"href":"https:\/\/www.hyflexpack.com\/fr\/wp-json\/wp\/v2\/product\/6806","targetHints":{"allow":["GET"]}}],"collection":[{"href":"https:\/\/www.hyflexpack.com\/fr\/wp-json\/wp\/v2\/product"}],"about":[{"href":"https:\/\/www.hyflexpack.com\/fr\/wp-json\/wp\/v2\/types\/product"}],"replies":[{"embeddable":true,"href":"https:\/\/www.hyflexpack.com\/fr\/wp-json\/wp\/v2\/comments?post=6806"}],"wp:featuredmedia":[{"embeddable":true,"href":"https:\/\/www.hyflexpack.com\/fr\/wp-json\/wp\/v2\/media\/6785"}],"wp:attachment":[{"href":"https:\/\/www.hyflexpack.com\/fr\/wp-json\/wp\/v2\/media?parent=6806"}],"wp:term":[{"taxonomy":"product_brand","embeddable":true,"href":"https:\/\/www.hyflexpack.com\/fr\/wp-json\/wp\/v2\/product_brand?post=6806"},{"taxonomy":"product_cat","embeddable":true,"href":"https:\/\/www.hyflexpack.com\/fr\/wp-json\/wp\/v2\/product_cat?post=6806"},{"taxonomy":"product_tag","embeddable":true,"href":"https:\/\/www.hyflexpack.com\/fr\/wp-json\/wp\/v2\/product_tag?post=6806"}],"curies":[{"name":"wp","href":"https:\/\/api.w.org\/{rel}","templated":true}]}}