{"id":6804,"date":"2025-04-28T01:12:49","date_gmt":"2025-04-28T01:12:49","guid":{"rendered":"https:\/\/www.hyflexpack.com\/?post_type=product&#038;p=6804"},"modified":"2026-01-07T08:59:25","modified_gmt":"2026-01-07T08:59:25","slug":"custom-plastic-chicken-packaging-bags","status":"publish","type":"product","link":"https:\/\/www.hyflexpack.com\/fr\/product\/custom-plastic-chicken-packaging-bags\/","title":{"rendered":"Sacs d'emballage de poulet en plastique personnalis\u00e9s Wholesale, Laminated Stand Up Pouch With Logo Bags Supplier"},"content":{"rendered":"<div class=\"wp-block-columns is-layout-flex wp-container-core-columns-is-layout-9d6595d7 wp-block-columns-is-layout-flex\">\n<div class=\"wp-block-column is-layout-flow wp-block-column-is-layout-flow\">\n<h2 class=\"wp-block-heading\">Caract\u00e9ristiques des sacs d'emballage de poulet r\u00f4ti sur mesure<\/h2>\n\n\n\n<ul class=\"wp-block-list\">\n<li><strong>Marquage personnalis\u00e9<\/strong>: Nos sacs pour poulets peuvent \u00eatre enti\u00e8rement personnalis\u00e9s avec votre propre logo et des \u00e9l\u00e9ments de conception, ce qui vous permet d'optimiser l'attrait du produit et d'\u00e9tablir la pr\u00e9sence de la marque.<\/li>\n\n\n\n<li><strong>Mat\u00e9riau r\u00e9sistant<\/strong>: Fabriqu\u00e9s en plastique alimentaire de premi\u00e8re qualit\u00e9, ces sacs sont extr\u00eamement flexibles, r\u00e9sistants \u00e0 la perforation et \u00e0 la chaleur. Ils sont id\u00e9aux pour maintenir le poulet r\u00f4ti en place pendant qu'il est expos\u00e9 ou pendant le transport.<\/li>\n\n\n\n<li><strong>Protection de la fra\u00eecheur<\/strong>: Con\u00e7us exclusivement pour les aliments chauds et pr\u00eats \u00e0 consommer, nos sachets d'emballage pour poulet garantissent une protection herm\u00e9tique du go\u00fbt et de l'humidit\u00e9 ainsi qu'une pr\u00e9servation de l'hygi\u00e8ne.<\/li>\n\n\n\n<li><strong>Conception fonctionnelle<\/strong>: La conception de la pochette lamin\u00e9e permet une mise en rayon s\u00fbre, une meilleure pr\u00e9sentation du produit et une utilisation pratique par le consommateur.<\/li>\n\n\n\n<li><strong>Des solutions respectueuses de l'environnement<\/strong>: En tant que fournisseur digne de confiance de sachets lamin\u00e9s, nous proposons \u00e9galement des mat\u00e9riaux recyclables et respectueux de l'environnement pour r\u00e9pondre aux besoins en mati\u00e8re d'emballage durable.<\/li>\n\n\n\n<li><strong>Approvisionnement fiable<\/strong>: En tant que fournisseur exp\u00e9riment\u00e9 et fiable de pochettes lamin\u00e9es avec des ann\u00e9es d'exp\u00e9rience, nous fournissons une qualit\u00e9 constante, des quantit\u00e9s de commande flexibles et une livraison dans les d\u00e9lais pour les clients en gros dans le monde entier.<\/li>\n<\/ul>\n<\/div>\n\n\n\n<div class=\"wp-block-column is-layout-flow wp-block-column-is-layout-flow\">\n<figure class=\"wp-block-image size-full\"><img fetchpriority=\"high\" decoding=\"async\" width=\"750\" height=\"750\" src=\"https:\/\/www.hyflexpack.com\/wp-content\/uploads\/2025\/04\/Custom-Plastic-Chicken-Packaging-Bags-1.webp\" alt=\"Sacs d&#039;emballage de poulet en plastique sur mesure\" class=\"wp-image-6781\" srcset=\"https:\/\/www.hyflexpack.com\/wp-content\/uploads\/2025\/04\/Custom-Plastic-Chicken-Packaging-Bags-1.webp 750w, https:\/\/www.hyflexpack.com\/wp-content\/uploads\/2025\/04\/Custom-Plastic-Chicken-Packaging-Bags-1-300x300.webp 300w, https:\/\/www.hyflexpack.com\/wp-content\/uploads\/2025\/04\/Custom-Plastic-Chicken-Packaging-Bags-1-150x150.webp 150w, https:\/\/www.hyflexpack.com\/wp-content\/uploads\/2025\/04\/Custom-Plastic-Chicken-Packaging-Bags-1-12x12.webp 12w, https:\/\/www.hyflexpack.com\/wp-content\/uploads\/2025\/04\/Custom-Plastic-Chicken-Packaging-Bags-1-285x285.webp 285w, https:\/\/www.hyflexpack.com\/wp-content\/uploads\/2025\/04\/Custom-Plastic-Chicken-Packaging-Bags-1-270x270.webp 270w, https:\/\/www.hyflexpack.com\/wp-content\/uploads\/2025\/04\/Custom-Plastic-Chicken-Packaging-Bags-1-540x540.webp 540w, https:\/\/www.hyflexpack.com\/wp-content\/uploads\/2025\/04\/Custom-Plastic-Chicken-Packaging-Bags-1-660x660.webp 660w\" sizes=\"(max-width: 750px) 100vw, 750px\" \/><\/figure>\n<\/div>\n<\/div>\n\n\n\n<h2 class=\"wp-block-heading\">Exemples de sacs imprim\u00e9s personnalis\u00e9s pour l'emballage des poulets<\/h2>\n\n\n\n<p><\/p>\n\n\n\n<div class=\"wp-block-columns is-layout-flex wp-container-core-columns-is-layout-9d6595d7 wp-block-columns-is-layout-flex\">\n<div class=\"wp-block-column is-layout-flow wp-block-column-is-layout-flow\">\n<figure class=\"wp-block-image size-full\"><img decoding=\"async\" width=\"750\" height=\"750\" src=\"https:\/\/www.hyflexpack.com\/wp-content\/uploads\/2025\/04\/OEM-Plastic-Chicken-Packaging-Bags-5.webp\" alt=\"Fabricant de sacs de poulet r\u00f4ti sur mesure\" class=\"wp-image-6803\" srcset=\"https:\/\/www.hyflexpack.com\/wp-content\/uploads\/2025\/04\/OEM-Plastic-Chicken-Packaging-Bags-5.webp 750w, https:\/\/www.hyflexpack.com\/wp-content\/uploads\/2025\/04\/OEM-Plastic-Chicken-Packaging-Bags-5-300x300.webp 300w, https:\/\/www.hyflexpack.com\/wp-content\/uploads\/2025\/04\/OEM-Plastic-Chicken-Packaging-Bags-5-150x150.webp 150w, https:\/\/www.hyflexpack.com\/wp-content\/uploads\/2025\/04\/OEM-Plastic-Chicken-Packaging-Bags-5-12x12.webp 12w, https:\/\/www.hyflexpack.com\/wp-content\/uploads\/2025\/04\/OEM-Plastic-Chicken-Packaging-Bags-5-285x285.webp 285w, https:\/\/www.hyflexpack.com\/wp-content\/uploads\/2025\/04\/OEM-Plastic-Chicken-Packaging-Bags-5-270x270.webp 270w, https:\/\/www.hyflexpack.com\/wp-content\/uploads\/2025\/04\/OEM-Plastic-Chicken-Packaging-Bags-5-540x540.webp 540w, https:\/\/www.hyflexpack.com\/wp-content\/uploads\/2025\/04\/OEM-Plastic-Chicken-Packaging-Bags-5-660x660.webp 660w\" sizes=\"(max-width: 750px) 100vw, 750px\" \/><figcaption class=\"wp-element-caption\">Emballage barri\u00e8re pour le poulet r\u00f4ti<\/figcaption><\/figure>\n<\/div>\n\n\n\n<div class=\"wp-block-column is-layout-flow wp-block-column-is-layout-flow\">\n<figure class=\"wp-block-image size-full\"><img fetchpriority=\"high\" decoding=\"async\" width=\"750\" height=\"750\" src=\"https:\/\/www.hyflexpack.com\/wp-content\/uploads\/2025\/04\/Custom-Plastic-Chicken-Packaging-Bags-1.webp\" alt=\"Sacs d&#039;emballage de poulet en plastique sur mesure\" class=\"wp-image-6781\" srcset=\"https:\/\/www.hyflexpack.com\/wp-content\/uploads\/2025\/04\/Custom-Plastic-Chicken-Packaging-Bags-1.webp 750w, https:\/\/www.hyflexpack.com\/wp-content\/uploads\/2025\/04\/Custom-Plastic-Chicken-Packaging-Bags-1-300x300.webp 300w, https:\/\/www.hyflexpack.com\/wp-content\/uploads\/2025\/04\/Custom-Plastic-Chicken-Packaging-Bags-1-150x150.webp 150w, https:\/\/www.hyflexpack.com\/wp-content\/uploads\/2025\/04\/Custom-Plastic-Chicken-Packaging-Bags-1-12x12.webp 12w, https:\/\/www.hyflexpack.com\/wp-content\/uploads\/2025\/04\/Custom-Plastic-Chicken-Packaging-Bags-1-285x285.webp 285w, https:\/\/www.hyflexpack.com\/wp-content\/uploads\/2025\/04\/Custom-Plastic-Chicken-Packaging-Bags-1-270x270.webp 270w, https:\/\/www.hyflexpack.com\/wp-content\/uploads\/2025\/04\/Custom-Plastic-Chicken-Packaging-Bags-1-540x540.webp 540w, https:\/\/www.hyflexpack.com\/wp-content\/uploads\/2025\/04\/Custom-Plastic-Chicken-Packaging-Bags-1-660x660.webp 660w\" sizes=\"(max-width: 750px) 100vw, 750px\" \/><figcaption class=\"wp-element-caption\">Sac d'emballage pour poulet r\u00f4ti avec fen\u00eatre \u00e0 fermeture \u00e9clair<\/figcaption><\/figure>\n<\/div>\n\n\n\n<div class=\"wp-block-column is-layout-flow wp-block-column-is-layout-flow\">\n<figure class=\"wp-block-image size-full\"><img decoding=\"async\" width=\"750\" height=\"750\" src=\"https:\/\/www.hyflexpack.com\/wp-content\/uploads\/2025\/04\/Custom-Printed-Plastic-Rotisserie-Chicken-Bag-1.webp\" alt=\"Sac en plastique pour poulet r\u00f4ti imprim\u00e9 sur mesure\" class=\"wp-image-6789\" srcset=\"https:\/\/www.hyflexpack.com\/wp-content\/uploads\/2025\/04\/Custom-Printed-Plastic-Rotisserie-Chicken-Bag-1.webp 750w, https:\/\/www.hyflexpack.com\/wp-content\/uploads\/2025\/04\/Custom-Printed-Plastic-Rotisserie-Chicken-Bag-1-300x300.webp 300w, https:\/\/www.hyflexpack.com\/wp-content\/uploads\/2025\/04\/Custom-Printed-Plastic-Rotisserie-Chicken-Bag-1-150x150.webp 150w, https:\/\/www.hyflexpack.com\/wp-content\/uploads\/2025\/04\/Custom-Printed-Plastic-Rotisserie-Chicken-Bag-1-12x12.webp 12w, https:\/\/www.hyflexpack.com\/wp-content\/uploads\/2025\/04\/Custom-Printed-Plastic-Rotisserie-Chicken-Bag-1-285x285.webp 285w, https:\/\/www.hyflexpack.com\/wp-content\/uploads\/2025\/04\/Custom-Printed-Plastic-Rotisserie-Chicken-Bag-1-270x270.webp 270w, https:\/\/www.hyflexpack.com\/wp-content\/uploads\/2025\/04\/Custom-Printed-Plastic-Rotisserie-Chicken-Bag-1-540x540.webp 540w, https:\/\/www.hyflexpack.com\/wp-content\/uploads\/2025\/04\/Custom-Printed-Plastic-Rotisserie-Chicken-Bag-1-660x660.webp 660w\" sizes=\"(max-width: 750px) 100vw, 750px\" \/><figcaption class=\"wp-element-caption\">Emballage antibu\u00e9e pour poulet r\u00f4ti destin\u00e9 \u00e0 la cong\u00e9lation<\/figcaption><\/figure>\n<\/div>\n<\/div>","protected":false},"excerpt":{"rendered":"<p>Nous proposons des sacs d'emballage en plastique personnalis\u00e9s pour le poulet r\u00f4ti, qui sont des sacs lamin\u00e9s avec des logos uniques. En tant que fournisseur, nous nous attachons \u00e0 cr\u00e9er des solutions d'emballage personnalis\u00e9es de haute qualit\u00e9 pour nos clients afin de r\u00e9pondre aux besoins d'emballage des produits de poulet r\u00f4ti et d'am\u00e9liorer la pr\u00e9sentation des produits et l'image de marque. Ce sac d'emballage est pratique, il prot\u00e8ge efficacement le poulet r\u00f4ti et il est facile \u00e0 transporter et \u00e0 stocker. Contactez-nous d\u00e8s aujourd'hui pour obtenir un devis. Nous nous engageons \u00e0 fournir des solutions d'emballage uniques, respectueuses de l'environnement et de haute qualit\u00e9.<\/p>\n<h3>Avantages du grossiste en sacs d'emballage pour poulet<\/h3>\n<p><a href=\"https:\/\/www.hyflexpack.com\/fr\/emballage-flexible-sur-mesure\/\"><strong>Conception sur mesure<\/strong><\/a>: Adaptez le mat\u00e9riau, la taille et l'impression \u00e0 vos besoins. <a href=\"https:\/\/www.hyflexpack.com\/fr\/emballage-flexible-sur-mesure\/\"><strong>OEM et ODM disponibles<\/strong><\/a>.<br \/><strong>Une production efficace<\/strong>: Des \u00e9quipements de pointe garantissent une livraison rapide, de haute qualit\u00e9 et dans les d\u00e9lais.<br \/><strong>Contr\u00f4le strict de la qualit\u00e9<\/strong>: Tous les sachets sont conformes aux normes de qualit\u00e9 et de s\u00e9curit\u00e9 alimentaire.<br \/><strong>Un service r\u00e9actif<\/strong>Le service d'assistance \u00e0 la client\u00e8le est disponible 24 heures sur 24, 7 jours sur 7, pour une exp\u00e9rience sans probl\u00e8me.<br \/><strong>\u00c9chantillons gratuits<\/strong>: Essayez avant de commander - nous fournissons des \u00e9chantillons pour tester les produits.<\/p>\n<p><a href=\"https:\/\/www.hyflexpack.com\/fr\/\"><strong>\u00c0 Huiyang Packaging<\/strong><\/a>, Nous vous aidons \u00e0 am\u00e9liorer l'image de votre produit et \u00e0 renforcer votre position sur le march\u00e9 gr\u00e2ce \u00e0 des sacs d'emballage pour poulets personnalis\u00e9s et fiables.<\/p>","protected":false},"featured_media":6781,"comment_status":"open","ping_status":"closed","template":"","meta":[],"product_brand":[],"product_cat":[88],"product_tag":[116,124],"class_list":{"0":"post-6804","1":"product","2":"type-product","3":"status-publish","4":"has-post-thumbnail","6":"product_cat-roast-chicken-packaging-bag","7":"product_tag-stand-up-pouch-manufacturer","8":"product_tag-zipper-pouch-manufacturer","10":"first","11":"instock","12":"shipping-taxable","13":"product-type-simple"},"_links":{"self":[{"href":"https:\/\/www.hyflexpack.com\/fr\/wp-json\/wp\/v2\/product\/6804","targetHints":{"allow":["GET"]}}],"collection":[{"href":"https:\/\/www.hyflexpack.com\/fr\/wp-json\/wp\/v2\/product"}],"about":[{"href":"https:\/\/www.hyflexpack.com\/fr\/wp-json\/wp\/v2\/types\/product"}],"replies":[{"embeddable":true,"href":"https:\/\/www.hyflexpack.com\/fr\/wp-json\/wp\/v2\/comments?post=6804"}],"wp:featuredmedia":[{"embeddable":true,"href":"https:\/\/www.hyflexpack.com\/fr\/wp-json\/wp\/v2\/media\/6781"}],"wp:attachment":[{"href":"https:\/\/www.hyflexpack.com\/fr\/wp-json\/wp\/v2\/media?parent=6804"}],"wp:term":[{"taxonomy":"product_brand","embeddable":true,"href":"https:\/\/www.hyflexpack.com\/fr\/wp-json\/wp\/v2\/product_brand?post=6804"},{"taxonomy":"product_cat","embeddable":true,"href":"https:\/\/www.hyflexpack.com\/fr\/wp-json\/wp\/v2\/product_cat?post=6804"},{"taxonomy":"product_tag","embeddable":true,"href":"https:\/\/www.hyflexpack.com\/fr\/wp-json\/wp\/v2\/product_tag?post=6804"}],"curies":[{"name":"wp","href":"https:\/\/api.w.org\/{rel}","templated":true}]}}