{"id":6723,"date":"2025-05-14T16:57:46","date_gmt":"2025-05-14T16:57:46","guid":{"rendered":"https:\/\/www.hyflexpack.com\/?post_type=product&#038;p=6723"},"modified":"2026-01-07T08:53:43","modified_gmt":"2026-01-07T08:53:43","slug":"custom-dried-fruit-pouch-factory","status":"publish","type":"product","link":"https:\/\/www.hyflexpack.com\/fr\/product\/custom-dried-fruit-pouch-factory\/","title":{"rendered":"Pochette en plastique r\u00e9utilisable pour fruits secs, pochette lamin\u00e9e avec fermeture \u00e0 glissi\u00e8re"},"content":{"rendered":"<div class=\"wp-block-columns is-layout-flex wp-container-core-columns-is-layout-9d6595d7 wp-block-columns-is-layout-flex\">\n<div class=\"wp-block-column is-layout-flow wp-block-column-is-layout-flow\">\n<h2 class=\"wp-block-heading\">Caract\u00e9ristiques de la pochette plastique r\u00e9utilisable pour fruits secs<\/h2>\n\n\n\n<ul class=\"wp-block-list\">\n<li>Personnalisation : La taille, la forme, la capacit\u00e9, etc. du sac d'emballage peuvent \u00eatre personnalis\u00e9es en fonction des exigences du client afin de r\u00e9pondre aux diff\u00e9rents besoins d'emballage des fruits secs et de positionnement sur le march\u00e9.<\/li>\n\n\n\n<li>Mati\u00e8re plastique : Choisissez un plastique de haute qualit\u00e9 r\u00e9pondant aux normes de s\u00e9curit\u00e9 en mati\u00e8re de contact alimentaire afin de garantir que les fruits secs ne seront pas contamin\u00e9s et de prot\u00e9ger la sant\u00e9 et la s\u00e9curit\u00e9 des consommateurs.<\/li>\n\n\n\n<li>Fermeture en cha\u00eene : \u00e9quip\u00e9e d'une fermeture \u00e0 glissi\u00e8re pratique, elle permet aux consommateurs d'ouvrir et de fermer facilement le sac d'emballage.<\/li>\n\n\n\n<li>Champ d'application : Sp\u00e9cialement con\u00e7u pour l'emballage des fruits secs, il convient \u00e0 toutes sortes de fruits secs, tels que les raisins secs, les amandes, les noix de cajou, les dattes rouges s\u00e9ch\u00e9es, les mangues s\u00e9ch\u00e9es, etc., et peut fournir un environnement de stockage appropri\u00e9 pour diff\u00e9rents types de fruits secs afin de pr\u00e9server leur saveur et leur qualit\u00e9. Il peut \u00e9galement \u00eatre utilis\u00e9 pour emballer d'autres produits secs similaires, avec un certain degr\u00e9 de polyvalence.<\/li>\n<\/ul>\n<\/div>\n\n\n\n<div class=\"wp-block-column is-layout-flow wp-block-column-is-layout-flow\">\n<figure class=\"wp-block-image size-full\"><img fetchpriority=\"high\" decoding=\"async\" width=\"750\" height=\"750\" src=\"https:\/\/www.hyflexpack.com\/wp-content\/uploads\/2025\/04\/Custom-Reusable-Plastic-Dried-Fruit-Pouch1.webp\" alt=\"Pochette plastique r\u00e9utilisable pour fruits secs\" class=\"wp-image-6704\" srcset=\"https:\/\/www.hyflexpack.com\/wp-content\/uploads\/2025\/04\/Custom-Reusable-Plastic-Dried-Fruit-Pouch1.webp 750w, https:\/\/www.hyflexpack.com\/wp-content\/uploads\/2025\/04\/Custom-Reusable-Plastic-Dried-Fruit-Pouch1-300x300.webp 300w, https:\/\/www.hyflexpack.com\/wp-content\/uploads\/2025\/04\/Custom-Reusable-Plastic-Dried-Fruit-Pouch1-150x150.webp 150w, https:\/\/www.hyflexpack.com\/wp-content\/uploads\/2025\/04\/Custom-Reusable-Plastic-Dried-Fruit-Pouch1-12x12.webp 12w, https:\/\/www.hyflexpack.com\/wp-content\/uploads\/2025\/04\/Custom-Reusable-Plastic-Dried-Fruit-Pouch1-285x285.webp 285w, https:\/\/www.hyflexpack.com\/wp-content\/uploads\/2025\/04\/Custom-Reusable-Plastic-Dried-Fruit-Pouch1-270x270.webp 270w, https:\/\/www.hyflexpack.com\/wp-content\/uploads\/2025\/04\/Custom-Reusable-Plastic-Dried-Fruit-Pouch1-540x540.webp 540w, https:\/\/www.hyflexpack.com\/wp-content\/uploads\/2025\/04\/Custom-Reusable-Plastic-Dried-Fruit-Pouch1-660x660.webp 660w\" sizes=\"(max-width: 750px) 100vw, 750px\" \/><\/figure>\n<\/div>\n<\/div>\n\n\n\n<p><\/p>","protected":false},"excerpt":{"rendered":"<p>Choisissez une solution d'emballage de fruits secs de haute qualit\u00e9 pour que vos produits se distinguent sur le march\u00e9 ! Les mat\u00e9riaux \u00e9cologiques rendent votre marque plus responsable. Consultez-nous d\u00e8s maintenant pour une conception et des \u00e9chantillons gratuits !<\/p>\n<h3>Avantages du fournisseur d'emballages de fruits s\u00e9ch\u00e9s<\/h3>\n<ul>\n<li><strong>Conception personnalis\u00e9e<\/strong>: Fournir des solutions de conception personnalis\u00e9es, prendre en charge OEM\/ODM, personnaliser avec diff\u00e9rentes sp\u00e9cifications, tailles, motifs d'impression, etc.<\/li>\n<li><strong>Assurance qualit\u00e9<\/strong>: Contr\u00f4ler le processus de production, disposer de mat\u00e9riaux de haute qualit\u00e9 et d'\u00e9quipements avanc\u00e9s pour garantir la qualit\u00e9 des produits.<\/li>\n<li><strong>Livraison dans les d\u00e9lais<\/strong>: Optimiser le processus de production et am\u00e9liorer l'efficacit\u00e9 de la production afin de garantir une livraison dans les d\u00e9lais et de r\u00e9pondre aux besoins urgents des clients.<\/li>\n<li><strong>Support technique professionnel<\/strong>: L'\u00e9quipe technique exp\u00e9riment\u00e9e fournit une assistance technique professionnelle et un service de conseil apr\u00e8s-vente 24 heures sur 24.<\/li>\n<li><strong>\u00c9chantillon gratuit<\/strong>: Fournir un service d'\u00e9chantillonnage gratuit pour vous permettre d'\u00e9valuer les produits.<\/li>\n<\/ul>\n<p>Huiyang Packaging s'engage \u00e0 fournir \u00e0 ses clients des emballages de fruits secs de haute qualit\u00e9 et personnalis\u00e9s afin de les aider \u00e0 am\u00e9liorer l'image de leurs produits et \u00e0 renforcer leur comp\u00e9titivit\u00e9 sur le march\u00e9.<\/p>","protected":false},"featured_media":6704,"comment_status":"open","ping_status":"closed","template":"","meta":[],"product_brand":[],"product_cat":[87],"product_tag":[116,124],"class_list":{"0":"post-6723","1":"product","2":"type-product","3":"status-publish","4":"has-post-thumbnail","6":"product_cat-dried-fruit-packaging-bags-wholesale","7":"product_tag-stand-up-pouch-manufacturer","8":"product_tag-zipper-pouch-manufacturer","10":"first","11":"instock","12":"shipping-taxable","13":"product-type-simple"},"_links":{"self":[{"href":"https:\/\/www.hyflexpack.com\/fr\/wp-json\/wp\/v2\/product\/6723","targetHints":{"allow":["GET"]}}],"collection":[{"href":"https:\/\/www.hyflexpack.com\/fr\/wp-json\/wp\/v2\/product"}],"about":[{"href":"https:\/\/www.hyflexpack.com\/fr\/wp-json\/wp\/v2\/types\/product"}],"replies":[{"embeddable":true,"href":"https:\/\/www.hyflexpack.com\/fr\/wp-json\/wp\/v2\/comments?post=6723"}],"wp:featuredmedia":[{"embeddable":true,"href":"https:\/\/www.hyflexpack.com\/fr\/wp-json\/wp\/v2\/media\/6704"}],"wp:attachment":[{"href":"https:\/\/www.hyflexpack.com\/fr\/wp-json\/wp\/v2\/media?parent=6723"}],"wp:term":[{"taxonomy":"product_brand","embeddable":true,"href":"https:\/\/www.hyflexpack.com\/fr\/wp-json\/wp\/v2\/product_brand?post=6723"},{"taxonomy":"product_cat","embeddable":true,"href":"https:\/\/www.hyflexpack.com\/fr\/wp-json\/wp\/v2\/product_cat?post=6723"},{"taxonomy":"product_tag","embeddable":true,"href":"https:\/\/www.hyflexpack.com\/fr\/wp-json\/wp\/v2\/product_tag?post=6723"}],"curies":[{"name":"wp","href":"https:\/\/api.w.org\/{rel}","templated":true}]}}