{"id":6722,"date":"2025-06-06T01:51:36","date_gmt":"2025-06-06T01:51:36","guid":{"rendered":"https:\/\/www.hyflexpack.com\/?post_type=product&#038;p=6722"},"modified":"2026-01-07T08:21:30","modified_gmt":"2026-01-07T08:21:30","slug":"oem-food-pouch-for-dried-mulberry","status":"publish","type":"product","link":"https:\/\/www.hyflexpack.com\/fr\/product\/oem-food-pouch-for-dried-mulberry\/","title":{"rendered":"OEM Pochette alimentaire en plastique pour m\u00fbres s\u00e9ch\u00e9es\uff0cPochette recycl\u00e9e lamin\u00e9e avec fermeture \u00e0 glissi\u00e8re"},"content":{"rendered":"<div class=\"wp-block-columns is-layout-flex wp-container-core-columns-is-layout-9d6595d7 wp-block-columns-is-layout-flex\">\n<div class=\"wp-block-column is-layout-flow wp-block-column-is-layout-flow\">\n<h2 class=\"wp-block-heading\">Caract\u00e9ristiques des sachets alimentaires en plastique OEM pour les m\u00fbres s\u00e9ch\u00e9es<\/h2>\n\n\n\n<ul class=\"wp-block-list\">\n<li>Structure composite : Le processus composite multicouche est adopt\u00e9 pour conf\u00e9rer au sac d'emballage de bonnes propri\u00e9t\u00e9s de barri\u00e8re, qui peuvent bloquer efficacement l'oxyg\u00e8ne, l'humidit\u00e9, les odeurs, etc., prolonger la dur\u00e9e de conservation des m\u00fbres s\u00e9ch\u00e9es et les garder s\u00e8ches et fra\u00eeches.<\/li>\n\n\n\n<li>Mat\u00e9riaux recyclables : R\u00e9pondre activement au concept de protection de l'environnement, utiliser des mat\u00e9riaux recyclables pour fabriquer des sacs d'emballage et r\u00e9duire l'impact sur l'environnement.<\/li>\n\n\n\n<li>Autonome : La structure autoportante unique permet au sac d'emballage de rester debout lorsqu'il est plac\u00e9, attirant ainsi l'attention des consommateurs, tout en \u00e9conomisant de l'espace de stockage, ce qui facilite la pr\u00e9sentation et la gestion des marchandises par les commer\u00e7ants.<\/li>\n\n\n\n<li>Fermeture \u00e0 glissi\u00e8re : Dot\u00e9 d'une fermeture \u00e0 glissi\u00e8re, il est pratique pour les consommateurs d'ouvrir et de fermer le sac d'emballage plusieurs fois, ce qui garantit qu'apr\u00e8s chaque utilisation des m\u00fbres s\u00e9ch\u00e9es, les produits restants dans le sac peuvent encore \u00eatre bien scell\u00e9s et pr\u00e9serv\u00e9s pour \u00e9viter l'humidit\u00e9 et la d\u00e9t\u00e9rioration.<\/li>\n<\/ul>\n<\/div>\n\n\n\n<div class=\"wp-block-column is-layout-flow wp-block-column-is-layout-flow\">\n<figure class=\"wp-block-image size-full\"><img fetchpriority=\"high\" decoding=\"async\" width=\"750\" height=\"750\" src=\"https:\/\/www.hyflexpack.com\/wp-content\/uploads\/2025\/04\/OEM-Plastic-Food-Pouch-for-Dried-Mulberry1.webp\" alt=\"Pochette alimentaire en plastique OEM pour les m\u00fbres s\u00e9ch\u00e9es\" class=\"wp-image-6708\" srcset=\"https:\/\/www.hyflexpack.com\/wp-content\/uploads\/2025\/04\/OEM-Plastic-Food-Pouch-for-Dried-Mulberry1.webp 750w, https:\/\/www.hyflexpack.com\/wp-content\/uploads\/2025\/04\/OEM-Plastic-Food-Pouch-for-Dried-Mulberry1-300x300.webp 300w, https:\/\/www.hyflexpack.com\/wp-content\/uploads\/2025\/04\/OEM-Plastic-Food-Pouch-for-Dried-Mulberry1-150x150.webp 150w, https:\/\/www.hyflexpack.com\/wp-content\/uploads\/2025\/04\/OEM-Plastic-Food-Pouch-for-Dried-Mulberry1-12x12.webp 12w, https:\/\/www.hyflexpack.com\/wp-content\/uploads\/2025\/04\/OEM-Plastic-Food-Pouch-for-Dried-Mulberry1-285x285.webp 285w, https:\/\/www.hyflexpack.com\/wp-content\/uploads\/2025\/04\/OEM-Plastic-Food-Pouch-for-Dried-Mulberry1-270x270.webp 270w, https:\/\/www.hyflexpack.com\/wp-content\/uploads\/2025\/04\/OEM-Plastic-Food-Pouch-for-Dried-Mulberry1-540x540.webp 540w, https:\/\/www.hyflexpack.com\/wp-content\/uploads\/2025\/04\/OEM-Plastic-Food-Pouch-for-Dried-Mulberry1-660x660.webp 660w\" sizes=\"(max-width: 750px) 100vw, 750px\" \/><\/figure>\n<\/div>\n<\/div>\n\n\n\n<p><\/p>","protected":false},"excerpt":{"rendered":"<p>Il s'agit d'un sac d'emballage en plastique personnalis\u00e9 pour fruits secs. Il s'agit d'un sac d'emballage alimentaire flexible avec une fermeture \u00e9clair. Il est con\u00e7u pour contenir des fruits secs. Le sac est fabriqu\u00e9 en plastique, ce qui le rend solide et l\u00e9ger. Sa conception autoportante est pratique pour la pr\u00e9sentation et le stockage. La fermeture \u00e0 glissi\u00e8re permet d'ouvrir et de fermer le sac de mani\u00e8re pratique, ce qui permet de conserver la fra\u00eecheur des fruits secs. Il peut \u00eatre personnalis\u00e9 en fonction des besoins sp\u00e9cifiques du client, par exemple par l'ajout d'un logo ou d'un dessin. Contactez-nous d\u00e8s aujourd'hui pour obtenir un devis. Nous nous engageons \u00e0 fournir des solutions d'emballage de haute qualit\u00e9 et respectueuses de l'environnement.<\/p>\n<h3>Avantages de la pochette plastique personnalis\u00e9e de haute qualit\u00e9 pour fruits secs<\/h3>\n<ul>\n<li>Conception personnalis\u00e9e : Nous proposons des services de sacs d'emballage personnalis\u00e9s, y compris la personnalisation du mat\u00e9riau, de la taille et du motif d'impression pour r\u00e9pondre aux besoins des clients, et nous prenons en charge les OEM et ODM.<\/li>\n<li>Fabrication : Gr\u00e2ce \u00e0 un \u00e9quipement et \u00e0 une technologie de pointe, nous pouvons r\u00e9aliser la production des commandes de mani\u00e8re efficace et avec une qualit\u00e9 \u00e9lev\u00e9e, et livrer dans les d\u00e9lais.<\/li>\n<li>Contr\u00f4le de la qualit\u00e9 : La production est r\u00e9alis\u00e9e dans le strict respect des normes de qualit\u00e9 et des exigences en mati\u00e8re de s\u00e9curit\u00e9 alimentaire afin de garantir que les produits r\u00e9pondent aux normes.<\/li>\n<li>Service \u00e0 la client\u00e8le : Fournir une r\u00e9ponse rapide et un service \u00e0 la client\u00e8le attentionn\u00e9 24 heures par jour.<\/li>\n<li>\u00c9chantillon gratuit : Fournir un service d'\u00e9chantillonnage gratuit pour vous permettre d'\u00e9valuer le produit.<\/li>\n<\/ul>\n<p>Huiyang Packaging s'engage \u00e0 fournir \u00e0 ses clients des sachets de fruits secs en plastique personnalis\u00e9s de haute qualit\u00e9, \u00e0 les aider \u00e0 am\u00e9liorer l'image de leurs produits et \u00e0 renforcer leur comp\u00e9titivit\u00e9 sur le march\u00e9.<\/p>","protected":false},"featured_media":6708,"comment_status":"open","ping_status":"closed","template":"","meta":[],"product_brand":[],"product_cat":[87],"product_tag":[116,124],"class_list":{"0":"post-6722","1":"product","2":"type-product","3":"status-publish","4":"has-post-thumbnail","6":"product_cat-dried-fruit-packaging-bags-wholesale","7":"product_tag-stand-up-pouch-manufacturer","8":"product_tag-zipper-pouch-manufacturer","10":"first","11":"instock","12":"shipping-taxable","13":"product-type-simple"},"_links":{"self":[{"href":"https:\/\/www.hyflexpack.com\/fr\/wp-json\/wp\/v2\/product\/6722","targetHints":{"allow":["GET"]}}],"collection":[{"href":"https:\/\/www.hyflexpack.com\/fr\/wp-json\/wp\/v2\/product"}],"about":[{"href":"https:\/\/www.hyflexpack.com\/fr\/wp-json\/wp\/v2\/types\/product"}],"replies":[{"embeddable":true,"href":"https:\/\/www.hyflexpack.com\/fr\/wp-json\/wp\/v2\/comments?post=6722"}],"wp:featuredmedia":[{"embeddable":true,"href":"https:\/\/www.hyflexpack.com\/fr\/wp-json\/wp\/v2\/media\/6708"}],"wp:attachment":[{"href":"https:\/\/www.hyflexpack.com\/fr\/wp-json\/wp\/v2\/media?parent=6722"}],"wp:term":[{"taxonomy":"product_brand","embeddable":true,"href":"https:\/\/www.hyflexpack.com\/fr\/wp-json\/wp\/v2\/product_brand?post=6722"},{"taxonomy":"product_cat","embeddable":true,"href":"https:\/\/www.hyflexpack.com\/fr\/wp-json\/wp\/v2\/product_cat?post=6722"},{"taxonomy":"product_tag","embeddable":true,"href":"https:\/\/www.hyflexpack.com\/fr\/wp-json\/wp\/v2\/product_tag?post=6722"}],"curies":[{"name":"wp","href":"https:\/\/api.w.org\/{rel}","templated":true}]}}