{"id":6658,"date":"2025-05-26T17:45:59","date_gmt":"2025-05-26T17:45:59","guid":{"rendered":"https:\/\/www.hyflexpack.com\/?post_type=product&#038;p=6658"},"modified":"2025-05-26T17:46:02","modified_gmt":"2025-05-26T17:46:02","slug":"custom-bopp-cold-seal-film-packaging","status":"publish","type":"product","link":"https:\/\/www.hyflexpack.com\/fr\/product\/custom-bopp-cold-seal-film-packaging\/","title":{"rendered":"Emballage en film Bopp scell\u00e9 \u00e0 froid pour le chocolat et les snacks, emballage en feuille d'aluminium"},"content":{"rendered":"<div class=\"wp-block-columns is-layout-flex wp-container-core-columns-is-layout-9d6595d7 wp-block-columns-is-layout-flex\">\n<div class=\"wp-block-column is-layout-flow wp-block-column-is-layout-flow\">\n<h2 class=\"wp-block-heading\">Caract\u00e9ristiques de l'emballage sous film Bopp scell\u00e9 \u00e0 froid<\/h2>\n\n\n\n<ul class=\"wp-block-list\">\n<li><strong>Performance de la barri\u00e8re haute<\/strong>: Gr\u00e2ce \u00e0 notre savoir-faire en tant qu'entreprise d'emballage en feuilles d'aluminium, nous utilisons le processus de laminage des feuilles d'aluminium pour fabriquer des produits \u00e0 haut niveau de barri\u00e8re \u00e0 l'humidit\u00e9 et \u00e0 l'oxyg\u00e8ne (WVTR &lt;1g\/m\u00b2-24h) qui peuvent am\u00e9liorer de mani\u00e8re significative la dur\u00e9e de conservation des chocolats, des noix et autres snacks et les emp\u00eacher de se d\u00e9tremper en raison de l&#039;absorption de l&#039;humidit\u00e9.<\/li>\n\n\n\n<li><strong>Technologie de soudure \u00e0 froid, haute efficacit\u00e9 et \u00e9conomie d'\u00e9nergie<\/strong>: Ce film d'emballage \u00e0 froid en BOPP utilise la technologie de scellage par pression \u00e0 froid, qui d\u00e9marre la couche adh\u00e9sive \u00e0 froid par pression m\u00e9canique, sans n\u00e9cessiter de dispositifs de chauffage, pour \u00e9viter la destruction des aliments \u00e0 haute temp\u00e9rature (par exemple, la fonte du chocolat), et convient aux lignes de production \u00e0 grande vitesse de plus de 200 m\u00e8tres\/minute, ce qui repr\u00e9sente une \u00e9conomie d'\u00e9nergie et une r\u00e9duction de la consommation consid\u00e9rables.<\/li>\n\n\n\n<li><strong>Protection exceptionnelle<\/strong>: La structure composite offre une excellente protection contre l'humidit\u00e9, la poussi\u00e8re et les d\u00e9chirures, et conserve avec succ\u00e8s l'int\u00e9grit\u00e9 du produit tout au long du transport et du stockage, constituant ainsi une solution d'emballage tr\u00e8s efficace sous forme de film BOPP scell\u00e9 \u00e0 froid.<\/li>\n\n\n\n<li><strong>Des options respectueuses de l'environnement pour un d\u00e9veloppement durable : <\/strong>En tant que leader dans la production d'emballages en feuilles d'aluminium, nous promouvons des mat\u00e9riaux biod\u00e9gradables ou recyclables sur mesure et proposons diff\u00e9rentes \u00e9paisseurs de film pour aider nos clients \u00e0 r\u00e9duire les d\u00e9chets de mat\u00e9riaux, \u00e0 diminuer leur empreinte carbone et \u00e0 respecter les r\u00e9glementations environnementales internationales.<\/li>\n\n\n\n<li><strong>Un gain de place et un rangement pratiques<\/strong>: Les feuilles d'aluminium lamin\u00e9es scell\u00e9es \u00e0 froid de cette gamme sont disponibles sous forme de rouleaux, qui sont faciles \u00e0 manipuler et \u00e0 stocker, avec un gain de place au stockage, et conviennent parfaitement \u00e0 diverses applications d'emballage.<\/li>\n<\/ul>\n<\/div>\n\n\n\n<div class=\"wp-block-column is-layout-flow wp-block-column-is-layout-flow\">\n<figure class=\"wp-block-image size-full\"><img fetchpriority=\"high\" decoding=\"async\" width=\"750\" height=\"750\" src=\"https:\/\/www.hyflexpack.com\/wp-content\/uploads\/2025\/04\/Wholesale-Aluminum-Foil-Cold-Seal-Film5.webp\" alt=\"Emballage en film Bopp scell\u00e9 \u00e0 froid pour le chocolat\" class=\"wp-image-6656\" srcset=\"https:\/\/www.hyflexpack.com\/wp-content\/uploads\/2025\/04\/Wholesale-Aluminum-Foil-Cold-Seal-Film5.webp 750w, https:\/\/www.hyflexpack.com\/wp-content\/uploads\/2025\/04\/Wholesale-Aluminum-Foil-Cold-Seal-Film5-300x300.webp 300w, https:\/\/www.hyflexpack.com\/wp-content\/uploads\/2025\/04\/Wholesale-Aluminum-Foil-Cold-Seal-Film5-150x150.webp 150w, https:\/\/www.hyflexpack.com\/wp-content\/uploads\/2025\/04\/Wholesale-Aluminum-Foil-Cold-Seal-Film5-12x12.webp 12w, https:\/\/www.hyflexpack.com\/wp-content\/uploads\/2025\/04\/Wholesale-Aluminum-Foil-Cold-Seal-Film5-285x285.webp 285w, https:\/\/www.hyflexpack.com\/wp-content\/uploads\/2025\/04\/Wholesale-Aluminum-Foil-Cold-Seal-Film5-270x270.webp 270w, https:\/\/www.hyflexpack.com\/wp-content\/uploads\/2025\/04\/Wholesale-Aluminum-Foil-Cold-Seal-Film5-540x540.webp 540w, https:\/\/www.hyflexpack.com\/wp-content\/uploads\/2025\/04\/Wholesale-Aluminum-Foil-Cold-Seal-Film5-660x660.webp 660w\" sizes=\"(max-width: 750px) 100vw, 750px\" \/><\/figure>\n<\/div>\n<\/div>\n\n\n\n<p><\/p>","protected":false},"excerpt":{"rendered":"<p>D\u00e9couvrez l'emballage sous film BOPP scell\u00e9 \u00e0 froid pour le chocolat et les produits de grignotage. Cet emballage en feuille d'aluminium garantit la s\u00e9curit\u00e9 alimentaire, am\u00e9liore l'attrait en rayon et permet l'impression en quadrichromie. Il est r\u00e9sistant \u00e0 l'humidit\u00e9 et durable, convient aux cha\u00eenes de production automatis\u00e9es, permet de personnaliser les dimensions et r\u00e9pond aux besoins de la production de masse. Contactez-nous d\u00e8s aujourd'hui et laissez-nous personnaliser votre emballage alimentaire exclusif !<\/p>\n<h3>Avantages du film Bopp scell\u00e9 \u00e0 froid Fournisseur d'emballages<\/h3>\n<ul>\n<li>Conception personnalis\u00e9e : Nous proposons des services personnalis\u00e9s, y compris la personnalisation des mat\u00e9riaux, des dimensions et des motifs d'impression pour r\u00e9pondre aux besoins des clients, et nous prenons en charge les OEM et ODM.<\/li>\n<li>Fabrication : Adopter des lignes de production de composites et des syst\u00e8mes de contr\u00f4le automatique de pointe au niveau international pour garantir des processus de production efficaces et stables et une livraison dans les d\u00e9lais.<\/li>\n<li>Inspection de la qualit\u00e9 : Produire strictement en respectant les normes de qualit\u00e9 et les exigences en mati\u00e8re de s\u00e9curit\u00e9 alimentaire afin de s'assurer que les produits r\u00e9pondent aux normes.<\/li>\n<li>Service \u00e0 la client\u00e8le : Fournir une r\u00e9ponse rapide et un service \u00e0 la client\u00e8le attentionn\u00e9 24 heures par jour.<\/li>\n<li>\u00c9chantillons gratuits : Pr\u00e9parez de petits lots d'\u00e9chantillons pour que les clients puissent les essayer et les \u00e9valuer.<\/li>\n<\/ul>\n<p><strong>Huiyang Packaging<\/strong> s'engage \u00e0 fournir \u00e0 ses clients des emballages sous forme de film BOPP \u00e0 soudure \u00e0 froid de haute qualit\u00e9 afin de les aider \u00e0 am\u00e9liorer l'image de leurs produits et \u00e0 renforcer leur comp\u00e9titivit\u00e9 sur le march\u00e9.<\/p>","protected":false},"featured_media":6656,"comment_status":"open","ping_status":"closed","template":"","meta":[],"product_brand":[],"product_cat":[86,53],"product_tag":[],"class_list":{"0":"post-6658","1":"product","2":"type-product","3":"status-publish","4":"has-post-thumbnail","6":"product_cat-cold-seal-film","7":"product_cat-packaging-film-supplier","9":"first","10":"instock","11":"shipping-taxable","12":"product-type-simple"},"_links":{"self":[{"href":"https:\/\/www.hyflexpack.com\/fr\/wp-json\/wp\/v2\/product\/6658","targetHints":{"allow":["GET"]}}],"collection":[{"href":"https:\/\/www.hyflexpack.com\/fr\/wp-json\/wp\/v2\/product"}],"about":[{"href":"https:\/\/www.hyflexpack.com\/fr\/wp-json\/wp\/v2\/types\/product"}],"replies":[{"embeddable":true,"href":"https:\/\/www.hyflexpack.com\/fr\/wp-json\/wp\/v2\/comments?post=6658"}],"wp:featuredmedia":[{"embeddable":true,"href":"https:\/\/www.hyflexpack.com\/fr\/wp-json\/wp\/v2\/media\/6656"}],"wp:attachment":[{"href":"https:\/\/www.hyflexpack.com\/fr\/wp-json\/wp\/v2\/media?parent=6658"}],"wp:term":[{"taxonomy":"product_brand","embeddable":true,"href":"https:\/\/www.hyflexpack.com\/fr\/wp-json\/wp\/v2\/product_brand?post=6658"},{"taxonomy":"product_cat","embeddable":true,"href":"https:\/\/www.hyflexpack.com\/fr\/wp-json\/wp\/v2\/product_cat?post=6658"},{"taxonomy":"product_tag","embeddable":true,"href":"https:\/\/www.hyflexpack.com\/fr\/wp-json\/wp\/v2\/product_tag?post=6658"}],"curies":[{"name":"wp","href":"https:\/\/api.w.org\/{rel}","templated":true}]}}