{"id":6565,"date":"2025-04-09T19:11:27","date_gmt":"2025-04-09T19:11:27","guid":{"rendered":"https:\/\/www.hyflexpack.com\/?post_type=product&#038;p=6565"},"modified":"2025-04-09T19:11:30","modified_gmt":"2025-04-09T19:11:30","slug":"custom-halloween-chip-bags","status":"publish","type":"product","link":"https:\/\/www.hyflexpack.com\/fr\/product\/custom-halloween-chip-bags\/","title":{"rendered":"Sacs \u00e0 chips personnalis\u00e9s pour Halloween Mini Sachet en plastique avec feuille d'aluminium"},"content":{"rendered":"<div class=\"wp-block-columns is-layout-flex wp-container-core-columns-is-layout-9d6595d7 wp-block-columns-is-layout-flex\">\n<div class=\"wp-block-column is-layout-flow wp-block-column-is-layout-flow\">\n<h2 class=\"wp-block-heading\">Caract\u00e9ristiques des sacs de chips personnalis\u00e9s pour Halloween<\/h2>\n\n\n\n<ul class=\"wp-block-list\">\n<li>Nos sacs \u00e0 chips personnalis\u00e9s pour Halloween utilisent une structure composite multicouche de plastique et de feuille d'aluminium pour offrir d'excellentes propri\u00e9t\u00e9s de r\u00e9sistance \u00e0 l'humidit\u00e9 et \u00e0 l'oxyg\u00e8ne, ce qui permet de conserver la fra\u00eecheur et le croustillant des snacks. 2. Les \u00e9l\u00e9ments classiques d'Halloween tels que les citrouilles, les fant\u00f4mes, les chauves-souris, etc. peuvent \u00eatre imprim\u00e9s, supportant l'impression haute d\u00e9finition en couleur, avec des effets visuels exceptionnels. 3. La technologie de thermoscellage scelle fermement l'emballage pour emp\u00eacher les fuites d'air et l'humidit\u00e9, garantissant ainsi la s\u00e9curit\u00e9 du transport. 4. Diff\u00e9rentes tailles peuvent \u00eatre personnalis\u00e9es, et une vari\u00e9t\u00e9 d'options d'\u00e9paisseur permet de concevoir des motifs d'impression. 5. Convient \u00e0 toutes sortes de chips, d'emballages d'aliments souffl\u00e9s et d'en-cas \u00e0 base de noix.<\/li>\n<\/ul>\n<\/div>\n\n\n\n<div class=\"wp-block-column is-layout-flow wp-block-column-is-layout-flow\">\n<figure class=\"wp-block-image size-full\"><img fetchpriority=\"high\" decoding=\"async\" width=\"750\" height=\"750\" src=\"https:\/\/www.hyflexpack.com\/wp-content\/uploads\/2025\/03\/Custom-Halloween-Chip-Bags-1.webp\" alt=\"Sacs de chips personnalis\u00e9s pour Halloween\" class=\"wp-image-6538\" srcset=\"https:\/\/www.hyflexpack.com\/wp-content\/uploads\/2025\/03\/Custom-Halloween-Chip-Bags-1.webp 750w, https:\/\/www.hyflexpack.com\/wp-content\/uploads\/2025\/03\/Custom-Halloween-Chip-Bags-1-300x300.webp 300w, https:\/\/www.hyflexpack.com\/wp-content\/uploads\/2025\/03\/Custom-Halloween-Chip-Bags-1-150x150.webp 150w, https:\/\/www.hyflexpack.com\/wp-content\/uploads\/2025\/03\/Custom-Halloween-Chip-Bags-1-12x12.webp 12w, https:\/\/www.hyflexpack.com\/wp-content\/uploads\/2025\/03\/Custom-Halloween-Chip-Bags-1-285x285.webp 285w, https:\/\/www.hyflexpack.com\/wp-content\/uploads\/2025\/03\/Custom-Halloween-Chip-Bags-1-270x270.webp 270w, https:\/\/www.hyflexpack.com\/wp-content\/uploads\/2025\/03\/Custom-Halloween-Chip-Bags-1-540x540.webp 540w, https:\/\/www.hyflexpack.com\/wp-content\/uploads\/2025\/03\/Custom-Halloween-Chip-Bags-1-660x660.webp 660w\" sizes=\"(max-width: 750px) 100vw, 750px\" \/><\/figure>\n<\/div>\n<\/div>","protected":false},"excerpt":{"rendered":"<p>Nos sacs de chips personnalis\u00e9s pour Halloween sont des emballages exclusifs con\u00e7us sp\u00e9cialement pour Halloween. Ils sont fabriqu\u00e9s \u00e0 partir d'un mat\u00e9riau composite compos\u00e9 de plastique et de papier d'aluminium, qui est \u00e0 la fois beau et pratique. Le mini emballage est pratique pour la distribution lors des f\u00eates, et la couche d'aluminium emp\u00eache efficacement l'humidit\u00e9 et conserve la fra\u00eecheur, gardant les chips croustillantes. Il permet l'impression en couleur des th\u00e8mes d'Halloween (citrouilles, fant\u00f4mes, etc.) et peut \u00eatre personnalis\u00e9 en termes de taille et de m\u00e9thodes de fermeture. Il r\u00e9pond non seulement aux normes de s\u00e9curit\u00e9 alimentaire, mais permet \u00e9galement aux marques de mettre l'accent sur le marketing des f\u00eates de fin d'ann\u00e9e. C'est un choix qui attire l'attention pour les collations et les souvenirs de bonbons de la f\u00eate d'Halloween ! Contactez-nous d\u00e8s aujourd'hui pour obtenir un devis. Nous nous engageons \u00e0 fournir des solutions d'emballage de haute qualit\u00e9 et respectueuses de l'environnement. Avantages des sacs de chips d'Halloween personnalis\u00e9s de haute qualit\u00e9 \u25cfConception personnalis\u00e9e : Nous fournissons des services de sacs d'emballage personnalis\u00e9s, y compris la personnalisation du mat\u00e9riau, de la taille et du motif d'impression pour r\u00e9pondre aux besoins des clients, et soutenir OEM et ODM. \u25cfFabrication : Avec un \u00e9quipement et une technologie avanc\u00e9s, nous pouvons compl\u00e9ter la production des commandes efficacement et avec une qualit\u00e9 \u00e9lev\u00e9e, et livrer \u00e0 temps. \u25cf Inspection de la qualit\u00e9 : La production est effectu\u00e9e en stricte conformit\u00e9 avec les normes de qualit\u00e9 et les exigences en mati\u00e8re de s\u00e9curit\u00e9 alimentaire afin de garantir que les produits r\u00e9pondent aux normes. \u25cfService \u00e0 la client\u00e8le : Fournir une r\u00e9ponse rapide et un soutien attentionn\u00e9 au service \u00e0 la client\u00e8le 24 heures sur 24. \u25cf\u00c9chantillon gratuit : Fournir un service d'\u00e9chantillon gratuit pour que vous puissiez \u00e9valuer le produit. Huiyang Packaging s'engage \u00e0 fournir aux clients des sacs de puces d'Halloween personnalis\u00e9s de haute qualit\u00e9 pour aider les clients \u00e0 am\u00e9liorer leur image de produit et \u00e0 am\u00e9liorer leur comp\u00e9titivit\u00e9 sur le march\u00e9.<\/p>","protected":false},"featured_media":6538,"comment_status":"open","ping_status":"closed","template":"","meta":[],"product_brand":[],"product_cat":[57],"product_tag":[],"class_list":{"0":"post-6565","1":"product","2":"type-product","3":"status-publish","4":"has-post-thumbnail","6":"product_cat-snack-packaging-bags-wholesale","8":"first","9":"instock","10":"shipping-taxable","11":"product-type-simple"},"_links":{"self":[{"href":"https:\/\/www.hyflexpack.com\/fr\/wp-json\/wp\/v2\/product\/6565","targetHints":{"allow":["GET"]}}],"collection":[{"href":"https:\/\/www.hyflexpack.com\/fr\/wp-json\/wp\/v2\/product"}],"about":[{"href":"https:\/\/www.hyflexpack.com\/fr\/wp-json\/wp\/v2\/types\/product"}],"replies":[{"embeddable":true,"href":"https:\/\/www.hyflexpack.com\/fr\/wp-json\/wp\/v2\/comments?post=6565"}],"wp:featuredmedia":[{"embeddable":true,"href":"https:\/\/www.hyflexpack.com\/fr\/wp-json\/wp\/v2\/media\/6538"}],"wp:attachment":[{"href":"https:\/\/www.hyflexpack.com\/fr\/wp-json\/wp\/v2\/media?parent=6565"}],"wp:term":[{"taxonomy":"product_brand","embeddable":true,"href":"https:\/\/www.hyflexpack.com\/fr\/wp-json\/wp\/v2\/product_brand?post=6565"},{"taxonomy":"product_cat","embeddable":true,"href":"https:\/\/www.hyflexpack.com\/fr\/wp-json\/wp\/v2\/product_cat?post=6565"},{"taxonomy":"product_tag","embeddable":true,"href":"https:\/\/www.hyflexpack.com\/fr\/wp-json\/wp\/v2\/product_tag?post=6565"}],"curies":[{"name":"wp","href":"https:\/\/api.w.org\/{rel}","templated":true}]}}