{"id":6562,"date":"2025-03-27T08:48:56","date_gmt":"2025-03-27T08:48:56","guid":{"rendered":"https:\/\/www.hyflexpack.com\/?post_type=product&#038;p=6562"},"modified":"2025-10-27T08:49:27","modified_gmt":"2025-10-27T08:49:27","slug":"bulk-mini-chip-bags-factory","status":"publish","type":"product","link":"https:\/\/www.hyflexpack.com\/fr\/product\/bulk-mini-chip-bags-factory\/","title":{"rendered":"Sacs \u00e0 puces miniatures en vrac en plastique avec feuille d'aluminium, scell\u00e9s \u00e0 l'arri\u00e8re Factory"},"content":{"rendered":"<div class=\"wp-block-columns is-layout-flex wp-container-core-columns-is-layout-9d6595d7 wp-block-columns-is-layout-flex\">\n<div class=\"wp-block-column is-layout-flow wp-block-column-is-layout-flow\">\n<h2 class=\"wp-block-heading\">Sacs \u00e0 puces miniatures en vrac personnalis\u00e9s Caract\u00e9ristiques :<\/h2>\n\n\n\n<ul class=\"wp-block-list\">\n<li><strong>Structure composite multicouche pour une fra\u00eecheur optimale :<\/strong> Nos sachets de mini chips en vrac sont dot\u00e9s d'un film plastique et d'une feuille d'aluminium haut de gamme qui offrent une meilleure protection. Ce mat\u00e9riau de pointe scelle parfaitement vos snacks, emp\u00eachant l'oxyg\u00e8ne, l'humidit\u00e9 et la lumi\u00e8re d'y p\u00e9n\u00e9trer et d'en g\u00e2cher le croquant et la saveur.<\/li>\n\n\n\n<li><strong>Couche sup\u00e9rieure de feuille d'aluminium r\u00e9sistante \u00e0 l'humidit\u00e9 :<\/strong> Le rev\u00eatement en feuille d'aluminium de ces emballages de mini chips en vrac assure une protection de premier ordre contre l'humidit\u00e9, ce qui prolonge consid\u00e9rablement la dur\u00e9e de conservation des chips, biscuits et autres aliments \u00e0 grignoter tout en leur conservant leur saveur et leur texture d'origine.<\/li>\n\n\n\n<li><strong>Technologie de joint arri\u00e8re \u00e9tanche :<\/strong> Fabriqu\u00e9 par un fabricant professionnel de sachets scell\u00e9s \u00e0 l'arri\u00e8re, chaque sachet est dot\u00e9 d'une technologie avanc\u00e9e de scellage \u00e0 l'arri\u00e8re, avec un scellage de haute pr\u00e9cision, une meilleure performance de scellage, une pr\u00e9vention des fuites et la s\u00e9curit\u00e9 du produit lors du transport et de l'entreposage.<\/li>\n\n\n\n<li><strong>Emballage l\u00e9ger et portable pour les snacks : <\/strong>Con\u00e7us dans un souci de commodit\u00e9, ces sachets de chips compacts sont l\u00e9gers et faciles \u00e0 transporter. Ils sont id\u00e9aux pour l'emballage de portions individuelles, la pr\u00e9sentation en rayon dans les magasins ou les paquets de snacks promotionnels.<\/li>\n\n\n\n<li><strong>Design enti\u00e8rement personnalisable :<\/strong> En tant que fabricant commercial de sachets \u00e0 soudure arri\u00e8re, il est possible de personnaliser les sachets (OEM\/ODM) en fonction de la taille, de la couleur, de l'impression et de la s\u00e9lection des mat\u00e9riaux, afin de r\u00e9pondre \u00e0 votre strat\u00e9gie de marque et de marketing.<\/li>\n\n\n\n<li><strong>Production respectueuse de l'environnement et approvisionnement de l'usine<\/strong>: Fabriqu\u00e9s \u00e0 partir de mat\u00e9riaux lamin\u00e9s recyclables, ces emballages s'inscrivent dans la tendance verte tout en garantissant une protection maximale et un prix abordable pour les acheteurs en gros. positionnement.<\/li>\n<\/ul>\n<\/div>\n\n\n\n<div class=\"wp-block-column is-layout-flow wp-block-column-is-layout-flow\">\n<figure class=\"wp-block-image size-full\"><img fetchpriority=\"high\" decoding=\"async\" width=\"750\" height=\"750\" src=\"https:\/\/www.hyflexpack.com\/wp-content\/uploads\/2025\/10\/Bulk-Mini-Chip-Bags-Back-Seal-Pouch-Factory.webp\" alt=\"Bulk Mini Chip Bags Back Seal Pouch Factory\" class=\"wp-image-8270\" srcset=\"https:\/\/www.hyflexpack.com\/wp-content\/uploads\/2025\/10\/Bulk-Mini-Chip-Bags-Back-Seal-Pouch-Factory.webp 750w, https:\/\/www.hyflexpack.com\/wp-content\/uploads\/2025\/10\/Bulk-Mini-Chip-Bags-Back-Seal-Pouch-Factory-300x300.webp 300w, https:\/\/www.hyflexpack.com\/wp-content\/uploads\/2025\/10\/Bulk-Mini-Chip-Bags-Back-Seal-Pouch-Factory-150x150.webp 150w, https:\/\/www.hyflexpack.com\/wp-content\/uploads\/2025\/10\/Bulk-Mini-Chip-Bags-Back-Seal-Pouch-Factory-12x12.webp 12w, https:\/\/www.hyflexpack.com\/wp-content\/uploads\/2025\/10\/Bulk-Mini-Chip-Bags-Back-Seal-Pouch-Factory-285x285.webp 285w, https:\/\/www.hyflexpack.com\/wp-content\/uploads\/2025\/10\/Bulk-Mini-Chip-Bags-Back-Seal-Pouch-Factory-270x270.webp 270w, https:\/\/www.hyflexpack.com\/wp-content\/uploads\/2025\/10\/Bulk-Mini-Chip-Bags-Back-Seal-Pouch-Factory-540x540.webp 540w, https:\/\/www.hyflexpack.com\/wp-content\/uploads\/2025\/10\/Bulk-Mini-Chip-Bags-Back-Seal-Pouch-Factory-660x660.webp 660w\" sizes=\"(max-width: 750px) 100vw, 750px\" \/><\/figure>\n<\/div>\n<\/div>\n\n\n\n<p><\/p>","protected":false},"excerpt":{"rendered":"<p>Notre <strong data-start=\"1782\" data-end=\"1805\">sachets de chips en vrac<\/strong> sont dot\u00e9s d'une pellicule multicouche qui en garantit la fra\u00eecheur et la durabilit\u00e9. En tant que <strong data-start=\"1885\" data-end=\"1912\">pochette de scellement \u00e0 l'arri\u00e8re usine<\/strong>, Pour r\u00e9pondre \u00e0 vos besoins en mati\u00e8re d'emballage de snacks, nous proposons une conception et des \u00e9chantillons gratuits, ainsi que des prix de gros directs pour l'usine.<\/p>\n<h3>Fournisseur de mini sacs de chips en vrac personnalis\u00e9s Avantages :<\/h3>\n<ul>\n<li><strong>Conception personnalis\u00e9e :<\/strong>\u00a0Nous proposons des services personnalis\u00e9s, y compris la personnalisation des mat\u00e9riaux, des dimensions et des motifs d'impression pour r\u00e9pondre aux besoins des clients, et nous prenons en charge les OEM et ODM.<\/li>\n<li><strong>Fabrication :<\/strong>\u00a0Gr\u00e2ce \u00e0 un \u00e9quipement et \u00e0 une technologie de pointe, nous pouvons r\u00e9aliser la production des commandes de mani\u00e8re efficace et avec une qualit\u00e9 \u00e9lev\u00e9e, et nous pouvons livrer dans les d\u00e9lais impartis.<\/li>\n<li><strong>Inspection de la qualit\u00e9 :<\/strong>\u00a0La production est r\u00e9alis\u00e9e dans le strict respect des normes de qualit\u00e9 et des exigences en mati\u00e8re de s\u00e9curit\u00e9 alimentaire afin de garantir que les produits r\u00e9pondent aux normes.<\/li>\n<li><strong>Certification\uff1a<\/strong>\u00a0FDA\/BRC\/ISO 9001\/RoHS<\/li>\n<li><strong>Service \u00e0 la client\u00e8le :<\/strong>\u00a024 heures pour fournir une r\u00e9ponse rapide et un service client\u00e8le attentionn\u00e9.<\/li>\n<li><strong>\u00c9chantillon gratuit :<\/strong> Nous proposons un service d'\u00e9chantillonnage gratuit pour vous aider \u00e0 \u00e9valuer le produit.<\/li>\n<\/ul>\n<p><strong>Huiyang Packaging<\/strong>\u00a0s'engage \u00e0 fournir \u00e0 ses clients\u00a0<strong>de qualit\u00e9 alimentaire<\/strong> <strong data-start=\"1782\" data-end=\"1805\">sachets de chips en vrac<\/strong>\u00a0aider les clients \u00e0 am\u00e9liorer l'image de leurs produits et \u00e0 renforcer leur comp\u00e9titivit\u00e9 sur le march\u00e9.<\/p>","protected":false},"featured_media":8273,"comment_status":"open","ping_status":"closed","template":"","meta":[],"product_brand":[],"product_cat":[57,51],"product_tag":[],"class_list":{"0":"post-6562","1":"product","2":"type-product","3":"status-publish","4":"has-post-thumbnail","6":"product_cat-snack-packaging-bags-wholesale","7":"product_cat-custom-food-packaging-bags","9":"first","10":"instock","11":"shipping-taxable","12":"product-type-simple"},"_links":{"self":[{"href":"https:\/\/www.hyflexpack.com\/fr\/wp-json\/wp\/v2\/product\/6562","targetHints":{"allow":["GET"]}}],"collection":[{"href":"https:\/\/www.hyflexpack.com\/fr\/wp-json\/wp\/v2\/product"}],"about":[{"href":"https:\/\/www.hyflexpack.com\/fr\/wp-json\/wp\/v2\/types\/product"}],"replies":[{"embeddable":true,"href":"https:\/\/www.hyflexpack.com\/fr\/wp-json\/wp\/v2\/comments?post=6562"}],"wp:featuredmedia":[{"embeddable":true,"href":"https:\/\/www.hyflexpack.com\/fr\/wp-json\/wp\/v2\/media\/8273"}],"wp:attachment":[{"href":"https:\/\/www.hyflexpack.com\/fr\/wp-json\/wp\/v2\/media?parent=6562"}],"wp:term":[{"taxonomy":"product_brand","embeddable":true,"href":"https:\/\/www.hyflexpack.com\/fr\/wp-json\/wp\/v2\/product_brand?post=6562"},{"taxonomy":"product_cat","embeddable":true,"href":"https:\/\/www.hyflexpack.com\/fr\/wp-json\/wp\/v2\/product_cat?post=6562"},{"taxonomy":"product_tag","embeddable":true,"href":"https:\/\/www.hyflexpack.com\/fr\/wp-json\/wp\/v2\/product_tag?post=6562"}],"curies":[{"name":"wp","href":"https:\/\/api.w.org\/{rel}","templated":true}]}}