{"id":6537,"date":"2025-03-27T08:23:06","date_gmt":"2025-03-27T08:23:06","guid":{"rendered":"https:\/\/www.hyflexpack.com\/?post_type=product&#038;p=6537"},"modified":"2025-10-27T08:37:45","modified_gmt":"2025-10-27T08:37:45","slug":"oem-egg-roll-packaging-bag-wholesaler","status":"publish","type":"product","link":"https:\/\/www.hyflexpack.com\/fr\/product\/oem-egg-roll-packaging-bag-wholesaler\/","title":{"rendered":"OEM Egg Roll Packaging Bag, Recycled Stand Up Zipper Pouches Wholesaler"},"content":{"rendered":"<div class=\"wp-block-columns is-layout-flex wp-container-core-columns-is-layout-9d6595d7 wp-block-columns-is-layout-flex\">\n<div class=\"wp-block-column is-layout-flow wp-block-column-is-layout-flow\">\n<h2 class=\"wp-block-heading\">Sac d'emballage pour p\u00e2t\u00e9s imp\u00e9riaux OEM Caract\u00e9ristiques : <\/h2>\n\n\n\n<ul class=\"wp-block-list\">\n<li><strong>Mat\u00e9riaux recyclables respectueux de l'environnement :<\/strong> Nos emballages de nems OEM sont fabriqu\u00e9s \u00e0 partir de films lamin\u00e9s recyclables, ce qui permet de r\u00e9duire le gaspillage des ressources et de soutenir les objectifs de d\u00e9veloppement durable.<\/li>\n\n\n\n<li><strong>Protection de qualit\u00e9 alimentaire \u00e0 haute barri\u00e8re :<\/strong> Fabriqu\u00e9 \u00e0 partir de mat\u00e9riaux de haute qualit\u00e9 tels que le PET, le PE et le papier d'aluminium, cet emballage OEM pour nems offre une excellente r\u00e9sistance \u00e0 l'humidit\u00e9, \u00e0 l'oxyg\u00e8ne et aux odeurs, ce qui permet \u00e0 vos nems de rester secs, croustillants et frais plus longtemps.<\/li>\n\n\n\n<li><strong>Conception stable pour l'affichage : <\/strong>Le fond renforc\u00e9 permet \u00e0 la pochette de se tenir debout, ce qui la rend plus pratique pour am\u00e9liorer la pr\u00e9sentation et la visibilit\u00e9 du produit en magasin et \u00e0 la maison.<\/li>\n\n\n\n<li><strong>Fermeture \u00e0 glissi\u00e8re facilement refermable : <\/strong>Ces sachets s'ouvrent et se referment facilement gr\u00e2ce \u00e0 une fermeture \u00e0 glissi\u00e8re fiable, ce qui garantit l'\u00e9tanch\u00e9it\u00e9 \u00e0 l'humidit\u00e9 et aux fuites pour une meilleure conservation des produits.<\/li>\n\n\n\n<li><strong>Options personnalis\u00e9es de Stand Up Zipper Pouches Wholesale :<\/strong> En tant que grossiste professionnel de pochettes \u00e0 fermeture \u00e9clair, nous fournissons des combinaisons personnalis\u00e9es de tailles, d'impressions et de mat\u00e9riaux afin d'assurer l'efficacit\u00e9 de l'emballage de vos produits et la promotion de votre marque dans toute la mesure du possible.<\/li>\n\n\n\n<li><strong>Eco-Friendly &amp; High-Quality Factory Supply :<\/strong> Gr\u00e2ce \u00e0 des lignes de production modernes et \u00e0 un contr\u00f4le de qualit\u00e9 strict, notre \u00e9quipe de grossistes en pochettes \u00e0 fermeture \u00e9clair assure une qualit\u00e9 stable, une livraison dans les d\u00e9lais et des solutions d'emballage respectueuses de l'environnement.<\/li>\n<\/ul>\n<\/div>\n\n\n\n<div class=\"wp-block-column is-layout-flow wp-block-column-is-layout-flow\">\n<figure class=\"wp-block-image size-full\"><img fetchpriority=\"high\" decoding=\"async\" width=\"750\" height=\"750\" src=\"https:\/\/www.hyflexpack.com\/wp-content\/uploads\/2025\/03\/OEM-Egg-Roll-Packaging-Bag-1.webp\" alt=\"Sac d&#039;emballage pour p\u00e2t\u00e9s imp\u00e9riaux OEM \" class=\"wp-image-6558\" srcset=\"https:\/\/www.hyflexpack.com\/wp-content\/uploads\/2025\/03\/OEM-Egg-Roll-Packaging-Bag-1.webp 750w, https:\/\/www.hyflexpack.com\/wp-content\/uploads\/2025\/03\/OEM-Egg-Roll-Packaging-Bag-1-300x300.webp 300w, https:\/\/www.hyflexpack.com\/wp-content\/uploads\/2025\/03\/OEM-Egg-Roll-Packaging-Bag-1-150x150.webp 150w, https:\/\/www.hyflexpack.com\/wp-content\/uploads\/2025\/03\/OEM-Egg-Roll-Packaging-Bag-1-12x12.webp 12w, https:\/\/www.hyflexpack.com\/wp-content\/uploads\/2025\/03\/OEM-Egg-Roll-Packaging-Bag-1-285x285.webp 285w, https:\/\/www.hyflexpack.com\/wp-content\/uploads\/2025\/03\/OEM-Egg-Roll-Packaging-Bag-1-270x270.webp 270w, https:\/\/www.hyflexpack.com\/wp-content\/uploads\/2025\/03\/OEM-Egg-Roll-Packaging-Bag-1-540x540.webp 540w, https:\/\/www.hyflexpack.com\/wp-content\/uploads\/2025\/03\/OEM-Egg-Roll-Packaging-Bag-1-660x660.webp 660w\" sizes=\"(max-width: 750px) 100vw, 750px\" \/><\/figure>\n<\/div>\n<\/div>\n\n\n\n<p><\/p>","protected":false},"excerpt":{"rendered":"<p data-start=\"1592\" data-end=\"1833\">Am\u00e9liorez votre emballage avec notre <strong data-start=\"1624\" data-end=\"1650\">Emballage pour nems OEM<\/strong> en films lamin\u00e9s respectueux de l'environnement et \u00e0 haute barri\u00e8re. En tant que professionnel <strong data-start=\"1721\" data-end=\"1759\">grossiste en pochettes \u00e0 fermeture \u00e0 glissi\u00e8re<\/strong>, Nous proposons une conception et des \u00e9chantillons gratuits, ainsi que des prix de gros directs.<\/p>\n<h3>Avantages du grossiste en pochettes \u00e0 glissi\u00e8re<\/h3>\n<ul>\n<li><strong>Conception personnalis\u00e9e :<\/strong>\u00a0Nous proposons des services personnalis\u00e9s, y compris la personnalisation des mat\u00e9riaux, des dimensions et des motifs d'impression pour r\u00e9pondre aux besoins des clients, et nous prenons en charge les OEM et ODM.<\/li>\n<li><strong>Fabrication :<\/strong>\u00a0Gr\u00e2ce \u00e0 un \u00e9quipement et \u00e0 une technologie de pointe, nous pouvons r\u00e9aliser la production des commandes de mani\u00e8re efficace et avec une qualit\u00e9 \u00e9lev\u00e9e, et nous pouvons livrer dans les d\u00e9lais impartis.<\/li>\n<li><strong>Inspection de la qualit\u00e9 :<\/strong>\u00a0La production est r\u00e9alis\u00e9e dans le strict respect des normes de qualit\u00e9 et des exigences en mati\u00e8re de s\u00e9curit\u00e9 alimentaire afin de garantir que les produits r\u00e9pondent aux normes.<\/li>\n<li><strong>Certification\uff1a<\/strong>\u00a0FDA\/BRC\/ISO 9001\/RoHS<\/li>\n<li><strong>Service \u00e0 la client\u00e8le :<\/strong>\u00a024 heures pour fournir une r\u00e9ponse rapide et un service client\u00e8le attentionn\u00e9.<\/li>\n<li><strong>\u00c9chantillon gratuit :<\/strong>\u00a0Nous proposons un service d'\u00e9chantillonnage gratuit pour vous aider \u00e0 \u00e9valuer le produit.<\/li>\n<li><strong class=\"skrollable skrollable-between\" data-start=\"895\" data-end=\"917\">Prix comp\u00e9titif :<\/strong>\u00a0Gr\u00e2ce \u00e0 une capacit\u00e9 de production \u00e0 grande \u00e9chelle et \u00e0 une gestion rentable, nous proposons des prix comp\u00e9titifs sans compromettre la qualit\u00e9 des produits.<\/li>\n<\/ul>\n<p><a href=\"https:\/\/www.hyflexpack.com\/fr\/\"><strong>Huiyang Packaging<\/strong><\/a>\u00a0s'engage \u00e0 fournir \u00e0 ses clients\u00a0<strong>de qualit\u00e9 alimentaire<\/strong><strong class=\"skrollable skrollable-between\" data-start=\"184\" data-end=\"214\">\u00a0<strong data-start=\"1624\" data-end=\"1650\">sacs d'emballage pour nems<\/strong><\/strong>\u00a0aider les clients \u00e0 am\u00e9liorer l'image de leurs produits et \u00e0 renforcer leur comp\u00e9titivit\u00e9 sur le march\u00e9.<\/p>","protected":false},"featured_media":6558,"comment_status":"open","ping_status":"closed","template":"","meta":[],"product_brand":[],"product_cat":[60,51,88,57],"product_tag":[],"class_list":{"0":"post-6537","1":"product","2":"type-product","3":"status-publish","4":"has-post-thumbnail","6":"product_cat-custom-frozen-food-packaging","7":"product_cat-custom-food-packaging-bags","8":"product_cat-roast-chicken-packaging-bag","9":"product_cat-snack-packaging-bags-wholesale","11":"first","12":"instock","13":"shipping-taxable","14":"product-type-simple"},"_links":{"self":[{"href":"https:\/\/www.hyflexpack.com\/fr\/wp-json\/wp\/v2\/product\/6537","targetHints":{"allow":["GET"]}}],"collection":[{"href":"https:\/\/www.hyflexpack.com\/fr\/wp-json\/wp\/v2\/product"}],"about":[{"href":"https:\/\/www.hyflexpack.com\/fr\/wp-json\/wp\/v2\/types\/product"}],"replies":[{"embeddable":true,"href":"https:\/\/www.hyflexpack.com\/fr\/wp-json\/wp\/v2\/comments?post=6537"}],"wp:featuredmedia":[{"embeddable":true,"href":"https:\/\/www.hyflexpack.com\/fr\/wp-json\/wp\/v2\/media\/6558"}],"wp:attachment":[{"href":"https:\/\/www.hyflexpack.com\/fr\/wp-json\/wp\/v2\/media?parent=6537"}],"wp:term":[{"taxonomy":"product_brand","embeddable":true,"href":"https:\/\/www.hyflexpack.com\/fr\/wp-json\/wp\/v2\/product_brand?post=6537"},{"taxonomy":"product_cat","embeddable":true,"href":"https:\/\/www.hyflexpack.com\/fr\/wp-json\/wp\/v2\/product_cat?post=6537"},{"taxonomy":"product_tag","embeddable":true,"href":"https:\/\/www.hyflexpack.com\/fr\/wp-json\/wp\/v2\/product_tag?post=6537"}],"curies":[{"name":"wp","href":"https:\/\/api.w.org\/{rel}","templated":true}]}}