{"id":6496,"date":"2025-04-10T18:57:22","date_gmt":"2025-04-10T18:57:22","guid":{"rendered":"https:\/\/www.hyflexpack.com\/?post_type=product&#038;p=6496"},"modified":"2025-04-10T18:57:26","modified_gmt":"2025-04-10T18:57:26","slug":"custom-shrink-film-packaging","status":"publish","type":"product","link":"https:\/\/www.hyflexpack.com\/fr\/product\/custom-shrink-film-packaging\/","title":{"rendered":"Film thermor\u00e9tractable personnalis\u00e9 Emballage Logo Imprim\u00e9 Film PVC Thermor\u00e9tractable Vente en Gros en Tendance"},"content":{"rendered":"<div class=\"wp-block-columns is-layout-flex wp-container-core-columns-is-layout-9d6595d7 wp-block-columns-is-layout-flex\">\n<div class=\"wp-block-column is-layout-flow wp-block-column-is-layout-flow\">\n<h2 class=\"wp-block-heading\">Caract\u00e9ristiques du film r\u00e9tractable sur mesure<\/h2>\n\n\n\n<ul class=\"wp-block-list\">\n<li>Ce film r\u00e9tractable personnalis\u00e9 peut imprimer avec pr\u00e9cision des logos et des motifs exclusifs en fonction de vos besoins particuliers afin de cr\u00e9er une image de marque unique.<\/li>\n\n\n\n<li>En ce qui concerne le mat\u00e9riau, un PVC de haute qualit\u00e9 est s\u00e9lectionn\u00e9, qui pr\u00e9sente une excellente r\u00e9sistance et d'excellentes performances en mati\u00e8re de r\u00e9traction \u00e0 la chaleur. Apr\u00e8s r\u00e9traction, il enveloppe \u00e9troitement le produit pour assurer une protection stable. 3. En termes de taille, il est extr\u00eamement flexible. Quelles que soient la taille et la forme du produit, il peut \u00eatre personnalis\u00e9 pour s'adapter aux sp\u00e9cifications et garantir un ajustement parfait. 4. Nous proposons \u00e9galement des options respectueuses de l'environnement. Tout en r\u00e9pondant \u00e0 la fonctionnalit\u00e9 de l'emballage, nous r\u00e9pondons activement au concept de protection de l'environnement et aidons les entreprises \u00e0 pratiquer le d\u00e9veloppement vert. Il s'agit d'une solution d'emballage de haute qualit\u00e9 qui tient compte des besoins de personnalisation, des fonctions pratiques et de la responsabilit\u00e9 environnementale.<\/li>\n<\/ul>\n<\/div>\n\n\n\n<div class=\"wp-block-column is-layout-flow wp-block-column-is-layout-flow\">\n<figure class=\"wp-block-image size-full\"><img fetchpriority=\"high\" decoding=\"async\" width=\"750\" height=\"750\" src=\"https:\/\/www.hyflexpack.com\/wp-content\/uploads\/2025\/03\/Custom-Shrink-Film-1-1.webp\" alt=\"Fournisseur d&#039;emballages sous film r\u00e9tractable sur mesure\" class=\"wp-image-6510\" srcset=\"https:\/\/www.hyflexpack.com\/wp-content\/uploads\/2025\/03\/Custom-Shrink-Film-1-1.webp 750w, https:\/\/www.hyflexpack.com\/wp-content\/uploads\/2025\/03\/Custom-Shrink-Film-1-1-300x300.webp 300w, https:\/\/www.hyflexpack.com\/wp-content\/uploads\/2025\/03\/Custom-Shrink-Film-1-1-150x150.webp 150w, https:\/\/www.hyflexpack.com\/wp-content\/uploads\/2025\/03\/Custom-Shrink-Film-1-1-12x12.webp 12w, https:\/\/www.hyflexpack.com\/wp-content\/uploads\/2025\/03\/Custom-Shrink-Film-1-1-285x285.webp 285w, https:\/\/www.hyflexpack.com\/wp-content\/uploads\/2025\/03\/Custom-Shrink-Film-1-1-270x270.webp 270w, https:\/\/www.hyflexpack.com\/wp-content\/uploads\/2025\/03\/Custom-Shrink-Film-1-1-540x540.webp 540w, https:\/\/www.hyflexpack.com\/wp-content\/uploads\/2025\/03\/Custom-Shrink-Film-1-1-660x660.webp 660w\" sizes=\"(max-width: 750px) 100vw, 750px\" \/><\/figure>\n<\/div>\n<\/div>\n\n\n\n<p><\/p>","protected":false},"excerpt":{"rendered":"<p>Notre film r\u00e9tractable personnalis\u00e9 est fabriqu\u00e9 en PVC de haute qualit\u00e9 avec d'excellentes performances de r\u00e9traction, qui s'adapte parfaitement au produit et lui conf\u00e8re une belle apparence. La technologie d'impression avanc\u00e9e rend les logos et les motifs clairs, brillants et durables, ce qui am\u00e9liore consid\u00e9rablement la reconnaissance de la marque. Excellente protection, \u00e0 l'\u00e9preuve de l'humidit\u00e9, de la poussi\u00e8re et des rayures, protection compl\u00e8te des produits. Contactez-nous d\u00e8s aujourd'hui et laissez-nous personnaliser votre propre emballage alimentaire ! Avantages du film r\u00e9tractable personnalis\u00e9 de haute qualit\u00e9 \u25cfConception personnalis\u00e9e : Nous fournissons des services personnalis\u00e9s, y compris la personnalisation du mat\u00e9riau, de la taille et du motif d'impression pour r\u00e9pondre aux besoins des clients, et soutenons OEM et ODM. \u25cfFabrication : Adopter des lignes de production composites internationalement avanc\u00e9es et des syst\u00e8mes de contr\u00f4le automatique pour assurer des processus de production efficaces et stables et une livraison dans les d\u00e9lais. \u25cf Inspection de la qualit\u00e9 : Produire strictement selon les normes de qualit\u00e9 et les exigences de s\u00e9curit\u00e9 alimentaire pour s'assurer que les produits r\u00e9pondent aux normes. \u25cfService \u00e0 la client\u00e8le : Fournir une r\u00e9ponse rapide et un soutien attentionn\u00e9 au service \u00e0 la client\u00e8le 24 heures sur 24. \u25cf\u00c9chantillons gratuits : Faire des \u00e9chantillons de petits lots pour les clients \u00e0 essayer et \u00e0 \u00e9valuer Huiyang Packaging s'engage \u00e0 fournir aux clients des films r\u00e9tractables personnalis\u00e9s de haute qualit\u00e9 pour aider les clients \u00e0 am\u00e9liorer leur image de produit et \u00e0 am\u00e9liorer leur comp\u00e9titivit\u00e9 sur le march\u00e9.<\/p>","protected":false},"featured_media":6510,"comment_status":"open","ping_status":"closed","template":"","meta":[],"product_brand":[],"product_cat":[53,84],"product_tag":[],"class_list":{"0":"post-6496","1":"product","2":"type-product","3":"status-publish","4":"has-post-thumbnail","6":"product_cat-packaging-film-supplier","7":"product_cat-shrink-sleeve-film","9":"first","10":"instock","11":"shipping-taxable","12":"product-type-simple"},"_links":{"self":[{"href":"https:\/\/www.hyflexpack.com\/fr\/wp-json\/wp\/v2\/product\/6496","targetHints":{"allow":["GET"]}}],"collection":[{"href":"https:\/\/www.hyflexpack.com\/fr\/wp-json\/wp\/v2\/product"}],"about":[{"href":"https:\/\/www.hyflexpack.com\/fr\/wp-json\/wp\/v2\/types\/product"}],"replies":[{"embeddable":true,"href":"https:\/\/www.hyflexpack.com\/fr\/wp-json\/wp\/v2\/comments?post=6496"}],"wp:featuredmedia":[{"embeddable":true,"href":"https:\/\/www.hyflexpack.com\/fr\/wp-json\/wp\/v2\/media\/6510"}],"wp:attachment":[{"href":"https:\/\/www.hyflexpack.com\/fr\/wp-json\/wp\/v2\/media?parent=6496"}],"wp:term":[{"taxonomy":"product_brand","embeddable":true,"href":"https:\/\/www.hyflexpack.com\/fr\/wp-json\/wp\/v2\/product_brand?post=6496"},{"taxonomy":"product_cat","embeddable":true,"href":"https:\/\/www.hyflexpack.com\/fr\/wp-json\/wp\/v2\/product_cat?post=6496"},{"taxonomy":"product_tag","embeddable":true,"href":"https:\/\/www.hyflexpack.com\/fr\/wp-json\/wp\/v2\/product_tag?post=6496"}],"curies":[{"name":"wp","href":"https:\/\/api.w.org\/{rel}","templated":true}]}}