{"id":6423,"date":"2025-03-14T10:09:17","date_gmt":"2025-03-14T10:09:17","guid":{"rendered":"https:\/\/www.hyflexpack.com\/?post_type=product&#038;p=6423"},"modified":"2025-03-14T10:09:19","modified_gmt":"2025-03-14T10:09:19","slug":"custom-coffee-bean-bags-wholesale","status":"publish","type":"product","link":"https:\/\/www.hyflexpack.com\/fr\/product\/custom-coffee-bean-bags-wholesale\/","title":{"rendered":"Sacs de grains de caf\u00e9 personnalis\u00e9s Sac en papier kraft en gros Sac en plastique Stand Up avec valve"},"content":{"rendered":"<div class=\"wp-block-columns is-layout-flex wp-container-core-columns-is-layout-9d6595d7 wp-block-columns-is-layout-flex\">\n<div class=\"wp-block-column is-layout-flow wp-block-column-is-layout-flow\">\n<h2 class=\"wp-block-heading\">Caract\u00e9ristiques des sacs de grains de caf\u00e9 personnalis\u00e9s avec valve<\/h2>\n\n\n\n<ul class=\"wp-block-list\">\n<li>Mat\u00e9riaux respectueux de l'environnement : Notre sac de grains de caf\u00e9 personnalis\u00e9 avec valve est fabriqu\u00e9 en poly\u00e9thyl\u00e8ne haute densit\u00e9 (PEHD) de qualit\u00e9 alimentaire ou en papier aluminium et kraft pour garantir l'\u00e9tanch\u00e9it\u00e9 et la durabilit\u00e9 du sac. <\/li>\n\n\n\n<li>Le sac est \u00e9quip\u00e9 d'une valve d'air pour faciliter le contr\u00f4le de la pression de l'air pendant l'infusion et garantir la saveur et la solubilit\u00e9 des grains de caf\u00e9. <\/li>\n\n\n\n<li>Fermeture \u00e0 glissi\u00e8re : La fermeture \u00e0 glissi\u00e8re int\u00e9gr\u00e9e est pratique pour ouvrir la fermeture plusieurs fois et garder le caf\u00e9 au sec et en s\u00e9curit\u00e9. <\/li>\n\n\n\n<li>Fournir une vari\u00e9t\u00e9 de mod\u00e8les de sacs : Personnaliser le type de sac en fonction du positionnement sur le march\u00e9.<\/li>\n<\/ul>\n<\/div>\n\n\n\n<div class=\"wp-block-column is-layout-flow wp-block-column-is-layout-flow\">\n<figure class=\"wp-block-image size-full\"><img fetchpriority=\"high\" decoding=\"async\" width=\"750\" height=\"750\" src=\"https:\/\/www.hyflexpack.com\/wp-content\/uploads\/2025\/03\/3424.jpg\" alt=\"Sac \u00e0 caf\u00e9 personnalis\u00e9 avec valve\" class=\"wp-image-6403\" srcset=\"https:\/\/www.hyflexpack.com\/wp-content\/uploads\/2025\/03\/3424.jpg 750w, https:\/\/www.hyflexpack.com\/wp-content\/uploads\/2025\/03\/3424-300x300.jpg 300w, https:\/\/www.hyflexpack.com\/wp-content\/uploads\/2025\/03\/3424-150x150.jpg 150w, https:\/\/www.hyflexpack.com\/wp-content\/uploads\/2025\/03\/3424-12x12.jpg 12w, https:\/\/www.hyflexpack.com\/wp-content\/uploads\/2025\/03\/3424-285x285.jpg 285w, https:\/\/www.hyflexpack.com\/wp-content\/uploads\/2025\/03\/3424-270x270.jpg 270w, https:\/\/www.hyflexpack.com\/wp-content\/uploads\/2025\/03\/3424-540x540.jpg 540w, https:\/\/www.hyflexpack.com\/wp-content\/uploads\/2025\/03\/3424-660x660.jpg 660w\" sizes=\"(max-width: 750px) 100vw, 750px\" \/><\/figure>\n<\/div>\n<\/div>\n\n\n\n<p><\/p>","protected":false},"excerpt":{"rendered":"<p>D\u00e9couvrez notre sac \u00e0 grains de caf\u00e9 personnalis\u00e9 avec valve. Fabriqu\u00e9 en plastique, en papier kraft et en feuille d'aluminium, il offre de bonnes propri\u00e9t\u00e9s de barri\u00e8re au sac. Le fond plat pr\u00e9sente une stabilit\u00e9 et une r\u00e9sistance excellentes et convient \u00e0 une grande vari\u00e9t\u00e9 de produits, y compris le caf\u00e9. La surface est trait\u00e9e avec du plastique composite, qui est r\u00e9sistant \u00e0 l'humidit\u00e9, \u00e0 l'abrasion et durable. Cet emballage peut \u00eatre personnalis\u00e9 pour r\u00e9pondre aux besoins sp\u00e9cifiques de l'entreprise en termes de marque, de fonction ou d'apparence. Contactez-nous d\u00e8s aujourd'hui pour obtenir un devis. Nous nous engageons \u00e0 fournir des solutions d'emballage de haute qualit\u00e9 et respectueuses de l'environnement.<\/p>\n<h2>Avantages du grossiste en sacs de grains de caf\u00e9 personnalis\u00e9s<\/h2>\n<ul>\n<li>Conception personnalis\u00e9e : Nous proposons des services de sacs d'emballage personnalis\u00e9s, y compris la personnalisation du mat\u00e9riau, de la taille et du motif d'impression pour r\u00e9pondre aux besoins des clients, et nous prenons en charge les OEM et ODM.<\/li>\n<li>Fabrication : Gr\u00e2ce \u00e0 un \u00e9quipement et \u00e0 une technologie de pointe, nous pouvons r\u00e9aliser la production des commandes de mani\u00e8re efficace et avec une qualit\u00e9 \u00e9lev\u00e9e, et livrer dans les d\u00e9lais. \u25cf Inspection de la qualit\u00e9 : La production est effectu\u00e9e en stricte conformit\u00e9 avec les normes de qualit\u00e9 et les exigences en mati\u00e8re de s\u00e9curit\u00e9 alimentaire afin de garantir que les produits r\u00e9pondent aux normes.<\/li>\n<li>Service \u00e0 la client\u00e8le : Fournir une r\u00e9ponse rapide et un service \u00e0 la client\u00e8le attentionn\u00e9 24 heures par jour.<\/li>\n<li>\u00c9chantillon gratuit : Fournir un service d'\u00e9chantillonnage gratuit pour vous permettre d'\u00e9valuer le produit.<\/li>\n<\/ul>\n<p>Huiyang Packaging s'engage \u00e0 fournir \u00e0 ses clients des sachets de grains de caf\u00e9 personnalis\u00e9s de haute qualit\u00e9 avec valves, en les aidant \u00e0 am\u00e9liorer l'image de leurs produits et \u00e0 renforcer leur comp\u00e9titivit\u00e9 sur le march\u00e9.<\/p>","protected":false},"featured_media":6403,"comment_status":"open","ping_status":"closed","template":"","meta":[],"product_brand":[],"product_cat":[55],"product_tag":[83],"class_list":{"0":"post-6423","1":"product","2":"type-product","3":"status-publish","4":"has-post-thumbnail","6":"product_cat-custom-coffee-packaging","7":"product_tag-coffee-bags-with-valve-wholesale","9":"first","10":"instock","11":"shipping-taxable","12":"product-type-simple"},"_links":{"self":[{"href":"https:\/\/www.hyflexpack.com\/fr\/wp-json\/wp\/v2\/product\/6423","targetHints":{"allow":["GET"]}}],"collection":[{"href":"https:\/\/www.hyflexpack.com\/fr\/wp-json\/wp\/v2\/product"}],"about":[{"href":"https:\/\/www.hyflexpack.com\/fr\/wp-json\/wp\/v2\/types\/product"}],"replies":[{"embeddable":true,"href":"https:\/\/www.hyflexpack.com\/fr\/wp-json\/wp\/v2\/comments?post=6423"}],"wp:featuredmedia":[{"embeddable":true,"href":"https:\/\/www.hyflexpack.com\/fr\/wp-json\/wp\/v2\/media\/6403"}],"wp:attachment":[{"href":"https:\/\/www.hyflexpack.com\/fr\/wp-json\/wp\/v2\/media?parent=6423"}],"wp:term":[{"taxonomy":"product_brand","embeddable":true,"href":"https:\/\/www.hyflexpack.com\/fr\/wp-json\/wp\/v2\/product_brand?post=6423"},{"taxonomy":"product_cat","embeddable":true,"href":"https:\/\/www.hyflexpack.com\/fr\/wp-json\/wp\/v2\/product_cat?post=6423"},{"taxonomy":"product_tag","embeddable":true,"href":"https:\/\/www.hyflexpack.com\/fr\/wp-json\/wp\/v2\/product_tag?post=6423"}],"curies":[{"name":"wp","href":"https:\/\/api.w.org\/{rel}","templated":true}]}}