{"id":6363,"date":"2025-03-01T06:30:35","date_gmt":"2025-03-01T06:30:35","guid":{"rendered":"https:\/\/www.hyflexpack.com\/?post_type=product&#038;p=6363"},"modified":"2025-10-23T08:17:19","modified_gmt":"2025-10-23T08:17:19","slug":"custom-heat-seal-bags","status":"publish","type":"product","link":"https:\/\/www.hyflexpack.com\/fr\/product\/custom-heat-seal-bags\/","title":{"rendered":"Sacs thermoscell\u00e9s personnalis\u00e9s, emballage de biscuits au chocolat, pochette \u00e0 soufflet lat\u00e9ral Supplier"},"content":{"rendered":"<div class=\"wp-block-columns is-layout-flex wp-container-core-columns-is-layout-9d6595d7 wp-block-columns-is-layout-flex\">\n<div class=\"wp-block-column is-layout-flow wp-block-column-is-layout-flow\">\n<h3 class=\"wp-block-heading\">Caract\u00e9ristiques des sacs thermosoudables personnalis\u00e9s<\/h3>\n\n\n\n<ul class=\"wp-block-list\">\n<li><strong>Soufflet lat\u00e9ral<\/strong>: Le soufflet lat\u00e9ral est l'une des caract\u00e9ristiques qui distinguent les sacs thermoscell\u00e9s personnalis\u00e9s. Il offre un espace suppl\u00e9mentaire et les sacs peuvent contenir plus de produits, contrairement aux sacs traditionnels, la conception de la poche lat\u00e9rale peut simplement augmenter la capacit\u00e9 de stockage, am\u00e9liorer la stabilit\u00e9 et l'apparence de l'emballage.<\/li>\n\n\n\n<li><strong>Conception de la poign\u00e9e<\/strong>: Le sac d'emballage personnalis\u00e9 pour biscuits au chocolat est dot\u00e9 d'une poign\u00e9e pratique, qui r\u00e9pond aux exigences de la vie contemporaine et permet de le transporter et de l'utiliser lors des d\u00e9placements.<\/li>\n\n\n\n<li><strong>Fonction de thermoscellage<\/strong>: Il poss\u00e8de une ouverture qui peut \u00eatre facilement utilis\u00e9e par les clients \u00e0 l'aide d'une machine de thermoscellage pour l'auto-scellage. Les clients peuvent sceller eux-m\u00eames les sacs lorsque cela est n\u00e9cessaire pour conserver la fra\u00eecheur et la s\u00e9curit\u00e9 des aliments, en particulier dans le cas d'un emballage en vrac ou d'une ouverture fr\u00e9quente.<\/li>\n\n\n\n<li><strong>Mat\u00e9riau de thermoscellage de haute qualit\u00e9<\/strong>: Les sachets thermoscell\u00e9s sont fabriqu\u00e9s \u00e0 partir de mat\u00e9riaux composites de haute qualit\u00e9 et le processus de thermoscellage leur conf\u00e8re une fermeture herm\u00e9tique, une r\u00e9sistance \u00e0 la d\u00e9chirure et \u00e0 l'abrasion afin de garantir la s\u00e9curit\u00e9 des biscuits au chocolat et d'autres aliments pendant le stockage et le transport.<\/li>\n\n\n\n<li><strong>Protection de l'environnement et d\u00e9veloppement durable<\/strong>: Nous n'utilisons que des mat\u00e9riaux recyclables conformes aux normes environnementales et nous concevons syst\u00e9matiquement des solutions d'emballage \u00e9cologiques afin de r\u00e9duire l'utilisation des plastiques et de soutenir les marques dans leur transformation \u00e9cologique, conform\u00e9ment aux normes environnementales internationales.<\/li>\n\n\n\n<li><strong>Vari\u00e9t\u00e9 de tailles et flexibilit\u00e9<\/strong>: En tant que fournisseur d'emballages pour biscuits au chocolat, nous fournissons \u00e0 nos clients des sacs de diff\u00e9rentes tailles et capacit\u00e9s, en fonction de leurs besoins d'emballage.<\/li>\n<\/ul>\n<\/div>\n\n\n\n<div class=\"wp-block-column is-layout-flow wp-block-column-is-layout-flow\">\n<figure class=\"wp-block-image size-full\"><img fetchpriority=\"high\" decoding=\"async\" width=\"750\" height=\"750\" src=\"https:\/\/www.hyflexpack.com\/wp-content\/uploads\/2025\/03\/Custom-Chocolate-Cookies-Bag-2.webp\" alt=\"Sac \u00e0 chocolats personnalis\u00e9-2\" class=\"wp-image-6375\" srcset=\"https:\/\/www.hyflexpack.com\/wp-content\/uploads\/2025\/03\/Custom-Chocolate-Cookies-Bag-2.webp 750w, https:\/\/www.hyflexpack.com\/wp-content\/uploads\/2025\/03\/Custom-Chocolate-Cookies-Bag-2-300x300.webp 300w, https:\/\/www.hyflexpack.com\/wp-content\/uploads\/2025\/03\/Custom-Chocolate-Cookies-Bag-2-150x150.webp 150w, https:\/\/www.hyflexpack.com\/wp-content\/uploads\/2025\/03\/Custom-Chocolate-Cookies-Bag-2-12x12.webp 12w, https:\/\/www.hyflexpack.com\/wp-content\/uploads\/2025\/03\/Custom-Chocolate-Cookies-Bag-2-285x285.webp 285w, https:\/\/www.hyflexpack.com\/wp-content\/uploads\/2025\/03\/Custom-Chocolate-Cookies-Bag-2-270x270.webp 270w, https:\/\/www.hyflexpack.com\/wp-content\/uploads\/2025\/03\/Custom-Chocolate-Cookies-Bag-2-540x540.webp 540w, https:\/\/www.hyflexpack.com\/wp-content\/uploads\/2025\/03\/Custom-Chocolate-Cookies-Bag-2-660x660.webp 660w\" sizes=\"(max-width: 750px) 100vw, 750px\" \/><\/figure>\n<\/div>\n<\/div>\n\n\n\n<p><\/p>","protected":false},"excerpt":{"rendered":"<p>Huiyang Packaging propose des sacs d'emballage personnalis\u00e9s pour les biscuits aux p\u00e9pites de chocolat qui sont dot\u00e9s d'une poche lat\u00e9rale, d'une poign\u00e9e et d'une fonction d'auto-scellage par thermoscellage. Mat\u00e9riau respectueux de l'environnement pour am\u00e9liorer l'image de marque. Contactez-nous d\u00e8s aujourd'hui pour obtenir des \u00e9chantillons gratuits de sachets thermoscell\u00e9s personnalis\u00e9s !<\/p>\n<h3>Sp\u00e9cification des sacs thermoscellables<\/h3>\n<p>Mat\u00e9riau : PLA, BOPP PE, PP, EVOH, etc.<br \/>Taille : Disponible sur mesure<br \/>Type : Pochette \u00e0 soufflet lat\u00e9ral\uff0c Sac \u00e0 sceller \u00e0 l'arri\u00e8re avec poign\u00e9e de transport<br \/>Couleur : personnalis\u00e9e<br \/>Commande sur mesure : <a href=\"https:\/\/www.hyflexpack.com\/fr\/emballage-flexible-sur-mesure\/\"><strong>Acceptation des OEM et ODM<\/strong><\/a><br \/>Traitement des surfaces : Impression en h\u00e9liogravure<br \/>Certification : ISO, BRC, Certifi\u00e9 FDA<br \/>\u00c9chantillon gratuit : Support<br \/>MOQ:10000psc<\/p>","protected":false},"featured_media":6374,"comment_status":"open","ping_status":"closed","template":"","meta":[],"product_brand":[],"product_cat":[57],"product_tag":[],"class_list":{"0":"post-6363","1":"product","2":"type-product","3":"status-publish","4":"has-post-thumbnail","6":"product_cat-snack-packaging-bags-wholesale","8":"first","9":"instock","10":"shipping-taxable","11":"product-type-simple"},"_links":{"self":[{"href":"https:\/\/www.hyflexpack.com\/fr\/wp-json\/wp\/v2\/product\/6363","targetHints":{"allow":["GET"]}}],"collection":[{"href":"https:\/\/www.hyflexpack.com\/fr\/wp-json\/wp\/v2\/product"}],"about":[{"href":"https:\/\/www.hyflexpack.com\/fr\/wp-json\/wp\/v2\/types\/product"}],"replies":[{"embeddable":true,"href":"https:\/\/www.hyflexpack.com\/fr\/wp-json\/wp\/v2\/comments?post=6363"}],"wp:featuredmedia":[{"embeddable":true,"href":"https:\/\/www.hyflexpack.com\/fr\/wp-json\/wp\/v2\/media\/6374"}],"wp:attachment":[{"href":"https:\/\/www.hyflexpack.com\/fr\/wp-json\/wp\/v2\/media?parent=6363"}],"wp:term":[{"taxonomy":"product_brand","embeddable":true,"href":"https:\/\/www.hyflexpack.com\/fr\/wp-json\/wp\/v2\/product_brand?post=6363"},{"taxonomy":"product_cat","embeddable":true,"href":"https:\/\/www.hyflexpack.com\/fr\/wp-json\/wp\/v2\/product_cat?post=6363"},{"taxonomy":"product_tag","embeddable":true,"href":"https:\/\/www.hyflexpack.com\/fr\/wp-json\/wp\/v2\/product_tag?post=6363"}],"curies":[{"name":"wp","href":"https:\/\/api.w.org\/{rel}","templated":true}]}}