{"id":6361,"date":"2025-10-12T19:50:55","date_gmt":"2025-10-12T19:50:55","guid":{"rendered":"https:\/\/www.hyflexpack.com\/?post_type=product&#038;p=6361"},"modified":"2026-01-03T09:44:23","modified_gmt":"2026-01-03T09:44:23","slug":"custom-cookies-packages-manufacturer","status":"publish","type":"product","link":"https:\/\/www.hyflexpack.com\/fr\/product\/custom-cookies-packages-manufacturer\/","title":{"rendered":"Emballages de biscuits personnalis\u00e9s Fabricants de pochettes plastifi\u00e9es pour stand up"},"content":{"rendered":"<div class=\"wp-block-columns is-layout-flex wp-container-core-columns-is-layout-9d6595d7 wp-block-columns-is-layout-flex\">\n<div class=\"wp-block-column is-layout-flow wp-block-column-is-layout-flow\">\n<h2 class=\"wp-block-heading\">Caract\u00e9ristiques des paquets de biscuits personnalis\u00e9s<\/h2>\n\n\n\n<ul class=\"wp-block-list\">\n<li>Notre emballage de biscuits personnalis\u00e9 adopte la technologie du composite plastique, qui pr\u00e9sente une excellente r\u00e9sistance \u00e0 l'humidit\u00e9, isolant efficacement l'humidit\u00e9 ext\u00e9rieure ; une bonne isolation de l'oxyg\u00e8ne, emp\u00eachant l'oxydation et la d\u00e9t\u00e9rioration des biscuits ; et une excellente protection contre la lumi\u00e8re, \u00e9vitant l'influence de la lumi\u00e8re sur la qualit\u00e9 des biscuits, et prot\u00e9geant enti\u00e8rement le go\u00fbt croustillant et la fra\u00eecheur des biscuits. 2. Fermeture \u00e0 glissi\u00e8re : fermeture \u00e0 glissi\u00e8re int\u00e9gr\u00e9e, pratique pour ouvrir la fermeture plusieurs fois, garder les aliments au sec, emp\u00eacher les parasites et l'air ext\u00e9rieur de p\u00e9n\u00e9trer. 3. Fournir une vari\u00e9t\u00e9 de mod\u00e8les de sacs : personnaliser les types de sacs en fonction du positionnement sur le march\u00e9.<\/li>\n<\/ul>\n<\/div>\n\n\n\n<div class=\"wp-block-column is-layout-flow wp-block-column-is-layout-flow\">\n<figure class=\"wp-block-image size-full\"><img fetchpriority=\"high\" decoding=\"async\" width=\"750\" height=\"750\" src=\"https:\/\/www.hyflexpack.com\/wp-content\/uploads\/2025\/02\/Custom-Cookies-Packages-1.jpg\" alt=\"Paquets de biscuits personnalis\u00e9s\" class=\"wp-image-6316\" srcset=\"https:\/\/www.hyflexpack.com\/wp-content\/uploads\/2025\/02\/Custom-Cookies-Packages-1.jpg 750w, https:\/\/www.hyflexpack.com\/wp-content\/uploads\/2025\/02\/Custom-Cookies-Packages-1-300x300.jpg 300w, https:\/\/www.hyflexpack.com\/wp-content\/uploads\/2025\/02\/Custom-Cookies-Packages-1-150x150.jpg 150w, https:\/\/www.hyflexpack.com\/wp-content\/uploads\/2025\/02\/Custom-Cookies-Packages-1-12x12.jpg 12w, https:\/\/www.hyflexpack.com\/wp-content\/uploads\/2025\/02\/Custom-Cookies-Packages-1-285x285.jpg 285w, https:\/\/www.hyflexpack.com\/wp-content\/uploads\/2025\/02\/Custom-Cookies-Packages-1-270x270.jpg 270w, https:\/\/www.hyflexpack.com\/wp-content\/uploads\/2025\/02\/Custom-Cookies-Packages-1-540x540.jpg 540w, https:\/\/www.hyflexpack.com\/wp-content\/uploads\/2025\/02\/Custom-Cookies-Packages-1-660x660.jpg 660w\" sizes=\"(max-width: 750px) 100vw, 750px\" \/><\/figure>\n<\/div>\n<\/div>\n\n\n\n<p><\/p>\n\n\n\n<p><\/p>","protected":false},"excerpt":{"rendered":"<p>Caract\u00e9ristiques des paquets de biscuits personnalis\u00e9s<\/p>","protected":false},"featured_media":6316,"comment_status":"open","ping_status":"closed","template":"","meta":[],"product_brand":[],"product_cat":[57],"product_tag":[116,124],"class_list":{"0":"post-6361","1":"product","2":"type-product","3":"status-publish","4":"has-post-thumbnail","6":"product_cat-snack-packaging-bags-wholesale","7":"product_tag-stand-up-pouch-manufacturer","8":"product_tag-zipper-pouch-manufacturer","10":"first","11":"instock","12":"shipping-taxable","13":"product-type-simple"},"_links":{"self":[{"href":"https:\/\/www.hyflexpack.com\/fr\/wp-json\/wp\/v2\/product\/6361","targetHints":{"allow":["GET"]}}],"collection":[{"href":"https:\/\/www.hyflexpack.com\/fr\/wp-json\/wp\/v2\/product"}],"about":[{"href":"https:\/\/www.hyflexpack.com\/fr\/wp-json\/wp\/v2\/types\/product"}],"replies":[{"embeddable":true,"href":"https:\/\/www.hyflexpack.com\/fr\/wp-json\/wp\/v2\/comments?post=6361"}],"wp:featuredmedia":[{"embeddable":true,"href":"https:\/\/www.hyflexpack.com\/fr\/wp-json\/wp\/v2\/media\/6316"}],"wp:attachment":[{"href":"https:\/\/www.hyflexpack.com\/fr\/wp-json\/wp\/v2\/media?parent=6361"}],"wp:term":[{"taxonomy":"product_brand","embeddable":true,"href":"https:\/\/www.hyflexpack.com\/fr\/wp-json\/wp\/v2\/product_brand?post=6361"},{"taxonomy":"product_cat","embeddable":true,"href":"https:\/\/www.hyflexpack.com\/fr\/wp-json\/wp\/v2\/product_cat?post=6361"},{"taxonomy":"product_tag","embeddable":true,"href":"https:\/\/www.hyflexpack.com\/fr\/wp-json\/wp\/v2\/product_tag?post=6361"}],"curies":[{"name":"wp","href":"https:\/\/api.w.org\/{rel}","templated":true}]}}