{"id":6305,"date":"2025-03-27T07:12:23","date_gmt":"2025-03-27T07:12:23","guid":{"rendered":"https:\/\/www.hyflexpack.com\/?post_type=product&#038;p=6305"},"modified":"2025-10-27T07:13:18","modified_gmt":"2025-10-27T07:13:18","slug":"customized-retort-food-pouches-supply","status":"publish","type":"product","link":"https:\/\/www.hyflexpack.com\/fr\/product\/customized-retort-food-pouches-supply\/","title":{"rendered":"Pochettes alimentaires st\u00e9riles personnalis\u00e9es Pochettes plates lamin\u00e9es en plastique Fournisseur"},"content":{"rendered":"<div class=\"wp-block-columns is-layout-flex wp-container-core-columns-is-layout-9d6595d7 wp-block-columns-is-layout-flex\">\n<div class=\"wp-block-column is-layout-flow wp-block-column-is-layout-flow\">\n<h2 class=\"wp-block-heading\">Custom Retort Food Pouches Features:<\/h2>\n\n\n\n<ul class=\"wp-block-list\">\n<li><strong>Professional Retort Food Pouches Factory Supply<\/strong><br>As a professional retort food pouches factory supply company, we are devoted to providing high-quality, heat-resistant food packaging solutions for ready-to-eat foods, soups, sauces, and other high-temperature processed food products.<\/li>\n\n\n\n<li><strong>High-Temperature Resistant Materials<\/strong><br>Our reply retort pouches are made of multi-layer laminated composite film with excellent thermal stability. They resist sterilization temperatures above 120\u00b0C, without deformation, leakage, or odor transfer \u2014 food safety and long shelf life.<\/li>\n\n\n\n<li><strong>Stable Heat-Sealed Structure<\/strong><br>The pouch mouth employs advanced heat-sealing technology to provide a stable sealing performance under extreme temperatures, avoiding contamination, leakage, or spoilage during sterilization and transportation.<\/li>\n\n\n\n<li><strong>Great Barrier Protection<\/strong><br>These pouches contain sophisticated barrier layers of oxygen, moisture, and light that protect the food&#8217;s freshness, flavor, and nutritional quality \u2014 even with long storage or international shipping.<\/li>\n\n\n\n<li><strong>Multi-Purpose Bag Types &amp; Custom Design<\/strong><br>We provide a range of styles \u2014 flat pouches, gusseted bags, and stand-up pouches \u2014 fully customizable in size, material, and imprint. OEM\/ODM services allow you to create custom retort food pouches that reflect your unique brand image and market positioning.<\/li>\n\n\n\n<li><strong>Eco-Friendly and Safe Packaging<\/strong><br>Our items are of global food-grade security standards and offer eco-friendly alternatives, including recyclable and BPA-free packaging films, in line with global sustainability trends.<\/li>\n\n\n\n<li><strong>Factory-Direct Wholesaling Assistance<\/strong><br>We are a factory supply base for retort food pouches business and provide factory-direct prices, low MOQ, rapid turnaround, and quality control consistency \u2014 allowing you to reduce costs, lead time reduction, and realize your market development in an effective manner.<\/li>\n<\/ul>\n<\/div>\n\n\n\n<div class=\"wp-block-column is-layout-flow wp-block-column-is-layout-flow\">\n<figure class=\"wp-block-image size-full\"><img fetchpriority=\"high\" decoding=\"async\" width=\"750\" height=\"750\" src=\"https:\/\/www.hyflexpack.com\/wp-content\/uploads\/2025\/10\/Custom-Retort-Food-Pouches-Factory-Supply-2.webp\" alt=\"Custom Retort Food Pouches Factory Supply (2)\" class=\"wp-image-8266\" srcset=\"https:\/\/www.hyflexpack.com\/wp-content\/uploads\/2025\/10\/Custom-Retort-Food-Pouches-Factory-Supply-2.webp 750w, https:\/\/www.hyflexpack.com\/wp-content\/uploads\/2025\/10\/Custom-Retort-Food-Pouches-Factory-Supply-2-300x300.webp 300w, https:\/\/www.hyflexpack.com\/wp-content\/uploads\/2025\/10\/Custom-Retort-Food-Pouches-Factory-Supply-2-150x150.webp 150w, https:\/\/www.hyflexpack.com\/wp-content\/uploads\/2025\/10\/Custom-Retort-Food-Pouches-Factory-Supply-2-12x12.webp 12w, https:\/\/www.hyflexpack.com\/wp-content\/uploads\/2025\/10\/Custom-Retort-Food-Pouches-Factory-Supply-2-285x285.webp 285w, https:\/\/www.hyflexpack.com\/wp-content\/uploads\/2025\/10\/Custom-Retort-Food-Pouches-Factory-Supply-2-270x270.webp 270w, https:\/\/www.hyflexpack.com\/wp-content\/uploads\/2025\/10\/Custom-Retort-Food-Pouches-Factory-Supply-2-540x540.webp 540w, https:\/\/www.hyflexpack.com\/wp-content\/uploads\/2025\/10\/Custom-Retort-Food-Pouches-Factory-Supply-2-660x660.webp 660w\" sizes=\"(max-width: 750px) 100vw, 750px\" \/><\/figure>\n<\/div>\n<\/div>\n\n\n\n<p><\/p>","protected":false},"excerpt":{"rendered":"<p>Bienvenue \u00e0 l'achat <strong data-start=\"184\" data-end=\"214\">custom retort food pouches<\/strong> from a reliable <strong data-start=\"231\" data-end=\"269\">retort food pouches factory supply<\/strong> source. We offer <strong data-start=\"287\" data-end=\"316\">conception libre, \u00e9chantillons libres<\/strong>et <strong data-start=\"322\" data-end=\"350\">prix de gros en usine<\/strong> with heat-resistant materials, secure sealing, and customizable printing for high-temperature food packaging.<\/p>\n<h3>Advantages of Retort Food Pouches Supplier<\/h3>\n<ul>\n<li><strong>Conception personnalis\u00e9e :<\/strong>\u00a0Nous proposons des services personnalis\u00e9s, y compris la personnalisation des mat\u00e9riaux, des dimensions et des motifs d'impression pour r\u00e9pondre aux besoins des clients, et nous prenons en charge les OEM et ODM.<\/li>\n<li><strong>Fabrication :<\/strong>\u00a0Gr\u00e2ce \u00e0 un \u00e9quipement et \u00e0 une technologie de pointe, nous pouvons r\u00e9aliser la production des commandes de mani\u00e8re efficace et avec une qualit\u00e9 \u00e9lev\u00e9e, et nous pouvons livrer dans les d\u00e9lais impartis.<\/li>\n<li><strong>Inspection de la qualit\u00e9 :<\/strong>\u00a0La production est r\u00e9alis\u00e9e dans le strict respect des normes de qualit\u00e9 et des exigences en mati\u00e8re de s\u00e9curit\u00e9 alimentaire afin de garantir que les produits r\u00e9pondent aux normes.<\/li>\n<li><strong>Certification\uff1a<\/strong>\u00a0FDA\/BRC\/ISO 9001\/RoHS<\/li>\n<li><strong>Service \u00e0 la client\u00e8le :<\/strong>\u00a024 heures pour fournir une r\u00e9ponse rapide et un service client\u00e8le attentionn\u00e9.<\/li>\n<li><strong>\u00c9chantillon gratuit :<\/strong>\u00a0Nous proposons un service d'\u00e9chantillonnage gratuit pour vous aider \u00e0 \u00e9valuer le produit.<\/li>\n<li><strong class=\"skrollable skrollable-between\" data-start=\"895\" data-end=\"917\">Prix comp\u00e9titif :<\/strong>\u00a0Gr\u00e2ce \u00e0 une capacit\u00e9 de production \u00e0 grande \u00e9chelle et \u00e0 une gestion rentable, nous proposons des prix comp\u00e9titifs sans compromettre la qualit\u00e9 des produits.<\/li>\n<\/ul>\n<p><a href=\"https:\/\/www.hyflexpack.com\/fr\/\"><strong>Huiyang Packaging<\/strong><\/a>\u00a0s'engage \u00e0 fournir \u00e0 ses clients\u00a0<span style=\"box-sizing: border-box; margin: 0px; padding: 0px;\"><strong>de qualit\u00e9 alimentaire<\/strong><\/span> <strong data-start=\"184\" data-end=\"214\">retort <\/strong>food pouches to help customers improve their product image and enhance their market competitiveness.<\/p>","protected":false},"featured_media":8266,"comment_status":"open","ping_status":"closed","template":"","meta":[],"product_brand":[],"product_cat":[79,51],"product_tag":[],"class_list":{"0":"post-6305","1":"product","2":"type-product","3":"status-publish","4":"has-post-thumbnail","6":"product_cat-custom-retort-pouch","7":"product_cat-custom-food-packaging-bags","9":"first","10":"instock","11":"shipping-taxable","12":"product-type-simple"},"_links":{"self":[{"href":"https:\/\/www.hyflexpack.com\/fr\/wp-json\/wp\/v2\/product\/6305","targetHints":{"allow":["GET"]}}],"collection":[{"href":"https:\/\/www.hyflexpack.com\/fr\/wp-json\/wp\/v2\/product"}],"about":[{"href":"https:\/\/www.hyflexpack.com\/fr\/wp-json\/wp\/v2\/types\/product"}],"replies":[{"embeddable":true,"href":"https:\/\/www.hyflexpack.com\/fr\/wp-json\/wp\/v2\/comments?post=6305"}],"wp:featuredmedia":[{"embeddable":true,"href":"https:\/\/www.hyflexpack.com\/fr\/wp-json\/wp\/v2\/media\/8266"}],"wp:attachment":[{"href":"https:\/\/www.hyflexpack.com\/fr\/wp-json\/wp\/v2\/media?parent=6305"}],"wp:term":[{"taxonomy":"product_brand","embeddable":true,"href":"https:\/\/www.hyflexpack.com\/fr\/wp-json\/wp\/v2\/product_brand?post=6305"},{"taxonomy":"product_cat","embeddable":true,"href":"https:\/\/www.hyflexpack.com\/fr\/wp-json\/wp\/v2\/product_cat?post=6305"},{"taxonomy":"product_tag","embeddable":true,"href":"https:\/\/www.hyflexpack.com\/fr\/wp-json\/wp\/v2\/product_tag?post=6305"}],"curies":[{"name":"wp","href":"https:\/\/api.w.org\/{rel}","templated":true}]}}