{"id":6229,"date":"2025-03-01T06:55:23","date_gmt":"2025-03-01T06:55:23","guid":{"rendered":"https:\/\/www.hyflexpack.com\/?post_type=product&#038;p=6229"},"modified":"2025-10-27T07:46:40","modified_gmt":"2025-10-27T07:46:40","slug":"sustainable-pet-food-packaging-bag","status":"publish","type":"product","link":"https:\/\/www.hyflexpack.com\/fr\/product\/sustainable-pet-food-packaging-bag\/","title":{"rendered":"Fabricant de sacs d'emballage durables pour aliments pour animaux de compagnie, pochette en aluminium lamin\u00e9 pour aliments pour animaux de compagnie"},"content":{"rendered":"<div class=\"wp-block-columns is-layout-flex wp-container-core-columns-is-layout-9d6595d7 wp-block-columns-is-layout-flex\">\n<div class=\"wp-block-column is-layout-flow wp-block-column-is-layout-flow\">\n<h2 class=\"wp-block-heading\">Emballage durable pour aliments pour animaux de compagnie Caract\u00e9ristiques du sac :<\/h2>\n\n\n\n<ul class=\"wp-block-list\">\n<li><strong>Fabricant professionnel de sacs d'emballage pour aliments pour animaux de compagnie<\/strong><br>Nous sommes des fabricants professionnels de sacs d'emballage pour aliments pour animaux de compagnie qui se consacrent \u00e0 la fourniture de solutions d'emballage \u00e9cologiques pour aliments pour animaux de compagnie qui sont fonctionnelles, protectrices et attrayantes pour la marque. Nous fournissons des sacs d'emballage qui r\u00e9pondent aux besoins des fabricants de gros volumes et des marques priv\u00e9es.<\/li>\n\n\n\n<li><strong>Performance sup\u00e9rieure de la barri\u00e8re<\/strong><br>Fabriqu\u00e9s \u00e0 l'aide d'une technologie de laminage de feuilles d'aluminium de haute qualit\u00e9, les sacs sont tr\u00e8s r\u00e9sistants \u00e0 l'oxyg\u00e8ne, \u00e0 l'humidit\u00e9 et \u00e0 la lumi\u00e8re, ce qui garantit la fra\u00eecheur \u00e0 long terme, la conservation des ar\u00f4mes et la protection des nutriments des produits alimentaires pour animaux de compagnie.<\/li>\n\n\n\n<li><strong>Quadruple joint \u00e9tanche et hygi\u00e9nique<\/strong><br>Le syst\u00e8me de scellage quadruple renforce l'int\u00e9grit\u00e9 de l'emballage et garantit un stockage et un transport \u00e9tanches, tout en pr\u00e9servant la s\u00e9curit\u00e9 et l'hygi\u00e8ne des aliments pour animaux de compagnie.<\/li>\n\n\n\n<li><strong>Conception conviviale et refermable<\/strong><br>Dot\u00e9s d'une fermeture \u00e0 glissi\u00e8re durable, nos sacs d'emballage durables pour aliments pour animaux de compagnie sont faciles \u00e0 ouvrir, \u00e0 refermer et \u00e0 stocker, offrant une commodit\u00e9 d'utilisation quotidienne tout en r\u00e9duisant les d\u00e9chets.<\/li>\n\n\n\n<li><strong>Service OEM\/ODM enti\u00e8rement personnalisable<\/strong><br>Nous offrons la possibilit\u00e9 de personnaliser la taille, le mat\u00e9riau, la couleur, l'impression et la structure du sac. Ajoutez votre logo, vos motifs ou le message de votre marque pour cr\u00e9er un aspect unique et de qualit\u00e9 sup\u00e9rieure qui se d\u00e9marque dans les rayons et suscite la confiance des consommateurs.<\/li>\n\n\n\n<li><strong>Options \u00e9cologiques et durables<\/strong><br>Nos produits d'emballage comprennent des mat\u00e9riaux recyclables, biod\u00e9gradables et compostables afin d'aider les marques \u00e0 atteindre leurs objectifs de d\u00e9veloppement durable \u00e0 l'\u00e9chelle mondiale et \u00e0 attirer des clients soucieux du d\u00e9veloppement durable.<\/li>\n\n\n\n<li><strong>Prix direct et approvisionnement stable<\/strong><br>En tant qu'usine sp\u00e9cialis\u00e9e dans les sacs d'emballage pour aliments pour animaux, nous proposons des prix d'usine comp\u00e9titifs, une faible QMo et une capacit\u00e9 de production stable, ce qui vous permet de b\u00e9n\u00e9ficier d'une livraison rentable, coh\u00e9rente et rapide.<\/li>\n<\/ul>\n<\/div>\n\n\n\n<div class=\"wp-block-column is-layout-flow wp-block-column-is-layout-flow\">\n<figure class=\"wp-block-image size-full\"><img fetchpriority=\"high\" decoding=\"async\" width=\"750\" height=\"750\" src=\"https:\/\/www.hyflexpack.com\/wp-content\/uploads\/2025\/10\/Sustainable-Pet-Food-Packaging-Bag-Manufacturer-3.webp\" alt=\"Fabricant de sacs d&#039;emballage durables pour aliments pour animaux de compagnie (3)\" class=\"wp-image-8264\" srcset=\"https:\/\/www.hyflexpack.com\/wp-content\/uploads\/2025\/10\/Sustainable-Pet-Food-Packaging-Bag-Manufacturer-3.webp 750w, https:\/\/www.hyflexpack.com\/wp-content\/uploads\/2025\/10\/Sustainable-Pet-Food-Packaging-Bag-Manufacturer-3-300x300.webp 300w, https:\/\/www.hyflexpack.com\/wp-content\/uploads\/2025\/10\/Sustainable-Pet-Food-Packaging-Bag-Manufacturer-3-150x150.webp 150w, https:\/\/www.hyflexpack.com\/wp-content\/uploads\/2025\/10\/Sustainable-Pet-Food-Packaging-Bag-Manufacturer-3-12x12.webp 12w, https:\/\/www.hyflexpack.com\/wp-content\/uploads\/2025\/10\/Sustainable-Pet-Food-Packaging-Bag-Manufacturer-3-285x285.webp 285w, https:\/\/www.hyflexpack.com\/wp-content\/uploads\/2025\/10\/Sustainable-Pet-Food-Packaging-Bag-Manufacturer-3-270x270.webp 270w, https:\/\/www.hyflexpack.com\/wp-content\/uploads\/2025\/10\/Sustainable-Pet-Food-Packaging-Bag-Manufacturer-3-540x540.webp 540w, https:\/\/www.hyflexpack.com\/wp-content\/uploads\/2025\/10\/Sustainable-Pet-Food-Packaging-Bag-Manufacturer-3-660x660.webp 660w\" sizes=\"(max-width: 750px) 100vw, 750px\" \/><\/figure>\n<\/div>\n<\/div>\n\n\n\n<div class=\"wp-block-columns is-layout-flex wp-container-core-columns-is-layout-9d6595d7 wp-block-columns-is-layout-flex\">\n<div class=\"wp-block-column is-layout-flow wp-block-column-is-layout-flow\">\n<figure class=\"wp-block-image size-full\"><img decoding=\"async\" width=\"750\" height=\"750\" src=\"https:\/\/www.hyflexpack.com\/wp-content\/uploads\/2025\/10\/Sustainable-Pet-Food-Packaging-Bag-Manufacturer-1.webp\" alt=\"Fabricant de sacs d&#039;emballage durables pour aliments pour animaux de compagnie (1)\" class=\"wp-image-8262\" srcset=\"https:\/\/www.hyflexpack.com\/wp-content\/uploads\/2025\/10\/Sustainable-Pet-Food-Packaging-Bag-Manufacturer-1.webp 750w, https:\/\/www.hyflexpack.com\/wp-content\/uploads\/2025\/10\/Sustainable-Pet-Food-Packaging-Bag-Manufacturer-1-300x300.webp 300w, https:\/\/www.hyflexpack.com\/wp-content\/uploads\/2025\/10\/Sustainable-Pet-Food-Packaging-Bag-Manufacturer-1-150x150.webp 150w, https:\/\/www.hyflexpack.com\/wp-content\/uploads\/2025\/10\/Sustainable-Pet-Food-Packaging-Bag-Manufacturer-1-12x12.webp 12w, https:\/\/www.hyflexpack.com\/wp-content\/uploads\/2025\/10\/Sustainable-Pet-Food-Packaging-Bag-Manufacturer-1-285x285.webp 285w, https:\/\/www.hyflexpack.com\/wp-content\/uploads\/2025\/10\/Sustainable-Pet-Food-Packaging-Bag-Manufacturer-1-270x270.webp 270w, https:\/\/www.hyflexpack.com\/wp-content\/uploads\/2025\/10\/Sustainable-Pet-Food-Packaging-Bag-Manufacturer-1-540x540.webp 540w, https:\/\/www.hyflexpack.com\/wp-content\/uploads\/2025\/10\/Sustainable-Pet-Food-Packaging-Bag-Manufacturer-1-660x660.webp 660w\" sizes=\"(max-width: 750px) 100vw, 750px\" \/><\/figure>\n<\/div>\n\n\n\n<div class=\"wp-block-column is-layout-flow wp-block-column-is-layout-flow\">\n<figure class=\"wp-block-image size-full\"><img decoding=\"async\" width=\"750\" height=\"750\" src=\"https:\/\/www.hyflexpack.com\/wp-content\/uploads\/2025\/02\/Custom-Pet-Food-Packaging-Bags-2.webp\" alt=\"Sacs d&#039;emballage personnalis\u00e9s pour aliments pour animaux de compagnie\" class=\"wp-image-6196\" srcset=\"https:\/\/www.hyflexpack.com\/wp-content\/uploads\/2025\/02\/Custom-Pet-Food-Packaging-Bags-2.webp 750w, https:\/\/www.hyflexpack.com\/wp-content\/uploads\/2025\/02\/Custom-Pet-Food-Packaging-Bags-2-300x300.webp 300w, https:\/\/www.hyflexpack.com\/wp-content\/uploads\/2025\/02\/Custom-Pet-Food-Packaging-Bags-2-150x150.webp 150w, https:\/\/www.hyflexpack.com\/wp-content\/uploads\/2025\/02\/Custom-Pet-Food-Packaging-Bags-2-12x12.webp 12w, https:\/\/www.hyflexpack.com\/wp-content\/uploads\/2025\/02\/Custom-Pet-Food-Packaging-Bags-2-285x285.webp 285w, https:\/\/www.hyflexpack.com\/wp-content\/uploads\/2025\/02\/Custom-Pet-Food-Packaging-Bags-2-270x270.webp 270w, https:\/\/www.hyflexpack.com\/wp-content\/uploads\/2025\/02\/Custom-Pet-Food-Packaging-Bags-2-540x540.webp 540w, https:\/\/www.hyflexpack.com\/wp-content\/uploads\/2025\/02\/Custom-Pet-Food-Packaging-Bags-2-660x660.webp 660w\" sizes=\"(max-width: 750px) 100vw, 750px\" \/><\/figure>\n<\/div>\n<\/div>\n\n\n\n<p><\/p>","protected":false},"excerpt":{"rendered":"<p>Bienvenue \u00e0 l'achat <strong data-start=\"183\" data-end=\"217\">emballages durables pour les aliments pour animaux de compagnie<\/strong> d'une personne de confiance <strong data-start=\"233\" data-end=\"272\">fabricant de sacs d'emballage pour aliments pour animaux de compagnie<\/strong>. Nous offrons <strong data-start=\"283\" data-end=\"312\">conception libre, \u00e9chantillons libres<\/strong>et <strong data-start=\"318\" data-end=\"346\">prix de gros en usine<\/strong> avec une barri\u00e8re de protection en aluminium, des fermetures \u00e0 glissi\u00e8re refermables et des mat\u00e9riaux \u00e9cologiques personnalisables pour une fra\u00eecheur optimale des aliments pour animaux de compagnie.<\/p>\n<h3>Avantages d'un fournisseur d'emballages durables pour aliments pour animaux de compagnie<\/h3>\n<ul>\n<li><strong>Conception personnalis\u00e9e :<\/strong>\u00a0Nous proposons des services personnalis\u00e9s, y compris la personnalisation des mat\u00e9riaux, des dimensions et des motifs d'impression pour r\u00e9pondre aux besoins des clients, et nous prenons en charge les OEM et ODM.<\/li>\n<li><strong>Fabrication :<\/strong>\u00a0Gr\u00e2ce \u00e0 un \u00e9quipement et \u00e0 une technologie de pointe, nous pouvons r\u00e9aliser la production des commandes de mani\u00e8re efficace et avec une qualit\u00e9 \u00e9lev\u00e9e, et nous pouvons livrer dans les d\u00e9lais impartis.<\/li>\n<li><strong>Inspection de la qualit\u00e9 :<\/strong>\u00a0La production est r\u00e9alis\u00e9e dans le strict respect des normes de qualit\u00e9 et des exigences en mati\u00e8re de s\u00e9curit\u00e9 alimentaire afin de garantir que les produits r\u00e9pondent aux normes.<\/li>\n<li><strong>Certification\uff1a<\/strong>\u00a0FDA\/BRC\/ISO 9001\/RoHS<\/li>\n<li><strong>Service \u00e0 la client\u00e8le :<\/strong>\u00a024 heures pour fournir une r\u00e9ponse rapide et un service client\u00e8le attentionn\u00e9.<\/li>\n<li><strong>\u00c9chantillon gratuit :<\/strong> Nous proposons un service d'\u00e9chantillonnage gratuit pour vous aider \u00e0 \u00e9valuer le produit.<\/li>\n<li><strong class=\"skrollable skrollable-between\" data-start=\"895\" data-end=\"917\">Prix comp\u00e9titif :<\/strong>\u00a0Gr\u00e2ce \u00e0 une capacit\u00e9 de production \u00e0 grande \u00e9chelle et \u00e0 une gestion rentable, nous proposons des prix comp\u00e9titifs sans compromettre la qualit\u00e9 des produits.<\/li>\n<\/ul>\n<p><a href=\"https:\/\/www.hyflexpack.com\/fr\/\"><strong>Huiyang Packaging<\/strong><\/a>\u00a0s'engage \u00e0 fournir \u00e0 ses clients\u00a0<strong>de qualit\u00e9 alimentaire<\/strong> des emballages durables pour les aliments pour animaux de compagnie afin d'aider les clients \u00e0 am\u00e9liorer l'image de leurs produits et \u00e0 renforcer leur comp\u00e9titivit\u00e9 sur le march\u00e9.<\/p>","protected":false},"featured_media":8263,"comment_status":"open","ping_status":"closed","template":"","meta":[],"product_brand":[],"product_cat":[56,51],"product_tag":[],"class_list":{"0":"post-6229","1":"product","2":"type-product","3":"status-publish","4":"has-post-thumbnail","6":"product_cat-custom-pet-food-packaging","7":"product_cat-custom-food-packaging-bags","9":"first","10":"instock","11":"shipping-taxable","12":"product-type-simple"},"_links":{"self":[{"href":"https:\/\/www.hyflexpack.com\/fr\/wp-json\/wp\/v2\/product\/6229","targetHints":{"allow":["GET"]}}],"collection":[{"href":"https:\/\/www.hyflexpack.com\/fr\/wp-json\/wp\/v2\/product"}],"about":[{"href":"https:\/\/www.hyflexpack.com\/fr\/wp-json\/wp\/v2\/types\/product"}],"replies":[{"embeddable":true,"href":"https:\/\/www.hyflexpack.com\/fr\/wp-json\/wp\/v2\/comments?post=6229"}],"wp:featuredmedia":[{"embeddable":true,"href":"https:\/\/www.hyflexpack.com\/fr\/wp-json\/wp\/v2\/media\/8263"}],"wp:attachment":[{"href":"https:\/\/www.hyflexpack.com\/fr\/wp-json\/wp\/v2\/media?parent=6229"}],"wp:term":[{"taxonomy":"product_brand","embeddable":true,"href":"https:\/\/www.hyflexpack.com\/fr\/wp-json\/wp\/v2\/product_brand?post=6229"},{"taxonomy":"product_cat","embeddable":true,"href":"https:\/\/www.hyflexpack.com\/fr\/wp-json\/wp\/v2\/product_cat?post=6229"},{"taxonomy":"product_tag","embeddable":true,"href":"https:\/\/www.hyflexpack.com\/fr\/wp-json\/wp\/v2\/product_tag?post=6229"}],"curies":[{"name":"wp","href":"https:\/\/api.w.org\/{rel}","templated":true}]}}