{"id":6227,"date":"2025-06-05T20:14:48","date_gmt":"2025-06-05T20:14:48","guid":{"rendered":"https:\/\/www.hyflexpack.com\/?post_type=product&#038;p=6227"},"modified":"2026-01-07T08:24:18","modified_gmt":"2026-01-07T08:24:18","slug":"customized-dog-treat-packaging-pouch","status":"publish","type":"product","link":"https:\/\/www.hyflexpack.com\/fr\/product\/customized-dog-treat-packaging-pouch\/","title":{"rendered":"Id\u00e9es d'emballage de friandises pour chiens pour pochette \u00e0 fermeture \u00e9clair sur pied"},"content":{"rendered":"<div class=\"wp-block-columns is-layout-flex wp-container-core-columns-is-layout-9d6595d7 wp-block-columns-is-layout-flex\">\n<div class=\"wp-block-column is-layout-flow wp-block-column-is-layout-flow\">\n<h2 class=\"wp-block-heading\">Id\u00e9es d'emballage de friandises pour chiens personnalis\u00e9es pour la pochette \u00e0 fermeture \u00e0 glissi\u00e8re<\/h2>\n\n\n\n<ul class=\"wp-block-list\">\n<li>Protection de l'environnement et propri\u00e9t\u00e9s de barri\u00e8re des mat\u00e9riaux : Les mat\u00e9riaux s\u00e9lectionn\u00e9s pour nos emballages personnalis\u00e9s de friandises pour chiens sont non seulement respectueux de l'environnement, mais pr\u00e9sentent \u00e9galement d'excellentes propri\u00e9t\u00e9s de barri\u00e8re. Ces mat\u00e9riaux sont soigneusement s\u00e9lectionn\u00e9s pour s'assurer qu'ils sont recyclables ou biod\u00e9gradables, r\u00e9duisant ainsi l'impact sur l'environnement. En m\u00eame temps, les mat\u00e9riaux ont une bonne r\u00e9sistance \u00e0 l'humidit\u00e9 et \u00e0 l'oxydation, ce qui permet de pr\u00e9server la fra\u00eecheur et le contenu nutritionnel des friandises pour chiens et de garantir la qualit\u00e9 des aliments pour animaux de compagnie. 2. Conception de fermeture \u00e0 glissi\u00e8re de haute qualit\u00e9 : L'emballage adopte une fermeture \u00e0 glissi\u00e8re de haute qualit\u00e9, qui non seulement assure la fermeture, mais est \u00e9galement pratique \u00e0 utiliser. 3. Fournir une vari\u00e9t\u00e9 de mod\u00e8les de sacs : Nous fournissons une vari\u00e9t\u00e9 de types de sacs personnalis\u00e9s pour r\u00e9pondre aux besoins des diff\u00e9rentes marques et des diff\u00e9rents produits. Ils peuvent tous \u00eatre con\u00e7us selon le style de votre marque afin d'am\u00e9liorer l'attrait du march\u00e9 et l'image de marque du produit.<\/li>\n<\/ul>\n<\/div>\n\n\n\n<div class=\"wp-block-column is-layout-flow wp-block-column-is-layout-flow\">\n<figure class=\"wp-block-image size-full\"><img fetchpriority=\"high\" decoding=\"async\" width=\"750\" height=\"750\" src=\"https:\/\/www.hyflexpack.com\/wp-content\/uploads\/2025\/02\/Customize-Dog-Treat-Packaging-Ideas-1.webp\" alt=\"Id\u00e9es d&#039;emballages personnalis\u00e9s pour les friandises pour chiens\" class=\"wp-image-6204\" srcset=\"https:\/\/www.hyflexpack.com\/wp-content\/uploads\/2025\/02\/Customize-Dog-Treat-Packaging-Ideas-1.webp 750w, https:\/\/www.hyflexpack.com\/wp-content\/uploads\/2025\/02\/Customize-Dog-Treat-Packaging-Ideas-1-300x300.webp 300w, https:\/\/www.hyflexpack.com\/wp-content\/uploads\/2025\/02\/Customize-Dog-Treat-Packaging-Ideas-1-150x150.webp 150w, https:\/\/www.hyflexpack.com\/wp-content\/uploads\/2025\/02\/Customize-Dog-Treat-Packaging-Ideas-1-12x12.webp 12w, https:\/\/www.hyflexpack.com\/wp-content\/uploads\/2025\/02\/Customize-Dog-Treat-Packaging-Ideas-1-285x285.webp 285w, https:\/\/www.hyflexpack.com\/wp-content\/uploads\/2025\/02\/Customize-Dog-Treat-Packaging-Ideas-1-270x270.webp 270w, https:\/\/www.hyflexpack.com\/wp-content\/uploads\/2025\/02\/Customize-Dog-Treat-Packaging-Ideas-1-540x540.webp 540w, https:\/\/www.hyflexpack.com\/wp-content\/uploads\/2025\/02\/Customize-Dog-Treat-Packaging-Ideas-1-660x660.webp 660w\" sizes=\"(max-width: 750px) 100vw, 750px\" \/><\/figure>\n<\/div>\n<\/div>\n\n\n\n<p><\/p>","protected":false},"excerpt":{"rendered":"<p>Nos sacs \u00e0 fermeture \u00e9clair personnalis\u00e9s pour les friandises pour chiens sont la solution parfaite pour conserver les friandises pour chiens de mani\u00e8re \u00e9cologique et \u00e9l\u00e9gante. Fabriqu\u00e9s \u00e0 partir de mat\u00e9riaux durables de qualit\u00e9 alimentaire, nos emballages sont non seulement s\u00fbrs et fiables, mais aussi r\u00e9utilisables et recyclables. Avec une vari\u00e9t\u00e9 de couleurs, de motifs et d'options de personnalisation de la marque, vous pouvez facilement faire ressortir vos friandises pour chiens. La conception du stand-up est pratique et peu encombrante, et convient au stockage de friandises en diff\u00e9rentes quantit\u00e9s. Contactez notre \u00e9quipe professionnelle aujourd'hui pour un devis d\u00e9taill\u00e9, nous serons heureux de vous servir !<\/p>\n<h3>Avantages des id\u00e9es d'emballage personnalis\u00e9 pour les friandises pour chiens<\/h3>\n<p>\u25cf Conception personnalis\u00e9e : Nous fournissons des services de sacs d'emballage personnalis\u00e9s, y compris la personnalisation du mat\u00e9riau, de la taille et du motif d'impression pour r\u00e9pondre aux besoins des clients, et prenons en charge les OEM et ODM. \u25cfFabrication : Avec un \u00e9quipement et une technologie avanc\u00e9s, nous pouvons compl\u00e9ter la production des commandes efficacement et avec une qualit\u00e9 \u00e9lev\u00e9e, et livrer \u00e0 temps. \u25cf Inspection de la qualit\u00e9 : La production est effectu\u00e9e en stricte conformit\u00e9 avec les normes de qualit\u00e9 et les exigences en mati\u00e8re de s\u00e9curit\u00e9 alimentaire afin de garantir que les produits r\u00e9pondent aux normes. \u25cfService \u00e0 la client\u00e8le : Fournir une r\u00e9ponse rapide et un soutien attentionn\u00e9 au service \u00e0 la client\u00e8le 24 heures sur 24. \u25cf\u00c9chantillon gratuit : Fournir un service d'\u00e9chantillon gratuit pour que vous puissiez \u00e9valuer le produit. Huiyang Packaging s'engage \u00e0 fournir aux clients des id\u00e9es d'emballage de friandises pour chiens personnalis\u00e9es de haute qualit\u00e9, \u00e0 aider les clients \u00e0 am\u00e9liorer l'image de leurs produits et \u00e0 am\u00e9liorer leur comp\u00e9titivit\u00e9 sur le march\u00e9.<\/p>","protected":false},"featured_media":6204,"comment_status":"open","ping_status":"closed","template":"","meta":[],"product_brand":[],"product_cat":[56],"product_tag":[116,124],"class_list":{"0":"post-6227","1":"product","2":"type-product","3":"status-publish","4":"has-post-thumbnail","6":"product_cat-custom-pet-food-packaging","7":"product_tag-stand-up-pouch-manufacturer","8":"product_tag-zipper-pouch-manufacturer","10":"first","11":"instock","12":"shipping-taxable","13":"product-type-simple"},"_links":{"self":[{"href":"https:\/\/www.hyflexpack.com\/fr\/wp-json\/wp\/v2\/product\/6227","targetHints":{"allow":["GET"]}}],"collection":[{"href":"https:\/\/www.hyflexpack.com\/fr\/wp-json\/wp\/v2\/product"}],"about":[{"href":"https:\/\/www.hyflexpack.com\/fr\/wp-json\/wp\/v2\/types\/product"}],"replies":[{"embeddable":true,"href":"https:\/\/www.hyflexpack.com\/fr\/wp-json\/wp\/v2\/comments?post=6227"}],"wp:featuredmedia":[{"embeddable":true,"href":"https:\/\/www.hyflexpack.com\/fr\/wp-json\/wp\/v2\/media\/6204"}],"wp:attachment":[{"href":"https:\/\/www.hyflexpack.com\/fr\/wp-json\/wp\/v2\/media?parent=6227"}],"wp:term":[{"taxonomy":"product_brand","embeddable":true,"href":"https:\/\/www.hyflexpack.com\/fr\/wp-json\/wp\/v2\/product_brand?post=6227"},{"taxonomy":"product_cat","embeddable":true,"href":"https:\/\/www.hyflexpack.com\/fr\/wp-json\/wp\/v2\/product_cat?post=6227"},{"taxonomy":"product_tag","embeddable":true,"href":"https:\/\/www.hyflexpack.com\/fr\/wp-json\/wp\/v2\/product_tag?post=6227"}],"curies":[{"name":"wp","href":"https:\/\/api.w.org\/{rel}","templated":true}]}}