{"id":6221,"date":"2025-02-28T09:32:11","date_gmt":"2025-02-28T09:32:11","guid":{"rendered":"https:\/\/www.hyflexpack.com\/?post_type=product&#038;p=6221"},"modified":"2025-10-23T08:17:38","modified_gmt":"2025-10-23T08:17:38","slug":"bespoke-dog-food-packaging-bag","status":"publish","type":"product","link":"https:\/\/www.hyflexpack.com\/fr\/product\/bespoke-dog-food-packaging-bag\/","title":{"rendered":"Sac d'emballage pour aliments pour chiens sur mesure, sachets recyclables, fabricant de sachets \u00e0 fond plat"},"content":{"rendered":"<div class=\"wp-block-columns is-layout-flex wp-container-core-columns-is-layout-9d6595d7 wp-block-columns-is-layout-flex\">\n<div class=\"wp-block-column is-layout-flow wp-block-column-is-layout-flow\">\n<h3 class=\"wp-block-heading\">Caract\u00e9ristiques du sac d'emballage pour aliments pour chiens Bespoke<\/h3>\n\n\n\n<ul class=\"wp-block-list\">\n<li><strong>Mat\u00e9riau recyclable<\/strong>: L'utilisation de mat\u00e9riaux recyclables de haute qualit\u00e9 r\u00e9pond aux normes environnementales, ce qui permet au sac d'emballage personnalis\u00e9 pour aliments pour chiens d'attirer les consommateurs les plus soucieux de l'environnement.<\/li>\n<\/ul>\n\n\n\n<p><\/p>\n\n\n\n<ul class=\"wp-block-list\">\n<li><strong>Durabilit\u00e9 et protection<\/strong>: L'utilisation d'un mat\u00e9riau composite multicouche offre une excellente r\u00e9sistance \u00e0 la d\u00e9chirure, \u00e0 l'humidit\u00e9 et \u00e0 l'oxydation, prot\u00e9geant ainsi efficacement la fra\u00eecheur et la qualit\u00e9 des aliments pour chiens pendant le transport et le stockage.<\/li>\n<\/ul>\n\n\n\n<p><\/p>\n\n\n\n<ul class=\"wp-block-list\">\n<li><strong>R\u00e9pondent aux normes de s\u00e9curit\u00e9 alimentaire<\/strong>: Les mat\u00e9riaux utilis\u00e9s sont rigoureusement test\u00e9s et satisfont aux normes de s\u00e9curit\u00e9 en mati\u00e8re de contact alimentaire, de sorte que l'emballage personnalis\u00e9 pour aliments pour chiens est non toxique.<\/li>\n<\/ul>\n\n\n\n<p><\/p>\n\n\n\n<ul class=\"wp-block-list\">\n<li><strong>Facile \u00e0 ouvrir et \u00e0 sceller<\/strong>: \u00c9quip\u00e9 d'une fermeture \u00e0 glissi\u00e8re de haute qualit\u00e9, les utilisateurs peuvent le refermer facilement apr\u00e8s l'avoir ouvert, ce qui favorise la facilit\u00e9 d'utilisation et l'exp\u00e9rience du consommateur.<\/li>\n<\/ul>\n\n\n\n<p><\/p>\n\n\n\n<ul class=\"wp-block-list\">\n<li><strong>Conception de stand-up<\/strong>: La conception du sac \u00e0 fond plat permet d'am\u00e9liorer les effets de pr\u00e9sentation et d'\u00e9conomiser de l'espace dans les rayons.<\/li>\n<\/ul>\n<\/div>\n\n\n\n<div class=\"wp-block-column is-layout-flow wp-block-column-is-layout-flow\">\n<figure class=\"wp-block-image size-full\"><img fetchpriority=\"high\" decoding=\"async\" width=\"750\" height=\"750\" src=\"https:\/\/www.hyflexpack.com\/wp-content\/uploads\/2025\/02\/Bespoke-Dog-Food-Packaging-Bag-1.webp\" alt=\"Sac d&#039;emballage pour aliments pour chiens sur mesure\" class=\"wp-image-6191\" srcset=\"https:\/\/www.hyflexpack.com\/wp-content\/uploads\/2025\/02\/Bespoke-Dog-Food-Packaging-Bag-1.webp 750w, https:\/\/www.hyflexpack.com\/wp-content\/uploads\/2025\/02\/Bespoke-Dog-Food-Packaging-Bag-1-300x300.webp 300w, https:\/\/www.hyflexpack.com\/wp-content\/uploads\/2025\/02\/Bespoke-Dog-Food-Packaging-Bag-1-150x150.webp 150w, https:\/\/www.hyflexpack.com\/wp-content\/uploads\/2025\/02\/Bespoke-Dog-Food-Packaging-Bag-1-12x12.webp 12w, https:\/\/www.hyflexpack.com\/wp-content\/uploads\/2025\/02\/Bespoke-Dog-Food-Packaging-Bag-1-285x285.webp 285w, https:\/\/www.hyflexpack.com\/wp-content\/uploads\/2025\/02\/Bespoke-Dog-Food-Packaging-Bag-1-270x270.webp 270w, https:\/\/www.hyflexpack.com\/wp-content\/uploads\/2025\/02\/Bespoke-Dog-Food-Packaging-Bag-1-540x540.webp 540w, https:\/\/www.hyflexpack.com\/wp-content\/uploads\/2025\/02\/Bespoke-Dog-Food-Packaging-Bag-1-660x660.webp 660w\" sizes=\"(max-width: 750px) 100vw, 750px\" \/><\/figure>\n<\/div>\n<\/div>\n\n\n\n<p><\/p>","protected":false},"excerpt":{"rendered":"<p>D\u00e9couvrez nos sacs d'emballage d'aliments pour animaux de compagnie fabriqu\u00e9s \u00e0 partir de papier aluminium et de papier kraft. Il s'agit d'un sac d'emballage d'aliments pour animaux de compagnie fait de mat\u00e9riaux recyclables et ayant la forme d'un stand-up pour faciliter le transport. Contactez notre \u00e9quipe professionnelle d\u00e8s maintenant pour un devis d\u00e9taill\u00e9, nous vous servirons de tout c\u0153ur !<\/p>\n<h3>Avantages d'un fabricant de sacs d'emballage d'aliments pour chiens sur mesure de haute qualit\u00e9<\/h3>\n<ul>\n<li><strong>Service personnalis\u00e9<\/strong>: Huiyang Packaging est sp\u00e9cialis\u00e9 dans la fourniture \u00e0 ses clients de services d'emballage personnalis\u00e9s et professionnels, de la conception du produit \u00e0 la production.<\/li>\n<li><strong>Concept de protection de l'environnement<\/strong>: Huiyang est ravie de fournir \u00e0 ses clients des mat\u00e9riaux d'emballage \u00e9cologiques et d'utiliser des mat\u00e9riaux recyclables pour r\u00e9pondre \u00e0 la demande mondiale d'emballages \u00e9cologiques.<\/li>\n<li><strong>Excellent contr\u00f4le de la qualit\u00e9<\/strong>: Huiyang utilise des machines de pointe dans le processus de fabrication ainsi que des syst\u00e8mes de contr\u00f4le de la qualit\u00e9 rigoureux pour garantir des normes de haute qualit\u00e9 dans chaque lot de mat\u00e9riaux d'emballage.<\/li>\n<li><strong>Innovation et adaptation du march\u00e9<\/strong>: En tant que leader du march\u00e9, Huiyang ne cesse d'innover et de produire des emballages qui correspondent aux tendances du march\u00e9 et aux go\u00fbts des consommateurs.<\/li>\n<\/ul>\n<p>Huiyang Packaging s'engage \u00e0 fournir \u00e0 ses clients des sacs d'emballage de haute qualit\u00e9 pour les aliments pour chiens afin de les aider \u00e0 am\u00e9liorer l'image de leurs produits et \u00e0 renforcer leur comp\u00e9titivit\u00e9 sur le march\u00e9.<\/p>","protected":false},"featured_media":6191,"comment_status":"open","ping_status":"closed","template":"","meta":[],"product_brand":[],"product_cat":[56],"product_tag":[],"class_list":{"0":"post-6221","1":"product","2":"type-product","3":"status-publish","4":"has-post-thumbnail","6":"product_cat-custom-pet-food-packaging","8":"first","9":"instock","10":"shipping-taxable","11":"product-type-simple"},"_links":{"self":[{"href":"https:\/\/www.hyflexpack.com\/fr\/wp-json\/wp\/v2\/product\/6221","targetHints":{"allow":["GET"]}}],"collection":[{"href":"https:\/\/www.hyflexpack.com\/fr\/wp-json\/wp\/v2\/product"}],"about":[{"href":"https:\/\/www.hyflexpack.com\/fr\/wp-json\/wp\/v2\/types\/product"}],"replies":[{"embeddable":true,"href":"https:\/\/www.hyflexpack.com\/fr\/wp-json\/wp\/v2\/comments?post=6221"}],"wp:featuredmedia":[{"embeddable":true,"href":"https:\/\/www.hyflexpack.com\/fr\/wp-json\/wp\/v2\/media\/6191"}],"wp:attachment":[{"href":"https:\/\/www.hyflexpack.com\/fr\/wp-json\/wp\/v2\/media?parent=6221"}],"wp:term":[{"taxonomy":"product_brand","embeddable":true,"href":"https:\/\/www.hyflexpack.com\/fr\/wp-json\/wp\/v2\/product_brand?post=6221"},{"taxonomy":"product_cat","embeddable":true,"href":"https:\/\/www.hyflexpack.com\/fr\/wp-json\/wp\/v2\/product_cat?post=6221"},{"taxonomy":"product_tag","embeddable":true,"href":"https:\/\/www.hyflexpack.com\/fr\/wp-json\/wp\/v2\/product_tag?post=6221"}],"curies":[{"name":"wp","href":"https:\/\/api.w.org\/{rel}","templated":true}]}}