{"id":6083,"date":"2025-02-13T04:11:05","date_gmt":"2025-02-13T04:11:05","guid":{"rendered":"https:\/\/www.hyflexpack.com\/?post_type=product&#038;p=6083"},"modified":"2025-11-04T09:20:21","modified_gmt":"2025-11-04T09:20:21","slug":"custom-popsicle-packaging-film","status":"publish","type":"product","link":"https:\/\/www.hyflexpack.com\/fr\/product\/custom-popsicle-packaging-film\/","title":{"rendered":"Sacs d'emballage de glace en Chine, Film pour barre de glace en gros"},"content":{"rendered":"<div class=\"wp-block-columns is-layout-flex wp-container-core-columns-is-layout-9d6595d7 wp-block-columns-is-layout-flex\">\n<div class=\"wp-block-column is-layout-flow wp-block-column-is-layout-flow\">\n<h3 class=\"wp-block-heading\">Caract\u00e9ristiques du film d'emballage pour sucettes glac\u00e9es sur mesure<\/h3>\n\n\n\n<ul class=\"wp-block-list\">\n<li><strong>Film plastique alimentaire de haute qualit\u00e9<\/strong>Emballages de sucettes glac\u00e9es sur mesure : conformit\u00e9 et normes \u00e9lev\u00e9es avec les certifications FDA, BRC et ISO pour garantir la s\u00e9curit\u00e9 et l'hygi\u00e8ne de l'emballage.<\/li>\n\n\n\n<li><strong>Convient aux \u00e9quipements d'emballage automatique<\/strong>: Am\u00e9liore l'efficacit\u00e9 de la production, la conception lisse du rouleau de film \u00e9vite les bourrages de papier lors de l'emballage \u00e0 grande vitesse.<\/li>\n\n\n\n<li><strong>Bonne r\u00e9sistance \u00e0 l'humidit\u00e9 et \u00e0 l'oxydation<\/strong>: Une structure multicouche sp\u00e9cialement con\u00e7ue emp\u00eache efficacement la p\u00e9n\u00e9tration de l'humidit\u00e9 et l'intrusion de l'oxyg\u00e8ne, garantissant la fra\u00eecheur et le go\u00fbt de la cr\u00e8me glac\u00e9e et des barres glac\u00e9es.<\/li>\n\n\n\n<li><strong>Mat\u00e9riaux d'emballage durables<\/strong>: En r\u00e9ponse \u00e0 la tendance mondiale de la consommation verte, nous proposons des options \u00e9cologiques pour l'emballage des popsicles biod\u00e9gradables ou d'autres emballages de popsicles \u00e9cologiques afin de minimiser l'impact n\u00e9gatif sur l'environnement.<\/li>\n\n\n\n<li><strong>Gagner de l'espace de stockage<\/strong>: Les rouleaux de film composite pour l'emballage des sucettes glac\u00e9es sont faciles \u00e0 stocker et \u00e0 man\u0153uvrer, pratiques \u00e0 utiliser et am\u00e9liorent l'efficacit\u00e9 du travail.<\/li>\n<\/ul>\n<\/div>\n\n\n\n<div class=\"wp-block-column is-layout-flow wp-block-column-is-layout-flow\">\n<figure class=\"wp-block-image size-full\"><img fetchpriority=\"high\" decoding=\"async\" width=\"750\" height=\"750\" src=\"https:\/\/www.hyflexpack.com\/wp-content\/uploads\/2025\/01\/Custom-popsicle-ice-cream-bar-packaging-film\uff081\uff09-1.webp\" alt=\"film d&#039;emballage personnalis\u00e9 pour sucettes glac\u00e9es\" class=\"wp-image-6039\" srcset=\"https:\/\/www.hyflexpack.com\/wp-content\/uploads\/2025\/01\/Custom-popsicle-ice-cream-bar-packaging-film\uff081\uff09-1.webp 750w, https:\/\/www.hyflexpack.com\/wp-content\/uploads\/2025\/01\/Custom-popsicle-ice-cream-bar-packaging-film\uff081\uff09-1-300x300.webp 300w, https:\/\/www.hyflexpack.com\/wp-content\/uploads\/2025\/01\/Custom-popsicle-ice-cream-bar-packaging-film\uff081\uff09-1-150x150.webp 150w, https:\/\/www.hyflexpack.com\/wp-content\/uploads\/2025\/01\/Custom-popsicle-ice-cream-bar-packaging-film\uff081\uff09-1-12x12.webp 12w, https:\/\/www.hyflexpack.com\/wp-content\/uploads\/2025\/01\/Custom-popsicle-ice-cream-bar-packaging-film\uff081\uff09-1-285x285.webp 285w, https:\/\/www.hyflexpack.com\/wp-content\/uploads\/2025\/01\/Custom-popsicle-ice-cream-bar-packaging-film\uff081\uff09-1-270x270.webp 270w, https:\/\/www.hyflexpack.com\/wp-content\/uploads\/2025\/01\/Custom-popsicle-ice-cream-bar-packaging-film\uff081\uff09-1-540x540.webp 540w, https:\/\/www.hyflexpack.com\/wp-content\/uploads\/2025\/01\/Custom-popsicle-ice-cream-bar-packaging-film\uff081\uff09-1-660x660.webp 660w\" sizes=\"(max-width: 750px) 100vw, 750px\" \/><\/figure>\n<\/div>\n<\/div>","protected":false},"excerpt":{"rendered":"<p>D\u00e9couvrez notre film d'emballage pour sucettes glac\u00e9es personnalis\u00e9 qui pr\u00e9sente une excellente r\u00e9sistance \u00e0 l'humidit\u00e9, \u00e0 l'oxydation et aux odeurs, ce qui permet de prot\u00e9ger efficacement la glace de l'environnement ext\u00e9rieur et de pr\u00e9server sa fra\u00eecheur et son go\u00fbt. En outre, le film d'emballage de glace imprim\u00e9 sur mesure conserve une bonne r\u00e9sistance physique et une bonne flexibilit\u00e9 dans des conditions de cong\u00e9lation. Il ne devient pas cassant et ne se fissure pas sous l'effet des changements de temp\u00e9rature, ce qui emp\u00eache toute fuite ou contamination du produit. Contactez-nous d\u00e8s aujourd'hui pour obtenir des mod\u00e8les et des \u00e9chantillons gratuits afin de comparer les produits adapt\u00e9s \u00e0 votre marque.<\/p>\n<h3>Avantages du fournisseur d'emballages pour sucettes glac\u00e9es<\/h3>\n<p><strong>Produits Forme<\/strong>: Rouleau d'emballage en gros pour aliments surgel\u00e9s<br \/><strong>Taille et mat\u00e9riaux<\/strong>: Personnalisable<br \/><strong>Impression<\/strong>Impression en h\u00e9liogravure 10 couleurs<br \/><strong>MOQ<\/strong>10 000pcs MOQ pour les sacs et les pochettes<br \/><strong>\u00c9chantillons<\/strong>: \u00c9chantillons de pochettes \u00e0 fond plat offerts GRATUITEMENT<br \/><strong>Certificat<\/strong>: FDA, ISO, BRC, Sedex<br \/><strong>Original<\/strong>: Guangdong, Chine<br \/><strong>D\u00e9lai d'ex\u00e9cution<\/strong>15 jours ouvrables, disponible sur demande<br \/><strong>Colo personnalis\u00e9e<\/strong>r : Couleurs personnalis\u00e9es disponibles, Pantone et CMYK<\/p>\n<p>En tant qu'usine professionnelle d'emballage de sucettes glac\u00e9es imprim\u00e9es en Chine, <a href=\"https:\/\/www.hyflexpack.com\/fr\/\"><strong>Huiyang Packaging<\/strong><\/a> se concentre sur la fabrication d'emballages souples pour les industries de l'alimentation, des boissons et des jus. Nous fournissons avec succ\u00e8s aux grandes et aux petites marques des <a href=\"https:\/\/www.hyflexpack.com\/fr\/categorie-produit\/custom-food-packaging-bags\/\"><strong>sacs d'emballage alimentaire personnalis\u00e9s<\/strong> <\/a>et des solutions de films depuis plus de 26 ans gr\u00e2ce \u00e0 une expertise et une exp\u00e9rience approfondies.<\/p>","protected":false},"featured_media":6039,"comment_status":"open","ping_status":"closed","template":"","meta":[],"product_brand":[],"product_cat":[53,86],"product_tag":[],"class_list":{"0":"post-6083","1":"product","2":"type-product","3":"status-publish","4":"has-post-thumbnail","6":"product_cat-packaging-film-supplier","7":"product_cat-cold-seal-film","9":"first","10":"instock","11":"shipping-taxable","12":"product-type-simple"},"_links":{"self":[{"href":"https:\/\/www.hyflexpack.com\/fr\/wp-json\/wp\/v2\/product\/6083","targetHints":{"allow":["GET"]}}],"collection":[{"href":"https:\/\/www.hyflexpack.com\/fr\/wp-json\/wp\/v2\/product"}],"about":[{"href":"https:\/\/www.hyflexpack.com\/fr\/wp-json\/wp\/v2\/types\/product"}],"replies":[{"embeddable":true,"href":"https:\/\/www.hyflexpack.com\/fr\/wp-json\/wp\/v2\/comments?post=6083"}],"wp:featuredmedia":[{"embeddable":true,"href":"https:\/\/www.hyflexpack.com\/fr\/wp-json\/wp\/v2\/media\/6039"}],"wp:attachment":[{"href":"https:\/\/www.hyflexpack.com\/fr\/wp-json\/wp\/v2\/media?parent=6083"}],"wp:term":[{"taxonomy":"product_brand","embeddable":true,"href":"https:\/\/www.hyflexpack.com\/fr\/wp-json\/wp\/v2\/product_brand?post=6083"},{"taxonomy":"product_cat","embeddable":true,"href":"https:\/\/www.hyflexpack.com\/fr\/wp-json\/wp\/v2\/product_cat?post=6083"},{"taxonomy":"product_tag","embeddable":true,"href":"https:\/\/www.hyflexpack.com\/fr\/wp-json\/wp\/v2\/product_tag?post=6083"}],"curies":[{"name":"wp","href":"https:\/\/api.w.org\/{rel}","templated":true}]}}