{"id":6080,"date":"2025-06-05T19:55:35","date_gmt":"2025-06-05T19:55:35","guid":{"rendered":"https:\/\/www.hyflexpack.com\/?post_type=product&#038;p=6080"},"modified":"2025-06-05T19:55:37","modified_gmt":"2025-06-05T19:55:37","slug":"oempopsicle-packaging-film","status":"publish","type":"product","link":"https:\/\/www.hyflexpack.com\/fr\/product\/oempopsicle-packaging-film\/","title":{"rendered":"Film d'emballage pour cr\u00e8me glac\u00e9e et glace lamin\u00e9e OEM Rouleau de feuille d'aluminium en plastique"},"content":{"rendered":"<div class=\"wp-block-columns is-layout-flex wp-container-core-columns-is-layout-9d6595d7 wp-block-columns-is-layout-flex\">\n<div class=\"wp-block-column is-layout-flow wp-block-column-is-layout-flow\">\n<h2 class=\"wp-block-heading\">Caract\u00e9ristiques du film d'emballage lamin\u00e9 pour cr\u00e8me glac\u00e9e et glace OEM&amp;ODM<\/h2>\n\n\n\n<ul class=\"wp-block-list\">\n<li>Mat\u00e9riaux de haute qualit\u00e9 : Notre film d'emballage pour aliments pour chiens imprim\u00e9 sur mesure utilise des mat\u00e9riaux d'emballage de haute qualit\u00e9 pour garantir une s\u00e9curit\u00e9 alimentaire, non toxique et inodore. Il est solide et durable et convient \u00e0 une grande vari\u00e9t\u00e9 de besoins en mati\u00e8re d'emballage alimentaire.<\/li>\n\n\n\n<li>Emballage efficace : Convient aux \u00e9quipements d'emballage automatique pour am\u00e9liorer l'efficacit\u00e9 de la production. La conception du rouleau de film lisse garantit qu'il n'y aura pas de bourrage de papier pendant l'emballage \u00e0 grande vitesse.<\/li>\n\n\n\n<li>Performance sup\u00e9rieure en mati\u00e8re de protection : Protection efficace contre l'humidit\u00e9 et la poussi\u00e8re, bonne r\u00e9sistance \u00e0 la d\u00e9chirure et protection de l'int\u00e9grit\u00e9 du produit pendant le transport et le stockage.<\/li>\n\n\n\n<li>Options respectueuses de l'environnement : Favoriser l'utilisation de mat\u00e9riaux biod\u00e9gradables et recyclables pour r\u00e9pondre aux exigences de protection de l'environnement. Des options d'\u00e9paisseur de film sont \u00e9galement propos\u00e9es pour r\u00e9duire les d\u00e9chets de mat\u00e9riaux et l'empreinte carbone.<\/li>\n\n\n\n<li>Utilisation pratique : Le rouleau de film d'emballage composite est facile \u00e0 stocker et \u00e0 manipuler, ce qui permet d'\u00e9conomiser de l'espace dans l'entrep\u00f4t.<\/li>\n<\/ul>\n<\/div>\n\n\n\n<div class=\"wp-block-column is-layout-flow wp-block-column-is-layout-flow\">\n<figure class=\"wp-block-image size-full\"><img fetchpriority=\"high\" decoding=\"async\" width=\"750\" height=\"750\" src=\"https:\/\/www.hyflexpack.com\/wp-content\/uploads\/2025\/01\/OEMODM-Laminated-Ice-Cream-Popsicle-Packaging-Film1.webp\" alt=\"Film d&#039;emballage lamin\u00e9 pour cr\u00e8me glac\u00e9e et sucette OEM&amp;ODM\" class=\"wp-image-6075\" srcset=\"https:\/\/www.hyflexpack.com\/wp-content\/uploads\/2025\/01\/OEMODM-Laminated-Ice-Cream-Popsicle-Packaging-Film1.webp 750w, https:\/\/www.hyflexpack.com\/wp-content\/uploads\/2025\/01\/OEMODM-Laminated-Ice-Cream-Popsicle-Packaging-Film1-300x300.webp 300w, https:\/\/www.hyflexpack.com\/wp-content\/uploads\/2025\/01\/OEMODM-Laminated-Ice-Cream-Popsicle-Packaging-Film1-150x150.webp 150w, https:\/\/www.hyflexpack.com\/wp-content\/uploads\/2025\/01\/OEMODM-Laminated-Ice-Cream-Popsicle-Packaging-Film1-12x12.webp 12w, https:\/\/www.hyflexpack.com\/wp-content\/uploads\/2025\/01\/OEMODM-Laminated-Ice-Cream-Popsicle-Packaging-Film1-285x285.webp 285w, https:\/\/www.hyflexpack.com\/wp-content\/uploads\/2025\/01\/OEMODM-Laminated-Ice-Cream-Popsicle-Packaging-Film1-270x270.webp 270w, https:\/\/www.hyflexpack.com\/wp-content\/uploads\/2025\/01\/OEMODM-Laminated-Ice-Cream-Popsicle-Packaging-Film1-540x540.webp 540w, https:\/\/www.hyflexpack.com\/wp-content\/uploads\/2025\/01\/OEMODM-Laminated-Ice-Cream-Popsicle-Packaging-Film1-660x660.webp 660w\" sizes=\"(max-width: 750px) 100vw, 750px\" \/><\/figure>\n<\/div>\n<\/div>","protected":false},"excerpt":{"rendered":"<p>Notre film d'emballage lamin\u00e9 pour cr\u00e8me glac\u00e9e et glace OEM&amp;ODM combine des rouleaux de plastique et de feuille d'aluminium, offrant non seulement d'excellentes propri\u00e9t\u00e9s de barri\u00e8re pour garantir la fra\u00eecheur du produit et prolonger sa dur\u00e9e de conservation, mais r\u00e9pondant \u00e9galement aux besoins de marketing uniques de la marque gr\u00e2ce \u00e0 des services personnalis\u00e9s. Contactez-nous d\u00e8s aujourd'hui et laissez-nous personnaliser vos emballages alimentaires exclusifs ! \u25cfConception personnalis\u00e9e : Nous fournissons des services personnalis\u00e9s, y compris la personnalisation du mat\u00e9riau, de la taille et du motif d'impression pour r\u00e9pondre aux besoins des clients, et soutenons OEM et ODM. \u25cfFabrication : Adopter des lignes de production composites internationalement avanc\u00e9es et des syst\u00e8mes de contr\u00f4le automatique pour assurer des processus de production efficaces et stables et une livraison dans les d\u00e9lais. \u25cf Inspection de la qualit\u00e9 : Produire strictement selon les normes de qualit\u00e9 et les exigences de s\u00e9curit\u00e9 alimentaire pour s'assurer que les produits r\u00e9pondent aux normes. \u25cfService \u00e0 la client\u00e8le : Fournir une r\u00e9ponse rapide et un soutien attentionn\u00e9 au service \u00e0 la client\u00e8le 24 heures sur 24. \u25cf\u00c9chantillons gratuits : Faire des \u00e9chantillons de petits lots pour les clients \u00e0 essayer et \u00e0 \u00e9valuer Huiyang Packaging s'engage \u00e0 fournir aux clients des films d'emballage de glace lamin\u00e9e de haute qualit\u00e9 OEM &amp; ODM pour aider les clients \u00e0 am\u00e9liorer leur image de produit et \u00e0 am\u00e9liorer leur comp\u00e9titivit\u00e9 sur le march\u00e9.<\/p>","protected":false},"featured_media":6075,"comment_status":"open","ping_status":"closed","template":"","meta":[],"product_brand":[],"product_cat":[53,86],"product_tag":[],"class_list":{"0":"post-6080","1":"product","2":"type-product","3":"status-publish","4":"has-post-thumbnail","6":"product_cat-packaging-film-supplier","7":"product_cat-cold-seal-film","9":"first","10":"instock","11":"shipping-taxable","12":"product-type-simple"},"_links":{"self":[{"href":"https:\/\/www.hyflexpack.com\/fr\/wp-json\/wp\/v2\/product\/6080","targetHints":{"allow":["GET"]}}],"collection":[{"href":"https:\/\/www.hyflexpack.com\/fr\/wp-json\/wp\/v2\/product"}],"about":[{"href":"https:\/\/www.hyflexpack.com\/fr\/wp-json\/wp\/v2\/types\/product"}],"replies":[{"embeddable":true,"href":"https:\/\/www.hyflexpack.com\/fr\/wp-json\/wp\/v2\/comments?post=6080"}],"wp:featuredmedia":[{"embeddable":true,"href":"https:\/\/www.hyflexpack.com\/fr\/wp-json\/wp\/v2\/media\/6075"}],"wp:attachment":[{"href":"https:\/\/www.hyflexpack.com\/fr\/wp-json\/wp\/v2\/media?parent=6080"}],"wp:term":[{"taxonomy":"product_brand","embeddable":true,"href":"https:\/\/www.hyflexpack.com\/fr\/wp-json\/wp\/v2\/product_brand?post=6080"},{"taxonomy":"product_cat","embeddable":true,"href":"https:\/\/www.hyflexpack.com\/fr\/wp-json\/wp\/v2\/product_cat?post=6080"},{"taxonomy":"product_tag","embeddable":true,"href":"https:\/\/www.hyflexpack.com\/fr\/wp-json\/wp\/v2\/product_tag?post=6080"}],"curies":[{"name":"wp","href":"https:\/\/api.w.org\/{rel}","templated":true}]}}