{"id":6035,"date":"2025-02-19T07:19:49","date_gmt":"2025-02-19T07:19:49","guid":{"rendered":"https:\/\/www.hyflexpack.com\/?post_type=product&#038;p=6035"},"modified":"2025-10-23T08:17:50","modified_gmt":"2025-10-23T08:17:50","slug":"custom-potato-chips-bags-supplier","status":"publish","type":"product","link":"https:\/\/www.hyflexpack.com\/fr\/product\/custom-potato-chips-bags-supplier\/","title":{"rendered":"Sacs de chips sur mesure OEM\/ODM pour snacks de frites croustillantes,Fourniture de feuilles d'aluminium en plastique"},"content":{"rendered":"<div class=\"wp-block-columns is-layout-flex wp-container-core-columns-is-layout-9d6595d7 wp-block-columns-is-layout-flex\">\n<div class=\"wp-block-column is-layout-flow wp-block-column-is-layout-flow\">\n<h2 class=\"wp-block-heading\">Caract\u00e9ristiques des sacs de chips personnalis\u00e9s <\/h2>\n\n\n\n<ul class=\"wp-block-list\">\n<li>S\u00e9lection des mat\u00e9riaux : Notre sac d'emballage pour chips utilise un mat\u00e9riau composite multicouche compos\u00e9 de plastique et de feuilles d'aluminium, qui offre d'excellentes propri\u00e9t\u00e9s de barri\u00e8re et emp\u00eache efficacement l'influence de l'air, de l'humidit\u00e9 et de la lumi\u00e8re.<\/li>\n\n\n\n<li>Performance en mati\u00e8re de pr\u00e9servation de la fra\u00eecheur : Sp\u00e9cialement con\u00e7ues pour garantir que les chips conservent leur go\u00fbt croustillant pendant le stockage et prolonger la dur\u00e9e de conservation du produit. La couche de papier d'aluminium peut emp\u00eacher efficacement la graisse de s'infiltrer, \u00e9viter la contamination de l'emballage par la graisse et le garder propre et net.<\/li>\n\n\n\n<li>Promotion de la marque : Le design personnalis\u00e9 permet aux marques de mettre en valeur leur image et leurs valeurs par le biais d'\u00e9l\u00e9ments visuels uniques, afin de se d\u00e9marquer dans les rayons et d'attirer l'attention des consommateurs cibles.<\/li>\n<\/ul>\n<\/div>\n\n\n\n<div class=\"wp-block-column is-layout-flow wp-block-column-is-layout-flow\">\n<figure class=\"wp-block-image size-full\"><img fetchpriority=\"high\" decoding=\"async\" width=\"750\" height=\"750\" src=\"https:\/\/www.hyflexpack.com\/wp-content\/uploads\/2025\/01\/Custom-Crispy-Fries-Snacks-Potato-Chips-Packaging\uff081\uff09-1.webp\" alt=\"Emballage personnalis\u00e9 de frites croustillantes Snacks Chips de pomme de terre\" class=\"wp-image-6021\" srcset=\"https:\/\/www.hyflexpack.com\/wp-content\/uploads\/2025\/01\/Custom-Crispy-Fries-Snacks-Potato-Chips-Packaging\uff081\uff09-1.webp 750w, https:\/\/www.hyflexpack.com\/wp-content\/uploads\/2025\/01\/Custom-Crispy-Fries-Snacks-Potato-Chips-Packaging\uff081\uff09-1-300x300.webp 300w, https:\/\/www.hyflexpack.com\/wp-content\/uploads\/2025\/01\/Custom-Crispy-Fries-Snacks-Potato-Chips-Packaging\uff081\uff09-1-150x150.webp 150w, https:\/\/www.hyflexpack.com\/wp-content\/uploads\/2025\/01\/Custom-Crispy-Fries-Snacks-Potato-Chips-Packaging\uff081\uff09-1-12x12.webp 12w, https:\/\/www.hyflexpack.com\/wp-content\/uploads\/2025\/01\/Custom-Crispy-Fries-Snacks-Potato-Chips-Packaging\uff081\uff09-1-285x285.webp 285w, https:\/\/www.hyflexpack.com\/wp-content\/uploads\/2025\/01\/Custom-Crispy-Fries-Snacks-Potato-Chips-Packaging\uff081\uff09-1-270x270.webp 270w, https:\/\/www.hyflexpack.com\/wp-content\/uploads\/2025\/01\/Custom-Crispy-Fries-Snacks-Potato-Chips-Packaging\uff081\uff09-1-540x540.webp 540w, https:\/\/www.hyflexpack.com\/wp-content\/uploads\/2025\/01\/Custom-Crispy-Fries-Snacks-Potato-Chips-Packaging\uff081\uff09-1-660x660.webp 660w\" sizes=\"(max-width: 750px) 100vw, 750px\" \/><\/figure>\n<\/div>\n<\/div>\n\n\n\n<p><\/p>","protected":false},"excerpt":{"rendered":"<p>En savoir plus sur nos frites croustillantes personnalis\u00e9es Snacks Chips de pommes de terre L'emballage adopte une conception \u00e0 joint central, qui combine les avantages des mat\u00e9riaux en plastique et en papier d'aluminium. Il s'agit d'un emballage protecteur id\u00e9al pour les aliments secs. Il poss\u00e8de une excellente capacit\u00e9 de conservation et bloque efficacement l'air, l'humidit\u00e9 et la lumi\u00e8re gr\u00e2ce \u00e0 une structure composite multicouche, garantissant que le go\u00fbt croustillant des chips reste inchang\u00e9 pendant longtemps. La couche de papier d'aluminium offre d'excellentes propri\u00e9t\u00e9s de barri\u00e8re pour emp\u00eacher les fuites de graisse, tout en renfor\u00e7ant la solidit\u00e9 globale de l'emballage et en r\u00e9duisant le risque de dommages pendant le transport. Ce sac d'emballage est \u00e9galement facile \u00e0 sceller, ce qui permet aux consommateurs de l'ouvrir et de le refermer plusieurs fois et de conserver facilement les snacks non consomm\u00e9s. En outre, il peut \u00eatre imprim\u00e9 sur mesure, ce qui permet d'afficher parfaitement l'image de la marque et les informations sur le produit et d'attirer l'attention des clients. En termes de protection de l'environnement, vous pouvez choisir des mat\u00e9riaux recyclables ou biod\u00e9gradables pour refl\u00e9ter la responsabilit\u00e9 sociale de la marque. Contactez-nous d\u00e8s aujourd'hui pour obtenir un devis. Nous nous engageons \u00e0 fournir des solutions d'emballage de haute qualit\u00e9 et respectueuses de l'environnement. Avantages du sac d'emballage personnalis\u00e9 de haute qualit\u00e9 pour les frites croustillantes, les snacks et les chips \u25cfConception personnalis\u00e9e : Nous fournissons des services de sac d'emballage personnalis\u00e9s, y compris la personnalisation du mat\u00e9riau, de la taille et du motif d'impression pour r\u00e9pondre aux besoins des clients, et soutenir OEM et ODM. \u25cfFabrication : Avec un \u00e9quipement et une technologie avanc\u00e9s, nous pouvons compl\u00e9ter la production des commandes efficacement et avec une qualit\u00e9 \u00e9lev\u00e9e, et livrer \u00e0 temps. \u25cf Inspection de la qualit\u00e9 : La production est effectu\u00e9e en stricte conformit\u00e9 avec les normes de qualit\u00e9 et les exigences en mati\u00e8re de s\u00e9curit\u00e9 alimentaire afin de garantir que les produits r\u00e9pondent aux normes. \u25cfService \u00e0 la client\u00e8le : Fournir une r\u00e9ponse rapide et un soutien attentionn\u00e9 au service \u00e0 la client\u00e8le 24 heures sur 24. \u25cf\u00c9chantillon gratuit : Fournir un service d'\u00e9chantillon gratuit pour que vous puissiez \u00e9valuer le produit. Huiyang Packaging s'engage \u00e0 fournir aux clients des sacs d'emballage de frites croustillantes personnalis\u00e9es de haute qualit\u00e9 pour aider les clients \u00e0 am\u00e9liorer l'image de leur produit et \u00e0 am\u00e9liorer leur comp\u00e9titivit\u00e9 sur le march\u00e9<\/p>","protected":false},"featured_media":6021,"comment_status":"open","ping_status":"closed","template":"","meta":[],"product_brand":[],"product_cat":[57],"product_tag":[],"class_list":{"0":"post-6035","1":"product","2":"type-product","3":"status-publish","4":"has-post-thumbnail","6":"product_cat-snack-packaging-bags-wholesale","8":"first","9":"instock","10":"shipping-taxable","11":"product-type-simple"},"_links":{"self":[{"href":"https:\/\/www.hyflexpack.com\/fr\/wp-json\/wp\/v2\/product\/6035","targetHints":{"allow":["GET"]}}],"collection":[{"href":"https:\/\/www.hyflexpack.com\/fr\/wp-json\/wp\/v2\/product"}],"about":[{"href":"https:\/\/www.hyflexpack.com\/fr\/wp-json\/wp\/v2\/types\/product"}],"replies":[{"embeddable":true,"href":"https:\/\/www.hyflexpack.com\/fr\/wp-json\/wp\/v2\/comments?post=6035"}],"wp:featuredmedia":[{"embeddable":true,"href":"https:\/\/www.hyflexpack.com\/fr\/wp-json\/wp\/v2\/media\/6021"}],"wp:attachment":[{"href":"https:\/\/www.hyflexpack.com\/fr\/wp-json\/wp\/v2\/media?parent=6035"}],"wp:term":[{"taxonomy":"product_brand","embeddable":true,"href":"https:\/\/www.hyflexpack.com\/fr\/wp-json\/wp\/v2\/product_brand?post=6035"},{"taxonomy":"product_cat","embeddable":true,"href":"https:\/\/www.hyflexpack.com\/fr\/wp-json\/wp\/v2\/product_cat?post=6035"},{"taxonomy":"product_tag","embeddable":true,"href":"https:\/\/www.hyflexpack.com\/fr\/wp-json\/wp\/v2\/product_tag?post=6035"}],"curies":[{"name":"wp","href":"https:\/\/api.w.org\/{rel}","templated":true}]}}