{"id":6033,"date":"2025-02-28T09:45:14","date_gmt":"2025-02-28T09:45:14","guid":{"rendered":"https:\/\/www.hyflexpack.com\/?post_type=product&#038;p=6033"},"modified":"2025-10-23T08:17:33","modified_gmt":"2025-10-23T08:17:33","slug":"custom-potato-chips-packaging-bag","status":"publish","type":"product","link":"https:\/\/www.hyflexpack.com\/fr\/product\/custom-potato-chips-packaging-bag\/","title":{"rendered":"Emballage de chips avec pochette lamin\u00e9e en plastique Sac \u00e0 sceller \u00e0 dos imprim\u00e9 sur mesure Fournisseur de sacs \u00e0 sceller \u00e0 dos"},"content":{"rendered":"<div class=\"wp-block-columns is-layout-flex wp-container-core-columns-is-layout-9d6595d7 wp-block-columns-is-layout-flex\">\n<div class=\"wp-block-column is-layout-flow wp-block-column-is-layout-flow\">\n<h3 class=\"wp-block-heading\">Features of Custom Potato Chips Packaging Bag<\/h3>\n\n\n\n<ul class=\"wp-block-list\">\n<li><strong>Conception personnalis\u00e9e<\/strong>: Our custom potato chips packaging manufacturer provides customized printing service, and can pattern, color, and brand logos according to brand needs.<\/li>\n<\/ul>\n\n\n\n<p><\/p>\n\n\n\n<ul class=\"wp-block-list\">\n<li><strong>Impression de haute qualit\u00e9<\/strong>: Our custom-printed potato chips packaging uses high-quality printing technology for clear patterns and bright colors.<\/li>\n<\/ul>\n\n\n\n<p><\/p>\n\n\n\n<ul class=\"wp-block-list\">\n<li><strong>Mat\u00e9riaux de haute qualit\u00e9<\/strong>: We use multi-layer composite plastic material, with nice moisture-proofing, anti-oxidation, and fresh-keeping performance.<\/li>\n<\/ul>\n\n\n\n<p><\/p>\n\n\n\n<ul class=\"wp-block-list\">\n<li><strong>Durable Strength<\/strong>: Plastic that has been laminated is tear- and wear-resistant, protecting potato chips from deformation of shape or breakage and providing safe transportation.<\/li>\n<\/ul>\n\n\n\n<p><\/p>\n\n\n\n<ul class=\"wp-block-list\">\n<li><strong>Easy Sealing<\/strong>: The back-sealed bag design allows the product to be sealed easily after opening, reducing exposure to air and keeping food fresh and crispy.<\/li>\n<\/ul>\n<\/div>\n\n\n\n<div class=\"wp-block-column is-layout-flow wp-block-column-is-layout-flow\">\n<figure class=\"wp-block-image size-full\"><img fetchpriority=\"high\" decoding=\"async\" width=\"750\" height=\"750\" src=\"https:\/\/www.hyflexpack.com\/wp-content\/uploads\/2025\/01\/Custom-Printed-Potato-Chips-Packaging-Bag-1.webp\" alt=\"Sac d&#039;emballage pour chips imprim\u00e9 sur mesure\" class=\"wp-image-6026\" srcset=\"https:\/\/www.hyflexpack.com\/wp-content\/uploads\/2025\/01\/Custom-Printed-Potato-Chips-Packaging-Bag-1.webp 750w, https:\/\/www.hyflexpack.com\/wp-content\/uploads\/2025\/01\/Custom-Printed-Potato-Chips-Packaging-Bag-1-300x300.webp 300w, https:\/\/www.hyflexpack.com\/wp-content\/uploads\/2025\/01\/Custom-Printed-Potato-Chips-Packaging-Bag-1-150x150.webp 150w, https:\/\/www.hyflexpack.com\/wp-content\/uploads\/2025\/01\/Custom-Printed-Potato-Chips-Packaging-Bag-1-12x12.webp 12w, https:\/\/www.hyflexpack.com\/wp-content\/uploads\/2025\/01\/Custom-Printed-Potato-Chips-Packaging-Bag-1-285x285.webp 285w, https:\/\/www.hyflexpack.com\/wp-content\/uploads\/2025\/01\/Custom-Printed-Potato-Chips-Packaging-Bag-1-270x270.webp 270w, https:\/\/www.hyflexpack.com\/wp-content\/uploads\/2025\/01\/Custom-Printed-Potato-Chips-Packaging-Bag-1-540x540.webp 540w, https:\/\/www.hyflexpack.com\/wp-content\/uploads\/2025\/01\/Custom-Printed-Potato-Chips-Packaging-Bag-1-660x660.webp 660w\" sizes=\"(max-width: 750px) 100vw, 750px\" \/><\/figure>\n<\/div>\n<\/div>","protected":false},"excerpt":{"rendered":"<p>With eco-friendly materials, vibrant and striking designs, and attention to environmental conservation, Huiyang delivers your custom potato chips packaging with not only safety for your product but also a higher level of brand exposure within a competitive industry. Feel free to contact us for pricing.<\/p>\n<h3>Advantages of Potato Chips Packaging Manufacturer<\/h3>\n<ul>\n<li><strong>Mat\u00e9riaux respectueux de l'environnement<\/strong>: Emphasizes the use of sustainable, eco-friendly materials to help brands reduce their carbon footprint.<\/li>\n<li><strong>Customizable Service<\/strong>: Provide customized laminating pouch sizes, materials colors, etc.<\/li>\n<li><strong>Product Safety<\/strong>: Ensures packaging is durable, damage-free, and maintains freshness of products.<\/li>\n<li><strong>Brand Exposure<\/strong>: With its revolutionary design and excellent material, Huiyang Packing increases brand exposure in competitive markets.<\/li>\n<\/ul>\n<p>Huiyang Packing offers a synthesis of creativity, reliability, and affordability, the most suitable option for businesses searching to provide the product with an enhanced presentation while enjoying uncompromised protection. Contact us for free design and sample services to make your products stand out!<\/p>","protected":false},"featured_media":6026,"comment_status":"open","ping_status":"closed","template":"","meta":[],"product_brand":[],"product_cat":[57],"product_tag":[],"class_list":{"0":"post-6033","1":"product","2":"type-product","3":"status-publish","4":"has-post-thumbnail","6":"product_cat-snack-packaging-bags-wholesale","8":"first","9":"instock","10":"shipping-taxable","11":"product-type-simple"},"_links":{"self":[{"href":"https:\/\/www.hyflexpack.com\/fr\/wp-json\/wp\/v2\/product\/6033","targetHints":{"allow":["GET"]}}],"collection":[{"href":"https:\/\/www.hyflexpack.com\/fr\/wp-json\/wp\/v2\/product"}],"about":[{"href":"https:\/\/www.hyflexpack.com\/fr\/wp-json\/wp\/v2\/types\/product"}],"replies":[{"embeddable":true,"href":"https:\/\/www.hyflexpack.com\/fr\/wp-json\/wp\/v2\/comments?post=6033"}],"wp:featuredmedia":[{"embeddable":true,"href":"https:\/\/www.hyflexpack.com\/fr\/wp-json\/wp\/v2\/media\/6026"}],"wp:attachment":[{"href":"https:\/\/www.hyflexpack.com\/fr\/wp-json\/wp\/v2\/media?parent=6033"}],"wp:term":[{"taxonomy":"product_brand","embeddable":true,"href":"https:\/\/www.hyflexpack.com\/fr\/wp-json\/wp\/v2\/product_brand?post=6033"},{"taxonomy":"product_cat","embeddable":true,"href":"https:\/\/www.hyflexpack.com\/fr\/wp-json\/wp\/v2\/product_cat?post=6033"},{"taxonomy":"product_tag","embeddable":true,"href":"https:\/\/www.hyflexpack.com\/fr\/wp-json\/wp\/v2\/product_tag?post=6033"}],"curies":[{"name":"wp","href":"https:\/\/api.w.org\/{rel}","templated":true}]}}