{"id":6007,"date":"2025-05-27T08:04:26","date_gmt":"2025-05-27T08:04:26","guid":{"rendered":"https:\/\/www.hyflexpack.com\/?post_type=product&#038;p=6007"},"modified":"2025-05-27T08:04:28","modified_gmt":"2025-05-27T08:04:28","slug":"oem-pvc-shrink-film-rolls-wholesale","status":"publish","type":"product","link":"https:\/\/www.hyflexpack.com\/fr\/product\/oem-pvc-shrink-film-rolls-wholesale\/","title":{"rendered":"OEM PET\/PVC Rouleaux de film r\u00e9tractable Wholesale, Heat Shrink Wrap Sleeve Packaging Label Supplier"},"content":{"rendered":"<div class=\"wp-block-columns is-layout-flex wp-container-core-columns-is-layout-9d6595d7 wp-block-columns-is-layout-flex\">\n<div class=\"wp-block-column is-layout-flow wp-block-column-is-layout-flow\">\n<h2 class=\"wp-block-heading\">Caract\u00e9ristiques des rouleaux de film r\u00e9tractable en PVC<\/h2>\n\n\n\n<p><\/p>\n\n\n\n<ul class=\"wp-block-list\">\n<li>Mat\u00e9riaux de haute qualit\u00e9 : Fournir des mat\u00e9riaux diversifi\u00e9s et de haute qualit\u00e9 en fonction des besoins des clients, tels que des plastiques respectueux de l'environnement ou des mat\u00e9riaux dot\u00e9s de propri\u00e9t\u00e9s sp\u00e9ciales (telles que la r\u00e9sistance aux temp\u00e9ratures \u00e9lev\u00e9es et aux UV) afin de garantir que les \u00e9tiquettes sont \u00e0 la fois belles et durables.<\/li>\n\n\n\n<li>Impression efficace : Les services personnalis\u00e9s permettent d'obtenir une correspondance parfaite avec la conception de l'emballage du produit, d'am\u00e9liorer l'effet visuel global et de renforcer la reconnaissance de la marque gr\u00e2ce \u00e0 une technologie d'impression et de pelliculage pr\u00e9cise.<\/li>\n\n\n\n<li>Protection sup\u00e9rieure : Les \u00e9tiquettes de bouteilles thermoplastiques personnalis\u00e9es par des professionnels peuvent fournir une protection suppl\u00e9mentaire aux produits afin d'\u00e9viter que les informations ne soient us\u00e9es ou alt\u00e9r\u00e9es. En outre, certaines \u00e9tiquettes sont imperm\u00e9ables \u00e0 l'eau et \u00e0 l'huile, ce qui leur permet de s'adapter \u00e0 divers environnements de stockage et de transport.<\/li>\n\n\n\n<li>Options environnementales : Favoriser l'utilisation de mat\u00e9riaux biod\u00e9gradables et recyclables pour r\u00e9pondre aux exigences de protection de l'environnement. Des options d'\u00e9paisseur de film sont \u00e9galement propos\u00e9es pour r\u00e9duire les d\u00e9chets de mat\u00e9riaux et l'empreinte carbone.<\/li>\n\n\n\n<li>Facilit\u00e9 d'utilisation : Les rouleaux de film d'emballage composite sont faciles \u00e0 stocker et \u00e0 manipuler, ce qui permet d'\u00e9conomiser de l'espace dans les entrep\u00f4ts.<\/li>\n<\/ul>\n<\/div>\n\n\n\n<div class=\"wp-block-column is-layout-flow wp-block-column-is-layout-flow\">\n<figure class=\"wp-block-image size-full\"><img fetchpriority=\"high\" decoding=\"async\" width=\"750\" height=\"750\" src=\"https:\/\/www.hyflexpack.com\/wp-content\/uploads\/2025\/01\/OEM-PVC-PET-Shrink-Film-Roll2.webp\" alt=\"Rouleaux de film r\u00e9tractable en PVC grossiste\" class=\"wp-image-6002\" srcset=\"https:\/\/www.hyflexpack.com\/wp-content\/uploads\/2025\/01\/OEM-PVC-PET-Shrink-Film-Roll2.webp 750w, https:\/\/www.hyflexpack.com\/wp-content\/uploads\/2025\/01\/OEM-PVC-PET-Shrink-Film-Roll2-300x300.webp 300w, https:\/\/www.hyflexpack.com\/wp-content\/uploads\/2025\/01\/OEM-PVC-PET-Shrink-Film-Roll2-150x150.webp 150w, https:\/\/www.hyflexpack.com\/wp-content\/uploads\/2025\/01\/OEM-PVC-PET-Shrink-Film-Roll2-12x12.webp 12w, https:\/\/www.hyflexpack.com\/wp-content\/uploads\/2025\/01\/OEM-PVC-PET-Shrink-Film-Roll2-285x285.webp 285w, https:\/\/www.hyflexpack.com\/wp-content\/uploads\/2025\/01\/OEM-PVC-PET-Shrink-Film-Roll2-270x270.webp 270w, https:\/\/www.hyflexpack.com\/wp-content\/uploads\/2025\/01\/OEM-PVC-PET-Shrink-Film-Roll2-540x540.webp 540w, https:\/\/www.hyflexpack.com\/wp-content\/uploads\/2025\/01\/OEM-PVC-PET-Shrink-Film-Roll2-660x660.webp 660w\" sizes=\"(max-width: 750px) 100vw, 750px\" \/><\/figure>\n<\/div>\n<\/div>","protected":false},"excerpt":{"rendered":"<p>Nous sommes un fournisseur professionnel de rouleaux de film r\u00e9tractable et d'\u00e9tiquettes r\u00e9tractables en PVC OEM, offrant une large gamme de sp\u00e9cifications de rouleaux de film r\u00e9tractable respectueux de l'environnement, qui sont largement utilis\u00e9s dans les boissons en bouteille, l'alimentation, les cosm\u00e9tiques, les produits de premi\u00e8re n\u00e9cessit\u00e9 et d'autres industries. Nous pouvons personnaliser l'\u00e9paisseur, la largeur, la couleur et le motif d'impression, ce qui convient \u00e0 toutes sortes d'\u00e9quipements d'emballage \u00e0 grande vitesse. Vente en gros, approvisionnement stable, bienvenue aux clients du monde entier pour coop\u00e9rer et n\u00e9gocier !<\/p>\n<h3>Avantages des rouleaux de film r\u00e9tractable en PVC grossiste<\/h3>\n<ul>\n<li><strong>Conception sur mesure<\/strong>: Fournir des solutions de conception personnalis\u00e9es pour r\u00e9pondre \u00e0 diff\u00e9rentes sp\u00e9cifications, tailles et exigences d'impression jusqu'\u00e0 10 couleurs selon les besoins du client, prendre en charge la personnalisation OEM et ODM.<\/li>\n<li><strong>Assurance qualit\u00e9<\/strong>: Contr\u00f4le strict du processus de production, utilisation de mati\u00e8res premi\u00e8res de haute qualit\u00e9 et d'\u00e9quipements de production avanc\u00e9s pour garantir une qualit\u00e9 de produit stable et fiable.<\/li>\n<li><strong>Support technique professionnel<\/strong>: Gr\u00e2ce \u00e0 une \u00e9quipe technique exp\u00e9riment\u00e9e, nous fournissons une assistance technique professionnelle et un service apr\u00e8s-vente afin de r\u00e9pondre rapidement aux besoins des clients.<\/li>\n<li><strong>\u00c9chantillon gratuit<\/strong>: Fournir un service d'\u00e9chantillonnage gratuit pour vous permettre d'\u00e9valuer les produits.<\/li>\n<\/ul>\n<p>Huiyang Packaging se consacre \u00e0 l'offre de rouleaux de film r\u00e9tractable en PVC personnalis\u00e9s de haute qualit\u00e9 qui am\u00e9liorent l'image du produit et renforcent la comp\u00e9titivit\u00e9 du march\u00e9 pour nos clients.<\/p>","protected":false},"featured_media":6001,"comment_status":"open","ping_status":"closed","template":"","meta":[],"product_brand":[],"product_cat":[53,84],"product_tag":[],"class_list":{"0":"post-6007","1":"product","2":"type-product","3":"status-publish","4":"has-post-thumbnail","6":"product_cat-packaging-film-supplier","7":"product_cat-shrink-sleeve-film","9":"first","10":"instock","11":"shipping-taxable","12":"product-type-simple"},"_links":{"self":[{"href":"https:\/\/www.hyflexpack.com\/fr\/wp-json\/wp\/v2\/product\/6007","targetHints":{"allow":["GET"]}}],"collection":[{"href":"https:\/\/www.hyflexpack.com\/fr\/wp-json\/wp\/v2\/product"}],"about":[{"href":"https:\/\/www.hyflexpack.com\/fr\/wp-json\/wp\/v2\/types\/product"}],"replies":[{"embeddable":true,"href":"https:\/\/www.hyflexpack.com\/fr\/wp-json\/wp\/v2\/comments?post=6007"}],"wp:featuredmedia":[{"embeddable":true,"href":"https:\/\/www.hyflexpack.com\/fr\/wp-json\/wp\/v2\/media\/6001"}],"wp:attachment":[{"href":"https:\/\/www.hyflexpack.com\/fr\/wp-json\/wp\/v2\/media?parent=6007"}],"wp:term":[{"taxonomy":"product_brand","embeddable":true,"href":"https:\/\/www.hyflexpack.com\/fr\/wp-json\/wp\/v2\/product_brand?post=6007"},{"taxonomy":"product_cat","embeddable":true,"href":"https:\/\/www.hyflexpack.com\/fr\/wp-json\/wp\/v2\/product_cat?post=6007"},{"taxonomy":"product_tag","embeddable":true,"href":"https:\/\/www.hyflexpack.com\/fr\/wp-json\/wp\/v2\/product_tag?post=6007"}],"curies":[{"name":"wp","href":"https:\/\/api.w.org\/{rel}","templated":true}]}}