{"id":5943,"date":"2025-01-06T10:24:42","date_gmt":"2025-01-06T10:24:42","guid":{"rendered":"https:\/\/www.hyflexpack.com\/?post_type=product&#038;p=5943"},"modified":"2025-11-04T09:07:56","modified_gmt":"2025-11-04T09:07:56","slug":"custom-popcorn-packaging-bags-factory","status":"publish","type":"product","link":"https:\/\/www.hyflexpack.com\/fr\/product\/custom-popcorn-packaging-bags-factory\/","title":{"rendered":"Sacs d'emballage de pop-corn personnalis\u00e9s pour grossiste alimentaire"},"content":{"rendered":"<div class=\"wp-block-columns is-layout-flex wp-container-core-columns-is-layout-9d6595d7 wp-block-columns-is-layout-flex\">\n<div class=\"wp-block-column is-layout-flow wp-block-column-is-layout-flow\">\n<h2 class=\"wp-block-heading\">Param\u00e8tres de l'emballage biod\u00e9gradable du pop-corn<\/h2>\n\n\n\n<p><\/p>\n\n\n\n<ul class=\"wp-block-list\">\n<li>Mat\u00e9riau : PET\/PE, PET\/NY\/PE, PET\/AL\/NY\/PE, etc.<\/li>\n\n\n\n<li>Type de sac : Pochette \u00e0 plat<\/li>\n\n\n\n<li>Taille de la pochette : Sur mesure<\/li>\n\n\n\n<li><strong><a href=\"https:\/\/www.hyflexpack.com\/fr\/emballage-flexible-sur-mesure\/\">Commande sur mesure : Accepte les commandes OEM et ODM<\/a><\/strong><\/li>\n\n\n\n<li>\u00c9chantillon gratuit : Support<\/li>\n\n\n\n<li>Utilisation : Pur\u00e9e de fruits et l\u00e9gumes, jus, produits laitiers<\/li>\n\n\n\n<li>Traitement des surfaces : Impression en h\u00e9liogravure<\/li>\n\n\n\n<li>Couleur : peut imprimer jusqu'\u00e0 10 couleurs<\/li>\n\n\n\n<li>March\u00e9s cibles : Partout dans le monde<\/li>\n<\/ul>\n\n\n\n<h3 class=\"wp-block-heading\">Avantages de choisir Huiyang Packaging comme emballage de pop-corn personnalis\u00e9<\/h3>\n\n\n\n<ul class=\"wp-block-list\">\n<li><strong>Livraison dans les d\u00e9lais<\/strong>: Optimiser le processus de production et am\u00e9liorer l'efficacit\u00e9 de la production afin de garantir une livraison dans les d\u00e9lais et de r\u00e9pondre aux besoins urgents des clients.<\/li>\n\n\n\n<li><strong>Support technique professionnel<\/strong>: L'\u00e9quipe technique exp\u00e9riment\u00e9e fournit une assistance technique professionnelle et un service de conseil apr\u00e8s-vente 24 heures sur 24.<\/li>\n<\/ul>\n<\/div>\n\n\n\n<div class=\"wp-block-column is-layout-flow wp-block-column-is-layout-flow\">\n<figure class=\"wp-block-image size-full\"><img fetchpriority=\"high\" decoding=\"async\" width=\"750\" height=\"750\" src=\"https:\/\/www.hyflexpack.com\/wp-content\/uploads\/2024\/12\/Custom-Potato-Chip-Packaging-bag\uff081\uff09.webp\" alt=\"Emballage de ma\u00efs souffl\u00e9 sur mesure-usine\" class=\"wp-image-5937\" srcset=\"https:\/\/www.hyflexpack.com\/wp-content\/uploads\/2024\/12\/Custom-Potato-Chip-Packaging-bag\uff081\uff09.webp 750w, https:\/\/www.hyflexpack.com\/wp-content\/uploads\/2024\/12\/Custom-Potato-Chip-Packaging-bag\uff081\uff09-300x300.webp 300w, https:\/\/www.hyflexpack.com\/wp-content\/uploads\/2024\/12\/Custom-Potato-Chip-Packaging-bag\uff081\uff09-150x150.webp 150w, https:\/\/www.hyflexpack.com\/wp-content\/uploads\/2024\/12\/Custom-Potato-Chip-Packaging-bag\uff081\uff09-12x12.webp 12w, https:\/\/www.hyflexpack.com\/wp-content\/uploads\/2024\/12\/Custom-Potato-Chip-Packaging-bag\uff081\uff09-285x285.webp 285w, https:\/\/www.hyflexpack.com\/wp-content\/uploads\/2024\/12\/Custom-Potato-Chip-Packaging-bag\uff081\uff09-270x270.webp 270w, https:\/\/www.hyflexpack.com\/wp-content\/uploads\/2024\/12\/Custom-Potato-Chip-Packaging-bag\uff081\uff09-540x540.webp 540w, https:\/\/www.hyflexpack.com\/wp-content\/uploads\/2024\/12\/Custom-Potato-Chip-Packaging-bag\uff081\uff09-660x660.webp 660w\" sizes=\"(max-width: 750px) 100vw, 750px\" \/><\/figure>\n<\/div>\n<\/div>\n\n\n\n<p><\/p>","protected":false},"excerpt":{"rendered":"<p>Notre sac d'emballage cr\u00e9atif pour pop-corn utilise des mat\u00e9riaux s\u00fbrs adapt\u00e9s au contact alimentaire, tels que des films composites multicouches, qui offrent non seulement une bonne protection contre l'impact de l'oxyg\u00e8ne, de l'humidit\u00e9 et de la lumi\u00e8re sur le pop-corn, mais garantissent \u00e9galement que l'ar\u00f4me ne se perde pas facilement et maintiennent le croustillant et la fra\u00eecheur du produit.<\/p>\n<h2>Caract\u00e9ristiques de l'emballage de pop-corn personnalis\u00e9<\/h2>\n<p>&nbsp;<\/p>\n<p><strong>Conception sur mesure<\/strong>: Nous proposons des services d'emballage de pop-corn personnalis\u00e9s, permettant des conceptions uniques adapt\u00e9es \u00e0 vos besoins, refl\u00e9tant parfaitement votre image de marque. Ces emballages conviennent \u00e0 divers ar\u00f4mes et exigences en mati\u00e8re de produits.<\/p>\n<p><strong>Mat\u00e9riaux de haute qualit\u00e9<\/strong>: Fabriqu\u00e9 \u00e0 partir de mat\u00e9riaux respectueux de l'environnement, l'emballage biod\u00e9gradable du pop-corn r\u00e9pond aux normes de d\u00e9veloppement durable et r\u00e9duit l'impact sur l'environnement tout en garantissant la s\u00e9curit\u00e9 alimentaire et une fra\u00eecheur durable.<\/p>\n<p><strong>Conception polyvalente<\/strong>:  Id\u00e9al pour une vari\u00e9t\u00e9 de types de popcorn, y compris l'emballage de popcorn au fromage fran\u00e7ais. Nous fournissons des solutions professionnelles pour l'emballage commercial du pop-corn, garantissant la fra\u00eecheur du produit et la pr\u00e9servation de la saveur.<\/p>\n<p><strong>Excellente \u00e9tanch\u00e9it\u00e9<\/strong>: Emball\u00e9 \u00e0 l'aide d'une machine sp\u00e9cialis\u00e9e dans le conditionnement du pop-corn, garantissant que chaque sac est herm\u00e9tiquement ferm\u00e9 afin de pr\u00e9server le croustillant et l'ar\u00f4me du pop-corn.<\/p>\n<p><strong>Aspect Premium<\/strong>: Les sachets souples alimentaires imprim\u00e9s \u00e0 plat offrent \u00e0 la fois un attrait visuel et une facilit\u00e9 de stockage et de transport, ce qui en fait un choix populaire sur le march\u00e9 commercial.<\/p>\n<p><strong>Usage commercial<\/strong>: Nous fournissons des solutions d'emballage commercial pour le pop-corn afin de r\u00e9pondre aux besoins de production \u00e0 grande \u00e9chelle, qui conviennent aux cin\u00e9mas, aux d\u00e9taillants et aux fabricants de produits alimentaires.<\/p>\n<p><strong>Le meilleur choix sur le march\u00e9<\/strong>: Largement consid\u00e9r\u00e9 comme le meilleur emballage pour le pop-corn, son design innovant, sa durabilit\u00e9 et son respect de l'environnement en font le choix id\u00e9al pour l'emballage du pop-corn.<\/p>\n<p><strong>Disponible en gros<\/strong>: Que vous soyez une petite marque ou un grand fabricant, nos produits r\u00e9pondent aux diff\u00e9rentes demandes du march\u00e9.<\/p>","protected":false},"featured_media":5937,"comment_status":"open","ping_status":"closed","template":"","meta":[],"product_brand":[],"product_cat":[51,57],"product_tag":[],"class_list":{"0":"post-5943","1":"product","2":"type-product","3":"status-publish","4":"has-post-thumbnail","6":"product_cat-custom-food-packaging-bags","7":"product_cat-snack-packaging-bags-wholesale","9":"first","10":"instock","11":"shipping-taxable","12":"product-type-simple"},"_links":{"self":[{"href":"https:\/\/www.hyflexpack.com\/fr\/wp-json\/wp\/v2\/product\/5943","targetHints":{"allow":["GET"]}}],"collection":[{"href":"https:\/\/www.hyflexpack.com\/fr\/wp-json\/wp\/v2\/product"}],"about":[{"href":"https:\/\/www.hyflexpack.com\/fr\/wp-json\/wp\/v2\/types\/product"}],"replies":[{"embeddable":true,"href":"https:\/\/www.hyflexpack.com\/fr\/wp-json\/wp\/v2\/comments?post=5943"}],"wp:featuredmedia":[{"embeddable":true,"href":"https:\/\/www.hyflexpack.com\/fr\/wp-json\/wp\/v2\/media\/5937"}],"wp:attachment":[{"href":"https:\/\/www.hyflexpack.com\/fr\/wp-json\/wp\/v2\/media?parent=5943"}],"wp:term":[{"taxonomy":"product_brand","embeddable":true,"href":"https:\/\/www.hyflexpack.com\/fr\/wp-json\/wp\/v2\/product_brand?post=5943"},{"taxonomy":"product_cat","embeddable":true,"href":"https:\/\/www.hyflexpack.com\/fr\/wp-json\/wp\/v2\/product_cat?post=5943"},{"taxonomy":"product_tag","embeddable":true,"href":"https:\/\/www.hyflexpack.com\/fr\/wp-json\/wp\/v2\/product_tag?post=5943"}],"curies":[{"name":"wp","href":"https:\/\/api.w.org\/{rel}","templated":true}]}}