{"id":5934,"date":"2025-06-05T20:22:45","date_gmt":"2025-06-05T20:22:45","guid":{"rendered":"https:\/\/www.hyflexpack.com\/?post_type=product&#038;p=5934"},"modified":"2026-01-07T08:22:11","modified_gmt":"2026-01-07T08:22:11","slug":"bulk-popcorn-packaging-bag","status":"publish","type":"product","link":"https:\/\/www.hyflexpack.com\/fr\/product\/bulk-popcorn-packaging-bag\/","title":{"rendered":"Emballage de ma\u00efs souffl\u00e9 en vrac Sachet Standup Pouches Emballage flexible \u00e9cologique"},"content":{"rendered":"<div class=\"wp-block-columns is-layout-flex wp-container-core-columns-is-layout-9d6595d7 wp-block-columns-is-layout-flex\">\n<div class=\"wp-block-column is-layout-flow wp-block-column-is-layout-flow\">\n<h2 class=\"wp-block-heading\">Caract\u00e9ristiques du sac d'emballage de pop-corn en vrac<\/h2>\n\n\n\n<ul class=\"wp-block-list\">\n<li>Le sac d'emballage de pop-corn en vrac peut \u00eatre imprim\u00e9 en couleur, ce qui permet d'afficher les logos des marques, les informations sur les produits et des motifs attrayants, d'am\u00e9liorer l'image de la marque et la comp\u00e9titivit\u00e9 du march\u00e9. 2. Le fond plat permet de placer le sac \u00e0 la verticale sur l'\u00e9tag\u00e8re, ce qui augmente la surface d'exposition et l'attrait visuel. 3. L'emballage plus fin mais solide r\u00e9duit l'utilisation de mat\u00e9riaux, les co\u00fbts de transport et l'empreinte carbone.1\u3001Bulk Popcorn Packaging Bag<\/li>\n<\/ul>\n<\/div>\n\n\n\n<div class=\"wp-block-column is-layout-flow wp-block-column-is-layout-flow\">\n<figure class=\"wp-block-image size-full\"><img fetchpriority=\"high\" decoding=\"async\" width=\"750\" height=\"750\" src=\"https:\/\/www.hyflexpack.com\/wp-content\/uploads\/2024\/12\/Bulk-Popcorn-Packaging-Bag-1.webp\" alt=\"Sac d&#039;emballage pour pop-corn en vrac\" class=\"wp-image-5913\" srcset=\"https:\/\/www.hyflexpack.com\/wp-content\/uploads\/2024\/12\/Bulk-Popcorn-Packaging-Bag-1.webp 750w, https:\/\/www.hyflexpack.com\/wp-content\/uploads\/2024\/12\/Bulk-Popcorn-Packaging-Bag-1-300x300.webp 300w, https:\/\/www.hyflexpack.com\/wp-content\/uploads\/2024\/12\/Bulk-Popcorn-Packaging-Bag-1-150x150.webp 150w, https:\/\/www.hyflexpack.com\/wp-content\/uploads\/2024\/12\/Bulk-Popcorn-Packaging-Bag-1-12x12.webp 12w, https:\/\/www.hyflexpack.com\/wp-content\/uploads\/2024\/12\/Bulk-Popcorn-Packaging-Bag-1-285x285.webp 285w, https:\/\/www.hyflexpack.com\/wp-content\/uploads\/2024\/12\/Bulk-Popcorn-Packaging-Bag-1-270x270.webp 270w, https:\/\/www.hyflexpack.com\/wp-content\/uploads\/2024\/12\/Bulk-Popcorn-Packaging-Bag-1-540x540.webp 540w, https:\/\/www.hyflexpack.com\/wp-content\/uploads\/2024\/12\/Bulk-Popcorn-Packaging-Bag-1-660x660.webp 660w\" sizes=\"(max-width: 750px) 100vw, 750px\" \/><\/figure>\n<\/div>\n<\/div>","protected":false},"excerpt":{"rendered":"<p>D\u00e9couvrez notre sac d'emballage de pop-corn personnalis\u00e9, qui est fabriqu\u00e9 \u00e0 partir d'un film hautement transparent, ce qui permet de montrer clairement les produits internes et d'augmenter le d\u00e9sir d'achat. Contactez-nous d\u00e8s aujourd'hui pour obtenir un devis. Nous nous engageons \u00e0 fournir des solutions d'emballage de haute qualit\u00e9 et respectueuses de l'environnement.<\/p>\n<h3>Avantages du fournisseur de sacs d'emballage pour pop-corn<\/h3>\n<p>\u25cf Conception personnalis\u00e9e : Nous fournissons des services de sacs d'emballage personnalis\u00e9s, y compris la personnalisation du mat\u00e9riau, de la taille et du motif d'impression pour r\u00e9pondre aux besoins des clients, et...\u00a0<a href=\"https:\/\/www.hyflexpack.com\/fr\/emballage-flexible-sur-mesure\/\"><strong>support OEM et ODM<\/strong><\/a>.<\/p>\n<p>\u25cfFabrication : Gr\u00e2ce \u00e0 un \u00e9quipement et \u00e0 une technologie de pointe, nous pouvons r\u00e9aliser la production des commandes de mani\u00e8re efficace et avec une qualit\u00e9 \u00e9lev\u00e9e, et livrer dans les d\u00e9lais.<\/p>\n<p>\u25cf L'inspection de la qualit\u00e9 : La production est r\u00e9alis\u00e9e dans le strict respect des normes de qualit\u00e9 et des exigences en mati\u00e8re de s\u00e9curit\u00e9 alimentaire afin de garantir que les produits r\u00e9pondent aux normes.<\/p>\n<p>\u25cfService \u00e0 la client\u00e8le : Fournir une r\u00e9ponse rapide et un support de service \u00e0 la client\u00e8le r\u00e9fl\u00e9chi 24 heures par jour.<\/p>\n<p>\u25cf \u00c9chantillon gratuit : Fournir un service d'\u00e9chantillons gratuits pour vous permettre d'\u00e9valuer le produit.\u00a0<\/p>","protected":false},"featured_media":5913,"comment_status":"open","ping_status":"closed","template":"","meta":[],"product_brand":[],"product_cat":[57],"product_tag":[116,124],"class_list":{"0":"post-5934","1":"product","2":"type-product","3":"status-publish","4":"has-post-thumbnail","6":"product_cat-snack-packaging-bags-wholesale","7":"product_tag-stand-up-pouch-manufacturer","8":"product_tag-zipper-pouch-manufacturer","10":"first","11":"instock","12":"shipping-taxable","13":"product-type-simple"},"_links":{"self":[{"href":"https:\/\/www.hyflexpack.com\/fr\/wp-json\/wp\/v2\/product\/5934","targetHints":{"allow":["GET"]}}],"collection":[{"href":"https:\/\/www.hyflexpack.com\/fr\/wp-json\/wp\/v2\/product"}],"about":[{"href":"https:\/\/www.hyflexpack.com\/fr\/wp-json\/wp\/v2\/types\/product"}],"replies":[{"embeddable":true,"href":"https:\/\/www.hyflexpack.com\/fr\/wp-json\/wp\/v2\/comments?post=5934"}],"wp:featuredmedia":[{"embeddable":true,"href":"https:\/\/www.hyflexpack.com\/fr\/wp-json\/wp\/v2\/media\/5913"}],"wp:attachment":[{"href":"https:\/\/www.hyflexpack.com\/fr\/wp-json\/wp\/v2\/media?parent=5934"}],"wp:term":[{"taxonomy":"product_brand","embeddable":true,"href":"https:\/\/www.hyflexpack.com\/fr\/wp-json\/wp\/v2\/product_brand?post=5934"},{"taxonomy":"product_cat","embeddable":true,"href":"https:\/\/www.hyflexpack.com\/fr\/wp-json\/wp\/v2\/product_cat?post=5934"},{"taxonomy":"product_tag","embeddable":true,"href":"https:\/\/www.hyflexpack.com\/fr\/wp-json\/wp\/v2\/product_tag?post=5934"}],"curies":[{"name":"wp","href":"https:\/\/api.w.org\/{rel}","templated":true}]}}