{"id":5933,"date":"2025-05-13T09:39:45","date_gmt":"2025-05-13T09:39:45","guid":{"rendered":"https:\/\/www.hyflexpack.com\/?post_type=product&#038;p=5933"},"modified":"2026-01-07T08:54:13","modified_gmt":"2026-01-07T08:54:13","slug":"dried-fruit-bags-wholesale","status":"publish","type":"product","link":"https:\/\/www.hyflexpack.com\/fr\/product\/dried-fruit-bags-wholesale\/","title":{"rendered":"Sacs de fruits secs imprim\u00e9s sur mesure Emballage alimentaire en gros Sachets debout"},"content":{"rendered":"<div class=\"wp-block-columns is-layout-flex wp-container-core-columns-is-layout-9d6595d7 wp-block-columns-is-layout-flex\">\n<div class=\"wp-block-column is-layout-flow wp-block-column-is-layout-flow\">\n<h2 class=\"wp-block-heading\">Caract\u00e9ristiques des sacs de fruits s\u00e9ch\u00e9s personnalis\u00e9s en gros<\/h2>\n\n\n\n<ul class=\"wp-block-list\">\n<li>Les sacs de fruits secs en gros sont g\u00e9n\u00e9ralement fabriqu\u00e9s en poly\u00e9thyl\u00e8ne (PE), en polypropyl\u00e8ne (PP), en feuille d'aluminium ou en d'autres mat\u00e9riaux composites afin de garantir de bonnes propri\u00e9t\u00e9s de barri\u00e8re et de pr\u00e9venir l'oxydation, l'humidit\u00e9 et la lumi\u00e8re. <\/li>\n\n\n\n<li>2. Utiliser une technologie de scellage de haute qualit\u00e9, telle que le thermoscellage ou la fermeture \u00e0 glissi\u00e8re, pour garantir la fra\u00eecheur et la s\u00e9curit\u00e9 du contenu. Emp\u00eacher efficacement l'air de p\u00e9n\u00e9trer afin de pr\u00e9server le croquant et le go\u00fbt des fruits secs. <\/li>\n\n\n\n<li>3. Ce sac \u00e0 fond plat am\u00e9liore non seulement l'effet de pr\u00e9sentation des produits \u00e0 base de fruits secs, mais il offre \u00e9galement d'excellentes fonctions de protection, garantit la qualit\u00e9 des produits et permet de bien contr\u00f4ler les co\u00fbts, ce qui le rend tr\u00e8s appropri\u00e9 pour les grossistes et les d\u00e9taillants de fruits secs.<\/li>\n<\/ul>\n<\/div>\n\n\n\n<div class=\"wp-block-column is-layout-flow wp-block-column-is-layout-flow\">\n<figure class=\"wp-block-image size-full\"><img fetchpriority=\"high\" decoding=\"async\" width=\"750\" height=\"750\" src=\"https:\/\/www.hyflexpack.com\/wp-content\/uploads\/2024\/12\/Wholesale-Dried-Fruit-Bags1.webp\" alt=\"Sacs de fruits secs en gros\" class=\"wp-image-5928\" srcset=\"https:\/\/www.hyflexpack.com\/wp-content\/uploads\/2024\/12\/Wholesale-Dried-Fruit-Bags1.webp 750w, https:\/\/www.hyflexpack.com\/wp-content\/uploads\/2024\/12\/Wholesale-Dried-Fruit-Bags1-300x300.webp 300w, https:\/\/www.hyflexpack.com\/wp-content\/uploads\/2024\/12\/Wholesale-Dried-Fruit-Bags1-150x150.webp 150w, https:\/\/www.hyflexpack.com\/wp-content\/uploads\/2024\/12\/Wholesale-Dried-Fruit-Bags1-12x12.webp 12w, https:\/\/www.hyflexpack.com\/wp-content\/uploads\/2024\/12\/Wholesale-Dried-Fruit-Bags1-285x285.webp 285w, https:\/\/www.hyflexpack.com\/wp-content\/uploads\/2024\/12\/Wholesale-Dried-Fruit-Bags1-270x270.webp 270w, https:\/\/www.hyflexpack.com\/wp-content\/uploads\/2024\/12\/Wholesale-Dried-Fruit-Bags1-540x540.webp 540w, https:\/\/www.hyflexpack.com\/wp-content\/uploads\/2024\/12\/Wholesale-Dried-Fruit-Bags1-660x660.webp 660w\" sizes=\"(max-width: 750px) 100vw, 750px\" \/><\/figure>\n<\/div>\n<\/div>\n\n\n\n<p><\/p>","protected":false},"excerpt":{"rendered":"<p>En tant que grossiste en sacs de fruits secs imprim\u00e9s, nous proposons des sachets d'emballage alimentaire en gros de haute qualit\u00e9, dot\u00e9s de sceaux solides et d'une image de marque \u00e9clatante. Nos sachets \u00e0 fond plat gardent les produits frais et pr\u00eats \u00e0 \u00eatre mis en rayon. Id\u00e9al pour les noix, les snacks et les fruits secs. Demandez un devis personnalis\u00e9 d\u00e8s aujourd'hui !<\/p>\n<h3>Pourquoi nous choisir comme grossiste en sacs de fruits secs ?<\/h3>\n<p><a href=\"https:\/\/www.hyflexpack.com\/fr\/emballage-flexible-sur-mesure\/\"><strong>Conception sur mesure<\/strong><\/a>: Adaptez le mat\u00e9riau, la taille et l'impression \u00e0 vos besoins.\u00a0<a href=\"https:\/\/www.hyflexpack.com\/fr\/emballage-flexible-sur-mesure\/\"><strong>OEM et ODM disponibles<\/strong><\/a>.<br \/><strong>Une production efficace<\/strong>: Des \u00e9quipements de pointe garantissent une livraison rapide, de haute qualit\u00e9 et dans les d\u00e9lais.<br \/><strong>Contr\u00f4le strict de la qualit\u00e9<\/strong>: Tous les sachets sont conformes aux normes de qualit\u00e9 et de s\u00e9curit\u00e9 alimentaire.<br \/><strong>Un service r\u00e9actif<\/strong>Le service d'assistance \u00e0 la client\u00e8le est disponible 24 heures sur 24, 7 jours sur 7, pour une exp\u00e9rience sans probl\u00e8me.<br \/><strong>\u00c9chantillons gratuits<\/strong>: Essayez avant de commander - nous fournissons des \u00e9chantillons pour tester les produits.<\/p>\n<p><a href=\"https:\/\/www.hyflexpack.com\/fr\/\"><strong>\u00c0 Huiyang Packaging<\/strong><\/a>Nous vous aidons \u00e0 am\u00e9liorer l'image de votre produit et \u00e0 renforcer votre position sur le march\u00e9 gr\u00e2ce \u00e0 des sachets de fruits secs fiables et personnalis\u00e9s.<\/p>","protected":false},"featured_media":5928,"comment_status":"open","ping_status":"closed","template":"","meta":[],"product_brand":[],"product_cat":[87],"product_tag":[116,124],"class_list":{"0":"post-5933","1":"product","2":"type-product","3":"status-publish","4":"has-post-thumbnail","6":"product_cat-dried-fruit-packaging-bags-wholesale","7":"product_tag-stand-up-pouch-manufacturer","8":"product_tag-zipper-pouch-manufacturer","10":"first","11":"instock","12":"shipping-taxable","13":"product-type-simple"},"_links":{"self":[{"href":"https:\/\/www.hyflexpack.com\/fr\/wp-json\/wp\/v2\/product\/5933","targetHints":{"allow":["GET"]}}],"collection":[{"href":"https:\/\/www.hyflexpack.com\/fr\/wp-json\/wp\/v2\/product"}],"about":[{"href":"https:\/\/www.hyflexpack.com\/fr\/wp-json\/wp\/v2\/types\/product"}],"replies":[{"embeddable":true,"href":"https:\/\/www.hyflexpack.com\/fr\/wp-json\/wp\/v2\/comments?post=5933"}],"wp:featuredmedia":[{"embeddable":true,"href":"https:\/\/www.hyflexpack.com\/fr\/wp-json\/wp\/v2\/media\/5928"}],"wp:attachment":[{"href":"https:\/\/www.hyflexpack.com\/fr\/wp-json\/wp\/v2\/media?parent=5933"}],"wp:term":[{"taxonomy":"product_brand","embeddable":true,"href":"https:\/\/www.hyflexpack.com\/fr\/wp-json\/wp\/v2\/product_brand?post=5933"},{"taxonomy":"product_cat","embeddable":true,"href":"https:\/\/www.hyflexpack.com\/fr\/wp-json\/wp\/v2\/product_cat?post=5933"},{"taxonomy":"product_tag","embeddable":true,"href":"https:\/\/www.hyflexpack.com\/fr\/wp-json\/wp\/v2\/product_tag?post=5933"}],"curies":[{"name":"wp","href":"https:\/\/api.w.org\/{rel}","templated":true}]}}