{"id":5891,"date":"2024-12-22T16:07:40","date_gmt":"2024-12-22T16:07:40","guid":{"rendered":"https:\/\/www.hyflexpack.com\/?post_type=product&#038;p=5891"},"modified":"2025-10-23T08:21:16","modified_gmt":"2025-10-23T08:21:16","slug":"custom-popcorn-packaging-bag-supplier","status":"publish","type":"product","link":"https:\/\/www.hyflexpack.com\/fr\/product\/custom-popcorn-packaging-bag-supplier\/","title":{"rendered":"Sacs d'emballage de pop-corn personnalis\u00e9s Sacs Mylar transparents Fournisseur"},"content":{"rendered":"<div class=\"wp-block-columns is-layout-flex wp-container-core-columns-is-layout-9d6595d7 wp-block-columns-is-layout-flex\">\n<div class=\"wp-block-column is-layout-flow wp-block-column-is-layout-flow\">\n<h3 class=\"wp-block-heading\">Caract\u00e9ristiques du sac d'emballage de pop-corn personnalis\u00e9<\/h3>\n\n\n\n<ul class=\"wp-block-list\">\n<li><strong>Conception d'emballages de pop-corn personnalis\u00e9s avec votre logo, la couleur de votre marque et des graphiques pour augmenter l'apparence dans les magasins et donner aux consommateurs la confiance en votre marque.<\/strong><\/li>\n\n\n\n<li><strong>Mat\u00e9riau Mylar de premi\u00e8re qualit\u00e9<\/strong>: Il conserve la fra\u00eecheur et le croquant du pop-corn \u00e0 l'int\u00e9rieur en bloquant efficacement l'humidit\u00e9, l'air et la lumi\u00e8re. Le mat\u00e9riau est durable, r\u00e9sistant \u00e0 la d\u00e9chirure et thermosoudable pour que votre emballage de pop-corn personnalis\u00e9 reste intact pendant le stockage et le transport.<\/li>\n\n\n\n<li><strong>Refermable pour garder la fra\u00eecheur<\/strong>: La fermeture \u00e0 glissi\u00e8re refermable ou la fermeture thermoscellable permet de conserver la fra\u00eecheur du pop-corn une fois ouvert, pour le plus grand confort des clients.<\/li>\n\n\n\n<li><strong>Un attrait visuel de premier ordre<\/strong>: La surface lisse et brillante du sac Mylar transparent donne \u00e0 votre pop-corn un aspect textur\u00e9 qui incite les clients \u00e0 acheter votre produit. La fen\u00eatre transparente permet \u00e0 votre produit d'\u00eatre visible tout en pr\u00e9servant l'int\u00e9grit\u00e9 de l'emballage.<\/li>\n\n\n\n<li><strong>Diverses options respectueuses de l'environnement<\/strong>: De l'emballage pour portions individuelles \u00e0 l'emballage de pop-corn en vrac, l'emballage est disponible dans presque toutes les tailles. Options de mat\u00e9riaux \u00e9cologiques pour les entreprises \u00e0 la recherche de solutions d'emballage de pop-corn plus vertes.<\/li>\n\n\n\n<li><strong>L\u00e9ger et peu encombrant<\/strong>la conception l\u00e9g\u00e8re et flexible permet d'\u00e9conomiser de l'espace de stockage ; votre emballage de pop-corn personnalis\u00e9 est donc plus facile \u00e0 transporter.<\/li>\n<\/ul>\n<\/div>\n\n\n\n<div class=\"wp-block-column is-layout-flow wp-block-column-is-layout-flow\">\n<figure class=\"wp-block-image size-full\"><img fetchpriority=\"high\" decoding=\"async\" width=\"750\" height=\"750\" src=\"https:\/\/www.hyflexpack.com\/wp-content\/uploads\/2024\/12\/Custom-Popcorn-Packaging-Bag1.webp\" alt=\"Sac d&#039;emballage de pop-corn personnalis\u00e9\" class=\"wp-image-5881\" srcset=\"https:\/\/www.hyflexpack.com\/wp-content\/uploads\/2024\/12\/Custom-Popcorn-Packaging-Bag1.webp 750w, https:\/\/www.hyflexpack.com\/wp-content\/uploads\/2024\/12\/Custom-Popcorn-Packaging-Bag1-300x300.webp 300w, https:\/\/www.hyflexpack.com\/wp-content\/uploads\/2024\/12\/Custom-Popcorn-Packaging-Bag1-150x150.webp 150w, https:\/\/www.hyflexpack.com\/wp-content\/uploads\/2024\/12\/Custom-Popcorn-Packaging-Bag1-12x12.webp 12w, https:\/\/www.hyflexpack.com\/wp-content\/uploads\/2024\/12\/Custom-Popcorn-Packaging-Bag1-285x285.webp 285w, https:\/\/www.hyflexpack.com\/wp-content\/uploads\/2024\/12\/Custom-Popcorn-Packaging-Bag1-270x270.webp 270w, https:\/\/www.hyflexpack.com\/wp-content\/uploads\/2024\/12\/Custom-Popcorn-Packaging-Bag1-540x540.webp 540w, https:\/\/www.hyflexpack.com\/wp-content\/uploads\/2024\/12\/Custom-Popcorn-Packaging-Bag1-660x660.webp 660w\" sizes=\"(max-width: 750px) 100vw, 750px\" \/><\/figure>\n<\/div>\n<\/div>\n\n\n\n<p><\/p>","protected":false},"excerpt":{"rendered":"<p>D\u00e9couvrez notre sac d'emballage de pop-corn personnalis\u00e9, qui est fabriqu\u00e9 \u00e0 partir d'un film hautement transparent, ce qui permet de montrer clairement les produits internes et d'augmenter le d\u00e9sir d'achat. Contactez-nous d\u00e8s aujourd'hui pour obtenir un devis. Nous nous engageons \u00e0 fournir des solutions d'emballage de haute qualit\u00e9 et respectueuses de l'environnement.<\/p>\n<h3>Avantages du fournisseur de sacs d'emballage pour pop-corn<\/h3>\n<p>\u25cf Conception personnalis\u00e9e : Nous fournissons des services de sacs d'emballage personnalis\u00e9s, y compris la personnalisation du mat\u00e9riau, de la taille et du motif d'impression pour r\u00e9pondre aux besoins des clients, et... <a href=\"https:\/\/www.hyflexpack.com\/fr\/emballage-flexible-sur-mesure\/\"><strong>support OEM et ODM<\/strong><\/a>.<\/p>\n<p>\u25cfFabrication : Gr\u00e2ce \u00e0 un \u00e9quipement et \u00e0 une technologie de pointe, nous pouvons r\u00e9aliser la production des commandes de mani\u00e8re efficace et avec une qualit\u00e9 \u00e9lev\u00e9e, et livrer dans les d\u00e9lais.<\/p>\n<p>\u25cf L'inspection de la qualit\u00e9 : La production est r\u00e9alis\u00e9e dans le strict respect des normes de qualit\u00e9 et des exigences en mati\u00e8re de s\u00e9curit\u00e9 alimentaire afin de garantir que les produits r\u00e9pondent aux normes.<\/p>\n<p>\u25cfService \u00e0 la client\u00e8le : Fournir une r\u00e9ponse rapide et un support de service \u00e0 la client\u00e8le r\u00e9fl\u00e9chi 24 heures par jour.<\/p>\n<p>\u25cf \u00c9chantillon gratuit : Fournir un service d'\u00e9chantillons gratuits pour vous permettre d'\u00e9valuer le produit.\u00a0<\/p>","protected":false},"featured_media":5881,"comment_status":"open","ping_status":"closed","template":"","meta":[],"product_brand":[],"product_cat":[57],"product_tag":[],"class_list":{"0":"post-5891","1":"product","2":"type-product","3":"status-publish","4":"has-post-thumbnail","6":"product_cat-snack-packaging-bags-wholesale","8":"first","9":"instock","10":"shipping-taxable","11":"product-type-simple"},"_links":{"self":[{"href":"https:\/\/www.hyflexpack.com\/fr\/wp-json\/wp\/v2\/product\/5891","targetHints":{"allow":["GET"]}}],"collection":[{"href":"https:\/\/www.hyflexpack.com\/fr\/wp-json\/wp\/v2\/product"}],"about":[{"href":"https:\/\/www.hyflexpack.com\/fr\/wp-json\/wp\/v2\/types\/product"}],"replies":[{"embeddable":true,"href":"https:\/\/www.hyflexpack.com\/fr\/wp-json\/wp\/v2\/comments?post=5891"}],"wp:featuredmedia":[{"embeddable":true,"href":"https:\/\/www.hyflexpack.com\/fr\/wp-json\/wp\/v2\/media\/5881"}],"wp:attachment":[{"href":"https:\/\/www.hyflexpack.com\/fr\/wp-json\/wp\/v2\/media?parent=5891"}],"wp:term":[{"taxonomy":"product_brand","embeddable":true,"href":"https:\/\/www.hyflexpack.com\/fr\/wp-json\/wp\/v2\/product_brand?post=5891"},{"taxonomy":"product_cat","embeddable":true,"href":"https:\/\/www.hyflexpack.com\/fr\/wp-json\/wp\/v2\/product_cat?post=5891"},{"taxonomy":"product_tag","embeddable":true,"href":"https:\/\/www.hyflexpack.com\/fr\/wp-json\/wp\/v2\/product_tag?post=5891"}],"curies":[{"name":"wp","href":"https:\/\/api.w.org\/{rel}","templated":true}]}}