{"id":5886,"date":"2024-12-24T07:02:58","date_gmt":"2024-12-24T07:02:58","guid":{"rendered":"https:\/\/www.hyflexpack.com\/?post_type=product&#038;p=5886"},"modified":"2025-10-23T08:18:07","modified_gmt":"2025-10-23T08:18:07","slug":"custom-chocolate-cereal-packaging","status":"publish","type":"product","link":"https:\/\/www.hyflexpack.com\/fr\/product\/custom-chocolate-cereal-packaging\/","title":{"rendered":"Emballage de c\u00e9r\u00e9ales au chocolat OEM, sacs Snack personnalis\u00e9s avec logo, pochette scell\u00e9e sur trois c\u00f4t\u00e9s"},"content":{"rendered":"<div class=\"wp-block-columns is-layout-flex wp-container-core-columns-is-layout-9d6595d7 wp-block-columns-is-layout-flex\">\n<div class=\"wp-block-column is-layout-flow wp-block-column-is-layout-flow\">\n<h2 class=\"wp-block-heading\">Caract\u00e9ristiques de l'emballage des c\u00e9r\u00e9ales au chocolat<\/h2>\n\n\n\n<p><\/p>\n\n\n\n<ul class=\"wp-block-list\">\n<li><strong>Sacs d'emballage de c\u00e9r\u00e9ales au chocolat sur mesure<\/strong>: peut vous aider \u00e0 mettre en valeur votre marque et votre logo afin de cr\u00e9er des emballages uniques et attrayants pour les c\u00e9r\u00e9ales chocolat\u00e9es.<\/li>\n<\/ul>\n\n\n\n<p><\/p>\n\n\n\n<ul class=\"wp-block-list\">\n<li><strong>Pochette scell\u00e9e sur trois c\u00f4t\u00e9s<\/strong>: Il s'agit d'une structure bien compil\u00e9e avec une fermeture s\u00fbre sur les trois c\u00f4t\u00e9s qui pr\u00e9serve la fra\u00eecheur, ne d\u00e9teint pas et est tr\u00e8s probablement destin\u00e9e \u00e0 l'emballage.<\/li>\n<\/ul>\n\n\n\n<p><\/p>\n\n\n\n<ul class=\"wp-block-list\">\n<li><strong>Protection \u00e0 tr\u00e8s haute barri\u00e8re<\/strong>: Des mat\u00e9riaux de qualit\u00e9 qui offrent d'excellentes barri\u00e8res contre l'humidit\u00e9, l'oxyg\u00e8ne et la lumi\u00e8re et qui prolongent la fra\u00eecheur \u00e9ternelle des chocolats pour c\u00e9r\u00e9ales.<\/li>\n<\/ul>\n\n\n\n<p><\/p>\n\n\n\n<ul class=\"wp-block-list\">\n<li><strong>Durable et scell\u00e9 \u00e0 chaud : <\/strong>Convient aux machines \u00e0 sceller \u00e0 chaud, garantissant ainsi des emballages inviolables et \u00e9tanches.<\/li>\n<\/ul>\n\n\n\n<p><\/p>\n\n\n\n<ul class=\"wp-block-list\">\n<li><strong>Options \u00e9cologiques<\/strong>: Les types sont recyclables et biod\u00e9gradables pour emballer les c\u00e9r\u00e9ales chocolat\u00e9es de mani\u00e8re durable.<\/li>\n<\/ul>\n\n\n\n<p><\/p>\n\n\n\n<ul class=\"wp-block-list\">\n<li><strong>Flexibilit\u00e9 Vari\u00e9t\u00e9 Options<\/strong>: Avoir diff\u00e9rentes dimensions et formes, ainsi que des options de mat\u00e9riaux afin de r\u00e9pondre \u00e0 leurs exigences en mati\u00e8re de produit et d'image de marque.<\/li>\n<\/ul>\n\n\n\n<p><\/p>\n\n\n\n<ul class=\"wp-block-list\">\n<li><strong>Utilis\u00e9 pour<\/strong>: Les sachets scell\u00e9s \u00e0 trois c\u00f4t\u00e9s conviennent parfaitement aux c\u00e9r\u00e9ales au chocolat, aux snacks et aux aliments secs, qui sont utiles et id\u00e9aux.<\/li>\n<\/ul>\n<\/div>\n\n\n\n<div class=\"wp-block-column is-layout-flow wp-block-column-is-layout-flow\">\n<figure class=\"wp-block-image size-full\"><img fetchpriority=\"high\" decoding=\"async\" width=\"750\" height=\"750\" src=\"https:\/\/www.hyflexpack.com\/wp-content\/uploads\/2024\/12\/Custom-Individually-Snacks-Packaged1.webp\" alt=\"Emballage de c\u00e9r\u00e9ales au chocolat OEM, sacs Snack personnalis\u00e9s avec logo, pochette scell\u00e9e sur trois c\u00f4t\u00e9s\" class=\"wp-image-5865\" srcset=\"https:\/\/www.hyflexpack.com\/wp-content\/uploads\/2024\/12\/Custom-Individually-Snacks-Packaged1.webp 750w, https:\/\/www.hyflexpack.com\/wp-content\/uploads\/2024\/12\/Custom-Individually-Snacks-Packaged1-300x300.webp 300w, https:\/\/www.hyflexpack.com\/wp-content\/uploads\/2024\/12\/Custom-Individually-Snacks-Packaged1-150x150.webp 150w, https:\/\/www.hyflexpack.com\/wp-content\/uploads\/2024\/12\/Custom-Individually-Snacks-Packaged1-12x12.webp 12w, https:\/\/www.hyflexpack.com\/wp-content\/uploads\/2024\/12\/Custom-Individually-Snacks-Packaged1-285x285.webp 285w, https:\/\/www.hyflexpack.com\/wp-content\/uploads\/2024\/12\/Custom-Individually-Snacks-Packaged1-270x270.webp 270w, https:\/\/www.hyflexpack.com\/wp-content\/uploads\/2024\/12\/Custom-Individually-Snacks-Packaged1-540x540.webp 540w, https:\/\/www.hyflexpack.com\/wp-content\/uploads\/2024\/12\/Custom-Individually-Snacks-Packaged1-660x660.webp 660w\" sizes=\"(max-width: 750px) 100vw, 750px\" \/><\/figure>\n<\/div>\n<\/div>\n\n\n\n<p><\/p>","protected":false},"excerpt":{"rendered":"<p>Cr\u00e9ez un emballage original pour les c\u00e9r\u00e9ales au chocolat avec nos sachets personnalis\u00e9s portant votre logo. Nos sachets personnalisables de haute qualit\u00e9 sont parfaits pour les c\u00e9r\u00e9ales et les snacks au chocolat. Contactez-nous d\u00e8s aujourd'hui pour obtenir des \u00e9chantillons gratuits et d\u00e9couvrir la solution d'emballage parfaite pour votre marque.<\/p>\n<h3>Avantages du grossiste en emballages de c\u00e9r\u00e9ales au chocolat<\/h3>\n<p>&nbsp;<\/p>\n<ul>\n<li><strong>Conception sur mesure<\/strong>: Nous pouvons personnaliser le mat\u00e9riau, la taille et les motifs d'impression en fonction des exigences de nos clients ;\u00a0<a href=\"https:\/\/www.hyflexpack.com\/fr\/emballage-flexible-sur-mesure\/\"><strong>Prise en charge des OEM et ODM<\/strong><\/a>.<\/li>\n<li><strong>Fabrication<\/strong>: Gr\u00e2ce \u00e0 un \u00e9quipement et \u00e0 une technologie de pointe, nous sommes en mesure d'honorer nos commandes dans les d\u00e9lais impartis et avec une qualit\u00e9 irr\u00e9prochable.<\/li>\n<li><strong>Contr\u00f4le de la qualit\u00e9<\/strong>: La production doit \u00eatre strictement conforme aux normes de qualit\u00e9 et aux exigences en mati\u00e8re de s\u00e9curit\u00e9 alimentaire afin de garantir que les produits r\u00e9pondent aux normes.<\/li>\n<li><strong>\u00c9quipe d'assistance technique<\/strong>: Notre personnel poss\u00e8de une grande exp\u00e9rience de l'industrie et des connaissances professionnelles. L'assistance technique et les services de conseil peuvent \u00eatre fournis 24 heures sur 24.<\/li>\n<li><strong>Certifications :<\/strong>\u00a0\u00a0BRC, ISO, QS, FDA<\/li>\n<li><strong>\u00c9chantillon gratuit<\/strong>: Service d'\u00e9chantillonnage gratuit pour vous permettre de v\u00e9rifier la qualit\u00e9 du film en rouleau.<\/li>\n<\/ul>","protected":false},"featured_media":5865,"comment_status":"open","ping_status":"closed","template":"","meta":[],"product_brand":[],"product_cat":[57],"product_tag":[],"class_list":{"0":"post-5886","1":"product","2":"type-product","3":"status-publish","4":"has-post-thumbnail","6":"product_cat-snack-packaging-bags-wholesale","8":"first","9":"instock","10":"shipping-taxable","11":"product-type-simple"},"_links":{"self":[{"href":"https:\/\/www.hyflexpack.com\/fr\/wp-json\/wp\/v2\/product\/5886","targetHints":{"allow":["GET"]}}],"collection":[{"href":"https:\/\/www.hyflexpack.com\/fr\/wp-json\/wp\/v2\/product"}],"about":[{"href":"https:\/\/www.hyflexpack.com\/fr\/wp-json\/wp\/v2\/types\/product"}],"replies":[{"embeddable":true,"href":"https:\/\/www.hyflexpack.com\/fr\/wp-json\/wp\/v2\/comments?post=5886"}],"wp:featuredmedia":[{"embeddable":true,"href":"https:\/\/www.hyflexpack.com\/fr\/wp-json\/wp\/v2\/media\/5865"}],"wp:attachment":[{"href":"https:\/\/www.hyflexpack.com\/fr\/wp-json\/wp\/v2\/media?parent=5886"}],"wp:term":[{"taxonomy":"product_brand","embeddable":true,"href":"https:\/\/www.hyflexpack.com\/fr\/wp-json\/wp\/v2\/product_brand?post=5886"},{"taxonomy":"product_cat","embeddable":true,"href":"https:\/\/www.hyflexpack.com\/fr\/wp-json\/wp\/v2\/product_cat?post=5886"},{"taxonomy":"product_tag","embeddable":true,"href":"https:\/\/www.hyflexpack.com\/fr\/wp-json\/wp\/v2\/product_tag?post=5886"}],"curies":[{"name":"wp","href":"https:\/\/api.w.org\/{rel}","templated":true}]}}