{"id":5802,"date":"2024-12-06T06:10:31","date_gmt":"2024-12-06T06:10:31","guid":{"rendered":"https:\/\/www.hyflexpack.com\/?post_type=product&#038;p=5802"},"modified":"2025-10-23T08:23:23","modified_gmt":"2025-10-23T08:23:23","slug":"custom-tea-bags-with-logo","status":"publish","type":"product","link":"https:\/\/www.hyflexpack.com\/fr\/product\/custom-tea-bags-with-logo\/","title":{"rendered":"Sachets de th\u00e9 personnalis\u00e9s avec logo Emballage plastique lamin\u00e9 Quad Seal Pouch"},"content":{"rendered":"<div class=\"wp-block-columns is-layout-flex wp-container-core-columns-is-layout-9d6595d7 wp-block-columns-is-layout-flex\">\n<div class=\"wp-block-column is-layout-flow wp-block-column-is-layout-flow\">\n<h3 class=\"wp-block-heading\">Caract\u00e9ristiques des sachets de th\u00e9 personnalis\u00e9s de haute qualit\u00e9<\/h3>\n\n\n\n<ul class=\"wp-block-list\">\n<li><strong>Mod\u00e8les sur mesure<\/strong>: Nos sachets de th\u00e9 personnalis\u00e9s avec logo offrent des possibilit\u00e9s de marquage uniques. Vous pouvez ajouter votre logo et votre design pour cr\u00e9er un produit unique qui se d\u00e9marque sur le march\u00e9.<\/li>\n\n\n\n<li><strong>Emballages en plastique lamin\u00e9 de haute qualit\u00e9<\/strong>: Les quatre sachets \u00e0 fermeture lat\u00e9rale sont fabriqu\u00e9s en plastique lamin\u00e9 durable, qui pr\u00e9serve efficacement la fra\u00eecheur du th\u00e9 tout en pr\u00e9sentant un aspect professionnel et esth\u00e9tique.<\/li>\n\n\n\n<li><strong>Etanch\u00e9it\u00e9 et s\u00e9curit\u00e9 dans l'\u00e9tanch\u00e9it\u00e9<\/strong>: La conception du scellage sur quatre c\u00f4t\u00e9s rend le fond des sachets beaucoup plus solide, emp\u00eachant les fuites et aidant \u00e0 conserver la saveur et l'ar\u00f4me du th\u00e9 pendant une p\u00e9riode plus longue.<\/li>\n\n\n\n<li><strong>Protection de l'environnement<\/strong>: Nous proposons des emballages de th\u00e9 personnalis\u00e9s et respectueux de l'environnement afin de soutenir le d\u00e9veloppement durable de l'industrie du th\u00e9.<\/li>\n\n\n\n<li><strong>Variation de la taille<\/strong>: Des petits emballages individuels aux emballages en vrac, tous peuvent \u00eatre fournis selon vos besoins dans des tailles personnalis\u00e9es.<\/li>\n\n\n\n<li>T<strong>Solutions d'emballage pour le th\u00e9 fabriqu\u00e9es par ailor<\/strong>La soci\u00e9t\u00e9 de gestion des th\u00e9s et des infusions est le premier fournisseur de sachets de th\u00e9. Nous nous effor\u00e7ons de proposer des solutions d'emballage sur mesure qui r\u00e9pondent aux besoins de votre marque et permettent \u00e0 vos produits de th\u00e9 de se distinguer.<\/li>\n\n\n\n<li><strong>Sc\u00e9narios<\/strong>: Convient aux entreprises \u00e0 la recherche de sachets de th\u00e9 de haute qualit\u00e9 et personnalis\u00e9s avec un logo pour rendre votre marque m\u00e9morable sur le march\u00e9. En tant que fournisseur de sachets de th\u00e9, nous vous assurons que votre marque est pr\u00e9sent\u00e9e dans un emballage parfait et que le th\u00e9 reste frais.<\/li>\n<\/ul>\n<\/div>\n\n\n\n<div class=\"wp-block-column is-layout-flow wp-block-column-is-layout-flow\">\n<figure class=\"wp-block-image size-full\"><img fetchpriority=\"high\" decoding=\"async\" width=\"750\" height=\"750\" src=\"https:\/\/www.hyflexpack.com\/wp-content\/uploads\/2024\/11\/Custom-Plastic-Tea-Bag1.webp\" alt=\"Sachet de th\u00e9 en plastique personnalis\u00e9\" class=\"wp-image-5790\" srcset=\"https:\/\/www.hyflexpack.com\/wp-content\/uploads\/2024\/11\/Custom-Plastic-Tea-Bag1.webp 750w, https:\/\/www.hyflexpack.com\/wp-content\/uploads\/2024\/11\/Custom-Plastic-Tea-Bag1-300x300.webp 300w, https:\/\/www.hyflexpack.com\/wp-content\/uploads\/2024\/11\/Custom-Plastic-Tea-Bag1-150x150.webp 150w, https:\/\/www.hyflexpack.com\/wp-content\/uploads\/2024\/11\/Custom-Plastic-Tea-Bag1-12x12.webp 12w, https:\/\/www.hyflexpack.com\/wp-content\/uploads\/2024\/11\/Custom-Plastic-Tea-Bag1-285x285.webp 285w, https:\/\/www.hyflexpack.com\/wp-content\/uploads\/2024\/11\/Custom-Plastic-Tea-Bag1-270x270.webp 270w, https:\/\/www.hyflexpack.com\/wp-content\/uploads\/2024\/11\/Custom-Plastic-Tea-Bag1-540x540.webp 540w, https:\/\/www.hyflexpack.com\/wp-content\/uploads\/2024\/11\/Custom-Plastic-Tea-Bag1-660x660.webp 660w\" sizes=\"(max-width: 750px) 100vw, 750px\" \/><\/figure>\n<\/div>\n<\/div>\n\n\n\n<p><\/p>","protected":false},"excerpt":{"rendered":"<p>Nos sachets de th\u00e9 personnalis\u00e9s avec logo sont conditionn\u00e9s dans des sachets \u00e0 quadruple soudure durables en plastique lamin\u00e9 de haute qualit\u00e9, garantissant la pr\u00e9servation de la fra\u00eecheur et de la saveur. En tant que fournisseur de confiance de sachets de th\u00e9, nous offrons des solutions d'emballage enti\u00e8rement personnalisables qui comportent votre logo et votre design uniques. Parfaits pour mettre en valeur votre marque, nos emballages de th\u00e9 personnalis\u00e9s sont disponibles en diff\u00e9rentes tailles pour r\u00e9pondre \u00e0 vos besoins, offrant \u00e0 la fois une fonctionnalit\u00e9 et une apparence attrayante.<\/p>\n<h3>Avantages du fournisseur de sachets de th\u00e9 personnalis\u00e9s<\/h3>\n<ul>\n<li>Conception sur mesure : Nous fournissons un service d'emballage de th\u00e9 personnalis\u00e9, y compris la personnalisation du mat\u00e9riau, de la taille et du motif d'impression pour r\u00e9pondre aux besoins du client. <strong>support OEM et ODM<\/strong>.<\/li>\n<li>Fabrication : Gr\u00e2ce \u00e0 un \u00e9quipement et \u00e0 une technologie de pointe, nous pouvons r\u00e9aliser la production de la commande avec une grande efficacit\u00e9 et une grande qualit\u00e9, et nous pouvons livrer dans les d\u00e9lais impartis.<\/li>\n<li>Inspection de la qualit\u00e9 : Respecter strictement les normes de qualit\u00e9 et les exigences en mati\u00e8re de s\u00e9curit\u00e9 alimentaire pour la production, afin de s'assurer que les produits r\u00e9pondent aux normes.<\/li>\n<li>Service client\u00e8le : 24 heures sur 24 pour fournir une r\u00e9ponse rapide et un service client\u00e8le attentionn\u00e9.<\/li>\n<li>Echantillon gratuit\uff1a Nous fournissons des \u00e9chantillons gratuits pour vous permettre d'\u00e9valuer les sachets \u00e0 quadruple soudure.<\/li>\n<\/ul>\n<p><a href=\"https:\/\/www.hyflexpack.com\/fr\/\"><strong>Huiyang Packaging<\/strong><\/a> s'engage \u00e0 fournir \u00e0 ses clients des sachets de th\u00e9 personnalis\u00e9s de haute qualit\u00e9 avec des logos afin de les aider \u00e0 am\u00e9liorer l'image de leurs produits et \u00e0 renforcer leur comp\u00e9titivit\u00e9 sur le march\u00e9.<\/p>","protected":false},"featured_media":5790,"comment_status":"open","ping_status":"closed","template":"","meta":[],"product_brand":[],"product_cat":[58],"product_tag":[],"class_list":{"0":"post-5802","1":"product","2":"type-product","3":"status-publish","4":"has-post-thumbnail","6":"product_cat-tea-bag-packaging","8":"first","9":"instock","10":"shipping-taxable","11":"product-type-simple"},"_links":{"self":[{"href":"https:\/\/www.hyflexpack.com\/fr\/wp-json\/wp\/v2\/product\/5802","targetHints":{"allow":["GET"]}}],"collection":[{"href":"https:\/\/www.hyflexpack.com\/fr\/wp-json\/wp\/v2\/product"}],"about":[{"href":"https:\/\/www.hyflexpack.com\/fr\/wp-json\/wp\/v2\/types\/product"}],"replies":[{"embeddable":true,"href":"https:\/\/www.hyflexpack.com\/fr\/wp-json\/wp\/v2\/comments?post=5802"}],"wp:featuredmedia":[{"embeddable":true,"href":"https:\/\/www.hyflexpack.com\/fr\/wp-json\/wp\/v2\/media\/5790"}],"wp:attachment":[{"href":"https:\/\/www.hyflexpack.com\/fr\/wp-json\/wp\/v2\/media?parent=5802"}],"wp:term":[{"taxonomy":"product_brand","embeddable":true,"href":"https:\/\/www.hyflexpack.com\/fr\/wp-json\/wp\/v2\/product_brand?post=5802"},{"taxonomy":"product_cat","embeddable":true,"href":"https:\/\/www.hyflexpack.com\/fr\/wp-json\/wp\/v2\/product_cat?post=5802"},{"taxonomy":"product_tag","embeddable":true,"href":"https:\/\/www.hyflexpack.com\/fr\/wp-json\/wp\/v2\/product_tag?post=5802"}],"curies":[{"name":"wp","href":"https:\/\/api.w.org\/{rel}","templated":true}]}}