{"id":5799,"date":"2024-12-05T18:39:34","date_gmt":"2024-12-05T18:39:34","guid":{"rendered":"https:\/\/www.hyflexpack.com\/?post_type=product&#038;p=5799"},"modified":"2025-09-09T10:56:17","modified_gmt":"2025-09-09T10:56:17","slug":"custom-cosmetic-packaging-3-side-seal","status":"publish","type":"product","link":"https:\/\/www.hyflexpack.com\/fr\/product\/custom-cosmetic-packaging-3-side-seal\/","title":{"rendered":"Emballage cosm\u00e9tique personnalis\u00e9 3 Side Seal Pouch, Beauty Face Mask Package Bag"},"content":{"rendered":"<div class=\"wp-block-columns is-layout-flex wp-container-core-columns-is-layout-9d6595d7 wp-block-columns-is-layout-flex\">\n<div class=\"wp-block-column is-layout-flow wp-block-column-is-layout-flow\">\n<h3 class=\"wp-block-heading\">Caract\u00e9ristiques de l'emballage cosm\u00e9tique sur mesure<\/h3>\n\n\n\n<ul class=\"wp-block-list\">\n<li><strong>Mat\u00e9riau de haute qualit\u00e9<\/strong>Le sac est fabriqu\u00e9 \u00e0 partir d'un mat\u00e9riau d'emballage flexible de haute qualit\u00e9, ce qui garantit sa solidit\u00e9 et sa durabilit\u00e9 et permet de prot\u00e9ger efficacement le produit contre la contamination ext\u00e9rieure et de garantir la fra\u00eecheur et l'efficacit\u00e9 du masque de beaut\u00e9. <\/li>\n\n\n\n<li><strong>Conception \u00e0 trois faces d'\u00e9tanch\u00e9it\u00e9<\/strong>: La structure unique de scellage sur trois c\u00f4t\u00e9s offre un bon effet de scellage pour \u00e9viter les fuites ou l'humidit\u00e9 du masque et garantit la s\u00e9curit\u00e9 et l'exhaustivit\u00e9 de l'emballage cosm\u00e9tique personnalis\u00e9.<\/li>\n\n\n\n<li><strong>Respectueux de l'environnement et recyclable<\/strong>: L'utilisation de mat\u00e9riaux recyclables et respectueux de l'environnement, conform\u00e9ment aux normes environnementales mondiales, permet de r\u00e9pondre \u00e0 la demande du consommateur moderne en mati\u00e8re de d\u00e9veloppement durable et de r\u00e9duction de l'impact sur l'environnement.<\/li>\n\n\n\n<li><strong>Effet d'impression de haute qualit\u00e9<\/strong>: La technologie d'impression avanc\u00e9e permet d'obtenir des motifs clairs, \u00e9clatants et durables, mettant en valeur l'image de marque et la qualit\u00e9 du produit et attirant l'attention des clients.<\/li>\n\n\n\n<li><strong>L\u00e9ger et pratique<\/strong>La conception l\u00e9g\u00e8re de la pochette \u00e0 3 soudures la rend plus pratique pour une utilisation personnelle et pour de multiples canaux de vente, en particulier pour la vente au d\u00e9tail et la vente en ligne.<\/li>\n\n\n\n<li><strong>Personnalisation<\/strong>: Offrir une gamme compl\u00e8te de services de personnalisation, notamment en mati\u00e8re de taille, de couleur, de motif et de mat\u00e9riau, afin de r\u00e9pondre aux besoins sp\u00e9cifiques des propri\u00e9taires de marques et d'am\u00e9liorer la comp\u00e9titivit\u00e9 du march\u00e9.<\/li>\n\n\n\n<li><strong>R\u00e9sistant \u00e0 l'humidit\u00e9 et antioxydant<\/strong>Le film d'aluminium sp\u00e9cial ou le film combin\u00e9 utilise des performances sup\u00e9rieures en mati\u00e8re de r\u00e9sistance \u00e0 l'humidit\u00e9 et d'action antioxydante afin de conserver l'effet de masquage le plus efficace pendant longtemps.<\/li>\n\n\n\n<li><strong>Champ d'application<\/strong>Les emballages de produits cosm\u00e9tiques : ils s'appliquent \u00e0 divers masques de beaut\u00e9, produits de soin et emballages de produits de soin du visage, r\u00e9pondant ainsi aux exigences des consommateurs en mati\u00e8re d'emballages de produits cosm\u00e9tiques haut de gamme personnalis\u00e9s.<\/li>\n<\/ul>\n<\/div>\n\n\n\n<div class=\"wp-block-column is-layout-flow wp-block-column-is-layout-flow\">\n<h2 class=\"wp-block-heading\"><\/h2>\n\n\n\n<figure class=\"wp-block-image size-full\"><img fetchpriority=\"high\" decoding=\"async\" width=\"750\" height=\"750\" src=\"https:\/\/www.hyflexpack.com\/wp-content\/uploads\/2024\/11\/Custom-Flexible-Packaging-Bags1.webp\" alt=\"Emballage cosm\u00e9tique personnalis\u00e9 - Pochette scell\u00e9e sur 3 c\u00f4t\u00e9s\" class=\"wp-image-5786\" srcset=\"https:\/\/www.hyflexpack.com\/wp-content\/uploads\/2024\/11\/Custom-Flexible-Packaging-Bags1.webp 750w, https:\/\/www.hyflexpack.com\/wp-content\/uploads\/2024\/11\/Custom-Flexible-Packaging-Bags1-300x300.webp 300w, https:\/\/www.hyflexpack.com\/wp-content\/uploads\/2024\/11\/Custom-Flexible-Packaging-Bags1-150x150.webp 150w, https:\/\/www.hyflexpack.com\/wp-content\/uploads\/2024\/11\/Custom-Flexible-Packaging-Bags1-12x12.webp 12w, https:\/\/www.hyflexpack.com\/wp-content\/uploads\/2024\/11\/Custom-Flexible-Packaging-Bags1-285x285.webp 285w, https:\/\/www.hyflexpack.com\/wp-content\/uploads\/2024\/11\/Custom-Flexible-Packaging-Bags1-270x270.webp 270w, https:\/\/www.hyflexpack.com\/wp-content\/uploads\/2024\/11\/Custom-Flexible-Packaging-Bags1-540x540.webp 540w, https:\/\/www.hyflexpack.com\/wp-content\/uploads\/2024\/11\/Custom-Flexible-Packaging-Bags1-660x660.webp 660w\" sizes=\"(max-width: 750px) 100vw, 750px\" \/><\/figure>\n<\/div>\n<\/div>\n\n\n\n<p><\/p>","protected":false},"excerpt":{"rendered":"<p>Vous recherchez une solution d'emballage cosm\u00e9tique personnalis\u00e9e ? Notre sachet \u00e0 3 soudures lat\u00e9rales est parfaitement adapt\u00e9 \u00e0 l'emballage des masques de beaut\u00e9. Il offre une protection contre l'humidit\u00e9 et l'oxydation et permet de personnaliser l'emballage cosm\u00e9tique afin d'am\u00e9liorer l'image de la marque et d'attirer davantage de consommateurs. Contactez-nous d\u00e8s aujourd'hui pour en savoir plus !<\/p>\n<h3>Avantages du fournisseur d'emballages cosm\u00e9tiques<\/h3>\n<ul>\n<li>\n<p><strong>Emballage cosm\u00e9tique sur mesure<\/strong><span style=\"font-size: 16px;\">: Nous proposons des mat\u00e9riaux, des tailles et des motifs d'impression personnalis\u00e9s pour r\u00e9pondre aux besoins des clients. <\/span><a style=\"font-size: 16px;\" href=\"https:\/\/www.hyflexpack.com\/fr\/emballage-flexible-sur-mesure\/\"><strong>support OEM et ODM<\/strong><\/a><span style=\"font-size: 16px;\">.<\/span><\/p>\n<\/li>\n<li><strong>Fabrication<\/strong>: Gr\u00e2ce \u00e0 un \u00e9quipement et \u00e0 une technologie de pointe, nous pouvons r\u00e9aliser la production des commandes avec une grande efficacit\u00e9 et une grande qualit\u00e9, et les livrer dans les d\u00e9lais.<\/li>\n<li><strong>Inspection de la qualit\u00e9<\/strong>: Respecter strictement les normes de qualit\u00e9 et les exigences en mati\u00e8re de s\u00e9curit\u00e9 alimentaire afin de garantir la conformit\u00e9 des produits aux normes.<\/li>\n<li><strong>Support technique de l'\u00e9quipe<\/strong>: Notre \u00e9quipe poss\u00e8de une riche exp\u00e9rience de l'industrie et des connaissances professionnelles, et peut fournir une assistance technique et un service de conseil 24 heures sur 24 \u00e0 nos clients.<\/li>\n<li><strong>\u00c9chantillon gratuit<\/strong>: Nous fournissons un service d'\u00e9chantillonnage gratuit pour vous permettre d'\u00e9valuer la pochette \u00e0 3 soudures.<\/li>\n<\/ul>","protected":false},"featured_media":5788,"comment_status":"open","ping_status":"closed","template":"","meta":[],"product_brand":[],"product_cat":[52],"product_tag":[],"class_list":{"0":"post-5799","1":"product","2":"type-product","3":"status-publish","4":"has-post-thumbnail","6":"product_cat-custom-daily-chemical-packaging","8":"first","9":"instock","10":"shipping-taxable","11":"product-type-simple"},"_links":{"self":[{"href":"https:\/\/www.hyflexpack.com\/fr\/wp-json\/wp\/v2\/product\/5799","targetHints":{"allow":["GET"]}}],"collection":[{"href":"https:\/\/www.hyflexpack.com\/fr\/wp-json\/wp\/v2\/product"}],"about":[{"href":"https:\/\/www.hyflexpack.com\/fr\/wp-json\/wp\/v2\/types\/product"}],"replies":[{"embeddable":true,"href":"https:\/\/www.hyflexpack.com\/fr\/wp-json\/wp\/v2\/comments?post=5799"}],"wp:featuredmedia":[{"embeddable":true,"href":"https:\/\/www.hyflexpack.com\/fr\/wp-json\/wp\/v2\/media\/5788"}],"wp:attachment":[{"href":"https:\/\/www.hyflexpack.com\/fr\/wp-json\/wp\/v2\/media?parent=5799"}],"wp:term":[{"taxonomy":"product_brand","embeddable":true,"href":"https:\/\/www.hyflexpack.com\/fr\/wp-json\/wp\/v2\/product_brand?post=5799"},{"taxonomy":"product_cat","embeddable":true,"href":"https:\/\/www.hyflexpack.com\/fr\/wp-json\/wp\/v2\/product_cat?post=5799"},{"taxonomy":"product_tag","embeddable":true,"href":"https:\/\/www.hyflexpack.com\/fr\/wp-json\/wp\/v2\/product_tag?post=5799"}],"curies":[{"name":"wp","href":"https:\/\/api.w.org\/{rel}","templated":true}]}}