{"id":5753,"date":"2024-11-24T15:25:57","date_gmt":"2024-11-24T15:25:57","guid":{"rendered":"https:\/\/www.hyflexpack.com\/?post_type=product&#038;p=5753"},"modified":"2024-11-24T15:25:59","modified_gmt":"2024-11-24T15:25:59","slug":"custom-snack-food-packaging","status":"publish","type":"product","link":"https:\/\/www.hyflexpack.com\/fr\/product\/custom-snack-food-packaging\/","title":{"rendered":"Emballage de Snack personnalis\u00e9, Sacs de Snack personnalis\u00e9s Film de laminage en rouleau Factory"},"content":{"rendered":"<div class=\"wp-block-columns is-layout-flex wp-container-core-columns-is-layout-9d6595d7 wp-block-columns-is-layout-flex\">\n<div class=\"wp-block-column is-layout-flow wp-block-column-is-layout-flow\">\n<h3 class=\"wp-block-heading\">Features of Custom Snack Food Packaging Film<\/h3>\n\n\n\n<p><strong>Mat\u00e9riaux de haute qualit\u00e9<\/strong>: Fabriqu\u00e9 \u00e0 partir de films d'emballage de haute qualit\u00e9, garantissant une s\u00e9curit\u00e9 alimentaire, non toxique et inodore. Solide et durable, il convient \u00e0 une grande vari\u00e9t\u00e9 de besoins en mati\u00e8re d'emballage alimentaire.<\/p>\n\n\n\n<p><\/p>\n\n\n\n<p><strong>Un emballage efficace<\/strong>: Convient aux \u00e9quipements d'emballage automatique pour am\u00e9liorer l'efficacit\u00e9 de la production. La conception du rouleau de film lisse garantit qu'il n'y aura pas de bourrage de papier pendant l'emballage \u00e0 grande vitesse.<\/p>\n\n\n\n<p><\/p>\n\n\n\n<p><strong>Performance de protection sup\u00e9rieure<\/strong>: Efficace contre l'humidit\u00e9 et la poussi\u00e8re, bonne r\u00e9sistance \u00e0 la d\u00e9chirure, prot\u00e8ge l'int\u00e9grit\u00e9 du produit pendant le transport et le stockage.<\/p>\n\n\n\n<p><\/p>\n\n\n\n<p><strong>Options respectueuses de l'environnement<\/strong>: To meet environmental protection requirements, we support the use of biodegradable and recyclable materials. Film thickness options are also provided to reduce material waste and lower carbon footprint.<\/p>\n\n\n\n<p><\/p>\n\n\n\n<p><strong>Utilisation pratique<\/strong>: The composite packaging film roll is easy to store and handle, saving warehouse space.<\/p>\n<\/div>\n\n\n\n<div class=\"wp-block-column is-layout-flow wp-block-column-is-layout-flow\">\n<figure class=\"wp-block-image size-full\"><img fetchpriority=\"high\" decoding=\"async\" width=\"750\" height=\"750\" src=\"https:\/\/www.hyflexpack.com\/wp-content\/uploads\/2024\/11\/Custom-Biscuit-Packaging-Film2.webp\" alt=\"Custom Biscuit Packaging Film\" class=\"wp-image-5745\" srcset=\"https:\/\/www.hyflexpack.com\/wp-content\/uploads\/2024\/11\/Custom-Biscuit-Packaging-Film2.webp 750w, https:\/\/www.hyflexpack.com\/wp-content\/uploads\/2024\/11\/Custom-Biscuit-Packaging-Film2-300x300.webp 300w, https:\/\/www.hyflexpack.com\/wp-content\/uploads\/2024\/11\/Custom-Biscuit-Packaging-Film2-150x150.webp 150w, https:\/\/www.hyflexpack.com\/wp-content\/uploads\/2024\/11\/Custom-Biscuit-Packaging-Film2-12x12.webp 12w, https:\/\/www.hyflexpack.com\/wp-content\/uploads\/2024\/11\/Custom-Biscuit-Packaging-Film2-285x285.webp 285w, https:\/\/www.hyflexpack.com\/wp-content\/uploads\/2024\/11\/Custom-Biscuit-Packaging-Film2-270x270.webp 270w, https:\/\/www.hyflexpack.com\/wp-content\/uploads\/2024\/11\/Custom-Biscuit-Packaging-Film2-540x540.webp 540w, https:\/\/www.hyflexpack.com\/wp-content\/uploads\/2024\/11\/Custom-Biscuit-Packaging-Film2-660x660.webp 660w\" sizes=\"(max-width: 750px) 100vw, 750px\" \/><\/figure>\n<\/div>\n<\/div>\n\n\n\n<p><\/p>","protected":false},"excerpt":{"rendered":"<p>Learn how our snack food packaging films can provide safe and attractive packaging solutions for your products. With food-grade materials, high transparency, and excellent barrier properties, they can extend the freshness of your food. Contact us today and let us customize your exclusive food packaging!<\/p>\n<h3>Advantages of Snack Food Packaging Film Supplier<\/h3>\n<p>\u25cfCustomized design: We provide customized services, including material, size, and printing pattern customization to meet customer needs, and support OEM and ODM.<br \/>\u25cfManufacturing: Adopt internationally advanced composite production lines and automatic control systems to ensure efficient and stable production processes and on-time delivery.<br \/>\u25cfQuality inspection: Strictly produce following quality standards and food safety requirements to ensure that products meet standards.<br \/>\u25cfService client\u00e8le : Fournir une r\u00e9ponse rapide et un support de service \u00e0 la client\u00e8le r\u00e9fl\u00e9chi 24 heures par jour.<br \/>\u25cfFree samples: Make small batch samples for customers to try and evaluate<\/p>\n<p>Huiyang Packaging is committed to providing customers with high-quality custom snack packaging film to help customers improve their product image and enhance their market competitiveness<\/p>","protected":false},"featured_media":5745,"comment_status":"open","ping_status":"closed","template":"","meta":[],"product_brand":[],"product_cat":[53],"product_tag":[],"class_list":{"0":"post-5753","1":"product","2":"type-product","3":"status-publish","4":"has-post-thumbnail","6":"product_cat-packaging-film-supplier","8":"first","9":"instock","10":"shipping-taxable","11":"product-type-simple"},"_links":{"self":[{"href":"https:\/\/www.hyflexpack.com\/fr\/wp-json\/wp\/v2\/product\/5753","targetHints":{"allow":["GET"]}}],"collection":[{"href":"https:\/\/www.hyflexpack.com\/fr\/wp-json\/wp\/v2\/product"}],"about":[{"href":"https:\/\/www.hyflexpack.com\/fr\/wp-json\/wp\/v2\/types\/product"}],"replies":[{"embeddable":true,"href":"https:\/\/www.hyflexpack.com\/fr\/wp-json\/wp\/v2\/comments?post=5753"}],"wp:featuredmedia":[{"embeddable":true,"href":"https:\/\/www.hyflexpack.com\/fr\/wp-json\/wp\/v2\/media\/5745"}],"wp:attachment":[{"href":"https:\/\/www.hyflexpack.com\/fr\/wp-json\/wp\/v2\/media?parent=5753"}],"wp:term":[{"taxonomy":"product_brand","embeddable":true,"href":"https:\/\/www.hyflexpack.com\/fr\/wp-json\/wp\/v2\/product_brand?post=5753"},{"taxonomy":"product_cat","embeddable":true,"href":"https:\/\/www.hyflexpack.com\/fr\/wp-json\/wp\/v2\/product_cat?post=5753"},{"taxonomy":"product_tag","embeddable":true,"href":"https:\/\/www.hyflexpack.com\/fr\/wp-json\/wp\/v2\/product_tag?post=5753"}],"curies":[{"name":"wp","href":"https:\/\/api.w.org\/{rel}","templated":true}]}}