{"id":5752,"date":"2024-11-24T13:03:09","date_gmt":"2024-11-24T13:03:09","guid":{"rendered":"https:\/\/www.hyflexpack.com\/?post_type=product&#038;p=5752"},"modified":"2024-12-13T06:50:43","modified_gmt":"2024-12-13T06:50:43","slug":"custom-facial-mask-packaging-supplier","status":"publish","type":"product","link":"https:\/\/www.hyflexpack.com\/fr\/product\/custom-facial-mask-packaging-supplier\/","title":{"rendered":"OEM Masque facial Emballage 3 c\u00f4t\u00e9s Sceller Pouch Cosmetic Bags Supplier"},"content":{"rendered":"<div class=\"wp-block-columns is-layout-flex wp-container-core-columns-is-layout-9d6595d7 wp-block-columns-is-layout-flex\">\n<div class=\"wp-block-column is-layout-flow wp-block-column-is-layout-flow\">\n<h3 class=\"wp-block-heading\">Caract\u00e9ristiques de la pochette d'emballage de masque facial OEM<\/h3>\n\n\n\n<h4 class=\"wp-block-heading\">Un mat\u00e9riau de premi\u00e8re qualit\u00e9 pour un masque de beaut\u00e9<\/h4>\n\n\n\n<ul class=\"wp-block-list\">\n<li>Il est fabriqu\u00e9 avec les mat\u00e9riaux les plus nobles pour assurer la durabilit\u00e9, l'\u00e9tanch\u00e9it\u00e9 et la conservation efficace de l'essence.<\/li>\n<\/ul>\n\n\n\n<h4 class=\"wp-block-heading\">Pochette pour masque facial Design sp\u00e9cialis\u00e9<\/h4>\n\n\n\n<ul class=\"wp-block-list\">\n<li>La structure d'\u00e9tanch\u00e9it\u00e9 \u00e0 trois c\u00f4t\u00e9s offre le plus haut niveau de protection contre l'humidit\u00e9, l'air et la lumi\u00e8re, de sorte que le masque facial reste frais et efficace.<\/li>\n<\/ul>\n\n\n\n<h4 class=\"wp-block-heading\">Personnalisation de l'emballage des masques de beaut\u00e9<\/h4>\n\n\n\n<ul class=\"wp-block-list\">\n<li>Les tailles, les formes et les finitions varient, et le marquage peut \u00eatre utilis\u00e9 \u00e0 bon escient, en imprimant des logos et des dessins color\u00e9s pour rendre les produits plus vendables sur le march\u00e9.<\/li>\n<\/ul>\n\n\n\n<h4 class=\"wp-block-heading\">Options \u00e9cologiques<\/h4>\n\n\n\n<ul class=\"wp-block-list\">\n<li>Soutient les emballages verts avec des mat\u00e9riaux biod\u00e9gradables et recyclables pour attirer les marques soucieuses de l'environnement.<\/li>\n<\/ul>\n\n\n\n<h4 class=\"wp-block-heading\">Facile \u00e0 utiliser<\/h4>\n\n\n\n<ul class=\"wp-block-list\">\n<li>Des encoches de d\u00e9chirement faciles \u00e0 utiliser garantissent une \u00e9tanch\u00e9it\u00e9 solide, ce qui rend l'application sans probl\u00e8me pour les produits cosm\u00e9tiques et de soin de la peau.<\/li>\n<\/ul>\n\n\n\n<p>Cet emballage produit est la meilleure solution pour les sacs de masques haut de gamme qui seront utilis\u00e9s pour souligner la qualit\u00e9 de votre emballage de masques.<\/p>\n<\/div>\n\n\n\n<div class=\"wp-block-column is-layout-flow wp-block-column-is-layout-flow\">\n<figure class=\"wp-block-image size-full\"><img fetchpriority=\"high\" decoding=\"async\" width=\"750\" height=\"750\" src=\"https:\/\/www.hyflexpack.com\/wp-content\/uploads\/2024\/11\/OEM-Facial-Mask-Packaging-Pouch\uff081\uff09.webp\" alt=\"Sacs d&#039;emballage pour masques faciaux sur mesure\" class=\"wp-image-5734\" srcset=\"https:\/\/www.hyflexpack.com\/wp-content\/uploads\/2024\/11\/OEM-Facial-Mask-Packaging-Pouch\uff081\uff09.webp 750w, https:\/\/www.hyflexpack.com\/wp-content\/uploads\/2024\/11\/OEM-Facial-Mask-Packaging-Pouch\uff081\uff09-300x300.webp 300w, https:\/\/www.hyflexpack.com\/wp-content\/uploads\/2024\/11\/OEM-Facial-Mask-Packaging-Pouch\uff081\uff09-150x150.webp 150w, https:\/\/www.hyflexpack.com\/wp-content\/uploads\/2024\/11\/OEM-Facial-Mask-Packaging-Pouch\uff081\uff09-12x12.webp 12w, https:\/\/www.hyflexpack.com\/wp-content\/uploads\/2024\/11\/OEM-Facial-Mask-Packaging-Pouch\uff081\uff09-285x285.webp 285w, https:\/\/www.hyflexpack.com\/wp-content\/uploads\/2024\/11\/OEM-Facial-Mask-Packaging-Pouch\uff081\uff09-270x270.webp 270w, https:\/\/www.hyflexpack.com\/wp-content\/uploads\/2024\/11\/OEM-Facial-Mask-Packaging-Pouch\uff081\uff09-540x540.webp 540w, https:\/\/www.hyflexpack.com\/wp-content\/uploads\/2024\/11\/OEM-Facial-Mask-Packaging-Pouch\uff081\uff09-660x660.webp 660w\" sizes=\"(max-width: 750px) 100vw, 750px\" \/><\/figure>\n<\/div>\n<\/div>\n\n\n\n<p><\/p>","protected":false},"excerpt":{"rendered":"<div class=\"flex-shrink-0 flex flex-col relative items-end\">\n<div>\n<div class=\"pt-0\">\n<div class=\"gizmo-bot-avatar flex h-8 w-8 items-center justify-center overflow-hidden rounded-full\">\n<div class=\"relative p-1 rounded-sm flex items-center justify-center bg-token-main-surface-primary text-token-text-primary h-8 w-8\">Am\u00e9liorez votre gamme de produits avec nos sacs pour masques de beaut\u00e9 de qualit\u00e9 sup\u00e9rieure ! Con\u00e7us avec des mat\u00e9riaux durables pour un masque de beaut\u00e9, ces sachets scell\u00e9s sur trois c\u00f4t\u00e9s offrent un emballage s\u00fbr et personnalisable pour les masques faciaux afin de mettre en valeur votre marque. Demandez d\u00e8s maintenant des prix de gros comp\u00e9titifs !<\/div>\n<div>\n<h3>Avantages du fournisseur d'emballages pour masques faciaux<\/h3>\n<ul>\n<li>Conception personnalis\u00e9e : Nous fournissons des services personnalis\u00e9s, y compris la personnalisation du mat\u00e9riau, de la taille et du motif d'impression pour r\u00e9pondre aux besoins du client, et\u00a0<a href=\"https:\/\/www.hyflexpack.com\/fr\/emballage-flexible-sur-mesure\/\"><strong>support OEM et ODM<\/strong><\/a>.<\/li>\n<li>Fabrication : Gr\u00e2ce \u00e0 un \u00e9quipement et \u00e0 une technologie de pointe, nous pouvons r\u00e9aliser la production des commandes de mani\u00e8re efficace et avec une qualit\u00e9 \u00e9lev\u00e9e, et nous pouvons livrer dans les d\u00e9lais impartis.<\/li>\n<li>Inspection de la qualit\u00e9 : La production est r\u00e9alis\u00e9e dans le strict respect des normes de qualit\u00e9 et des exigences en mati\u00e8re de s\u00e9curit\u00e9 alimentaire afin de garantir que les produits r\u00e9pondent aux normes.<\/li>\n<li>Certification<strong>\uff1a<\/strong>\u00a0<strong>FDA\/BRC\/ISO 9001\/RoHS<\/strong><\/li>\n<li>Service \u00e0 la client\u00e8le :\u00a0<strong>24 heures<\/strong>\u00a0afin de fournir une r\u00e9ponse rapide et un service \u00e0 la client\u00e8le attentionn\u00e9.<\/li>\n<li>\u00c9chantillon gratuit : Fournir un service d'\u00e9chantillonnage gratuit pour vous permettre d'\u00e9valuer le produit.<\/li>\n<\/ul>\n<\/div>\n<\/div>\n<\/div>\n<\/div>\n<\/div>","protected":false},"featured_media":5737,"comment_status":"open","ping_status":"closed","template":"","meta":[],"product_brand":[],"product_cat":[52],"product_tag":[],"class_list":{"0":"post-5752","1":"product","2":"type-product","3":"status-publish","4":"has-post-thumbnail","6":"product_cat-custom-daily-chemical-packaging","8":"first","9":"instock","10":"shipping-taxable","11":"product-type-simple"},"_links":{"self":[{"href":"https:\/\/www.hyflexpack.com\/fr\/wp-json\/wp\/v2\/product\/5752","targetHints":{"allow":["GET"]}}],"collection":[{"href":"https:\/\/www.hyflexpack.com\/fr\/wp-json\/wp\/v2\/product"}],"about":[{"href":"https:\/\/www.hyflexpack.com\/fr\/wp-json\/wp\/v2\/types\/product"}],"replies":[{"embeddable":true,"href":"https:\/\/www.hyflexpack.com\/fr\/wp-json\/wp\/v2\/comments?post=5752"}],"wp:featuredmedia":[{"embeddable":true,"href":"https:\/\/www.hyflexpack.com\/fr\/wp-json\/wp\/v2\/media\/5737"}],"wp:attachment":[{"href":"https:\/\/www.hyflexpack.com\/fr\/wp-json\/wp\/v2\/media?parent=5752"}],"wp:term":[{"taxonomy":"product_brand","embeddable":true,"href":"https:\/\/www.hyflexpack.com\/fr\/wp-json\/wp\/v2\/product_brand?post=5752"},{"taxonomy":"product_cat","embeddable":true,"href":"https:\/\/www.hyflexpack.com\/fr\/wp-json\/wp\/v2\/product_cat?post=5752"},{"taxonomy":"product_tag","embeddable":true,"href":"https:\/\/www.hyflexpack.com\/fr\/wp-json\/wp\/v2\/product_tag?post=5752"}],"curies":[{"name":"wp","href":"https:\/\/api.w.org\/{rel}","templated":true}]}}