{"id":5749,"date":"2024-11-24T13:37:41","date_gmt":"2024-11-24T13:37:41","guid":{"rendered":"https:\/\/www.hyflexpack.com\/?post_type=product&#038;p=5749"},"modified":"2025-10-23T08:23:26","modified_gmt":"2025-10-23T08:23:26","slug":"custom-frozen-food-packaging","status":"publish","type":"product","link":"https:\/\/www.hyflexpack.com\/fr\/product\/custom-frozen-food-packaging\/","title":{"rendered":"Emballages surgel\u00e9s personnalis\u00e9s pour les petites entreprises Emballages de snacks Pochettes \u00e0 soulever"},"content":{"rendered":"<div class=\"wp-block-columns is-layout-flex wp-container-core-columns-is-layout-9d6595d7 wp-block-columns-is-layout-flex\">\n<div class=\"wp-block-column is-layout-flow wp-block-column-is-layout-flow\">\n<h3 class=\"wp-block-heading\">Caract\u00e9ristiques du sac d'emballage pour aliments surgel\u00e9s sur mesure<\/h3>\n\n\n\n<h4 class=\"wp-block-heading\">Mat\u00e9riau durable pour le stockage des produits congel\u00e9s<\/h4>\n\n\n\n<ul class=\"wp-block-list\">\n<li>Fabriqu\u00e9s \u00e0 partir de mat\u00e9riaux de qualit\u00e9 alimentaire \u00e0 haute barri\u00e8re pour garantir la fra\u00eecheur, \u00e9viter les br\u00fblures de cong\u00e9lation et maintenir la qualit\u00e9 du produit.<\/li>\n<\/ul>\n\n\n\n<h4 class=\"wp-block-heading\">Conception debout pour plus de commodit\u00e9<\/h4>\n\n\n\n<ul class=\"wp-block-list\">\n<li>Ce format stand-up offre une grande stabilit\u00e9 et est tr\u00e8s facile \u00e0 placer dans les cong\u00e9lateurs et sur les pr\u00e9sentoirs des d\u00e9taillants, ce qui permet de maximiser l'espace et la visibilit\u00e9.<\/li>\n<\/ul>\n\n\n\n<h4 class=\"wp-block-heading\">Personnalisable pour les collations des petites entreprises<\/h4>\n\n\n\n<ul class=\"wp-block-list\">\n<li>Les options de personnalisation de la taille, de la forme, de la couleur et de l'impression en font un produit parfaitement adapt\u00e9 aux besoins uniques de votre marque en mati\u00e8re d'emballage de produits surgel\u00e9s.<\/li>\n<\/ul>\n\n\n\n<h4 class=\"wp-block-heading\">R\u00e9sistant \u00e0 la temp\u00e9rature<\/h4>\n\n\n\n<ul class=\"wp-block-list\">\n<li>Con\u00e7us pour ne pas se fissurer aux temp\u00e9ratures de cong\u00e9lation, ils prot\u00e8gent parfaitement vos produits surgel\u00e9s.<\/li>\n<\/ul>\n\n\n\n<h4 class=\"wp-block-heading\">Refermable et facile \u00e0 utiliser<\/h4>\n\n\n\n<ul class=\"wp-block-list\">\n<li>La pr\u00e9sence de fermetures \u00e0 glissi\u00e8re ou d'encoches pour faciliter l'ouverture et la refermeture am\u00e9liore la commodit\u00e9 et la satisfaction du consommateur.<\/li>\n<\/ul>\n\n\n\n<h4 class=\"wp-block-heading\">Options \u00e9cologiques disponibles<\/h4>\n\n\n\n<ul class=\"wp-block-list\">\n<li>Choisissez des mat\u00e9riaux recyclables ou biod\u00e9gradables pour vous aligner sur les pratiques commerciales durables.<\/li>\n<\/ul>\n<\/div>\n\n\n\n<div class=\"wp-block-column is-layout-flow wp-block-column-is-layout-flow\">\n<figure class=\"wp-block-image size-full\"><img fetchpriority=\"high\" decoding=\"async\" width=\"750\" height=\"750\" src=\"https:\/\/www.hyflexpack.com\/wp-content\/uploads\/2024\/11\/Customize-Healthy-Snacks-Packages1.webp\" alt=\"Sacs d&#039;emballage de produits surgel\u00e9s sur mesure\" class=\"wp-image-5730\" srcset=\"https:\/\/www.hyflexpack.com\/wp-content\/uploads\/2024\/11\/Customize-Healthy-Snacks-Packages1.webp 750w, https:\/\/www.hyflexpack.com\/wp-content\/uploads\/2024\/11\/Customize-Healthy-Snacks-Packages1-300x300.webp 300w, https:\/\/www.hyflexpack.com\/wp-content\/uploads\/2024\/11\/Customize-Healthy-Snacks-Packages1-150x150.webp 150w, https:\/\/www.hyflexpack.com\/wp-content\/uploads\/2024\/11\/Customize-Healthy-Snacks-Packages1-12x12.webp 12w, https:\/\/www.hyflexpack.com\/wp-content\/uploads\/2024\/11\/Customize-Healthy-Snacks-Packages1-285x285.webp 285w, https:\/\/www.hyflexpack.com\/wp-content\/uploads\/2024\/11\/Customize-Healthy-Snacks-Packages1-270x270.webp 270w, https:\/\/www.hyflexpack.com\/wp-content\/uploads\/2024\/11\/Customize-Healthy-Snacks-Packages1-540x540.webp 540w, https:\/\/www.hyflexpack.com\/wp-content\/uploads\/2024\/11\/Customize-Healthy-Snacks-Packages1-660x660.webp 660w\" sizes=\"(max-width: 750px) 100vw, 750px\" \/><\/figure>\n<\/div>\n<\/div>\n\n\n\n<p><\/p>","protected":false},"excerpt":{"rendered":"<p>Boostez votre marque avec nos emballages personnalis\u00e9s pour produits surgel\u00e9s ! Ces emballages durables et refermables sont parfaits pour garder vos collations fra\u00eeches et pr\u00eates \u00e0 congeler. Contactez-nous d\u00e8s aujourd'hui pour obtenir un devis. Nous nous engageons \u00e0 fournir des solutions d'emballage de haute qualit\u00e9 et respectueuses de l'environnement.<\/p>\n<h3>Avantages du fournisseur de sacs d'emballage pour aliments surgel\u00e9s<\/h3>\n<ul>\n<li><strong>Service personnalis\u00e9<\/strong>: Fournir un service personnalis\u00e9 complet, de la taille et du mat\u00e9riau \u00e0 la conception de l'impression, afin de r\u00e9pondre aux besoins personnalis\u00e9s des diff\u00e9rents clients.<\/li>\n<li><strong>Livraison rapide<\/strong>: Processus de production et gestion des stocks efficaces pour assurer une production rapide et une livraison dans les d\u00e9lais des commandes de gros volumes.<\/li>\n<li><strong>Soutien professionnel<\/strong>: Fournir une conception professionnelle de l'emballage et une assistance technique pour aider les clients \u00e0 optimiser les solutions d'emballage et \u00e0 am\u00e9liorer la comp\u00e9titivit\u00e9 des produits.<\/li>\n<li><strong>Inspection de la qualit\u00e9<\/strong>: Respecter strictement les normes de qualit\u00e9 et les exigences en mati\u00e8re de s\u00e9curit\u00e9 alimentaire afin de garantir que les produits r\u00e9pondent aux exigences de la norme.<\/li>\n<li><strong>Rapport co\u00fbt-efficacit\u00e9<\/strong>: Fournir des prix comp\u00e9titifs en optimisant la production et la logistique afin d'aider les clients \u00e0 r\u00e9duire leurs co\u00fbts et \u00e0 augmenter leurs profits.<\/li>\n<\/ul>","protected":false},"featured_media":5730,"comment_status":"open","ping_status":"closed","template":"","meta":[],"product_brand":[],"product_cat":[57],"product_tag":[],"class_list":{"0":"post-5749","1":"product","2":"type-product","3":"status-publish","4":"has-post-thumbnail","6":"product_cat-snack-packaging-bags-wholesale","8":"first","9":"instock","10":"shipping-taxable","11":"product-type-simple"},"_links":{"self":[{"href":"https:\/\/www.hyflexpack.com\/fr\/wp-json\/wp\/v2\/product\/5749","targetHints":{"allow":["GET"]}}],"collection":[{"href":"https:\/\/www.hyflexpack.com\/fr\/wp-json\/wp\/v2\/product"}],"about":[{"href":"https:\/\/www.hyflexpack.com\/fr\/wp-json\/wp\/v2\/types\/product"}],"replies":[{"embeddable":true,"href":"https:\/\/www.hyflexpack.com\/fr\/wp-json\/wp\/v2\/comments?post=5749"}],"wp:featuredmedia":[{"embeddable":true,"href":"https:\/\/www.hyflexpack.com\/fr\/wp-json\/wp\/v2\/media\/5730"}],"wp:attachment":[{"href":"https:\/\/www.hyflexpack.com\/fr\/wp-json\/wp\/v2\/media?parent=5749"}],"wp:term":[{"taxonomy":"product_brand","embeddable":true,"href":"https:\/\/www.hyflexpack.com\/fr\/wp-json\/wp\/v2\/product_brand?post=5749"},{"taxonomy":"product_cat","embeddable":true,"href":"https:\/\/www.hyflexpack.com\/fr\/wp-json\/wp\/v2\/product_cat?post=5749"},{"taxonomy":"product_tag","embeddable":true,"href":"https:\/\/www.hyflexpack.com\/fr\/wp-json\/wp\/v2\/product_tag?post=5749"}],"curies":[{"name":"wp","href":"https:\/\/api.w.org\/{rel}","templated":true}]}}