{"id":5748,"date":"2024-11-23T12:27:53","date_gmt":"2024-11-23T12:27:53","guid":{"rendered":"https:\/\/www.hyflexpack.com\/?post_type=product&#038;p=5748"},"modified":"2024-11-23T12:27:55","modified_gmt":"2024-11-23T12:27:55","slug":"custom-chips-packaging-film-roll","status":"publish","type":"product","link":"https:\/\/www.hyflexpack.com\/fr\/product\/custom-chips-packaging-film-roll\/","title":{"rendered":"Film d'emballage OEM pour puces lamin\u00e9es,Solutions d'emballage de puces photographiques sur mesure"},"content":{"rendered":"<div class=\"wp-block-columns is-layout-flex wp-container-core-columns-is-layout-9d6595d7 wp-block-columns-is-layout-flex\">\n<div class=\"wp-block-column is-layout-flow wp-block-column-is-layout-flow\">\n<h3 class=\"wp-block-heading\">Caract\u00e9ristiques du rouleau de film d'emballage pour puces de haute qualit\u00e9<\/h3>\n\n\n\n<p><strong>Mat\u00e9riaux de haute qualit\u00e9<\/strong>: Fabriqu\u00e9 \u00e0 partir de films d'emballage de haute qualit\u00e9, garantissant une s\u00e9curit\u00e9 alimentaire, non toxique et inodore. Solide et durable, il convient \u00e0 une grande vari\u00e9t\u00e9 de besoins en mati\u00e8re d'emballage alimentaire.<\/p>\n\n\n\n<p><\/p>\n\n\n\n<p><strong>Un emballage efficace<\/strong>: Convient aux \u00e9quipements d'emballage automatique pour am\u00e9liorer l'efficacit\u00e9 de la production. La conception du rouleau de film lisse garantit qu'il n'y aura pas de bourrage de papier pendant l'emballage \u00e0 grande vitesse.<\/p>\n\n\n\n<p><\/p>\n\n\n\n<p><strong>Performance de protection sup\u00e9rieure<\/strong>: Efficace contre l'humidit\u00e9 et la poussi\u00e8re, bonne r\u00e9sistance \u00e0 la d\u00e9chirure, prot\u00e8ge l'int\u00e9grit\u00e9 du produit pendant le transport et le stockage.<\/p>\n\n\n\n<p><\/p>\n\n\n\n<p><strong>Options respectueuses de l'environnement<\/strong>: Favoriser l'utilisation de mat\u00e9riaux biod\u00e9gradables et recyclables pour r\u00e9pondre aux exigences de protection de l'environnement. Des options d'\u00e9paisseur de film sont \u00e9galement propos\u00e9es pour r\u00e9duire les d\u00e9chets de mat\u00e9riaux et l'empreinte carbone.<\/p>\n\n\n\n<p><\/p>\n\n\n\n<p><strong>Utilisation pratique<\/strong>: Le rouleau de film d'emballage composite est facile \u00e0 stocker et \u00e0 manipuler, ce qui permet d'\u00e9conomiser de l'espace dans l'entrep\u00f4t.<\/p>\n<\/div>\n\n\n\n<div class=\"wp-block-column is-layout-flow wp-block-column-is-layout-flow\">\n<figure class=\"wp-block-image size-full\"><img fetchpriority=\"high\" decoding=\"async\" width=\"750\" height=\"750\" src=\"https:\/\/www.hyflexpack.com\/wp-content\/uploads\/2024\/11\/OEM-Laminated-Packaging-Film-\uff081\uff09.webp\" alt=\"Rouleau de film d&#039;emballage pour chips Wholesale\" class=\"wp-image-5723\" srcset=\"https:\/\/www.hyflexpack.com\/wp-content\/uploads\/2024\/11\/OEM-Laminated-Packaging-Film-\uff081\uff09.webp 750w, https:\/\/www.hyflexpack.com\/wp-content\/uploads\/2024\/11\/OEM-Laminated-Packaging-Film-\uff081\uff09-300x300.webp 300w, https:\/\/www.hyflexpack.com\/wp-content\/uploads\/2024\/11\/OEM-Laminated-Packaging-Film-\uff081\uff09-150x150.webp 150w, https:\/\/www.hyflexpack.com\/wp-content\/uploads\/2024\/11\/OEM-Laminated-Packaging-Film-\uff081\uff09-12x12.webp 12w, https:\/\/www.hyflexpack.com\/wp-content\/uploads\/2024\/11\/OEM-Laminated-Packaging-Film-\uff081\uff09-285x285.webp 285w, https:\/\/www.hyflexpack.com\/wp-content\/uploads\/2024\/11\/OEM-Laminated-Packaging-Film-\uff081\uff09-270x270.webp 270w, https:\/\/www.hyflexpack.com\/wp-content\/uploads\/2024\/11\/OEM-Laminated-Packaging-Film-\uff081\uff09-540x540.webp 540w, https:\/\/www.hyflexpack.com\/wp-content\/uploads\/2024\/11\/OEM-Laminated-Packaging-Film-\uff081\uff09-660x660.webp 660w\" sizes=\"(max-width: 750px) 100vw, 750px\" \/><\/figure>\n<\/div>\n<\/div>\n\n\n\n<p><\/p>","protected":false},"excerpt":{"rendered":"<p>Rouleau de film d'emballage imprim\u00e9 personnalis\u00e9 pour chips, offrant des solutions durables, \u00e9clatantes et conservant la fra\u00eecheur, adapt\u00e9es \u00e0 votre marque.<\/p>\n<h3>Avantages du fournisseur de rouleaux de film d'emballage pour puces<\/h3>\n<ul>\n<li>Conception personnalis\u00e9e : Nous fournissons des services personnalis\u00e9s, y compris la personnalisation du mat\u00e9riau, de la taille et du motif d'impression pour r\u00e9pondre aux besoins du client, et\u00a0<a href=\"https:\/\/www.hyflexpack.com\/fr\/emballage-flexible-sur-mesure\/\"><strong>support OEM et ODM<\/strong><\/a>.<\/li>\n<li>Fabrication : Gr\u00e2ce \u00e0 un \u00e9quipement et \u00e0 une technologie de pointe, nous pouvons r\u00e9aliser la production des commandes de mani\u00e8re efficace et avec une qualit\u00e9 \u00e9lev\u00e9e, et nous pouvons livrer dans les d\u00e9lais impartis.<\/li>\n<li>Inspection de la qualit\u00e9 : La production est r\u00e9alis\u00e9e dans le strict respect des normes de qualit\u00e9 et des exigences en mati\u00e8re de s\u00e9curit\u00e9 alimentaire afin de garantir que les produits r\u00e9pondent aux normes.<\/li>\n<li>Certification<strong>\uff1a<\/strong>\u00a0<strong>FDA\/BRC\/ISO 9001\/RoHS<\/strong><\/li>\n<li>Service \u00e0 la client\u00e8le :\u00a0<strong>24 heures<\/strong>\u00a0afin de fournir une r\u00e9ponse rapide et un service \u00e0 la client\u00e8le attentionn\u00e9.<\/li>\n<li>\u00c9chantillon gratuit : Fournir un service d'\u00e9chantillonnage gratuit pour vous permettre d'\u00e9valuer le produit.<\/li>\n<\/ul>","protected":false},"featured_media":5723,"comment_status":"open","ping_status":"closed","template":"","meta":[],"product_brand":[],"product_cat":[53],"product_tag":[],"class_list":{"0":"post-5748","1":"product","2":"type-product","3":"status-publish","4":"has-post-thumbnail","6":"product_cat-packaging-film-supplier","8":"first","9":"instock","10":"shipping-taxable","11":"product-type-simple"},"_links":{"self":[{"href":"https:\/\/www.hyflexpack.com\/fr\/wp-json\/wp\/v2\/product\/5748","targetHints":{"allow":["GET"]}}],"collection":[{"href":"https:\/\/www.hyflexpack.com\/fr\/wp-json\/wp\/v2\/product"}],"about":[{"href":"https:\/\/www.hyflexpack.com\/fr\/wp-json\/wp\/v2\/types\/product"}],"replies":[{"embeddable":true,"href":"https:\/\/www.hyflexpack.com\/fr\/wp-json\/wp\/v2\/comments?post=5748"}],"wp:featuredmedia":[{"embeddable":true,"href":"https:\/\/www.hyflexpack.com\/fr\/wp-json\/wp\/v2\/media\/5723"}],"wp:attachment":[{"href":"https:\/\/www.hyflexpack.com\/fr\/wp-json\/wp\/v2\/media?parent=5748"}],"wp:term":[{"taxonomy":"product_brand","embeddable":true,"href":"https:\/\/www.hyflexpack.com\/fr\/wp-json\/wp\/v2\/product_brand?post=5748"},{"taxonomy":"product_cat","embeddable":true,"href":"https:\/\/www.hyflexpack.com\/fr\/wp-json\/wp\/v2\/product_cat?post=5748"},{"taxonomy":"product_tag","embeddable":true,"href":"https:\/\/www.hyflexpack.com\/fr\/wp-json\/wp\/v2\/product_tag?post=5748"}],"curies":[{"name":"wp","href":"https:\/\/api.w.org\/{rel}","templated":true}]}}