{"id":5719,"date":"2024-11-23T08:41:47","date_gmt":"2024-11-23T08:41:47","guid":{"rendered":"https:\/\/www.hyflexpack.com\/?post_type=product&#038;p=5719"},"modified":"2025-05-17T06:48:35","modified_gmt":"2025-05-17T06:48:35","slug":"candy-twist-wrap-packaging-film","status":"publish","type":"product","link":"https:\/\/www.hyflexpack.com\/fr\/product\/candy-twist-wrap-packaging-film\/","title":{"rendered":"OEM Candy Twist Wrap Packaging Film Flexible Packaging Supplier"},"content":{"rendered":"<div class=\"wp-block-columns is-layout-flex wp-container-core-columns-is-layout-9d6595d7 wp-block-columns-is-layout-flex\">\n<div class=\"wp-block-column is-layout-flow wp-block-column-is-layout-flow\">\n<h3 class=\"wp-block-heading\">Caract\u00e9ristiques du film d'emballage Twist Wrap pour bonbons de haute qualit\u00e9<\/h3>\n\n\n\n<ul class=\"wp-block-list\">\n<li><strong>Mat\u00e9riaux \u00e9cologiques<\/strong>: Le film d'emballage torsad\u00e9 est fabriqu\u00e9 \u00e0 partir de mat\u00e9riaux d'emballage de haute qualit\u00e9, s\u00fbrs, non toxiques et inodores. Solide et durable, il r\u00e9pond \u00e0 un large \u00e9ventail de besoins en mati\u00e8re d'emballage alimentaire.<\/li>\n<\/ul>\n\n\n\n<p><\/p>\n\n\n\n<ul class=\"wp-block-list\">\n<li><strong>Emballage efficace<\/strong>: Il convient aux \u00e9quipements d'emballage automatique pour am\u00e9liorer l'efficacit\u00e9 de la production. La conception du rouleau de film, dont l'int\u00e9rieur est lisse, garantit qu'il n'y aura pas de bourrage de papier pendant l'emballage \u00e0 grande vitesse.<\/li>\n<\/ul>\n\n\n\n<p><\/p>\n\n\n\n<ul class=\"wp-block-list\">\n<li><strong>Performance protectrice sup\u00e9rieure<\/strong>L'emballage de la confiserie : peut emp\u00eacher efficacement l'humidit\u00e9 et la poussi\u00e8re et prolonger la dur\u00e9e de conservation de la confiserie. La bonne r\u00e9sistance \u00e0 la d\u00e9chirure prot\u00e8ge l'int\u00e9grit\u00e9 du produit pendant le transport et le stockage.<\/li>\n<\/ul>\n\n\n\n<p><\/p>\n\n\n\n<ul class=\"wp-block-list\">\n<li><strong>Protection de l'environnement<\/strong>L'objectif est de favoriser l'utilisation de mat\u00e9riaux biod\u00e9gradables et recyclables et de proposer des options d'\u00e9paisseur de film afin de r\u00e9duire les d\u00e9chets de mat\u00e9riaux et l'empreinte carbone.<\/li>\n<\/ul>\n\n\n\n<p><\/p>\n\n\n\n<ul class=\"wp-block-list\">\n<li><strong>Pratique \u00e0 utiliser<\/strong>: Le film plastique en rouleau est facile \u00e0 sceller \u00e0 chaud, ce qui garantit l'\u00e9tanch\u00e9it\u00e9 ; les films en rouleau sont faciles \u00e0 stocker et \u00e0 manipuler, ce qui permet d'\u00e9conomiser de l'espace dans l'entrep\u00f4t.<\/li>\n<\/ul>\n<\/div>\n\n\n\n<div class=\"wp-block-column is-layout-flow wp-block-column-is-layout-flow\">\n<figure class=\"wp-block-image size-full\"><img fetchpriority=\"high\" decoding=\"async\" width=\"750\" height=\"750\" src=\"https:\/\/www.hyflexpack.com\/wp-content\/uploads\/2024\/11\/OEM-Candy-Twist-Film1.webp\" alt=\"OEM Candy Twist Wrap Packaging Film Supplier\" class=\"wp-image-5708\" srcset=\"https:\/\/www.hyflexpack.com\/wp-content\/uploads\/2024\/11\/OEM-Candy-Twist-Film1.webp 750w, https:\/\/www.hyflexpack.com\/wp-content\/uploads\/2024\/11\/OEM-Candy-Twist-Film1-300x300.webp 300w, https:\/\/www.hyflexpack.com\/wp-content\/uploads\/2024\/11\/OEM-Candy-Twist-Film1-150x150.webp 150w, https:\/\/www.hyflexpack.com\/wp-content\/uploads\/2024\/11\/OEM-Candy-Twist-Film1-12x12.webp 12w, https:\/\/www.hyflexpack.com\/wp-content\/uploads\/2024\/11\/OEM-Candy-Twist-Film1-285x285.webp 285w, https:\/\/www.hyflexpack.com\/wp-content\/uploads\/2024\/11\/OEM-Candy-Twist-Film1-270x270.webp 270w, https:\/\/www.hyflexpack.com\/wp-content\/uploads\/2024\/11\/OEM-Candy-Twist-Film1-540x540.webp 540w, https:\/\/www.hyflexpack.com\/wp-content\/uploads\/2024\/11\/OEM-Candy-Twist-Film1-660x660.webp 660w\" sizes=\"(max-width: 750px) 100vw, 750px\" \/><\/figure>\n<\/div>\n<\/div>\n\n\n\n<p><\/p>","protected":false},"excerpt":{"rendered":"<p>Le film d'emballage torsad\u00e9 OEM de haute qualit\u00e9 assure un contr\u00f4le complet pour une torsion s\u00fbre et une ouverture facile, gardant les bonbons herm\u00e9tiquement scell\u00e9s pendant la production et le transport, ce qui est parfait pour les besoins d'emballage flexible.<\/p>\n<h3>Avantages du fournisseur de film d'emballage Twist Wrap<\/h3>\n<ul>\n<li>Service personnalis\u00e9 : Fournir <a href=\"https:\/\/www.hyflexpack.com\/fr\/emballage-flexible-sur-mesure\/\"><strong>Service ODM et ODM<\/strong><\/a>, La taille, l'impression et le mat\u00e9riau peuvent \u00eatre personnalis\u00e9s en fonction des besoins du client.<\/li>\n<li>Livraison rapide : Processus de production efficace et gestion de la cha\u00eene d'approvisionnement pour garantir la livraison des commandes en temps voulu afin de r\u00e9pondre aux besoins urgents des clients.<\/li>\n<li>Assurance de la qualit\u00e9 : Un syst\u00e8me strict de contr\u00f4le de la qualit\u00e9 garantit que chaque produit r\u00e9pond aux exigences et aux normes des clients.<\/li>\n<li>Rentabilit\u00e9 : Fournir des prix comp\u00e9titifs et r\u00e9duire les co\u00fbts d'achat des clients en optimisant les processus de production et la gestion des co\u00fbts.<\/li>\n<li>\u00c9chantillon gratuit : Nous proposons un service d'\u00e9chantillonnage gratuit pour \u00e9valuer vos produits.<\/li>\n<\/ul>","protected":false},"featured_media":5709,"comment_status":"open","ping_status":"closed","template":"","meta":[],"product_brand":[],"product_cat":[53,89],"product_tag":[],"class_list":{"0":"post-5719","1":"product","2":"type-product","3":"status-publish","4":"has-post-thumbnail","6":"product_cat-packaging-film-supplier","7":"product_cat-custom-twist-film","9":"first","10":"instock","11":"shipping-taxable","12":"product-type-simple"},"_links":{"self":[{"href":"https:\/\/www.hyflexpack.com\/fr\/wp-json\/wp\/v2\/product\/5719","targetHints":{"allow":["GET"]}}],"collection":[{"href":"https:\/\/www.hyflexpack.com\/fr\/wp-json\/wp\/v2\/product"}],"about":[{"href":"https:\/\/www.hyflexpack.com\/fr\/wp-json\/wp\/v2\/types\/product"}],"replies":[{"embeddable":true,"href":"https:\/\/www.hyflexpack.com\/fr\/wp-json\/wp\/v2\/comments?post=5719"}],"wp:featuredmedia":[{"embeddable":true,"href":"https:\/\/www.hyflexpack.com\/fr\/wp-json\/wp\/v2\/media\/5709"}],"wp:attachment":[{"href":"https:\/\/www.hyflexpack.com\/fr\/wp-json\/wp\/v2\/media?parent=5719"}],"wp:term":[{"taxonomy":"product_brand","embeddable":true,"href":"https:\/\/www.hyflexpack.com\/fr\/wp-json\/wp\/v2\/product_brand?post=5719"},{"taxonomy":"product_cat","embeddable":true,"href":"https:\/\/www.hyflexpack.com\/fr\/wp-json\/wp\/v2\/product_cat?post=5719"},{"taxonomy":"product_tag","embeddable":true,"href":"https:\/\/www.hyflexpack.com\/fr\/wp-json\/wp\/v2\/product_tag?post=5719"}],"curies":[{"name":"wp","href":"https:\/\/api.w.org\/{rel}","templated":true}]}}