{"id":5717,"date":"2024-11-23T09:04:58","date_gmt":"2024-11-23T09:04:58","guid":{"rendered":"https:\/\/www.hyflexpack.com\/?post_type=product&#038;p=5717"},"modified":"2024-12-04T02:09:59","modified_gmt":"2024-12-04T02:09:59","slug":"wholesale-milk-powder-sachets-film-roll","status":"publish","type":"product","link":"https:\/\/www.hyflexpack.com\/fr\/product\/wholesale-milk-powder-sachets-film-roll\/","title":{"rendered":"Sachets de lait en poudre imprim\u00e9s sur mesure, Film d'emballage en rouleau PE Food Grade Laminating"},"content":{"rendered":"<div class=\"wp-block-columns is-layout-flex wp-container-core-columns-is-layout-9d6595d7 wp-block-columns-is-layout-flex\">\n<div class=\"wp-block-column is-layout-flow wp-block-column-is-layout-flow\">\n<h3 class=\"wp-block-heading\">Features of High Quality Milk Powder Sachets Roll Film<\/h3>\n\n\n\n<p><strong>Custom Logo:<\/strong> Tailored milk powder sachets with high-quality custom printing to highlight your brand.<\/p>\n\n\n\n<p><\/p>\n\n\n\n<p><strong>Food-Grade Safety:<\/strong> Manufactured with film roll packaging to ensure food-grade safety and product freshness.<\/p>\n\n\n\n<p><\/p>\n\n\n\n<p><strong>Superior Protection:<\/strong> Provides excellent barriers against moisture, air, and light, keeping milk powder sachets fresh and secure.<\/p>\n\n\n\n<p><\/p>\n\n\n\n<p><strong>Efficient Packaging:<\/strong> Plastic printed laminated packaging film roll format designed for seamless use with automated packaging machines.<\/p>\n\n\n\n<p><\/p>\n\n\n\n<p><strong>Durable and Flexible:<\/strong> Strong laminating film ensures the sachets resist tears and maintain integrity during transport and storage.<\/p>\n\n\n\n<p><\/p>\n\n\n\n<p><strong>Eco-Conscious Options:<\/strong> Available in environmentally friendly materials to support sustainable practices.<\/p>\n<\/div>\n\n\n\n<div class=\"wp-block-column is-layout-flow wp-block-column-is-layout-flow\">\n<figure class=\"wp-block-image size-full\"><img fetchpriority=\"high\" decoding=\"async\" width=\"750\" height=\"750\" src=\"https:\/\/www.hyflexpack.com\/wp-content\/uploads\/2024\/11\/Custom-Milk-Packaging-Film-2.webp\" alt=\"Film en rouleau pour sachets de lait en poudre imprim\u00e9 sur mesure Wholesale\" class=\"wp-image-5701\" srcset=\"https:\/\/www.hyflexpack.com\/wp-content\/uploads\/2024\/11\/Custom-Milk-Packaging-Film-2.webp 750w, https:\/\/www.hyflexpack.com\/wp-content\/uploads\/2024\/11\/Custom-Milk-Packaging-Film-2-300x300.webp 300w, https:\/\/www.hyflexpack.com\/wp-content\/uploads\/2024\/11\/Custom-Milk-Packaging-Film-2-150x150.webp 150w, https:\/\/www.hyflexpack.com\/wp-content\/uploads\/2024\/11\/Custom-Milk-Packaging-Film-2-12x12.webp 12w, https:\/\/www.hyflexpack.com\/wp-content\/uploads\/2024\/11\/Custom-Milk-Packaging-Film-2-285x285.webp 285w, https:\/\/www.hyflexpack.com\/wp-content\/uploads\/2024\/11\/Custom-Milk-Packaging-Film-2-270x270.webp 270w, https:\/\/www.hyflexpack.com\/wp-content\/uploads\/2024\/11\/Custom-Milk-Packaging-Film-2-540x540.webp 540w, https:\/\/www.hyflexpack.com\/wp-content\/uploads\/2024\/11\/Custom-Milk-Packaging-Film-2-660x660.webp 660w\" sizes=\"(max-width: 750px) 100vw, 750px\" \/><\/figure>\n<\/div>\n<\/div>\n\n\n\n<h3 class=\"wp-block-heading\">Best Plastic Printed Laminated Packaging Film Roll Wholesaler<\/h3>\n\n\n\n<div class=\"wp-block-columns is-layout-flex wp-container-core-columns-is-layout-9d6595d7 wp-block-columns-is-layout-flex\">\n<div class=\"wp-block-column is-layout-flow wp-block-column-is-layout-flow\" style=\"flex-basis:66.66%\">\n<figure class=\"wp-block-embed is-type-video is-provider-youtube wp-block-embed-youtube wp-embed-aspect-16-9 wp-has-aspect-ratio\"><div class=\"wp-block-embed__wrapper\">\n<iframe title=\"Packaging Film For Milk\" width=\"940\" height=\"529\" src=\"https:\/\/www.youtube.com\/embed\/yncP8To0N5A?feature=oembed\" frameborder=\"0\" allow=\"accelerometer; autoplay; clipboard-write; encrypted-media; gyroscope; picture-in-picture; web-share\" referrerpolicy=\"strict-origin-when-cross-origin\" allowfullscreen><\/iframe>\n<\/div><figcaption class=\"wp-element-caption\">Laminated packaging film for milk<\/figcaption><\/figure>\n<\/div>\n\n\n\n<div class=\"wp-block-column is-layout-flow wp-block-column-is-layout-flow\" style=\"flex-basis:33.33%\"><\/div>\n<\/div>\n\n\n\n<p><\/p>","protected":false},"excerpt":{"rendered":"<p>Premium laminating film roll packaging for custom printed milk powder sachets, providing excellent freshness protection and eco-friendly, efficient packaging solutions. Inquire us for more wholesale pricing and get free pricing!<\/p>\n<h3>Advantages of Milk Powder Sachets Supplier<\/h3>\n<ul>\n<li>Conception personnalis\u00e9e : Nous fournissons des services personnalis\u00e9s, y compris la personnalisation du mat\u00e9riau, de la taille et du motif d'impression pour r\u00e9pondre aux besoins du client, et\u00a0<a href=\"https:\/\/www.hyflexpack.com\/fr\/emballage-flexible-sur-mesure\/\"><strong>support OEM et ODM<\/strong><\/a>.<\/li>\n<li>Fabrication : Gr\u00e2ce \u00e0 un \u00e9quipement et \u00e0 une technologie de pointe, nous pouvons r\u00e9aliser la production des commandes de mani\u00e8re efficace et avec une qualit\u00e9 \u00e9lev\u00e9e, et nous pouvons livrer dans les d\u00e9lais impartis.<\/li>\n<li>Inspection de la qualit\u00e9 : La production est r\u00e9alis\u00e9e dans le strict respect des normes de qualit\u00e9 et des exigences en mati\u00e8re de s\u00e9curit\u00e9 alimentaire afin de garantir que les produits r\u00e9pondent aux normes.<\/li>\n<li>Certification<strong>\uff1a<\/strong>\u00a0<strong>FDA\/BRC\/ISO 9001\/RoHS<\/strong><\/li>\n<li>Service \u00e0 la client\u00e8le :\u00a0<strong>24 heures<\/strong>\u00a0afin de fournir une r\u00e9ponse rapide et un service \u00e0 la client\u00e8le attentionn\u00e9.<\/li>\n<li>\u00c9chantillon gratuit : Fournir un service d'\u00e9chantillonnage gratuit pour vous permettre d'\u00e9valuer le produit.<\/li>\n<\/ul>","protected":false},"featured_media":5700,"comment_status":"open","ping_status":"closed","template":"","meta":[],"product_brand":[],"product_cat":[53],"product_tag":[],"class_list":{"0":"post-5717","1":"product","2":"type-product","3":"status-publish","4":"has-post-thumbnail","6":"product_cat-packaging-film-supplier","8":"first","9":"instock","10":"shipping-taxable","11":"product-type-simple"},"_links":{"self":[{"href":"https:\/\/www.hyflexpack.com\/fr\/wp-json\/wp\/v2\/product\/5717","targetHints":{"allow":["GET"]}}],"collection":[{"href":"https:\/\/www.hyflexpack.com\/fr\/wp-json\/wp\/v2\/product"}],"about":[{"href":"https:\/\/www.hyflexpack.com\/fr\/wp-json\/wp\/v2\/types\/product"}],"replies":[{"embeddable":true,"href":"https:\/\/www.hyflexpack.com\/fr\/wp-json\/wp\/v2\/comments?post=5717"}],"wp:featuredmedia":[{"embeddable":true,"href":"https:\/\/www.hyflexpack.com\/fr\/wp-json\/wp\/v2\/media\/5700"}],"wp:attachment":[{"href":"https:\/\/www.hyflexpack.com\/fr\/wp-json\/wp\/v2\/media?parent=5717"}],"wp:term":[{"taxonomy":"product_brand","embeddable":true,"href":"https:\/\/www.hyflexpack.com\/fr\/wp-json\/wp\/v2\/product_brand?post=5717"},{"taxonomy":"product_cat","embeddable":true,"href":"https:\/\/www.hyflexpack.com\/fr\/wp-json\/wp\/v2\/product_cat?post=5717"},{"taxonomy":"product_tag","embeddable":true,"href":"https:\/\/www.hyflexpack.com\/fr\/wp-json\/wp\/v2\/product_tag?post=5717"}],"curies":[{"name":"wp","href":"https:\/\/api.w.org\/{rel}","templated":true}]}}