{"id":5716,"date":"2024-11-23T07:59:52","date_gmt":"2024-11-23T07:59:52","guid":{"rendered":"https:\/\/www.hyflexpack.com\/?post_type=product&#038;p=5716"},"modified":"2024-11-23T07:59:58","modified_gmt":"2024-11-23T07:59:58","slug":"china-custom-tea-bag-packaging","status":"publish","type":"product","link":"https:\/\/www.hyflexpack.com\/fr\/product\/china-custom-tea-bag-packaging\/","title":{"rendered":"Emballage de sachets de th\u00e9 en plastique lamin\u00e9 avec fermeture \u00e9clair"},"content":{"rendered":"<div class=\"wp-block-columns is-layout-flex wp-container-core-columns-is-layout-9d6595d7 wp-block-columns-is-layout-flex\">\n<div class=\"wp-block-column is-layout-flow wp-block-column-is-layout-flow\">\n<h3 class=\"wp-block-heading\">Features of Custom Tea Bag Packaging<\/h3>\n\n\n\n<p><strong>Eco-Friendly Fabrics<\/strong>: Designed using sustainable materials including biodegradable or hinge options that conform to environmental conservation principles to reduce negative effects on the environment.<\/p>\n\n\n\n<p><\/p>\n\n\n\n<p><strong>High-Performance Food-Grade Materials<\/strong>: Custom soft packing bags produced from safe environmentally friendly high barrier materials like PET, PE, and aluminum foil in order to give moisture resistance, anti-oxidation effect, and prolong shelf life for product protection.<\/p>\n\n\n\n<p><\/p>\n\n\n\n<p><strong>Easy Zipper Closure<\/strong>: Comes with a built-in zipper which allows the bag to be resealed after opening enabling several uses while securing the contents from external air moisture and pest ingress.<\/p>\n\n\n\n<p><\/p>\n\n\n\n<p><strong>Self-Supporting Bottoms<\/strong>: Reinforced bottom-sealed bags with a stable structure enabling the bags to be displayed upright on the shelf for better presentation and extra volume.<\/p>\n\n\n\n<p><\/p>\n\n\n\n<p><strong>Transparent Window Feature<\/strong>: A window that is made out of clear material is provided to facilitate the customer\u2019s examination of the inner products.<\/p>\n<\/div>\n\n\n\n<div class=\"wp-block-column is-layout-flow wp-block-column-is-layout-flow\">\n<figure class=\"wp-block-image size-full\"><img fetchpriority=\"high\" decoding=\"async\" width=\"750\" height=\"750\" src=\"https:\/\/www.hyflexpack.com\/wp-content\/uploads\/2024\/11\/Custom-Tea-Bag-Packaging1.webp\" alt=\"Emballage de sachets de th\u00e9 personnalis\u00e9s en gros\" class=\"wp-image-5696\" srcset=\"https:\/\/www.hyflexpack.com\/wp-content\/uploads\/2024\/11\/Custom-Tea-Bag-Packaging1.webp 750w, https:\/\/www.hyflexpack.com\/wp-content\/uploads\/2024\/11\/Custom-Tea-Bag-Packaging1-300x300.webp 300w, https:\/\/www.hyflexpack.com\/wp-content\/uploads\/2024\/11\/Custom-Tea-Bag-Packaging1-150x150.webp 150w, https:\/\/www.hyflexpack.com\/wp-content\/uploads\/2024\/11\/Custom-Tea-Bag-Packaging1-12x12.webp 12w, https:\/\/www.hyflexpack.com\/wp-content\/uploads\/2024\/11\/Custom-Tea-Bag-Packaging1-285x285.webp 285w, https:\/\/www.hyflexpack.com\/wp-content\/uploads\/2024\/11\/Custom-Tea-Bag-Packaging1-270x270.webp 270w, https:\/\/www.hyflexpack.com\/wp-content\/uploads\/2024\/11\/Custom-Tea-Bag-Packaging1-540x540.webp 540w, https:\/\/www.hyflexpack.com\/wp-content\/uploads\/2024\/11\/Custom-Tea-Bag-Packaging1-660x660.webp 660w\" sizes=\"(max-width: 750px) 100vw, 750px\" \/><\/figure>\n<\/div>\n<\/div>\n\n\n\n<p><\/p>","protected":false},"excerpt":{"rendered":"<p class=\"product_title entry-title elementor-heading-title elementor-size-default\">Creative custom tea bag packaging solutions with laminated stand-up pouches and zippers, perfect for tea bag packaging wholesale to keep your products fresh and market-ready.Contact us for a free sample!<\/p>\n<h3>Advantages of Custom Tea Bag Packaging Manufacturer<\/h3>\n<ul>\n<li>Custom Design: We provide custom packaging bag service, including material, size, and printing pattern customization to meet customer needs, and <a href=\"https:\/\/www.hyflexpack.com\/fr\/emballage-flexible-sur-mesure\/\"><strong>support OEM et ODM<\/strong><\/a>.<\/li>\n<li>Fabrication : Gr\u00e2ce \u00e0 un \u00e9quipement et \u00e0 une technologie de pointe, nous pouvons r\u00e9aliser la production de la commande avec une grande efficacit\u00e9 et une grande qualit\u00e9, et nous pouvons livrer dans les d\u00e9lais impartis.<\/li>\n<li>Inspection de la qualit\u00e9 : Respecter strictement les normes de qualit\u00e9 et les exigences en mati\u00e8re de s\u00e9curit\u00e9 alimentaire pour la production, afin de s'assurer que les produits r\u00e9pondent aux normes.<\/li>\n<li>Service client\u00e8le : 24 heures sur 24 pour fournir une r\u00e9ponse rapide et un service client\u00e8le attentionn\u00e9.<\/li>\n<li>\u00c9chantillons gratuits\uff1a Fournir un service d'\u00e9chantillons gratuits pour vous permettre d'\u00e9valuer les produits.<\/li>\n<\/ul>","protected":false},"featured_media":5696,"comment_status":"open","ping_status":"closed","template":"","meta":[],"product_brand":[],"product_cat":[51,58],"product_tag":[],"class_list":{"0":"post-5716","1":"product","2":"type-product","3":"status-publish","4":"has-post-thumbnail","6":"product_cat-custom-food-packaging-bags","7":"product_cat-tea-bag-packaging","9":"first","10":"instock","11":"shipping-taxable","12":"product-type-simple"},"_links":{"self":[{"href":"https:\/\/www.hyflexpack.com\/fr\/wp-json\/wp\/v2\/product\/5716","targetHints":{"allow":["GET"]}}],"collection":[{"href":"https:\/\/www.hyflexpack.com\/fr\/wp-json\/wp\/v2\/product"}],"about":[{"href":"https:\/\/www.hyflexpack.com\/fr\/wp-json\/wp\/v2\/types\/product"}],"replies":[{"embeddable":true,"href":"https:\/\/www.hyflexpack.com\/fr\/wp-json\/wp\/v2\/comments?post=5716"}],"wp:featuredmedia":[{"embeddable":true,"href":"https:\/\/www.hyflexpack.com\/fr\/wp-json\/wp\/v2\/media\/5696"}],"wp:attachment":[{"href":"https:\/\/www.hyflexpack.com\/fr\/wp-json\/wp\/v2\/media?parent=5716"}],"wp:term":[{"taxonomy":"product_brand","embeddable":true,"href":"https:\/\/www.hyflexpack.com\/fr\/wp-json\/wp\/v2\/product_brand?post=5716"},{"taxonomy":"product_cat","embeddable":true,"href":"https:\/\/www.hyflexpack.com\/fr\/wp-json\/wp\/v2\/product_cat?post=5716"},{"taxonomy":"product_tag","embeddable":true,"href":"https:\/\/www.hyflexpack.com\/fr\/wp-json\/wp\/v2\/product_tag?post=5716"}],"curies":[{"name":"wp","href":"https:\/\/api.w.org\/{rel}","templated":true}]}}