{"id":5643,"date":"2024-11-09T03:07:00","date_gmt":"2024-11-09T03:07:00","guid":{"rendered":"https:\/\/www.hyflexpack.com\/?post_type=product&#038;p=5643"},"modified":"2025-11-04T09:21:29","modified_gmt":"2025-11-04T09:21:29","slug":"custom-cold-seal-packaging-film","status":"publish","type":"product","link":"https:\/\/www.hyflexpack.com\/fr\/product\/custom-cold-seal-packaging-film\/","title":{"rendered":"China Cold Seal Packaging Film Chocolate Roll Stock Film Supplier"},"content":{"rendered":"<div class=\"wp-block-columns is-layout-flex wp-container-core-columns-is-layout-9d6595d7 wp-block-columns-is-layout-flex\">\n<div class=\"wp-block-column is-layout-flow wp-block-column-is-layout-flow\">\n<h3 class=\"wp-block-heading\">Advantages of Custom Cold Seal Packaging Film Manufacturer<\/h3>\n\n\n\n<ul class=\"wp-block-list\">\n<li>Customized design: We provide customized services, including material, size, and printing pattern customization to meet customer needs, and support <strong><a href=\"https:\/\/www.hyflexpack.com\/fr\/emballage-flexible-sur-mesure\/\">OEM et ODM<\/a><\/strong>.<\/li>\n<\/ul>\n\n\n\n<p><\/p>\n\n\n\n<ul class=\"wp-block-list\">\n<li>Fabrication : Gr\u00e2ce \u00e0 un \u00e9quipement et \u00e0 une technologie de pointe, nous pouvons r\u00e9aliser la production des commandes de mani\u00e8re efficace et avec une qualit\u00e9 \u00e9lev\u00e9e, et nous pouvons livrer dans les d\u00e9lais impartis.<\/li>\n<\/ul>\n\n\n\n<p><\/p>\n\n\n\n<ul class=\"wp-block-list\">\n<li>Contr\u00f4le de la qualit\u00e9 : La production est r\u00e9alis\u00e9e dans le strict respect des normes de qualit\u00e9 et des exigences en mati\u00e8re de s\u00e9curit\u00e9 alimentaire afin de garantir que les produits r\u00e9pondent aux normes.<\/li>\n<\/ul>\n\n\n\n<p><\/p>\n\n\n\n<ul class=\"wp-block-list\">\n<li>Customer Service: 24 hours to provide fast response and thoughtful customer service support.<\/li>\n<\/ul>\n\n\n\n<p><\/p>\n\n\n\n<ul class=\"wp-block-list\">\n<li>Free Sample: Provide a free sample service for you to evaluate the product.<\/li>\n<\/ul>\n<\/div>\n\n\n\n<div class=\"wp-block-column is-layout-flow wp-block-column-is-layout-flow\">\n<figure class=\"wp-block-image size-full\"><img fetchpriority=\"high\" decoding=\"async\" width=\"750\" height=\"750\" src=\"https:\/\/www.hyflexpack.com\/wp-content\/uploads\/2024\/11\/Custom-Cold-Sealing-Film\uff086\uff09.webp\" alt=\"Film d&#039;emballage scell\u00e9 \u00e0 froid sur mesure\" class=\"wp-image-5649\" srcset=\"https:\/\/www.hyflexpack.com\/wp-content\/uploads\/2024\/11\/Custom-Cold-Sealing-Film\uff086\uff09.webp 750w, https:\/\/www.hyflexpack.com\/wp-content\/uploads\/2024\/11\/Custom-Cold-Sealing-Film\uff086\uff09-300x300.webp 300w, https:\/\/www.hyflexpack.com\/wp-content\/uploads\/2024\/11\/Custom-Cold-Sealing-Film\uff086\uff09-150x150.webp 150w, https:\/\/www.hyflexpack.com\/wp-content\/uploads\/2024\/11\/Custom-Cold-Sealing-Film\uff086\uff09-12x12.webp 12w, https:\/\/www.hyflexpack.com\/wp-content\/uploads\/2024\/11\/Custom-Cold-Sealing-Film\uff086\uff09-285x285.webp 285w, https:\/\/www.hyflexpack.com\/wp-content\/uploads\/2024\/11\/Custom-Cold-Sealing-Film\uff086\uff09-270x270.webp 270w, https:\/\/www.hyflexpack.com\/wp-content\/uploads\/2024\/11\/Custom-Cold-Sealing-Film\uff086\uff09-540x540.webp 540w, https:\/\/www.hyflexpack.com\/wp-content\/uploads\/2024\/11\/Custom-Cold-Sealing-Film\uff086\uff09-660x660.webp 660w\" sizes=\"(max-width: 750px) 100vw, 750px\" \/><\/figure>\n<\/div>\n<\/div>\n\n\n\n<p><\/p>","protected":false},"excerpt":{"rendered":"<p>Our customized cold seal packaging films are used for chocolates and other perishable products to ensure a secure seal and prolonged freshness under the protection of cold-seal films. Feel free to ask us for more packaging solutions.<\/p>\n<h3>Features of Cold Seal Packaging Film<\/h3>\n<div class=\"TextContainer_container__n2_WD  OutputContainer_outputContainer__PvVjd\">\n<ul>\n<li class=\"OutputContainer_output__wvgeh\"><strong><span class=\"Editor_t__added__LtuNJ\">Material\u00a0<\/span><span class=\"Editor_t__not_edited__WuRP8\">Quality<\/span><\/strong><span class=\"Editor_t__not_edited__WuRP8\">:\u00a0<\/span><span class=\"Editor_t__added__LtuNJ\">Le<\/span><span class=\"Editor_t__not_edited__WuRP8\">\u00a0<\/span><span class=\"Editor_t__not_edited__WuRP8\">packaging film materials\u00a0<\/span><span class=\"Editor_t__added__LtuNJ\">used<\/span><span class=\"Editor_t__not_edited__WuRP8\">\u00a0<\/span><span class=\"Editor_t__added__LtuNJ\">are<\/span><span class=\"Editor_t__not_edited__WuRP8\">\u00a0<\/span><span class=\"Editor_t__added__LtuNJ\">of high quality, thus ensuring\u00a0<\/span><span class=\"Editor_t__not_edited__WuRP8\">food-grade safety<\/span><span class=\"Editor_t__added__LtuNJ\">:<\/span><span class=\"Editor_t__not_edited__WuRP8\">\u00a0<\/span><span class=\"Editor_t__added__LtuNJ\">nontoxic<\/span><span class=\"Editor_t__not_edited_long__JuNNx\">\u00a0and odorless. Strong and durable,\u00a0<\/span><span class=\"Editor_t__added__LtuNJ\">it is\u00a0<\/span><span class=\"Editor_t__not_edited__WuRP8\">suitable for a\u00a0<\/span><span class=\"Editor_t__added__LtuNJ\">wide<\/span><span class=\"Editor_t__not_edited__WuRP8\">\u00a0<\/span><span class=\"Editor_t__added__LtuNJ\">range\u00a0<\/span><span class=\"Editor_t__not_edited__WuRP8\">of food packaging\u00a0<\/span><span class=\"Editor_t__added__LtuNJ\">applications<\/span><span class=\"Editor_t__not_edited__WuRP8\">.<\/span><\/li>\n<li class=\"OutputContainer_output__wvgeh\"><strong><span class=\"Editor_t__not_edited__WuRP8\">Efficient Packaging: <\/span><\/strong><span class=\"Editor_t__added__LtuNJ\">It is\u00a0<\/span><span class=\"Editor_t__not_edited__WuRP8\">suitable for\u00a0<\/span><span class=\"Editor_t__added__LtuNJ\">use with\u00a0<\/span><span class=\"Editor_t__not_edited__WuRP8\">automatic\u00a0<\/span><span class=\"Editor_t__added__LtuNJ\">packing<\/span><span class=\"Editor_t__not_edited__WuRP8\">\u00a0equipment to\u00a0<\/span><span class=\"Editor_t__added__LtuNJ\">increase<\/span><span class=\"Editor_t__not_edited_long__JuNNx\">\u00a0production efficiency. The smooth\u00a0<\/span><span class=\"Editor_t__added__LtuNJ\">design<\/span><span class=\"Editor_t__not_edited__WuRP8\">\u00a0<\/span><span class=\"Editor_t__added__LtuNJ\">in the\u00a0<\/span><span class=\"Editor_t__not_edited__WuRP8\">roll\u00a0<\/span><span class=\"Editor_t__added__LtuNJ\">of<\/span><span class=\"Editor_t__not_edited__WuRP8\">\u00a0<\/span><span class=\"Editor_t__added__LtuNJ\">the film\u00a0<\/span><span class=\"Editor_t__not_edited_long__JuNNx\">ensures that there will be no paper\u00a0<\/span><span class=\"Editor_t__added__LtuNJ\">jam<\/span><span class=\"Editor_t__not_edited__WuRP8\">\u00a0<\/span><span class=\"Editor_t__added__LtuNJ\">when<\/span><span class=\"Editor_t__not_edited__WuRP8\">\u00a0<\/span><span class=\"Editor_t__added__LtuNJ\">effecting\u00a0<\/span><span class=\"Editor_t__not_edited__WuRP8\">high-speed packaging.<br \/><\/span><\/li>\n<li class=\"OutputContainer_output__wvgeh\"><strong><span class=\"Editor_t__added__LtuNJ\">Excellent<\/span><span class=\"Editor_t__not_edited__WuRP8\"> P<\/span><\/strong><span class=\"Editor_t__added__LtuNJ\"><strong>rotection<\/strong>: <\/span><span class=\"Editor_t__added__LtuNJ\">prevents<\/span><span class=\"Editor_t__not_edited__WuRP8\">\u00a0moisture and dust,\u00a0<\/span><span class=\"Editor_t__added__LtuNJ\">extending<\/span><span class=\"Editor_t__not_edited__WuRP8\">\u00a0<\/span><span class=\"Editor_t__added__LtuNJ\">food&#8217;s<\/span><span class=\"Editor_t__not_edited__WuRP8\">\u00a0<\/span><span class=\"Editor_t__not_edited__WuRP8\">shelf life<\/span><span class=\"Editor_t__not_edited_long__JuNNx\">. Good tear resistance protects\u00a0<\/span><span class=\"Editor_t__added__LtuNJ\">chocolate<\/span><span class=\"Editor_t__not_edited__WuRP8\">\u00a0integrity\u00a0<\/span><span class=\"Editor_t__not_edited__WuRP8\">during\u00a0<\/span><span class=\"Editor_t__added__LtuNJ\">transport<\/span><span class=\"Editor_t__not_edited__WuRP8\">\u00a0and storage.<br \/><\/span><\/li>\n<li class=\"OutputContainer_output__wvgeh\"><strong><span class=\"Editor_t__added__LtuNJ\">Vert<\/span><span class=\"Editor_t__not_edited__WuRP8\"> O<\/span><\/strong><span class=\"Editor_t__not_edited_long__JuNNx\"><strong>ptions<\/strong>: support the use of biodegradable and recyclable materials to meet\u00a0<\/span><span class=\"Editor_t__added__LtuNJ\">the requirement of\u00a0<\/span><span class=\"Editor_t__not_edited__WuRP8\">environmental protection<\/span><span class=\"Editor_t__not_edited__WuRP8\">.\u00a0<\/span><span class=\"Editor_t__added__LtuNJ\">Options of\u00a0<\/span><span class=\"Editor_t__not_edited__WuRP8\">film thickness\u00a0<\/span><span class=\"Editor_t__not_edited_long__JuNNx\">are also provided to reduce material waste and\u00a0<\/span><span class=\"Editor_t__added__LtuNJ\">lower<\/span><span class=\"Editor_t__not_edited_long__JuNNx\">\u00a0carbon footprint.<br \/><\/span><\/li>\n<li class=\"OutputContainer_output__wvgeh\"><strong><span class=\"Editor_t__not_edited_long__JuNNx\">Energy-saving and E<\/span><span class=\"Editor_t__added__LtuNJ\">fficiency<\/span><\/strong><span class=\"Editor_t__not_edited__WuRP8\">: Since the film is not heated<\/span><span class=\"Editor_t__added__LtuNJ\">\u00a0during sealing<\/span><span class=\"Editor_t__not_edited__WuRP8\"><span class=\"Editor_t__not_edited__WuRP8\">, the c<\/span><\/span>old seal packaging film uses<span class=\"Editor_t__not_edited__WuRP8\">\u00a0<\/span><span class=\"Editor_t__added__LtuNJ\">less<\/span><span class=\"Editor_t__not_edited__WuRP8\">\u00a0energy<\/span><span class=\"Editor_t__not_edited__WuRP8\">,\u00a0<\/span><span class=\"Editor_t__added__LtuNJ\">saving<\/span><span class=\"Editor_t__not_edited__WuRP8\">\u00a0<\/span><span class=\"Editor_t__added__LtuNJ\">on<\/span><span class=\"Editor_t__not_edited__WuRP8\">\u00a0production costs<\/span><span class=\"Editor_t__added__LtuNJ\">;<\/span><span class=\"Editor_t__not_edited__WuRP8\">\u00a0<\/span><span class=\"Editor_t__added__LtuNJ\">thus,<\/span><span class=\"Editor_t__not_edited__WuRP8\">\u00a0<\/span><span class=\"Editor_t__not_edited__WuRP8\">production efficiency<\/span><span class=\"Editor_t__added__LtuNJ\">\u00a0goes up<\/span><span class=\"Editor_t__not_edited__WuRP8\">.<\/span><\/li>\n<\/ul>\n<p><strong>Huiyang Packaging<\/strong> provides one-stop packaging integration services, supporting customers from design to delivery, helping them realize efficient and high-quality flexible packaging solutions.<\/p>\n<\/div>","protected":false},"featured_media":5644,"comment_status":"open","ping_status":"closed","template":"","meta":[],"product_brand":[],"product_cat":[53,86],"product_tag":[],"class_list":{"0":"post-5643","1":"product","2":"type-product","3":"status-publish","4":"has-post-thumbnail","6":"product_cat-packaging-film-supplier","7":"product_cat-cold-seal-film","9":"first","10":"instock","11":"shipping-taxable","12":"product-type-simple"},"_links":{"self":[{"href":"https:\/\/www.hyflexpack.com\/fr\/wp-json\/wp\/v2\/product\/5643","targetHints":{"allow":["GET"]}}],"collection":[{"href":"https:\/\/www.hyflexpack.com\/fr\/wp-json\/wp\/v2\/product"}],"about":[{"href":"https:\/\/www.hyflexpack.com\/fr\/wp-json\/wp\/v2\/types\/product"}],"replies":[{"embeddable":true,"href":"https:\/\/www.hyflexpack.com\/fr\/wp-json\/wp\/v2\/comments?post=5643"}],"wp:featuredmedia":[{"embeddable":true,"href":"https:\/\/www.hyflexpack.com\/fr\/wp-json\/wp\/v2\/media\/5644"}],"wp:attachment":[{"href":"https:\/\/www.hyflexpack.com\/fr\/wp-json\/wp\/v2\/media?parent=5643"}],"wp:term":[{"taxonomy":"product_brand","embeddable":true,"href":"https:\/\/www.hyflexpack.com\/fr\/wp-json\/wp\/v2\/product_brand?post=5643"},{"taxonomy":"product_cat","embeddable":true,"href":"https:\/\/www.hyflexpack.com\/fr\/wp-json\/wp\/v2\/product_cat?post=5643"},{"taxonomy":"product_tag","embeddable":true,"href":"https:\/\/www.hyflexpack.com\/fr\/wp-json\/wp\/v2\/product_tag?post=5643"}],"curies":[{"name":"wp","href":"https:\/\/api.w.org\/{rel}","templated":true}]}}